{"id":1843,"date":"2025-09-22T08:17:58","date_gmt":"2025-09-22T08:17:58","guid":{"rendered":"https:\/\/www.lechaocandy.com\/?post_type=product&#038;p=1843"},"modified":"2025-09-22T08:27:34","modified_gmt":"2025-09-22T08:27:34","slug":"gummy-frogs-bulk","status":"publish","type":"product","link":"https:\/\/www.lechaocandy.com\/fr\/produit\/gummy-frogs-bulk\/","title":{"rendered":"LeChao Gummy Frogs Bulk, Wholesale Sweet and Chewy Treats (grenouilles en gomme en vrac, en gros)"},"content":{"rendered":"<div class=\"wp-block-columns is-layout-flex wp-container-core-columns-is-layout-9d6595d7 wp-block-columns-is-layout-flex\"><div class=\"wp-block-column is-layout-flow wp-block-column-is-layout-flow\"><h2 class=\"wp-block-heading\">Points forts du produit Gummy Frogs Bulk<\/h2>\n\n<ul class=\"wp-block-list\"><li><strong>Motif amusant de grenouille :<\/strong> Ces adorables grenouilles en gomme en vrac, plus vraies que nature, sont vivement d\u00e9taill\u00e9es et pleines d'attrait pour les enfants, ce qui les incite \u00e0 les collectionner et \u00e0 les partager.<\/li>\n\n<li><strong>Ar\u00f4me naturel de fruit et formule s\u00fbre :<\/strong> Nos bonbons g\u00e9lifi\u00e9s en gros sont aromatis\u00e9s avec des jus de fruits naturels, ne contiennent pas d'acides gras trans artificiels et sont certifi\u00e9s par la FDA, ce qui permet aux parents d'acheter en toute confiance.<\/li>\n\n<li><strong>Excellent emballage en vrac rentable : <\/strong>Nous proposons des emballages industriels de 500g\/1kg et des petits emballages personnalis\u00e9s pour nos grenouilles g\u00e9lifi\u00e9es en vrac, ce qui r\u00e9duit le co\u00fbt par pi\u00e8ce de 30% et les rend adapt\u00e9s aux clients en gros et aux cha\u00eenes de magasins.<\/li>\n\n<li><strong>Texture unique et moelleuse :<\/strong> Ces bonbons g\u00e9lifi\u00e9s en gros sont sp\u00e9cialement con\u00e7us pour cr\u00e9er une texture tr\u00e8s moelleuse, ce qui donne un bonbon souple et non collant avec une saveur sucr\u00e9e et acidul\u00e9e de longue dur\u00e9e, am\u00e9liorant le plaisir et augmentant les achats r\u00e9p\u00e9t\u00e9s. <\/li>\n\n<li><strong>Adaptabilit\u00e9 \u00e0 de multiples sc\u00e9narios de consommation : <\/strong>Nos grenouilles en gomme en vrac conviennent parfaitement aux souvenirs de f\u00eates d'anniversaire, aux programmes de r\u00e9compenses dans les classes, aux magasins de snacks dans les parcs d'attractions, \u00e0 l'assortiment de paquets de cin\u00e9ma et aux promotions de vacances.<\/li><\/ul><\/div>\n\n<div class=\"wp-block-column is-layout-flow wp-block-column-is-layout-flow\"><figure class=\"wp-block-image size-full\"><img decoding=\"async\" width=\"800\" height=\"800\" src=\"https:\/\/www.lechaocandy.com\/wp-content\/uploads\/2025\/09\/LeChao-Gummy-Frogs-Bulk-Wholesale-Sweet-and-Chewy-Treats-1.webp\" alt=\"LeChao Gummy Frogs Bulk, Wholesale Sweet and Chewy Treats-1\" class=\"wp-image-1844\" srcset=\"https:\/\/www.lechaocandy.com\/wp-content\/uploads\/2025\/09\/LeChao-Gummy-Frogs-Bulk-Wholesale-Sweet-and-Chewy-Treats-1.webp 800w, https:\/\/www.lechaocandy.com\/wp-content\/uploads\/2025\/09\/LeChao-Gummy-Frogs-Bulk-Wholesale-Sweet-and-Chewy-Treats-1-300x300.webp 300w, https:\/\/www.lechaocandy.com\/wp-content\/uploads\/2025\/09\/LeChao-Gummy-Frogs-Bulk-Wholesale-Sweet-and-Chewy-Treats-1-150x150.webp 150w, https:\/\/www.lechaocandy.com\/wp-content\/uploads\/2025\/09\/LeChao-Gummy-Frogs-Bulk-Wholesale-Sweet-and-Chewy-Treats-1-768x768.webp 768w, https:\/\/www.lechaocandy.com\/wp-content\/uploads\/2025\/09\/LeChao-Gummy-Frogs-Bulk-Wholesale-Sweet-and-Chewy-Treats-1-12x12.webp 12w, https:\/\/www.lechaocandy.com\/wp-content\/uploads\/2025\/09\/LeChao-Gummy-Frogs-Bulk-Wholesale-Sweet-and-Chewy-Treats-1-600x600.webp 600w, https:\/\/www.lechaocandy.com\/wp-content\/uploads\/2025\/09\/LeChao-Gummy-Frogs-Bulk-Wholesale-Sweet-and-Chewy-Treats-1-100x100.webp 100w\" sizes=\"(max-width: 800px) 100vw, 800px\" \/><\/figure><\/div><\/div>","protected":false},"excerpt":{"rendered":"<p>Bienvenue pour commander des bonbons g\u00e9lifi\u00e9s en gros. Nos gummy frogs en vrac ont d'adorables formes de grenouilles et une formule naturelle aromatis\u00e9e aux fruits. Elles ont un go\u00fbt fruit\u00e9, acidul\u00e9 et \u00e0 m\u00e2cher.<\/p>\n<table style=\"border-collapse: collapse; width: 300.02pt;\" border=\"0\" width=\"300\" cellspacing=\"0\" cellpadding=\"0\">\n<tbody>\n<tr style=\"height: 17.60pt;\">\n<td class=\"et2\" style=\"height: 17.60pt; width: 110.80pt;\" width=\"110\" height=\"17\">Fabricant<\/td>\n<td class=\"et2\" style=\"width: 189.95pt;\" width=\"189\">LeChao Candy<\/td>\n<\/tr>\n<tr style=\"height: 18.00pt;\">\n<td class=\"et2\" style=\"height: 18.00pt;\" height=\"18\">Type de produit<\/td>\n<td class=\"et3\" style=\"width: 189.95pt;\" width=\"189\">Grenouilles en gomme<\/td>\n<\/tr>\n<tr style=\"height: 18.00pt;\">\n<td class=\"et2\" style=\"height: 18.00pt;\" height=\"18\">Le go\u00fbt<\/td>\n<td class=\"et3\" style=\"width: 189.95pt;\" width=\"189\">Aigre-doux et r\u00e9silient<\/td>\n<\/tr>\n<tr style=\"height: 17.60pt;\">\n<td class=\"et2\" style=\"height: 17.60pt;\" height=\"17\">Sp\u00e9cifications<\/td>\n<td class=\"et2\">20gx24pcsx12boxes<\/td>\n<\/tr>\n<tr style=\"height: 17.60pt;\">\n<td class=\"et2\" style=\"height: 17.60pt;\" height=\"17\">Taille du carton<\/td>\n<td class=\"et2\">42*25*25cm<\/td>\n<\/tr>\n<tr style=\"height: 17.60pt;\">\n<td class=\"et2\" style=\"height: 17.60pt;\" height=\"17\">N.W.\/Carton<\/td>\n<td class=\"et2\">8,0 kg<\/td>\n<\/tr>\n<tr style=\"height: 17.60pt;\">\n<td class=\"et2\" style=\"height: 17.60pt;\" height=\"17\">Prix<\/td>\n<td class=\"et2\">20.16USD<\/td>\n<\/tr>\n<tr style=\"height: 17.60pt;\">\n<td class=\"et2\" style=\"height: 17.60pt;\" height=\"17\">MOQ<\/td>\n<td class=\"et2\">500CTNS<\/td>\n<\/tr>\n<tr style=\"height: 17.60pt;\">\n<td class=\"et2\" style=\"height: 17.60pt;\" height=\"17\">\u00c9chantillon<\/td>\n<td class=\"et2\">Disponible<\/td>\n<\/tr>\n<\/tbody>\n<\/table>\n<p>&nbsp;<\/p>","protected":false},"featured_media":1846,"comment_status":"open","ping_status":"closed","template":"","meta":{"_acf_changed":false},"product_brand":[],"product_cat":[19],"product_tag":[],"class_list":{"0":"post-1843","1":"product","2":"type-product","3":"status-publish","4":"has-post-thumbnail","6":"product_cat-wholesale-gummy-manufacturer","8":"first","9":"instock","10":"shipping-taxable","11":"product-type-simple"},"acf":[],"_links":{"self":[{"href":"https:\/\/www.lechaocandy.com\/fr\/wp-json\/wp\/v2\/product\/1843","targetHints":{"allow":["GET"]}}],"collection":[{"href":"https:\/\/www.lechaocandy.com\/fr\/wp-json\/wp\/v2\/product"}],"about":[{"href":"https:\/\/www.lechaocandy.com\/fr\/wp-json\/wp\/v2\/types\/product"}],"replies":[{"embeddable":true,"href":"https:\/\/www.lechaocandy.com\/fr\/wp-json\/wp\/v2\/comments?post=1843"}],"wp:featuredmedia":[{"embeddable":true,"href":"https:\/\/www.lechaocandy.com\/fr\/wp-json\/wp\/v2\/media\/1846"}],"wp:attachment":[{"href":"https:\/\/www.lechaocandy.com\/fr\/wp-json\/wp\/v2\/media?parent=1843"}],"wp:term":[{"taxonomy":"product_brand","embeddable":true,"href":"https:\/\/www.lechaocandy.com\/fr\/wp-json\/wp\/v2\/product_brand?post=1843"},{"taxonomy":"product_cat","embeddable":true,"href":"https:\/\/www.lechaocandy.com\/fr\/wp-json\/wp\/v2\/product_cat?post=1843"},{"taxonomy":"product_tag","embeddable":true,"href":"https:\/\/www.lechaocandy.com\/fr\/wp-json\/wp\/v2\/product_tag?post=1843"}],"curies":[{"name":"wp","href":"https:\/\/api.w.org\/{rel}","templated":true}]}}