{"id":1855,"date":"2025-09-22T08:59:44","date_gmt":"2025-09-22T08:59:44","guid":{"rendered":"https:\/\/www.lechaocandy.com\/?post_type=product&#038;p=1855"},"modified":"2026-04-09T02:22:23","modified_gmt":"2026-04-09T02:22:23","slug":"halloween-gummies-bulk","status":"publish","type":"product","link":"https:\/\/www.lechaocandy.com\/fr\/produit\/halloween-gummies-bulk\/","title":{"rendered":"LeChao Halloween Gummies Bulk, Wholesale Gummy Body Parts"},"content":{"rendered":"<div class=\"wp-block-columns is-layout-flex wp-container-core-columns-is-layout-9d6595d7 wp-block-columns-is-layout-flex\"><div class=\"wp-block-column is-layout-flow wp-block-column-is-layout-flow\"><h2 class=\"wp-block-heading\">Points forts du produit Halloween Gummies Bulk<\/h2>\n\n<ul class=\"wp-block-list\"><li><strong>Design sur le th\u00e8me de l'horreur : <\/strong>Ces gommes d'Halloween en vrac reproduisent fid\u00e8lement les d\u00e9tails des parties du corps humain (oreilles, doigts, cerveau et dents), cr\u00e9ant ainsi une exp\u00e9rience cr\u00e9ative et excitante qui rehaussera l'atmosph\u00e8re et cr\u00e9era du buzz lors des f\u00eates d'Halloween.<\/li>\n\n<li><strong>Ar\u00f4me naturel de fruit et formule s\u00fbre : <\/strong>Nos bonbons g\u00e9lifi\u00e9s en gros sont aromatis\u00e9s avec des jus de fruits naturels, ne contiennent pas d'acides gras trans artificiels et ne contiennent pas d'agents de conservation. Ils sont certifi\u00e9s sans danger pour les aliments, ce qui permet aux parents d'acheter en toute confiance.<\/li>\n\n<li><strong>Conditionnement en vrac et optimisation des co\u00fbts : <\/strong>Nous proposons des emballages industriels de 500 g\/1 kg et des emballages personnalis\u00e9s pour les f\u00eates pour nos gommes d'Halloween en vrac, ce qui r\u00e9duit consid\u00e9rablement le co\u00fbt par pi\u00e8ce et les rend id\u00e9ales pour les clients en gros et les promotions pour les f\u00eates.<\/li>\n\n<li><strong>Go\u00fbt unique de p\u00e2te \u00e0 m\u00e2cher : <\/strong>Ces bonbons g\u00e9lifi\u00e9s en gros sont souples et moelleux, avec une saveur aigre-douce de longue dur\u00e9e, ce qui augmente le plaisir et les achats r\u00e9p\u00e9t\u00e9s.<\/li>\n\n<li><strong>Applicabilit\u00e9 multi-sc\u00e8ne : <\/strong>Ces gommes d'Halloween en vrac conviennent parfaitement aux cadeaux pour les f\u00eates d'Halloween, aux activit\u00e9s scolaires sur le th\u00e8me de l'horreur, aux boutiques de snacks dans les parcs \u00e0 th\u00e8me, aux emballages de films d'horreur au cin\u00e9ma et aux promotions pour les f\u00eates de fin d'ann\u00e9e.<\/li><\/ul><\/div>\n\n<div class=\"wp-block-column is-layout-flow wp-block-column-is-layout-flow\"><figure class=\"wp-block-image size-full\"><img decoding=\"async\" width=\"800\" height=\"800\" src=\"https:\/\/www.lechaocandy.com\/wp-content\/uploads\/2025\/09\/LeChao-Halloween-Gummies-Bulk-Wholesale-Gummy-Body-Parts-3.webp\" alt=\"LeChao Halloween Gummies Bulk, Wholesale Gummy Body Parts-3\" class=\"wp-image-1858\" srcset=\"https:\/\/www.lechaocandy.com\/wp-content\/uploads\/2025\/09\/LeChao-Halloween-Gummies-Bulk-Wholesale-Gummy-Body-Parts-3.webp 800w, https:\/\/www.lechaocandy.com\/wp-content\/uploads\/2025\/09\/LeChao-Halloween-Gummies-Bulk-Wholesale-Gummy-Body-Parts-3-300x300.webp 300w, https:\/\/www.lechaocandy.com\/wp-content\/uploads\/2025\/09\/LeChao-Halloween-Gummies-Bulk-Wholesale-Gummy-Body-Parts-3-150x150.webp 150w, https:\/\/www.lechaocandy.com\/wp-content\/uploads\/2025\/09\/LeChao-Halloween-Gummies-Bulk-Wholesale-Gummy-Body-Parts-3-768x768.webp 768w, https:\/\/www.lechaocandy.com\/wp-content\/uploads\/2025\/09\/LeChao-Halloween-Gummies-Bulk-Wholesale-Gummy-Body-Parts-3-12x12.webp 12w, https:\/\/www.lechaocandy.com\/wp-content\/uploads\/2025\/09\/LeChao-Halloween-Gummies-Bulk-Wholesale-Gummy-Body-Parts-3-600x600.webp 600w, https:\/\/www.lechaocandy.com\/wp-content\/uploads\/2025\/09\/LeChao-Halloween-Gummies-Bulk-Wholesale-Gummy-Body-Parts-3-100x100.webp 100w\" sizes=\"(max-width: 800px) 100vw, 800px\" \/><\/figure><\/div><\/div>","protected":false},"excerpt":{"rendered":"<p>Bienvenue sur le site de LeChao pour commander des bonbons g\u00e9lifi\u00e9s en gros. Les bonbons g\u00e9lifi\u00e9s d'Halloween en vrac de LeChao pr\u00e9sentent des parties r\u00e9alistes du corps humain (oreilles, doigts, cerveau et dents), parfaits pour les f\u00eates d'Halloween, les \u00e9v\u00e9nements sur le th\u00e8me de l'horreur et les en-cas cr\u00e9atifs.<\/p>\n<table style=\"border-collapse: collapse; width: 300.02pt;\" border=\"0\" width=\"300\" cellspacing=\"0\" cellpadding=\"0\">\n<tbody>\n<tr style=\"height: 17.60pt;\">\n<td class=\"et2\" style=\"height: 17.60pt; width: 110.80pt;\" width=\"110\" height=\"17\">Fabricant<\/td>\n<td class=\"et2\" style=\"width: 189.95pt;\" width=\"189\">LeChao Candy<\/td>\n<\/tr>\n<tr style=\"height: 18.00pt;\">\n<td class=\"et2\" style=\"height: 18.00pt;\" height=\"18\">Type de produit<\/td>\n<td class=\"et3\" style=\"width: 189.95pt;\" width=\"189\">Bonbons g\u00e9lifi\u00e9s aux parties du corps<\/td>\n<\/tr>\n<tr style=\"height: 18.00pt;\">\n<td class=\"et2\" style=\"height: 18.00pt;\" height=\"18\">Le go\u00fbt<\/td>\n<td class=\"et3\" style=\"width: 189.95pt;\" width=\"189\">Aigre-doux et r\u00e9silient<\/td>\n<\/tr>\n<tr style=\"height: 17.60pt;\">\n<td class=\"et2\" style=\"height: 17.60pt;\" height=\"17\">Sp\u00e9cifications<\/td>\n<td class=\"et2\">25gx12csx20bo\u00eetes<\/td>\n<\/tr>\n<tr style=\"height: 17.60pt;\">\n<td class=\"et2\" style=\"height: 17.60pt;\" height=\"17\">Taille du carton<\/td>\n<td class=\"et2\">53*26*32cm<\/td>\n<\/tr>\n<tr style=\"height: 17.60pt;\">\n<td class=\"et2\" style=\"height: 17.60pt;\" height=\"17\">N.W.\/Carton<\/td>\n<td class=\"et2\">8,0 kg<\/td>\n<\/tr>\n<tr style=\"height: 17.60pt;\">\n<td class=\"et2\" style=\"height: 17.60pt;\" height=\"17\">Prix<\/td>\n<td class=\"et2\">28.8USD<\/td>\n<\/tr>\n<tr style=\"height: 17.60pt;\">\n<td class=\"et2\" style=\"height: 17.60pt;\" height=\"17\">MOQ<\/td>\n<td class=\"et2\">500CTNS<\/td>\n<\/tr>\n<tr style=\"height: 17.60pt;\">\n<td class=\"et2\" style=\"height: 17.60pt;\" height=\"17\">\u00c9chantillon<\/td>\n<td class=\"et2\">Disponible<\/td>\n<\/tr>\n<\/tbody>\n<\/table>\n<p>&nbsp;<\/p>","protected":false},"featured_media":1863,"comment_status":"open","ping_status":"closed","template":"","meta":{"_acf_changed":false},"product_brand":[],"product_cat":[19],"product_tag":[41],"class_list":{"0":"post-1855","1":"product","2":"type-product","3":"status-publish","4":"has-post-thumbnail","6":"product_cat-wholesale-gummy-manufacturer","7":"product_tag-wholesale-halloween-gummies","9":"first","10":"instock","11":"shipping-taxable","12":"product-type-simple"},"acf":[],"_links":{"self":[{"href":"https:\/\/www.lechaocandy.com\/fr\/wp-json\/wp\/v2\/product\/1855","targetHints":{"allow":["GET"]}}],"collection":[{"href":"https:\/\/www.lechaocandy.com\/fr\/wp-json\/wp\/v2\/product"}],"about":[{"href":"https:\/\/www.lechaocandy.com\/fr\/wp-json\/wp\/v2\/types\/product"}],"replies":[{"embeddable":true,"href":"https:\/\/www.lechaocandy.com\/fr\/wp-json\/wp\/v2\/comments?post=1855"}],"wp:featuredmedia":[{"embeddable":true,"href":"https:\/\/www.lechaocandy.com\/fr\/wp-json\/wp\/v2\/media\/1863"}],"wp:attachment":[{"href":"https:\/\/www.lechaocandy.com\/fr\/wp-json\/wp\/v2\/media?parent=1855"}],"wp:term":[{"taxonomy":"product_brand","embeddable":true,"href":"https:\/\/www.lechaocandy.com\/fr\/wp-json\/wp\/v2\/product_brand?post=1855"},{"taxonomy":"product_cat","embeddable":true,"href":"https:\/\/www.lechaocandy.com\/fr\/wp-json\/wp\/v2\/product_cat?post=1855"},{"taxonomy":"product_tag","embeddable":true,"href":"https:\/\/www.lechaocandy.com\/fr\/wp-json\/wp\/v2\/product_tag?post=1855"}],"curies":[{"name":"wp","href":"https:\/\/api.w.org\/{rel}","templated":true}]}}