{"id":1885,"date":"2025-09-30T07:53:55","date_gmt":"2025-09-30T07:53:55","guid":{"rendered":"https:\/\/www.lechaocandy.com\/?post_type=product&#038;p=1885"},"modified":"2025-09-30T08:43:22","modified_gmt":"2025-09-30T08:43:22","slug":"watch-gummy-candy-wholesale","status":"publish","type":"product","link":"https:\/\/www.lechaocandy.com\/fr\/produit\/watch-gummy-candy-wholesale\/","title":{"rendered":"LeChao Watch Gummy Candy Wholesale, Playful Gummies Bulk"},"content":{"rendered":"<div class=\"wp-block-columns is-layout-flex wp-container-core-columns-is-layout-9d6595d7 wp-block-columns-is-layout-flex\"><div class=\"wp-block-column is-layout-flow wp-block-column-is-layout-flow\"><h2 class=\"wp-block-heading\">Points forts du produit Watch Gummy Candy Wholesale<\/h2>\n\n<ul class=\"wp-block-list\"><li><strong>Des dessins amusants, qui attirent l'attention<\/strong> - Ces bonbons g\u00e9lifi\u00e9s uniques et adorables attirent l'attention des enfants et les incitent \u00e0 les acheter et \u00e0 les essayer.<\/li>\n\n<li><strong>Des ingr\u00e9dients s\u00fbrs, une consommation sans danger<\/strong> - Nos gommes en vrac sont fabriqu\u00e9es \u00e0 partir d'ingr\u00e9dients alimentaires conformes et ont une texture douce et moelleuse, ce qui permet aux parents d'acheter en toute confiance et \u00e0 leurs enfants de les d\u00e9guster en toute s\u00e9r\u00e9nit\u00e9.<\/li>\n\n<li><strong>Party Sharing, Social Perfect<\/strong> - Nos bonbons g\u00e9lifi\u00e9s en gros sont parfaits pour les f\u00eates d'anniversaire, les c\u00e9l\u00e9brations de vacances, les r\u00e9compenses de classe et bien plus encore. Le grand emballage permet un partage facile, favorisant l'interaction et l'amusement.<\/li>\n\n<li><strong>Prix de gros, valeur \u00e9lev\u00e9e<\/strong> - Nos gommes en vrac offrent des avantages significatifs en termes de prix, ce qui les rend adapt\u00e9es aux confiseries, aux supermarch\u00e9s, aux d\u00e9taillants en ligne et \u00e0 d'autres canaux, offrant des marges b\u00e9n\u00e9ficiaires substantielles.<\/li>\n\n<li><strong>D\u00e9licieux et sain, riche en saveurs<\/strong> - Nos bonbons g\u00e9lifi\u00e9s se d\u00e9clinent en plusieurs saveurs de fruits, d\u00e9licieusement sucr\u00e9s et acidul\u00e9s, sans aucune trace collante sur les dents. Ils constituent une d\u00e9licieuse friandise et un compl\u00e9ment ludique au grignotage quotidien !<\/li><\/ul><\/div>\n\n<div class=\"wp-block-column is-layout-flow wp-block-column-is-layout-flow\"><figure class=\"wp-block-image size-full\"><img decoding=\"async\" width=\"800\" height=\"800\" src=\"https:\/\/www.lechaocandy.com\/wp-content\/uploads\/2025\/09\/LeChao-Watch-Gummy-Candy-Wholesale-Playful-Gummies-Bulk-4.webp\" alt=\"LeChao Watch Gummy Candy Wholesale, Gummies ludiques en vrac-4\" class=\"wp-image-1889\" srcset=\"https:\/\/www.lechaocandy.com\/wp-content\/uploads\/2025\/09\/LeChao-Watch-Gummy-Candy-Wholesale-Playful-Gummies-Bulk-4.webp 800w, https:\/\/www.lechaocandy.com\/wp-content\/uploads\/2025\/09\/LeChao-Watch-Gummy-Candy-Wholesale-Playful-Gummies-Bulk-4-300x300.webp 300w, https:\/\/www.lechaocandy.com\/wp-content\/uploads\/2025\/09\/LeChao-Watch-Gummy-Candy-Wholesale-Playful-Gummies-Bulk-4-150x150.webp 150w, https:\/\/www.lechaocandy.com\/wp-content\/uploads\/2025\/09\/LeChao-Watch-Gummy-Candy-Wholesale-Playful-Gummies-Bulk-4-768x768.webp 768w, https:\/\/www.lechaocandy.com\/wp-content\/uploads\/2025\/09\/LeChao-Watch-Gummy-Candy-Wholesale-Playful-Gummies-Bulk-4-12x12.webp 12w, https:\/\/www.lechaocandy.com\/wp-content\/uploads\/2025\/09\/LeChao-Watch-Gummy-Candy-Wholesale-Playful-Gummies-Bulk-4-600x600.webp 600w, https:\/\/www.lechaocandy.com\/wp-content\/uploads\/2025\/09\/LeChao-Watch-Gummy-Candy-Wholesale-Playful-Gummies-Bulk-4-100x100.webp 100w\" sizes=\"(max-width: 800px) 100vw, 800px\" \/><\/figure><\/div><\/div>","protected":false},"excerpt":{"rendered":"<p>Bienvenue \u00e0 l'achat de bonbons g\u00e9lifi\u00e9s en vrac. LeChao's chewy watch gummy candy wholesale est un bonbon cr\u00e9atif et amusant avec des couleurs vibrantes, supportant une livraison rapide.<\/p>\n<table style=\"border-collapse: collapse; width: 300.02pt;\" border=\"0\" width=\"300\" cellspacing=\"0\" cellpadding=\"0\">\n<tbody>\n<tr style=\"height: 17.60pt;\">\n<td class=\"et2\" style=\"height: 17.60pt; width: 110.80pt;\" width=\"110\" height=\"17\">Fabricant<\/td>\n<td class=\"et2\" style=\"width: 189.95pt;\" width=\"189\">LeChao Candy<\/td>\n<\/tr>\n<tr style=\"height: 18.00pt;\">\n<td class=\"et2\" style=\"height: 18.00pt;\" height=\"18\">Type de produit<\/td>\n<td class=\"et3\" style=\"width: 189.95pt;\" width=\"189\">Regarder Gummy Candy<\/td>\n<\/tr>\n<tr style=\"height: 18.00pt;\">\n<td class=\"et2\" style=\"height: 18.00pt;\" height=\"18\">Le go\u00fbt<\/td>\n<td class=\"et3\" style=\"width: 189.95pt;\" width=\"189\">Aigre-doux et r\u00e9silient<\/td>\n<\/tr>\n<tr style=\"height: 17.60pt;\">\n<td class=\"et2\" style=\"height: 17.60pt;\" height=\"17\">Sp\u00e9cifications<\/td>\n<td class=\"et2\">20gx12pcsx24bpxes<\/td>\n<\/tr>\n<tr style=\"height: 17.60pt;\">\n<td class=\"et2\" style=\"height: 17.60pt;\" height=\"17\">Taille du carton<\/td>\n<td class=\"et2\">46*29*31.5cm<\/td>\n<\/tr>\n<tr style=\"height: 17.60pt;\">\n<td class=\"et2\" style=\"height: 17.60pt;\" height=\"17\">N.W.\/Carton<\/td>\n<td class=\"et2\">9,0 kg<\/td>\n<\/tr>\n<tr style=\"height: 17.60pt;\">\n<td class=\"et2\" style=\"height: 17.60pt;\" height=\"17\">Prix<\/td>\n<td class=\"et2\">19.6USD<\/td>\n<\/tr>\n<tr style=\"height: 17.60pt;\">\n<td class=\"et2\" style=\"height: 17.60pt;\" height=\"17\">MOQ<\/td>\n<td class=\"et2\">500CTNS<\/td>\n<\/tr>\n<tr style=\"height: 17.60pt;\">\n<td class=\"et2\" style=\"height: 17.60pt;\" height=\"17\">\u00c9chantillon<\/td>\n<td class=\"et2\">Disponible<\/td>\n<\/tr>\n<\/tbody>\n<\/table>\n<p>&nbsp;<\/p>\n<p>&nbsp;<\/p>","protected":false},"featured_media":1888,"comment_status":"open","ping_status":"closed","template":"","meta":{"_acf_changed":false},"product_brand":[],"product_cat":[19],"product_tag":[],"class_list":{"0":"post-1885","1":"product","2":"type-product","3":"status-publish","4":"has-post-thumbnail","6":"product_cat-wholesale-gummy-manufacturer","8":"first","9":"instock","10":"shipping-taxable","11":"product-type-simple"},"acf":[],"_links":{"self":[{"href":"https:\/\/www.lechaocandy.com\/fr\/wp-json\/wp\/v2\/product\/1885","targetHints":{"allow":["GET"]}}],"collection":[{"href":"https:\/\/www.lechaocandy.com\/fr\/wp-json\/wp\/v2\/product"}],"about":[{"href":"https:\/\/www.lechaocandy.com\/fr\/wp-json\/wp\/v2\/types\/product"}],"replies":[{"embeddable":true,"href":"https:\/\/www.lechaocandy.com\/fr\/wp-json\/wp\/v2\/comments?post=1885"}],"wp:featuredmedia":[{"embeddable":true,"href":"https:\/\/www.lechaocandy.com\/fr\/wp-json\/wp\/v2\/media\/1888"}],"wp:attachment":[{"href":"https:\/\/www.lechaocandy.com\/fr\/wp-json\/wp\/v2\/media?parent=1885"}],"wp:term":[{"taxonomy":"product_brand","embeddable":true,"href":"https:\/\/www.lechaocandy.com\/fr\/wp-json\/wp\/v2\/product_brand?post=1885"},{"taxonomy":"product_cat","embeddable":true,"href":"https:\/\/www.lechaocandy.com\/fr\/wp-json\/wp\/v2\/product_cat?post=1885"},{"taxonomy":"product_tag","embeddable":true,"href":"https:\/\/www.lechaocandy.com\/fr\/wp-json\/wp\/v2\/product_tag?post=1885"}],"curies":[{"name":"wp","href":"https:\/\/api.w.org\/{rel}","templated":true}]}}