{"id":1895,"date":"2025-09-30T09:16:12","date_gmt":"2025-09-30T09:16:12","guid":{"rendered":"https:\/\/www.lechaocandy.com\/?post_type=product&#038;p=1895"},"modified":"2025-09-30T09:32:18","modified_gmt":"2025-09-30T09:32:18","slug":"wholesale-gummy-candies","status":"publish","type":"product","link":"https:\/\/www.lechaocandy.com\/fr\/produit\/wholesale-gummy-candies\/","title":{"rendered":"Bonbons g\u00e9lifi\u00e9s en gros, Cola, Burger, Frites Gummies"},"content":{"rendered":"<div class=\"wp-block-columns is-layout-flex wp-container-core-columns-is-layout-9d6595d7 wp-block-columns-is-layout-flex\"><div class=\"wp-block-column is-layout-flow wp-block-column-is-layout-flow\"><h2 class=\"wp-block-heading\">Produits phares de la vente en gros de bonbons g\u00e9lifi\u00e9s<\/h2>\n\n<ul class=\"wp-block-list\"><li><strong>Designs cr\u00e9atifs et amusants<\/strong> - Ces bonbons g\u00e9lifi\u00e9s en gros recr\u00e9ent m\u00e9ticuleusement les motifs classiques de la restauration rapide, tels que les hamburgers, le cola et les frites. Ces formes adorables et r\u00e9alistes sont \u00e0 la fois amusantes \u00e0 jouer et \u00e0 partager, ce qui en fait un produit facile \u00e0 vendre pour les enfants et les jeunes consommateurs.<\/li>\n\n<li><strong>Saveurs classiques, plaisirs multiples<\/strong> - Ces gommes en vrac sont disponibles dans diff\u00e9rents parfums, comme le simili-cola, les hamburgers \u00e0 la fraise et les frites carbonis\u00e9es, satisfaisant ainsi un large \u00e9ventail de pr\u00e9f\u00e9rences gustatives et offrant une exp\u00e9rience gustative riche et attrayante.<\/li>\n\n<li><strong>Convient \u00e0 un large \u00e9ventail d'utilisations, g\u00e9n\u00e9rateur de trafic efficace<\/strong> - Nos bonbons g\u00e9lifi\u00e9s en gros sont parfaits pour les f\u00eates sur le th\u00e8me de la restauration rapide, les c\u00e9l\u00e9brations d'anniversaire, les \u00e9v\u00e9nements scolaires et comme pr\u00e9sentoirs de snacks en ligne populaires, attirant efficacement l'attention et incitant \u00e0 l'achat.<\/li>\n\n<li><strong>Emballage en vrac<\/strong> - Nous proposons des prix de gros comp\u00e9titifs pour les bonbons g\u00e9lifi\u00e9s en vrac, ce qui permet aux d\u00e9taillants et aux canaux de commerce \u00e9lectronique de les vendre facilement et de les associer \u00e0 des promotions, ce qui permet de d\u00e9gager des marges b\u00e9n\u00e9ficiaires substantielles. <\/li>\n\n<li><strong>S\u00fbr et souple, avec une texture addictive et moelleuse<\/strong> - Ces bonbons g\u00e9lifi\u00e9s en gros sont fabriqu\u00e9s \u00e0 partir d'ingr\u00e9dients l\u00e9gaux, ont une texture douce et moelleuse, ne collent pas aux dents et ont un go\u00fbt d\u00e9licieux, ce qui garantit que chaque bonbon est d\u00e9licieux et sans danger.<\/li><\/ul><\/div>\n\n<div class=\"wp-block-column is-layout-flow wp-block-column-is-layout-flow\"><figure class=\"wp-block-image size-full\"><img decoding=\"async\" width=\"800\" height=\"800\" src=\"https:\/\/www.lechaocandy.com\/wp-content\/uploads\/2025\/09\/Wholesale-Gummy-Candies-Cola-Burger-French-Fries-Gummies-2.webp\" alt=\"Grossiste Bonbons g\u00e9lifi\u00e9s, Cola, Burger, Frites Gummies-2\" class=\"wp-image-1897\" srcset=\"https:\/\/www.lechaocandy.com\/wp-content\/uploads\/2025\/09\/Wholesale-Gummy-Candies-Cola-Burger-French-Fries-Gummies-2.webp 800w, https:\/\/www.lechaocandy.com\/wp-content\/uploads\/2025\/09\/Wholesale-Gummy-Candies-Cola-Burger-French-Fries-Gummies-2-300x300.webp 300w, https:\/\/www.lechaocandy.com\/wp-content\/uploads\/2025\/09\/Wholesale-Gummy-Candies-Cola-Burger-French-Fries-Gummies-2-150x150.webp 150w, https:\/\/www.lechaocandy.com\/wp-content\/uploads\/2025\/09\/Wholesale-Gummy-Candies-Cola-Burger-French-Fries-Gummies-2-768x768.webp 768w, https:\/\/www.lechaocandy.com\/wp-content\/uploads\/2025\/09\/Wholesale-Gummy-Candies-Cola-Burger-French-Fries-Gummies-2-12x12.webp 12w, https:\/\/www.lechaocandy.com\/wp-content\/uploads\/2025\/09\/Wholesale-Gummy-Candies-Cola-Burger-French-Fries-Gummies-2-600x600.webp 600w, https:\/\/www.lechaocandy.com\/wp-content\/uploads\/2025\/09\/Wholesale-Gummy-Candies-Cola-Burger-French-Fries-Gummies-2-100x100.webp 100w\" sizes=\"(max-width: 800px) 100vw, 800px\" \/><\/figure><\/div><\/div>","protected":false},"excerpt":{"rendered":"<p>Bienvenue sur le site d'achat en gros de bonbons g\u00e9lifi\u00e9s. Nos gommes au cola, au hamburger et aux frites sont authentiquement con\u00e7ues et amusantes, avec une texture \u00e0 m\u00e2cher aigre-douce. Ils sont parfaits pour les f\u00eates \u00e0 th\u00e8me, les snacks et les cadeaux pour enfants.<\/p>\n<table style=\"border-collapse: collapse; width: 300.02pt;\" border=\"0\" width=\"300\" cellspacing=\"0\" cellpadding=\"0\">\n<tbody>\n<tr style=\"height: 17.60pt;\">\n<td class=\"et2\" style=\"height: 17.60pt; width: 110.80pt;\" width=\"110\" height=\"17\">Fabricant<\/td>\n<td class=\"et2\" style=\"width: 189.95pt;\" width=\"189\">LeChao Candy<\/td>\n<\/tr>\n<tr style=\"height: 36.00pt;\">\n<td class=\"et2\" style=\"height: 36.00pt;\" height=\"36\">Type de produit<\/td>\n<td class=\"et3\" style=\"width: 189.95pt;\" width=\"189\">Cola, hamburger, frites Gummy<\/td>\n<\/tr>\n<tr style=\"height: 18.00pt;\">\n<td class=\"et2\" style=\"height: 18.00pt;\" height=\"18\">Le go\u00fbt<\/td>\n<td class=\"et3\" style=\"width: 189.95pt;\" width=\"189\">Aigre-doux et r\u00e9silient<\/td>\n<\/tr>\n<tr style=\"height: 17.60pt;\">\n<td class=\"et2\" style=\"height: 17.60pt;\" height=\"17\">Sp\u00e9cifications<\/td>\n<td class=\"et2\">15gx24pcsx12boxes<\/td>\n<\/tr>\n<tr style=\"height: 17.60pt;\">\n<td class=\"et2\" style=\"height: 17.60pt;\" height=\"17\">Taille du carton<\/td>\n<td class=\"et2\">39*29*26.6cm<\/td>\n<\/tr>\n<tr style=\"height: 17.60pt;\">\n<td class=\"et2\" style=\"height: 17.60pt;\" height=\"17\">N.W.\/Carton<\/td>\n<td class=\"et2\">7,0 kg<\/td>\n<\/tr>\n<tr style=\"height: 17.60pt;\">\n<td class=\"et2\" style=\"height: 17.60pt;\" height=\"17\">Prix<\/td>\n<td class=\"et2\">19.6USD<\/td>\n<\/tr>\n<tr style=\"height: 17.60pt;\">\n<td class=\"et2\" style=\"height: 17.60pt;\" height=\"17\">MOQ<\/td>\n<td class=\"et2\">500CTNS<\/td>\n<\/tr>\n<tr style=\"height: 17.60pt;\">\n<td class=\"et2\" style=\"height: 17.60pt;\" height=\"17\">\u00c9chantillon<\/td>\n<td class=\"et2\">Disponible<\/td>\n<\/tr>\n<\/tbody>\n<\/table>\n<p>&nbsp;<\/p>\n<p>&nbsp;<\/p>","protected":false},"featured_media":1898,"comment_status":"open","ping_status":"closed","template":"","meta":{"_acf_changed":false},"product_brand":[],"product_cat":[19],"product_tag":[],"class_list":{"0":"post-1895","1":"product","2":"type-product","3":"status-publish","4":"has-post-thumbnail","6":"product_cat-wholesale-gummy-manufacturer","8":"first","9":"instock","10":"shipping-taxable","11":"product-type-simple"},"acf":[],"_links":{"self":[{"href":"https:\/\/www.lechaocandy.com\/fr\/wp-json\/wp\/v2\/product\/1895","targetHints":{"allow":["GET"]}}],"collection":[{"href":"https:\/\/www.lechaocandy.com\/fr\/wp-json\/wp\/v2\/product"}],"about":[{"href":"https:\/\/www.lechaocandy.com\/fr\/wp-json\/wp\/v2\/types\/product"}],"replies":[{"embeddable":true,"href":"https:\/\/www.lechaocandy.com\/fr\/wp-json\/wp\/v2\/comments?post=1895"}],"wp:featuredmedia":[{"embeddable":true,"href":"https:\/\/www.lechaocandy.com\/fr\/wp-json\/wp\/v2\/media\/1898"}],"wp:attachment":[{"href":"https:\/\/www.lechaocandy.com\/fr\/wp-json\/wp\/v2\/media?parent=1895"}],"wp:term":[{"taxonomy":"product_brand","embeddable":true,"href":"https:\/\/www.lechaocandy.com\/fr\/wp-json\/wp\/v2\/product_brand?post=1895"},{"taxonomy":"product_cat","embeddable":true,"href":"https:\/\/www.lechaocandy.com\/fr\/wp-json\/wp\/v2\/product_cat?post=1895"},{"taxonomy":"product_tag","embeddable":true,"href":"https:\/\/www.lechaocandy.com\/fr\/wp-json\/wp\/v2\/product_tag?post=1895"}],"curies":[{"name":"wp","href":"https:\/\/api.w.org\/{rel}","templated":true}]}}