{"id":1906,"date":"2025-10-07T03:58:56","date_gmt":"2025-10-07T03:58:56","guid":{"rendered":"https:\/\/www.lechaocandy.com\/?post_type=product&#038;p=1906"},"modified":"2025-10-07T06:11:02","modified_gmt":"2025-10-07T06:11:02","slug":"wholesale-gummy-bunnies","status":"publish","type":"product","link":"https:\/\/www.lechaocandy.com\/fr\/produit\/wholesale-gummy-bunnies\/","title":{"rendered":"Grossiste Lapins et carottes en gomme, LeChao Halal Gummy Candy"},"content":{"rendered":"<div class=\"wp-block-columns is-layout-flex wp-container-core-columns-is-layout-9d6595d7 wp-block-columns-is-layout-flex\"><div class=\"wp-block-column is-layout-flow wp-block-column-is-layout-flow\"><h2 class=\"wp-block-heading\">Produits phares de la vente en gros de lapins et carottes en gomme<\/h2>\n\n<ul class=\"wp-block-list\"><li><strong>Mignon et amusant : <\/strong>Nos lapins et carottes en gomme en gros pr\u00e9sentent des motifs vibrants et color\u00e9s qui attirent l'attention des consommateurs et renforcent l'attrait visuel.<\/li>\n\n<li><strong>Emball\u00e9 individuellement avec une petite fourchette pour une utilisation propre et pratique : <\/strong>Chaque bonbon g\u00e9lifi\u00e9 en vrac est pr\u00e9sent\u00e9 dans un petit paquet propre et emball\u00e9 individuellement avec une petite fourchette, facile \u00e0 manger, hygi\u00e9nique et portable pour plus de commodit\u00e9.<\/li>\n\n<li><strong>Ingr\u00e9dients de haute qualit\u00e9 s\u00e9lectionn\u00e9s pour une texture moelleuse : <\/strong>Ces lapins et carottes en gomme en gros sont fabriqu\u00e9s avec de la g\u00e9latine de haute qualit\u00e9 et du jus de fruit naturel, ce qui donne une texture douce et moelleuse avec une saveur sucr\u00e9e et d\u00e9licieuse qui laisse une impression durable.<\/li>\n\n<li><strong>Certifi\u00e9 Halal pour une plus grande tranquillit\u00e9 d'esprit : <\/strong>Les bonbons g\u00e9lifi\u00e9s en vrac de LeChao sont fabriqu\u00e9s dans le strict respect des normes halal et conviennent aux consommateurs musulmans du monde entier, ce qui garantit \u00e0 la fois la qualit\u00e9 et la confiance.<\/li>\n\n<li><strong>Soutien \u00e0 la personnalisation et aux services de gros : <\/strong>Nous assurons la conception de l'emballage, la formulation de l'ar\u00f4me et la personnalisation de l'\u00e9tiquette de la marque pour ces lapins et carottes en gomme en gros afin de r\u00e9pondre aux besoins diff\u00e9renci\u00e9s des clients dans diff\u00e9rents pays et canaux de distribution.<\/li><\/ul><\/div>\n\n<div class=\"wp-block-column is-layout-flow wp-block-column-is-layout-flow\"><figure class=\"wp-block-image size-full\"><img decoding=\"async\" width=\"800\" height=\"800\" src=\"https:\/\/www.lechaocandy.com\/wp-content\/uploads\/2025\/10\/Wholesale-Gummy-Bunnies-Carrots-LeChao-Halal-Gummy-Candy-4.webp\" alt=\"Grossiste Lapins et carottes en gomme, LeChao Halal Gummy Candy-4\" class=\"wp-image-1910\" srcset=\"https:\/\/www.lechaocandy.com\/wp-content\/uploads\/2025\/10\/Wholesale-Gummy-Bunnies-Carrots-LeChao-Halal-Gummy-Candy-4.webp 800w, https:\/\/www.lechaocandy.com\/wp-content\/uploads\/2025\/10\/Wholesale-Gummy-Bunnies-Carrots-LeChao-Halal-Gummy-Candy-4-300x300.webp 300w, https:\/\/www.lechaocandy.com\/wp-content\/uploads\/2025\/10\/Wholesale-Gummy-Bunnies-Carrots-LeChao-Halal-Gummy-Candy-4-150x150.webp 150w, https:\/\/www.lechaocandy.com\/wp-content\/uploads\/2025\/10\/Wholesale-Gummy-Bunnies-Carrots-LeChao-Halal-Gummy-Candy-4-768x768.webp 768w, https:\/\/www.lechaocandy.com\/wp-content\/uploads\/2025\/10\/Wholesale-Gummy-Bunnies-Carrots-LeChao-Halal-Gummy-Candy-4-12x12.webp 12w, https:\/\/www.lechaocandy.com\/wp-content\/uploads\/2025\/10\/Wholesale-Gummy-Bunnies-Carrots-LeChao-Halal-Gummy-Candy-4-600x600.webp 600w, https:\/\/www.lechaocandy.com\/wp-content\/uploads\/2025\/10\/Wholesale-Gummy-Bunnies-Carrots-LeChao-Halal-Gummy-Candy-4-100x100.webp 100w\" sizes=\"(max-width: 800px) 100vw, 800px\" \/><\/figure><\/div><\/div>","protected":false},"excerpt":{"rendered":"<p>Bienvenue \u00e0 l'achat de bonbons g\u00e9lifi\u00e9s en vrac. Nos lapins et carottes en gomme en gros plaisent aux enfants et aux jeunes consommateurs. Chaque bonbon g\u00e9lifi\u00e9 est emball\u00e9 individuellement avec une petite fourchette pour plus de commodit\u00e9 et d'hygi\u00e8ne, parfait pour la revente, les coffrets cadeaux ou le grignotage.<\/p>\n<table style=\"border-collapse: collapse; width: 300.02pt;\" border=\"0\" width=\"300\" cellspacing=\"0\" cellpadding=\"0\">\n<tbody>\n<tr style=\"height: 17.60pt;\">\n<td class=\"et2\" style=\"height: 17.60pt; width: 110.80pt;\" width=\"110\" height=\"17\">Fabricant<\/td>\n<td class=\"et2\" style=\"width: 189.95pt;\" width=\"189\">LeChao Candy<\/td>\n<\/tr>\n<tr style=\"height: 18.00pt;\">\n<td class=\"et2\" style=\"height: 18.00pt;\" height=\"18\">Type de produit<\/td>\n<td class=\"et3\" style=\"width: 189.95pt;\" width=\"189\">Bonbons g\u00e9lifi\u00e9s lapin-carotte<\/td>\n<\/tr>\n<tr style=\"height: 18.00pt;\">\n<td class=\"et2\" style=\"height: 18.00pt;\" height=\"18\">Le go\u00fbt<\/td>\n<td class=\"et3\" style=\"width: 189.95pt;\" width=\"189\">Aigre-doux et r\u00e9silient<\/td>\n<\/tr>\n<tr style=\"height: 17.60pt;\">\n<td class=\"et2\" style=\"height: 17.60pt;\" height=\"17\">Sp\u00e9cifications<\/td>\n<td class=\"et2\">10gx30pcsx24boxes<\/td>\n<\/tr>\n<tr style=\"height: 17.60pt;\">\n<td class=\"et2\" style=\"height: 17.60pt;\" height=\"17\">Taille du carton<\/td>\n<td class=\"et2\">40.5*31.5*35cm<\/td>\n<\/tr>\n<tr style=\"height: 17.60pt;\">\n<td class=\"et2\" style=\"height: 17.60pt;\" height=\"17\">N.W.\/Carton<\/td>\n<td class=\"et2\">9,0 kg<\/td>\n<\/tr>\n<tr style=\"height: 17.60pt;\">\n<td class=\"et2\" style=\"height: 17.60pt;\" height=\"17\">Prix<\/td>\n<td class=\"et2\">20.16USD<\/td>\n<\/tr>\n<tr style=\"height: 17.60pt;\">\n<td class=\"et2\" style=\"height: 17.60pt;\" height=\"17\">MOQ<\/td>\n<td class=\"et2\">500CTNS<\/td>\n<\/tr>\n<tr style=\"height: 17.60pt;\">\n<td class=\"et2\" style=\"height: 17.60pt;\" height=\"17\">\u00c9chantillon<\/td>\n<td class=\"et2\">Disponible<\/td>\n<\/tr>\n<\/tbody>\n<\/table>\n<p>&nbsp;<\/p>\n<p>&nbsp;<\/p>","protected":false},"featured_media":1908,"comment_status":"open","ping_status":"closed","template":"","meta":{"_acf_changed":false},"product_brand":[],"product_cat":[19],"product_tag":[],"class_list":{"0":"post-1906","1":"product","2":"type-product","3":"status-publish","4":"has-post-thumbnail","6":"product_cat-wholesale-gummy-manufacturer","8":"first","9":"instock","10":"shipping-taxable","11":"product-type-simple"},"acf":[],"_links":{"self":[{"href":"https:\/\/www.lechaocandy.com\/fr\/wp-json\/wp\/v2\/product\/1906","targetHints":{"allow":["GET"]}}],"collection":[{"href":"https:\/\/www.lechaocandy.com\/fr\/wp-json\/wp\/v2\/product"}],"about":[{"href":"https:\/\/www.lechaocandy.com\/fr\/wp-json\/wp\/v2\/types\/product"}],"replies":[{"embeddable":true,"href":"https:\/\/www.lechaocandy.com\/fr\/wp-json\/wp\/v2\/comments?post=1906"}],"wp:featuredmedia":[{"embeddable":true,"href":"https:\/\/www.lechaocandy.com\/fr\/wp-json\/wp\/v2\/media\/1908"}],"wp:attachment":[{"href":"https:\/\/www.lechaocandy.com\/fr\/wp-json\/wp\/v2\/media?parent=1906"}],"wp:term":[{"taxonomy":"product_brand","embeddable":true,"href":"https:\/\/www.lechaocandy.com\/fr\/wp-json\/wp\/v2\/product_brand?post=1906"},{"taxonomy":"product_cat","embeddable":true,"href":"https:\/\/www.lechaocandy.com\/fr\/wp-json\/wp\/v2\/product_cat?post=1906"},{"taxonomy":"product_tag","embeddable":true,"href":"https:\/\/www.lechaocandy.com\/fr\/wp-json\/wp\/v2\/product_tag?post=1906"}],"curies":[{"name":"wp","href":"https:\/\/api.w.org\/{rel}","templated":true}]}}