{"id":1912,"date":"2025-10-07T06:11:23","date_gmt":"2025-10-07T06:11:23","guid":{"rendered":"https:\/\/www.lechaocandy.com\/?post_type=product&#038;p=1912"},"modified":"2026-03-30T09:07:20","modified_gmt":"2026-03-30T09:07:20","slug":"wholesale-gummy-rabbit","status":"publish","type":"product","link":"https:\/\/www.lechaocandy.com\/fr\/produit\/wholesale-gummy-rabbit\/","title":{"rendered":"LeChao Wholesale Gummy Rabbit &amp; Carrot, Halal Gummy Candy"},"content":{"rendered":"<div class=\"wp-block-columns is-layout-flex wp-container-core-columns-is-layout-9d6595d7 wp-block-columns-is-layout-flex\"><div class=\"wp-block-column is-layout-flow wp-block-column-is-layout-flow\"><h2 class=\"wp-block-heading\">Points forts du produit Grossiste Gummy Rabbit &amp; Carrot<\/h2>\n\n<ul class=\"wp-block-list\"><li><strong>Un design cr\u00e9atif pour s\u00e9duire :<\/strong> Nos lapins et carottes en gomme en gros sont charmants et amusants \u00e0 avoir dans les bo\u00eetes de cadeaux de vacances, les f\u00eates, ou pour les collations des enfants.<\/li>\n\n<li><strong>Emball\u00e9s individuellement avec une fourchette pour plus d'hygi\u00e8ne et de commodit\u00e9 : <\/strong>Ces bonbons g\u00e9lifi\u00e9s en vrac sont emball\u00e9s individuellement et accompagn\u00e9s d'une fourchette, ce qui garantit l'hygi\u00e8ne et la commodit\u00e9 pour les d\u00e9placements, les voyages ou le partage.<\/li>\n\n<li><strong>Fabriqu\u00e9 avec des ingr\u00e9dients de premi\u00e8re qualit\u00e9 pour une texture douce et moelleuse : <\/strong>Ces lapins et carottes g\u00e9lifi\u00e9s en gros utilisent de la g\u00e9latine de haute puret\u00e9 et du jus de fruit naturel pour offrir une texture douce \u00e0 m\u00e2cher et un go\u00fbt sucr\u00e9 agr\u00e9able que vous appr\u00e9cierez lors de l'utilisation.<\/li>\n\n<li><strong>Certifi\u00e9 Halal pour la qualit\u00e9 et la s\u00e9curit\u00e9 : <\/strong>Nos bonbons g\u00e9lifi\u00e9s en vrac sont fabriqu\u00e9s selon des normes certifi\u00e9es halal et respectent les r\u00e9glementations internationales en mati\u00e8re de s\u00e9curit\u00e9 alimentaire afin de pouvoir \u00eatre utilis\u00e9s partout dans le monde.<\/li>\n\n<li><strong>Des services de personnalisation flexibles pour r\u00e9pondre aux diff\u00e9rents besoins : <\/strong>Nous fournissons des emballages de marque, des formes, des saveurs et des sp\u00e9cifications personnalis\u00e9es pour la vente en gros de lapin et de carotte g\u00e9lifi\u00e9s. Nous soutenons la coop\u00e9ration entre grossistes et OEM\/ODM pour aider les clients \u00e0 se d\u00e9velopper sur des march\u00e9s diversifi\u00e9s.<\/li><\/ul><\/div>\n\n<div class=\"wp-block-column is-layout-flow wp-block-column-is-layout-flow\"><figure class=\"wp-block-image size-full\"><img decoding=\"async\" width=\"800\" height=\"800\" src=\"https:\/\/www.lechaocandy.com\/wp-content\/uploads\/2025\/10\/LeChao-Wholesale-Gummy-Rabbit-Carrot-Halal-Gummy-Candy-1.webp\" alt=\"LeChao Grossiste Gummy Rabbit &amp; Carrot, Halal Gummy Candy-1\" class=\"wp-image-1913\" srcset=\"https:\/\/www.lechaocandy.com\/wp-content\/uploads\/2025\/10\/LeChao-Wholesale-Gummy-Rabbit-Carrot-Halal-Gummy-Candy-1.webp 800w, https:\/\/www.lechaocandy.com\/wp-content\/uploads\/2025\/10\/LeChao-Wholesale-Gummy-Rabbit-Carrot-Halal-Gummy-Candy-1-300x300.webp 300w, https:\/\/www.lechaocandy.com\/wp-content\/uploads\/2025\/10\/LeChao-Wholesale-Gummy-Rabbit-Carrot-Halal-Gummy-Candy-1-150x150.webp 150w, https:\/\/www.lechaocandy.com\/wp-content\/uploads\/2025\/10\/LeChao-Wholesale-Gummy-Rabbit-Carrot-Halal-Gummy-Candy-1-768x768.webp 768w, https:\/\/www.lechaocandy.com\/wp-content\/uploads\/2025\/10\/LeChao-Wholesale-Gummy-Rabbit-Carrot-Halal-Gummy-Candy-1-12x12.webp 12w, https:\/\/www.lechaocandy.com\/wp-content\/uploads\/2025\/10\/LeChao-Wholesale-Gummy-Rabbit-Carrot-Halal-Gummy-Candy-1-600x600.webp 600w, https:\/\/www.lechaocandy.com\/wp-content\/uploads\/2025\/10\/LeChao-Wholesale-Gummy-Rabbit-Carrot-Halal-Gummy-Candy-1-100x100.webp 100w\" sizes=\"(max-width: 800px) 100vw, 800px\" \/><\/figure><\/div><\/div><figure class=\"wp-block-embed is-type-video is-provider-youtube wp-block-embed-youtube wp-embed-aspect-16-9 wp-has-aspect-ratio\"><div class=\"wp-block-embed__wrapper\">\n<iframe title=\"3D Rabbit Carrot Gummy Candy, Factory Wholesale, OEM\/ODM Options\" width=\"500\" height=\"281\" src=\"https:\/\/www.youtube.com\/embed\/wAYlq0Si0vk?feature=oembed\" frameborder=\"0\" allow=\"accelerometer; autoplay; clipboard-write; encrypted-media; gyroscope; picture-in-picture; web-share\" referrerpolicy=\"strict-origin-when-cross-origin\" allowfullscreen><\/iframe>\n<\/div><\/figure>","protected":false},"excerpt":{"rendered":"<p>Bienvenue sur le site de commande en gros de bonbons g\u00e9lifi\u00e9s. Nos lapins et carottes en gomme en gros, avec leurs adorables dessins et leur texture moelleuse, offrent une exp\u00e9rience de grignotage amusante et d\u00e9licieuse. Chaque bonbon gommeux est emball\u00e9 individuellement et accompagn\u00e9 d'une fourchette, ce qui les rend populaires dans les bo\u00eetes-cadeaux et les d\u00e9panneurs.<\/p>\n<table style=\"border-collapse: collapse; width: 300.02pt;\" border=\"0\" width=\"300\" cellspacing=\"0\" cellpadding=\"0\">\n<tbody>\n<tr style=\"height: 17.60pt;\">\n<td class=\"et2\" style=\"height: 17.60pt; width: 110.80pt;\" width=\"110\" height=\"17\">Fabricant<\/td>\n<td class=\"et2\" style=\"width: 189.95pt;\" width=\"189\">LeChao Candy<\/td>\n<\/tr>\n<tr style=\"height: 18.00pt;\">\n<td class=\"et2\" style=\"height: 18.00pt;\" height=\"18\">Type de produit<\/td>\n<td class=\"et3\" style=\"width: 189.95pt;\" width=\"189\">Bonbons g\u00e9lifi\u00e9s lapin-carotte<\/td>\n<\/tr>\n<tr style=\"height: 18.00pt;\">\n<td class=\"et2\" style=\"height: 18.00pt;\" height=\"18\">Le go\u00fbt<\/td>\n<td class=\"et3\" style=\"width: 189.95pt;\" width=\"189\">Aigre-doux et r\u00e9silient<\/td>\n<\/tr>\n<tr style=\"height: 17.60pt;\">\n<td class=\"et2\" style=\"height: 17.60pt;\" height=\"17\">Sp\u00e9cifications<\/td>\n<td class=\"et2\">20gx24pcsx12boxes<\/td>\n<\/tr>\n<tr style=\"height: 17.60pt;\">\n<td class=\"et2\" style=\"height: 17.60pt;\" height=\"17\">Taille du carton<\/td>\n<td class=\"et2\">41*31*32cm<\/td>\n<\/tr>\n<tr style=\"height: 17.60pt;\">\n<td class=\"et2\" style=\"height: 17.60pt;\" height=\"17\">N.W.\/Carton<\/td>\n<td class=\"et2\">8,0 kg<\/td>\n<\/tr>\n<tr style=\"height: 17.60pt;\">\n<td class=\"et2\" style=\"height: 17.60pt;\" height=\"17\">Prix<\/td>\n<td class=\"et2\">20.16USD<\/td>\n<\/tr>\n<tr style=\"height: 17.60pt;\">\n<td class=\"et2\" style=\"height: 17.60pt;\" height=\"17\">MOQ<\/td>\n<td class=\"et2\">500CTNS<\/td>\n<\/tr>\n<tr style=\"height: 17.60pt;\">\n<td class=\"et2\" style=\"height: 17.60pt;\" height=\"17\">\u00c9chantillon<\/td>\n<td class=\"et2\">Disponible<\/td>\n<\/tr>\n<\/tbody>\n<\/table>\n<p>&nbsp;<\/p>\n<p>&nbsp;<\/p>","protected":false},"featured_media":1915,"comment_status":"open","ping_status":"closed","template":"","meta":{"_acf_changed":false},"product_brand":[],"product_cat":[19],"product_tag":[],"class_list":{"0":"post-1912","1":"product","2":"type-product","3":"status-publish","4":"has-post-thumbnail","6":"product_cat-wholesale-gummy-manufacturer","8":"first","9":"instock","10":"shipping-taxable","11":"product-type-simple"},"acf":[],"_links":{"self":[{"href":"https:\/\/www.lechaocandy.com\/fr\/wp-json\/wp\/v2\/product\/1912","targetHints":{"allow":["GET"]}}],"collection":[{"href":"https:\/\/www.lechaocandy.com\/fr\/wp-json\/wp\/v2\/product"}],"about":[{"href":"https:\/\/www.lechaocandy.com\/fr\/wp-json\/wp\/v2\/types\/product"}],"replies":[{"embeddable":true,"href":"https:\/\/www.lechaocandy.com\/fr\/wp-json\/wp\/v2\/comments?post=1912"}],"wp:featuredmedia":[{"embeddable":true,"href":"https:\/\/www.lechaocandy.com\/fr\/wp-json\/wp\/v2\/media\/1915"}],"wp:attachment":[{"href":"https:\/\/www.lechaocandy.com\/fr\/wp-json\/wp\/v2\/media?parent=1912"}],"wp:term":[{"taxonomy":"product_brand","embeddable":true,"href":"https:\/\/www.lechaocandy.com\/fr\/wp-json\/wp\/v2\/product_brand?post=1912"},{"taxonomy":"product_cat","embeddable":true,"href":"https:\/\/www.lechaocandy.com\/fr\/wp-json\/wp\/v2\/product_cat?post=1912"},{"taxonomy":"product_tag","embeddable":true,"href":"https:\/\/www.lechaocandy.com\/fr\/wp-json\/wp\/v2\/product_tag?post=1912"}],"curies":[{"name":"wp","href":"https:\/\/api.w.org\/{rel}","templated":true}]}}