{"id":1919,"date":"2025-10-07T06:36:49","date_gmt":"2025-10-07T06:36:49","guid":{"rendered":"https:\/\/www.lechaocandy.com\/?post_type=product&#038;p=1919"},"modified":"2025-10-07T06:57:24","modified_gmt":"2025-10-07T06:57:24","slug":"smiley-face-gummies-wholesale","status":"publish","type":"product","link":"https:\/\/www.lechaocandy.com\/fr\/produit\/smiley-face-gummies-wholesale\/","title":{"rendered":"Smiley Face Gummies Wholesale, LeChao Bulk Fruit Jelly Candies (bonbons \u00e0 la gel\u00e9e de fruits en vrac)"},"content":{"rendered":"<div class=\"wp-block-columns is-layout-flex wp-container-core-columns-is-layout-9d6595d7 wp-block-columns-is-layout-flex\"><div class=\"wp-block-column is-layout-flow wp-block-column-is-layout-flow\"><h2 class=\"wp-block-heading\">Points forts du produit Smiley Face Gummies Wholesale<\/h2>\n\n<ul class=\"wp-block-list\"><li><strong>Les motifs de visages souriants cr\u00e9ent une atmosph\u00e8re joyeuse : <\/strong>Nos smiley gummies wholesale n'ont pas seulement un go\u00fbt fantastique, mais les visages heureux et en col\u00e8re sont adorables pour une exp\u00e9rience visuelle m\u00e9morable qui attire les consommateurs et leur donne envie d'acheter votre produit.<\/li>\n\n<li><strong>Une vari\u00e9t\u00e9 de saveurs fruit\u00e9es pour un go\u00fbt riche : <\/strong>Nos bonbons \u00e0 m\u00e2cher en vrac sont disponibles dans une vari\u00e9t\u00e9 d'ar\u00f4mes de fruits, notamment fraise, mangue, orange et raisin, offrant une surprise sucr\u00e9e et agr\u00e9able \u00e0 chaque bouch\u00e9e.<\/li>\n\n<li><strong>Texture g\u00e9lifi\u00e9e : <\/strong>Nos smiley gummies wholesale sont fabriqu\u00e9s \u00e0 partir de g\u00e9latine de haute qualit\u00e9 et de jus de fruits naturels, ce qui leur conf\u00e8re une texture lisse et mall\u00e9able pour une exp\u00e9rience de mastication d\u00e9licieuse.<\/li>\n\n<li><strong>Des ingr\u00e9dients s\u00fbrs s\u00e9lectionn\u00e9s pour une exp\u00e9rience saine et fiable : <\/strong>Nos bonbons \u00e0 m\u00e2cher en vrac r\u00e9pondent aux normes internationales de s\u00e9curit\u00e9 alimentaire et conviennent aussi bien aux enfants qu'aux adultes.<\/li>\n\n<li><strong>Prise en charge de la vente en gros et de la personnalisation : <\/strong>Ces gommes au visage souriant peuvent \u00eatre personnalis\u00e9es en termes d'emballage, d'ar\u00f4me et de taille en fonction des besoins du client. Elles peuvent faire l'objet d'une coop\u00e9ration OEM\/ODM et sont adapt\u00e9es \u00e0 l'expansion du march\u00e9 mondial des produits de grignotage.<\/li><\/ul><\/div>\n\n<div class=\"wp-block-column is-layout-flow wp-block-column-is-layout-flow\"><figure class=\"wp-block-image size-full\"><img decoding=\"async\" width=\"800\" height=\"800\" src=\"https:\/\/www.lechaocandy.com\/wp-content\/uploads\/2025\/10\/Smiley-Face-Gummies-Wholesale-LeChao-Bulk-Fruit-Jelly-Candies-1.webp\" alt=\"Smiley Face Gummies Wholesale, LeChao Bulk Fruit Jelly Candies-1\" class=\"wp-image-1920\" srcset=\"https:\/\/www.lechaocandy.com\/wp-content\/uploads\/2025\/10\/Smiley-Face-Gummies-Wholesale-LeChao-Bulk-Fruit-Jelly-Candies-1.webp 800w, https:\/\/www.lechaocandy.com\/wp-content\/uploads\/2025\/10\/Smiley-Face-Gummies-Wholesale-LeChao-Bulk-Fruit-Jelly-Candies-1-300x300.webp 300w, https:\/\/www.lechaocandy.com\/wp-content\/uploads\/2025\/10\/Smiley-Face-Gummies-Wholesale-LeChao-Bulk-Fruit-Jelly-Candies-1-150x150.webp 150w, https:\/\/www.lechaocandy.com\/wp-content\/uploads\/2025\/10\/Smiley-Face-Gummies-Wholesale-LeChao-Bulk-Fruit-Jelly-Candies-1-768x768.webp 768w, https:\/\/www.lechaocandy.com\/wp-content\/uploads\/2025\/10\/Smiley-Face-Gummies-Wholesale-LeChao-Bulk-Fruit-Jelly-Candies-1-12x12.webp 12w, https:\/\/www.lechaocandy.com\/wp-content\/uploads\/2025\/10\/Smiley-Face-Gummies-Wholesale-LeChao-Bulk-Fruit-Jelly-Candies-1-600x600.webp 600w, https:\/\/www.lechaocandy.com\/wp-content\/uploads\/2025\/10\/Smiley-Face-Gummies-Wholesale-LeChao-Bulk-Fruit-Jelly-Candies-1-100x100.webp 100w\" sizes=\"(max-width: 800px) 100vw, 800px\" \/><\/figure><\/div><\/div>","protected":false},"excerpt":{"rendered":"<p>Bienvenue sur le site de commande en gros de bonbons \u00e0 m\u00e2cher. Nos smiley gummies en gros sont de couleurs vives, moelleux, parfum\u00e9s et mod\u00e9r\u00e9ment sucr\u00e9s. Fabriqu\u00e9s avec des ingr\u00e9dients de haute qualit\u00e9, ces bonbons sont sains et s\u00fbrs.<\/p>\n<table style=\"border-collapse: collapse; width: 300.02pt;\" border=\"0\" width=\"300\" cellspacing=\"0\" cellpadding=\"0\">\n<tbody>\n<tr style=\"height: 17.60pt;\">\n<td class=\"et2\" style=\"height: 17.60pt; width: 110.80pt;\" width=\"110\" height=\"17\">Fabricant<\/td>\n<td class=\"et2\" style=\"width: 189.95pt;\" width=\"189\">LeChao Candy<\/td>\n<\/tr>\n<tr style=\"height: 18.00pt;\">\n<td class=\"et2\" style=\"height: 18.00pt;\" height=\"18\">Type de produit<\/td>\n<td class=\"et3\" style=\"width: 189.95pt;\" width=\"189\">Bonbons \u00e0 la gel\u00e9e de fruits au visage souriant<\/td>\n<\/tr>\n<tr style=\"height: 18.00pt;\">\n<td class=\"et2\" style=\"height: 18.00pt;\" height=\"18\">Le go\u00fbt<\/td>\n<td class=\"et3\" style=\"width: 189.95pt;\" width=\"189\">Aigre-doux et r\u00e9silient<\/td>\n<\/tr>\n<tr style=\"height: 17.60pt;\">\n<td class=\"et2\" style=\"height: 17.60pt;\" height=\"17\">Sp\u00e9cifications<\/td>\n<td class=\"et2\">20gx24pcsx12boxes<\/td>\n<\/tr>\n<tr style=\"height: 17.60pt;\">\n<td class=\"et2\" style=\"height: 17.60pt;\" height=\"17\">Taille du carton<\/td>\n<td class=\"et2\">37x33x29cm<\/td>\n<\/tr>\n<tr style=\"height: 17.60pt;\">\n<td class=\"et2\" style=\"height: 17.60pt;\" height=\"17\">N.W.\/Carton<\/td>\n<td class=\"et2\">7,0 kg<\/td>\n<\/tr>\n<tr style=\"height: 17.60pt;\">\n<td class=\"et2\" style=\"height: 17.60pt;\" height=\"17\">Prix<\/td>\n<td class=\"et2\">26.5USD<\/td>\n<\/tr>\n<tr style=\"height: 17.60pt;\">\n<td class=\"et2\" style=\"height: 17.60pt;\" height=\"17\">MOQ<\/td>\n<td class=\"et2\">500CTNS<\/td>\n<\/tr>\n<tr style=\"height: 17.60pt;\">\n<td class=\"et2\" style=\"height: 17.60pt;\" height=\"17\">\u00c9chantillon<\/td>\n<td class=\"et2\">Disponible<\/td>\n<\/tr>\n<\/tbody>\n<\/table>\n<p>&nbsp;<\/p>\n<p>&nbsp;<\/p>","protected":false},"featured_media":1923,"comment_status":"open","ping_status":"closed","template":"","meta":{"_acf_changed":false},"product_brand":[],"product_cat":[19],"product_tag":[],"class_list":{"0":"post-1919","1":"product","2":"type-product","3":"status-publish","4":"has-post-thumbnail","6":"product_cat-wholesale-gummy-manufacturer","8":"first","9":"instock","10":"shipping-taxable","11":"product-type-simple"},"acf":[],"_links":{"self":[{"href":"https:\/\/www.lechaocandy.com\/fr\/wp-json\/wp\/v2\/product\/1919","targetHints":{"allow":["GET"]}}],"collection":[{"href":"https:\/\/www.lechaocandy.com\/fr\/wp-json\/wp\/v2\/product"}],"about":[{"href":"https:\/\/www.lechaocandy.com\/fr\/wp-json\/wp\/v2\/types\/product"}],"replies":[{"embeddable":true,"href":"https:\/\/www.lechaocandy.com\/fr\/wp-json\/wp\/v2\/comments?post=1919"}],"wp:featuredmedia":[{"embeddable":true,"href":"https:\/\/www.lechaocandy.com\/fr\/wp-json\/wp\/v2\/media\/1923"}],"wp:attachment":[{"href":"https:\/\/www.lechaocandy.com\/fr\/wp-json\/wp\/v2\/media?parent=1919"}],"wp:term":[{"taxonomy":"product_brand","embeddable":true,"href":"https:\/\/www.lechaocandy.com\/fr\/wp-json\/wp\/v2\/product_brand?post=1919"},{"taxonomy":"product_cat","embeddable":true,"href":"https:\/\/www.lechaocandy.com\/fr\/wp-json\/wp\/v2\/product_cat?post=1919"},{"taxonomy":"product_tag","embeddable":true,"href":"https:\/\/www.lechaocandy.com\/fr\/wp-json\/wp\/v2\/product_tag?post=1919"}],"curies":[{"name":"wp","href":"https:\/\/api.w.org\/{rel}","templated":true}]}}