{"id":1925,"date":"2025-10-07T07:11:18","date_gmt":"2025-10-07T07:11:18","guid":{"rendered":"https:\/\/www.lechaocandy.com\/?post_type=product&#038;p=1925"},"modified":"2025-10-07T07:35:18","modified_gmt":"2025-10-07T07:35:18","slug":"gummy-candies-wholesale","status":"publish","type":"product","link":"https:\/\/www.lechaocandy.com\/fr\/produit\/gummy-candies-wholesale\/","title":{"rendered":"Bonbons g\u00e9lifi\u00e9s amusants en gros, Bonbons g\u00e9lifi\u00e9s aux pattes de poulet"},"content":{"rendered":"<div class=\"wp-block-columns is-layout-flex wp-container-core-columns-is-layout-9d6595d7 wp-block-columns-is-layout-flex\"><div class=\"wp-block-column is-layout-flow wp-block-column-is-layout-flow\"><h2 class=\"wp-block-heading\">Produits phares de la vente en gros de bonbons g\u00e9lifi\u00e9s<\/h2>\n\n<ul class=\"wp-block-list\"><li><strong>Le design cr\u00e9atif des pattes de poulet est amusant et ludique : <\/strong>Ces bonbons g\u00e9lifi\u00e9s en gros ont une forme unique de pattes de poulet, ce qui leur conf\u00e8re un caract\u00e8re amusant et original. Ils conviennent donc parfaitement comme en-cas pour les enfants, comme bonbons pour les f\u00eates ou comme cadeaux festifs.<\/li>\n\n<li><strong>Deux couleurs accrocheuses, accrocheuses : <\/strong>Ces bonbons \u00e0 m\u00e2cher en vrac en forme de pattes de poulet sont disponibles en deux couleurs vives, le rose et le jaune. Les couleurs de ces pattes de poulet en gomme ajoutent un impact visuel et un attrait \u00e0 la marchandise.<\/li>\n\n<li><strong>Emballage individuel, hygi\u00e9nique et pratique :<\/strong> Nos bonbons g\u00e9lifi\u00e9s en gros sont emball\u00e9s individuellement pour un transport facile et hygi\u00e9nique, ce qui les rend parfaits pour les d\u00e9placements, le grignotage ou les petits cadeaux.<\/li>\n\n<li><strong>Ar\u00f4me de fruit naturel et joyeux : <\/strong>Nos bonbons \u00e0 m\u00e2cher en vrac sont fabriqu\u00e9s avec de la g\u00e9latine de premi\u00e8re qualit\u00e9 et du jus de fruit naturel, ce qui leur conf\u00e8re une texture douce et moelleuse, un go\u00fbt sucr\u00e9 mod\u00e9r\u00e9 et une riche saveur de fruit.<\/li>\n\n<li><strong>Soutenir la vente en gros et la personnalisation pour r\u00e9pondre \u00e0 des besoins divers :<\/strong> Nous proposons des services de personnalisation de l'emballage, des ar\u00f4mes et des couleurs pour les bonbons g\u00e9lifi\u00e9s en gros, nous soutenons la coop\u00e9ration OEM\/ODM et nous r\u00e9pondons aux besoins des diff\u00e9rents clients et march\u00e9s.<\/li><\/ul><\/div>\n\n<div class=\"wp-block-column is-layout-flow wp-block-column-is-layout-flow\"><figure class=\"wp-block-image size-full\"><img decoding=\"async\" width=\"800\" height=\"800\" src=\"https:\/\/www.lechaocandy.com\/wp-content\/uploads\/2025\/10\/Fun-Gummy-Candies-Wholesale-Chicken-Feet-Gummy-Candy-6.webp.png\" alt=\"Bonbons g\u00e9lifi\u00e9s amusants en gros, Bonbons g\u00e9lifi\u00e9s aux pattes de poulet-6.webp\" class=\"wp-image-1931\" srcset=\"https:\/\/www.lechaocandy.com\/wp-content\/uploads\/2025\/10\/Fun-Gummy-Candies-Wholesale-Chicken-Feet-Gummy-Candy-6.webp.png 800w, https:\/\/www.lechaocandy.com\/wp-content\/uploads\/2025\/10\/Fun-Gummy-Candies-Wholesale-Chicken-Feet-Gummy-Candy-6.webp-300x300.png 300w, https:\/\/www.lechaocandy.com\/wp-content\/uploads\/2025\/10\/Fun-Gummy-Candies-Wholesale-Chicken-Feet-Gummy-Candy-6.webp-150x150.png 150w, https:\/\/www.lechaocandy.com\/wp-content\/uploads\/2025\/10\/Fun-Gummy-Candies-Wholesale-Chicken-Feet-Gummy-Candy-6.webp-768x768.png 768w, https:\/\/www.lechaocandy.com\/wp-content\/uploads\/2025\/10\/Fun-Gummy-Candies-Wholesale-Chicken-Feet-Gummy-Candy-6.webp-12x12.png 12w, https:\/\/www.lechaocandy.com\/wp-content\/uploads\/2025\/10\/Fun-Gummy-Candies-Wholesale-Chicken-Feet-Gummy-Candy-6.webp-600x600.png 600w, https:\/\/www.lechaocandy.com\/wp-content\/uploads\/2025\/10\/Fun-Gummy-Candies-Wholesale-Chicken-Feet-Gummy-Candy-6.webp-100x100.png 100w\" sizes=\"(max-width: 800px) 100vw, 800px\" \/><\/figure><\/div><\/div>","protected":false},"excerpt":{"rendered":"<p>Bienvenue sur le site de commande en gros de bonbons \u00e0 m\u00e2cher. Nos bonbons g\u00e9lifi\u00e9s en gros ont de d\u00e9licieuses formes de pattes de poulet et des couleurs vibrantes de rose et de jaune. Ils sont color\u00e9s et amusants.<\/p>\n<table style=\"border-collapse: collapse; width: 300.02pt;\" border=\"0\" width=\"300\" cellspacing=\"0\" cellpadding=\"0\">\n<tbody>\n<tr style=\"height: 17.60pt;\">\n<td class=\"et2\" style=\"height: 17.60pt; width: 110.80pt;\" width=\"110\" height=\"17\">Fabricant<\/td>\n<td class=\"et2\" style=\"width: 189.95pt;\" width=\"189\">LeChao Candy<\/td>\n<\/tr>\n<tr style=\"height: 18.00pt;\">\n<td class=\"et2\" style=\"height: 18.00pt;\" height=\"18\">Type de produit<\/td>\n<td class=\"et3\" style=\"width: 189.95pt;\" width=\"189\">Bonbons g\u00e9lifi\u00e9s aux pieds de poussins<\/td>\n<\/tr>\n<tr style=\"height: 18.00pt;\">\n<td class=\"et2\" style=\"height: 18.00pt;\" height=\"18\">Le go\u00fbt<\/td>\n<td class=\"et3\" style=\"width: 189.95pt;\" width=\"189\">Aigre-doux et r\u00e9silient<\/td>\n<\/tr>\n<tr style=\"height: 17.60pt;\">\n<td class=\"et2\" style=\"height: 17.60pt;\" height=\"17\">Sp\u00e9cifications<\/td>\n<td class=\"et2\">20gx20pcsx12boxes<\/td>\n<\/tr>\n<tr style=\"height: 17.60pt;\">\n<td class=\"et2\" style=\"height: 17.60pt;\" height=\"17\">Taille du carton<\/td>\n<td class=\"et2\">42*25*25cm<\/td>\n<\/tr>\n<tr style=\"height: 17.60pt;\">\n<td class=\"et2\" style=\"height: 17.60pt;\" height=\"17\">N.W.\/Carton<\/td>\n<td class=\"et2\">8,0 kg<\/td>\n<\/tr>\n<tr style=\"height: 17.60pt;\">\n<td class=\"et2\" style=\"height: 17.60pt;\" height=\"17\">Prix<\/td>\n<td class=\"et2\">28.8USD<\/td>\n<\/tr>\n<tr style=\"height: 17.60pt;\">\n<td class=\"et2\" style=\"height: 17.60pt;\" height=\"17\">MOQ<\/td>\n<td class=\"et2\">500CTNS<\/td>\n<\/tr>\n<tr style=\"height: 17.60pt;\">\n<td class=\"et2\" style=\"height: 17.60pt;\" height=\"17\">\u00c9chantillon<\/td>\n<td class=\"et2\">Disponible<\/td>\n<\/tr>\n<\/tbody>\n<\/table>\n<p>&nbsp;<\/p>\n<p>&nbsp;<\/p>\n<p>&nbsp;<\/p>","protected":false},"featured_media":1930,"comment_status":"open","ping_status":"closed","template":"","meta":{"_acf_changed":false},"product_brand":[],"product_cat":[19],"product_tag":[],"class_list":{"0":"post-1925","1":"product","2":"type-product","3":"status-publish","4":"has-post-thumbnail","6":"product_cat-wholesale-gummy-manufacturer","8":"first","9":"instock","10":"shipping-taxable","11":"product-type-simple"},"acf":[],"_links":{"self":[{"href":"https:\/\/www.lechaocandy.com\/fr\/wp-json\/wp\/v2\/product\/1925","targetHints":{"allow":["GET"]}}],"collection":[{"href":"https:\/\/www.lechaocandy.com\/fr\/wp-json\/wp\/v2\/product"}],"about":[{"href":"https:\/\/www.lechaocandy.com\/fr\/wp-json\/wp\/v2\/types\/product"}],"replies":[{"embeddable":true,"href":"https:\/\/www.lechaocandy.com\/fr\/wp-json\/wp\/v2\/comments?post=1925"}],"wp:featuredmedia":[{"embeddable":true,"href":"https:\/\/www.lechaocandy.com\/fr\/wp-json\/wp\/v2\/media\/1930"}],"wp:attachment":[{"href":"https:\/\/www.lechaocandy.com\/fr\/wp-json\/wp\/v2\/media?parent=1925"}],"wp:term":[{"taxonomy":"product_brand","embeddable":true,"href":"https:\/\/www.lechaocandy.com\/fr\/wp-json\/wp\/v2\/product_brand?post=1925"},{"taxonomy":"product_cat","embeddable":true,"href":"https:\/\/www.lechaocandy.com\/fr\/wp-json\/wp\/v2\/product_cat?post=1925"},{"taxonomy":"product_tag","embeddable":true,"href":"https:\/\/www.lechaocandy.com\/fr\/wp-json\/wp\/v2\/product_tag?post=1925"}],"curies":[{"name":"wp","href":"https:\/\/api.w.org\/{rel}","templated":true}]}}