{"id":1942,"date":"2025-10-09T01:24:32","date_gmt":"2025-10-09T01:24:32","guid":{"rendered":"https:\/\/www.lechaocandy.com\/?post_type=product&#038;p=1942"},"modified":"2025-10-09T02:06:45","modified_gmt":"2025-10-09T02:06:45","slug":"sour-sticks-bulk","status":"publish","type":"product","link":"https:\/\/www.lechaocandy.com\/fr\/produit\/sour-sticks-bulk\/","title":{"rendered":"LeChao Sour Sticks Bulk, Soft Filled Licorice Bite Wholesale"},"content":{"rendered":"<div class=\"wp-block-columns is-layout-flex wp-container-core-columns-is-layout-9d6595d7 wp-block-columns-is-layout-flex\"><div class=\"wp-block-column is-layout-flow wp-block-column-is-layout-flow\"><h2 class=\"wp-block-heading\">Points forts des b\u00e2tonnets d'amertume en vrac<\/h2>\n\n<ul class=\"wp-block-list\"><li><strong>Un duo de saveurs in\u00e9dit : <\/strong>Ces b\u00e2tonnets acidul\u00e9s en vrac r\u00e9veilleront imm\u00e9diatement vos papilles gustatives gr\u00e2ce \u00e0 leur enrobage de poudre acidul\u00e9e, et \u00e0 chaque bouch\u00e9e, le c\u0153ur de la saveur de r\u00e9glisse caract\u00e9ristique suivra avec une transition agr\u00e9able entre les saveurs acidul\u00e9es et les saveurs sucr\u00e9es riches.<\/li>\n\n<li><strong>Saveur unique de r\u00e9glisse : <\/strong>Nos bonbons \u00e0 la r\u00e9glisse en gros sont fabriqu\u00e9s \u00e0 partir des meilleurs ingr\u00e9dients de r\u00e9glisse de haute qualit\u00e9, ce qui leur conf\u00e8re une saveur riche et une texture moelleuse avec un arri\u00e8re-go\u00fbt sucr\u00e9 qui est unique et attrayant sur le march\u00e9 des bonbons.<\/li>\n\n<li><strong>Une surprise douce et \u00e9clatante : <\/strong>Nos b\u00e2tons de r\u00e9glisse en vrac utilisent un processus unique d'\u00e9coulement. Lorsque l'on croque le c\u0153ur du bonbon, la garniture de r\u00e9glisse onctueuse se lib\u00e8re instantan\u00e9ment, offrant un plaisir de mastication inattendu.<\/li>\n\n<li><strong>B\u00e2tons emball\u00e9s individuellement :<\/strong> Ces bonbons de r\u00e9glisse en gros se pr\u00e9sentent sous forme de b\u00e2tonnets minces, faciles \u00e0 tenir et \u00e0 partager, parfaits pour le grignotage, les f\u00eates, les voyages et bien plus encore.<\/li>\n\n<li><strong>Conditionnement en gros \u00e0 forte marge : <\/strong>Nos b\u00e2tonnets acidul\u00e9s en vrac, un emballage de premi\u00e8re qualit\u00e9, r\u00e9duisent consid\u00e9rablement le co\u00fbt par b\u00e2tonnet, ce qui permet de d\u00e9gager des marges b\u00e9n\u00e9ficiaires tr\u00e8s comp\u00e9titives pour les magasins de snacks, les supermarch\u00e9s et les circuits de commerce \u00e9lectronique.<\/li><\/ul><\/div>\n\n<div class=\"wp-block-column is-layout-flow wp-block-column-is-layout-flow\"><figure class=\"wp-block-image size-full\"><img decoding=\"async\" width=\"800\" height=\"800\" src=\"https:\/\/www.lechaocandy.com\/wp-content\/uploads\/2025\/10\/LeChao-Sour-Sticks-Bulk-Soft-Filled-Licorice-Bite-Wholesale-3.webp\" alt=\"LeChao Sour Sticks Bulk, Soft Filled Licorice Bite Wholesale-3\" class=\"wp-image-1945\" srcset=\"https:\/\/www.lechaocandy.com\/wp-content\/uploads\/2025\/10\/LeChao-Sour-Sticks-Bulk-Soft-Filled-Licorice-Bite-Wholesale-3.webp 800w, https:\/\/www.lechaocandy.com\/wp-content\/uploads\/2025\/10\/LeChao-Sour-Sticks-Bulk-Soft-Filled-Licorice-Bite-Wholesale-3-300x300.webp 300w, https:\/\/www.lechaocandy.com\/wp-content\/uploads\/2025\/10\/LeChao-Sour-Sticks-Bulk-Soft-Filled-Licorice-Bite-Wholesale-3-150x150.webp 150w, https:\/\/www.lechaocandy.com\/wp-content\/uploads\/2025\/10\/LeChao-Sour-Sticks-Bulk-Soft-Filled-Licorice-Bite-Wholesale-3-768x768.webp 768w, https:\/\/www.lechaocandy.com\/wp-content\/uploads\/2025\/10\/LeChao-Sour-Sticks-Bulk-Soft-Filled-Licorice-Bite-Wholesale-3-12x12.webp 12w, https:\/\/www.lechaocandy.com\/wp-content\/uploads\/2025\/10\/LeChao-Sour-Sticks-Bulk-Soft-Filled-Licorice-Bite-Wholesale-3-600x600.webp 600w, https:\/\/www.lechaocandy.com\/wp-content\/uploads\/2025\/10\/LeChao-Sour-Sticks-Bulk-Soft-Filled-Licorice-Bite-Wholesale-3-100x100.webp 100w\" sizes=\"(max-width: 800px) 100vw, 800px\" \/><\/figure><\/div><\/div>","protected":false},"excerpt":{"rendered":"<p>Bienvenue sur notre site de vente en gros de bonbons \u00e0 la r\u00e9glisse. Nos b\u00e2tons acidul\u00e9s en vrac sont un m\u00e9lange unique de r\u00e9glisse de style nordique et d'un enrobage de poudre acidul\u00e9e qui \u00e9clate, cr\u00e9ant ainsi une exp\u00e9rience gustative riche et vari\u00e9e - une touche acidul\u00e9e d\u00e8s l'entr\u00e9e, suivie d'un c\u0153ur de r\u00e9glisse riche et unique. La texture passe du croquant au moelleux, pr\u00eate \u00e0 \u00e9clater.<\/p>\n<table style=\"border-collapse: collapse; width: 300.02pt;\" border=\"0\" width=\"300\" cellspacing=\"0\" cellpadding=\"0\">\n<tbody>\n<tr style=\"height: 17.60pt;\">\n<td class=\"et2\" style=\"height: 17.60pt; width: 110.80pt;\" width=\"110\" height=\"17\">Fabricant<\/td>\n<td class=\"et2\" style=\"width: 189.95pt;\" width=\"189\">LeChao Candy<\/td>\n<\/tr>\n<tr style=\"height: 18.00pt;\">\n<td class=\"et2\" style=\"height: 18.00pt;\" height=\"18\">Type de produit<\/td>\n<td class=\"et3\" style=\"width: 189.95pt;\" width=\"189\">Bonbons acidul\u00e9s<\/td>\n<\/tr>\n<tr style=\"height: 18.00pt;\">\n<td class=\"et2\" style=\"height: 18.00pt;\" height=\"18\">Le go\u00fbt<\/td>\n<td class=\"et3\" style=\"width: 189.95pt;\" width=\"189\">Aigre-doux et r\u00e9silient<\/td>\n<\/tr>\n<tr style=\"height: 17.60pt;\">\n<td class=\"et2\" style=\"height: 17.60pt;\" height=\"17\">MOQ<\/td>\n<td class=\"et2\">500CTNS<\/td>\n<\/tr>\n<tr style=\"height: 17.60pt;\">\n<td class=\"et2\" style=\"height: 17.60pt;\" height=\"17\">\u00c9chantillon<\/td>\n<td class=\"et2\">Disponible<\/td>\n<\/tr>\n<\/tbody>\n<\/table>\n<p>&nbsp;<\/p>\n<p>&nbsp;<\/p>\n<p>&nbsp;<\/p>","protected":false},"featured_media":1944,"comment_status":"open","ping_status":"closed","template":"","meta":{"_acf_changed":false},"product_brand":[],"product_cat":[20],"product_tag":[30],"class_list":{"0":"post-1942","1":"product","2":"type-product","3":"status-publish","4":"has-post-thumbnail","6":"product_cat-bulk-licorice-candy","7":"product_tag-bulk-candies-collection","9":"first","10":"instock","11":"shipping-taxable","12":"product-type-simple"},"acf":[],"_links":{"self":[{"href":"https:\/\/www.lechaocandy.com\/fr\/wp-json\/wp\/v2\/product\/1942","targetHints":{"allow":["GET"]}}],"collection":[{"href":"https:\/\/www.lechaocandy.com\/fr\/wp-json\/wp\/v2\/product"}],"about":[{"href":"https:\/\/www.lechaocandy.com\/fr\/wp-json\/wp\/v2\/types\/product"}],"replies":[{"embeddable":true,"href":"https:\/\/www.lechaocandy.com\/fr\/wp-json\/wp\/v2\/comments?post=1942"}],"wp:featuredmedia":[{"embeddable":true,"href":"https:\/\/www.lechaocandy.com\/fr\/wp-json\/wp\/v2\/media\/1944"}],"wp:attachment":[{"href":"https:\/\/www.lechaocandy.com\/fr\/wp-json\/wp\/v2\/media?parent=1942"}],"wp:term":[{"taxonomy":"product_brand","embeddable":true,"href":"https:\/\/www.lechaocandy.com\/fr\/wp-json\/wp\/v2\/product_brand?post=1942"},{"taxonomy":"product_cat","embeddable":true,"href":"https:\/\/www.lechaocandy.com\/fr\/wp-json\/wp\/v2\/product_cat?post=1942"},{"taxonomy":"product_tag","embeddable":true,"href":"https:\/\/www.lechaocandy.com\/fr\/wp-json\/wp\/v2\/product_tag?post=1942"}],"curies":[{"name":"wp","href":"https:\/\/api.w.org\/{rel}","templated":true}]}}