{"id":1964,"date":"2025-10-09T02:39:08","date_gmt":"2025-10-09T02:39:08","guid":{"rendered":"https:\/\/www.lechaocandy.com\/?post_type=product&#038;p=1964"},"modified":"2025-10-09T02:52:22","modified_gmt":"2025-10-09T02:52:22","slug":"wholesale-licorice-candy","status":"publish","type":"product","link":"https:\/\/www.lechaocandy.com\/fr\/produit\/wholesale-licorice-candy\/","title":{"rendered":"LeChao Wholesale Licorice Candy, Rainbow Twist Sour Candy (bonbons \u00e0 la r\u00e9glisse)"},"content":{"rendered":"<div class=\"wp-block-columns is-layout-flex wp-container-core-columns-is-layout-9d6595d7 wp-block-columns-is-layout-flex\"><div class=\"wp-block-column is-layout-flow wp-block-column-is-layout-flow\"><h2 class=\"wp-block-heading\">Produits phares de la vente en gros de bonbons \u00e0 la r\u00e9glisse<\/h2>\n\n<ul class=\"wp-block-list\"><li><strong>Design torsad\u00e9 amusant pour un attrait visuel : <\/strong>Ce bonbon de r\u00e9glisse en gros est un mod\u00e8le sp\u00e9cial torsad\u00e9 qui se diff\u00e9rencie du st\u00e9r\u00e9otype traditionnel des bonbons en b\u00e2tonnets, tandis que son aspect brillant et \u00e9clatant incite \u00e0 l'achat et au partage.<\/li>\n\n<li><strong>Une fusion aigre-douce : <\/strong>Ces bonbons acidul\u00e9s torsad\u00e9s arc-en-ciel en vrac sont enrob\u00e9s de sable acidul\u00e9 scintillant pour une acidit\u00e9 initiale vive, suivie d'un c\u0153ur de r\u00e9glisse moelleux qui se transforme ensuite en douceur, cr\u00e9ant ainsi une exp\u00e9rience \u00e0 plusieurs niveaux.<\/li>\n\n<li><strong>Affichage color\u00e9 et vibrant :<\/strong> Nos bonbons \u00e0 la r\u00e9glisse en gros sont disponibles dans une vari\u00e9t\u00e9 de couleurs arc-en-ciel vibrantes. Qu'ils soient pr\u00e9sent\u00e9s en vrac ou pr\u00e9emball\u00e9s, ils cr\u00e9ent un fort impact visuel, attirant efficacement les clients et am\u00e9liorant l'attrait des rayons.<\/li>\n\n<li><strong>Les emballages personnalisables renforcent l'image de la marque : <\/strong>Nous proposons des services de personnalisation d'emballages flexibles pour les bonbons acidul\u00e9s rainbow twist en vrac, des sacs aux bo\u00eetes cadeaux, ce qui vous permet de concevoir des emballages personnalis\u00e9s en fonction de vos besoins. Cela permet aux clients grossistes de cr\u00e9er leur propre marque et d'am\u00e9liorer la valeur de leurs produits.<\/li>\n\n<li><strong>Emballage en vrac rentable : <\/strong>Nous proposons en gros des bonbons sous licence en grandes quantit\u00e9s, ce qui permet de r\u00e9duire consid\u00e9rablement les co\u00fbts unitaires et d'offrir de g\u00e9n\u00e9reuses marges b\u00e9n\u00e9ficiaires. Ces bonbons sont id\u00e9aux pour les grossistes, les magasins de snacks ou pour les m\u00e9langes de bonbons.<\/li><\/ul><\/div>\n\n<div class=\"wp-block-column is-layout-flow wp-block-column-is-layout-flow\"><figure class=\"wp-block-image size-full\"><img decoding=\"async\" width=\"800\" height=\"800\" src=\"https:\/\/www.lechaocandy.com\/wp-content\/uploads\/2025\/10\/LeChao-Wholesale-Licorice-Candy-Rainbow-Twist-Sour-Candy-1.webp\" alt=\"LeChao Grossiste Bonbons \u00e0 la r\u00e9glisse, Rainbow Twist Sour Candy-1\" class=\"wp-image-1965\" srcset=\"https:\/\/www.lechaocandy.com\/wp-content\/uploads\/2025\/10\/LeChao-Wholesale-Licorice-Candy-Rainbow-Twist-Sour-Candy-1.webp 800w, https:\/\/www.lechaocandy.com\/wp-content\/uploads\/2025\/10\/LeChao-Wholesale-Licorice-Candy-Rainbow-Twist-Sour-Candy-1-300x300.webp 300w, https:\/\/www.lechaocandy.com\/wp-content\/uploads\/2025\/10\/LeChao-Wholesale-Licorice-Candy-Rainbow-Twist-Sour-Candy-1-150x150.webp 150w, https:\/\/www.lechaocandy.com\/wp-content\/uploads\/2025\/10\/LeChao-Wholesale-Licorice-Candy-Rainbow-Twist-Sour-Candy-1-768x768.webp 768w, https:\/\/www.lechaocandy.com\/wp-content\/uploads\/2025\/10\/LeChao-Wholesale-Licorice-Candy-Rainbow-Twist-Sour-Candy-1-12x12.webp 12w, https:\/\/www.lechaocandy.com\/wp-content\/uploads\/2025\/10\/LeChao-Wholesale-Licorice-Candy-Rainbow-Twist-Sour-Candy-1-600x600.webp 600w, https:\/\/www.lechaocandy.com\/wp-content\/uploads\/2025\/10\/LeChao-Wholesale-Licorice-Candy-Rainbow-Twist-Sour-Candy-1-100x100.webp 100w\" sizes=\"(max-width: 800px) 100vw, 800px\" \/><\/figure><\/div><\/div>","protected":false},"excerpt":{"rendered":"<p>Bienvenue sur le site d'achat en gros de bonbons \u00e0 la r\u00e9glisse. Nos bonbons acidul\u00e9s arc-en-ciel en vrac ont des couleurs vives et sont ludiques. Ils sont emball\u00e9s de fa\u00e7on personnalis\u00e9e, ce qui en fait un excellent choix pour attirer les jeunes clients.<\/p>\n<table style=\"border-collapse: collapse; width: 300.02pt;\" border=\"0\" width=\"300\" cellspacing=\"0\" cellpadding=\"0\">\n<tbody>\n<tr style=\"height: 17.60pt;\">\n<td class=\"et2\" style=\"height: 17.60pt; width: 110.80pt;\" width=\"110\" height=\"17\">Fabricant<\/td>\n<td class=\"et2\" style=\"width: 189.95pt;\" width=\"189\">LeChao Candy<\/td>\n<\/tr>\n<tr style=\"height: 18.00pt;\">\n<td class=\"et2\" style=\"height: 18.00pt;\" height=\"18\">Type de produit<\/td>\n<td class=\"et3\" style=\"width: 189.95pt;\" width=\"189\">Bandes de r\u00e9glisse fourr\u00e9es<\/td>\n<\/tr>\n<tr style=\"height: 18.00pt;\">\n<td class=\"et2\" style=\"height: 18.00pt;\" height=\"18\">Le go\u00fbt<\/td>\n<td class=\"et3\" style=\"width: 189.95pt;\" width=\"189\">Aigre-doux et r\u00e9silient<\/td>\n<\/tr>\n<tr style=\"height: 17.60pt;\">\n<td class=\"et2\" style=\"height: 17.60pt;\" height=\"17\">MOQ<\/td>\n<td class=\"et2\">500CTNS<\/td>\n<\/tr>\n<tr style=\"height: 17.60pt;\">\n<td class=\"et2\" style=\"height: 17.60pt;\" height=\"17\">\u00c9chantillon<\/td>\n<td class=\"et2\">Disponible<\/td>\n<\/tr>\n<\/tbody>\n<\/table>\n<p>&nbsp;<\/p>\n<p>&nbsp;<\/p>\n<p>&nbsp;<\/p>","protected":false},"featured_media":1969,"comment_status":"open","ping_status":"closed","template":"","meta":{"_acf_changed":false},"product_brand":[],"product_cat":[20],"product_tag":[30],"class_list":{"0":"post-1964","1":"product","2":"type-product","3":"status-publish","4":"has-post-thumbnail","6":"product_cat-bulk-licorice-candy","7":"product_tag-bulk-candies-collection","9":"first","10":"instock","11":"shipping-taxable","12":"product-type-simple"},"acf":[],"_links":{"self":[{"href":"https:\/\/www.lechaocandy.com\/fr\/wp-json\/wp\/v2\/product\/1964","targetHints":{"allow":["GET"]}}],"collection":[{"href":"https:\/\/www.lechaocandy.com\/fr\/wp-json\/wp\/v2\/product"}],"about":[{"href":"https:\/\/www.lechaocandy.com\/fr\/wp-json\/wp\/v2\/types\/product"}],"replies":[{"embeddable":true,"href":"https:\/\/www.lechaocandy.com\/fr\/wp-json\/wp\/v2\/comments?post=1964"}],"wp:featuredmedia":[{"embeddable":true,"href":"https:\/\/www.lechaocandy.com\/fr\/wp-json\/wp\/v2\/media\/1969"}],"wp:attachment":[{"href":"https:\/\/www.lechaocandy.com\/fr\/wp-json\/wp\/v2\/media?parent=1964"}],"wp:term":[{"taxonomy":"product_brand","embeddable":true,"href":"https:\/\/www.lechaocandy.com\/fr\/wp-json\/wp\/v2\/product_brand?post=1964"},{"taxonomy":"product_cat","embeddable":true,"href":"https:\/\/www.lechaocandy.com\/fr\/wp-json\/wp\/v2\/product_cat?post=1964"},{"taxonomy":"product_tag","embeddable":true,"href":"https:\/\/www.lechaocandy.com\/fr\/wp-json\/wp\/v2\/product_tag?post=1964"}],"curies":[{"name":"wp","href":"https:\/\/api.w.org\/{rel}","templated":true}]}}