{"id":2003,"date":"2025-10-16T03:53:48","date_gmt":"2025-10-16T03:53:48","guid":{"rendered":"https:\/\/www.lechaocandy.com\/?post_type=product&#038;p=2003"},"modified":"2026-03-30T08:50:49","modified_gmt":"2026-03-30T08:50:49","slug":"candy-bulk-wholesale","status":"publish","type":"product","link":"https:\/\/www.lechaocandy.com\/fr\/produit\/candy-bulk-wholesale\/","title":{"rendered":"Gummy Tool Candy Bulk Wholesale, Factory Direct Soft Candies (Bonbons mous en vrac)"},"content":{"rendered":"<div class=\"wp-block-columns is-layout-flex wp-container-core-columns-is-layout-9d6595d7 wp-block-columns-is-layout-flex\"><div class=\"wp-block-column is-layout-flow wp-block-column-is-layout-flow\"><h2 class=\"wp-block-heading\">Points forts du produit Gummy Tool Candy Bulk Wholesale (bonbons \u00e0 la gomme en vrac)<\/h2>\n\n<ul class=\"wp-block-list\"><li><strong>Des dessins uniques qui attirent l'attention :<\/strong> Nos bonbons g\u00e9lifi\u00e9s en vrac ont la forme de cl\u00e9s, de marteaux, de tournevis et d'autres outils. Ces dessins sont r\u00e9alistes et amusants, et se d\u00e9marqueront certainement dans les rayons.<\/li>\n\n<li><strong>Direct usine, prix comp\u00e9titifs : <\/strong>Nos bonbons mous en gros sont exp\u00e9di\u00e9s directement depuis notre usine de bonbons g\u00e9lifi\u00e9s. Nous offrons un bon prix pour nos s\u00e9lections de bonbons mous et il est fort probable qu'ils soient le meilleur prix que vous puissiez obtenir.<\/li>\n\n<li><strong>Qualit\u00e9 sup\u00e9rieure et moelleux : <\/strong>Nos bonbons g\u00e9lifi\u00e9s en vrac sont fabriqu\u00e9s \u00e0 partir d'ingr\u00e9dients de haute qualit\u00e9, ce qui leur conf\u00e8re une douceur et une fermet\u00e9 parfaites, une texture moelleuse et non collante. Une vari\u00e9t\u00e9 d'ar\u00f4mes de fruits frais est disponible, offrant un go\u00fbt sucr\u00e9 et acide, garantissant que chaque morceau est une exp\u00e9rience d\u00e9licieuse.<\/li>\n\n<li><strong>Vente en gros, personnalisation flexible : <\/strong>Nos bonbons mous en gros peuvent \u00eatre command\u00e9s en grandes quantit\u00e9s pour r\u00e9pondre \u00e0 vos divers besoins en mati\u00e8re de stocks. Nous pouvons \u00e9galement personnaliser l'emballage, les sp\u00e9cifications et m\u00eame les saveurs pour cr\u00e9er un produit unique.<\/li>\n\n<li><strong>Approvisionnement stable et service apr\u00e8s-vente sans souci : <\/strong>En tant que fabricant de premier plan, nous disposons de solides capacit\u00e9s de production, ce qui nous permet d'assurer un approvisionnement stable et ponctuel en bonbons g\u00e9lifi\u00e9s en gros. Nous fournissons \u00e9galement un service apr\u00e8s-vente complet, garantissant un achat en gros sans souci.<\/li><\/ul><\/div>\n\n<div class=\"wp-block-column is-layout-flow wp-block-column-is-layout-flow\"><figure class=\"wp-block-image size-full\"><img decoding=\"async\" width=\"800\" height=\"800\" src=\"https:\/\/www.lechaocandy.com\/wp-content\/uploads\/2025\/10\/Gummy-Tool-Candy-Bulk-Wholesale-Factory-Direct-Soft-Candies-4.webp\" alt=\"Gummy Tool Candy Bulk Wholesale, Factory Direct Soft Candies-4\" class=\"wp-image-2007\" srcset=\"https:\/\/www.lechaocandy.com\/wp-content\/uploads\/2025\/10\/Gummy-Tool-Candy-Bulk-Wholesale-Factory-Direct-Soft-Candies-4.webp 800w, https:\/\/www.lechaocandy.com\/wp-content\/uploads\/2025\/10\/Gummy-Tool-Candy-Bulk-Wholesale-Factory-Direct-Soft-Candies-4-300x300.webp 300w, https:\/\/www.lechaocandy.com\/wp-content\/uploads\/2025\/10\/Gummy-Tool-Candy-Bulk-Wholesale-Factory-Direct-Soft-Candies-4-150x150.webp 150w, https:\/\/www.lechaocandy.com\/wp-content\/uploads\/2025\/10\/Gummy-Tool-Candy-Bulk-Wholesale-Factory-Direct-Soft-Candies-4-768x768.webp 768w, https:\/\/www.lechaocandy.com\/wp-content\/uploads\/2025\/10\/Gummy-Tool-Candy-Bulk-Wholesale-Factory-Direct-Soft-Candies-4-12x12.webp 12w, https:\/\/www.lechaocandy.com\/wp-content\/uploads\/2025\/10\/Gummy-Tool-Candy-Bulk-Wholesale-Factory-Direct-Soft-Candies-4-600x600.webp 600w, https:\/\/www.lechaocandy.com\/wp-content\/uploads\/2025\/10\/Gummy-Tool-Candy-Bulk-Wholesale-Factory-Direct-Soft-Candies-4-100x100.webp 100w\" sizes=\"(max-width: 800px) 100vw, 800px\" \/><\/figure><\/div><\/div><figure class=\"wp-block-embed is-type-video is-provider-youtube wp-block-embed-youtube wp-embed-aspect-16-9 wp-has-aspect-ratio\"><div class=\"wp-block-embed__wrapper\">\n<iframe title=\"Tool Box Gummies! Fruity Tastes Kids Will Love!\" width=\"500\" height=\"281\" src=\"https:\/\/www.youtube.com\/embed\/SHlHK0yWULc?feature=oembed\" frameborder=\"0\" allow=\"accelerometer; autoplay; clipboard-write; encrypted-media; gyroscope; picture-in-picture; web-share\" referrerpolicy=\"strict-origin-when-cross-origin\" allowfullscreen><\/iframe>\n<\/div><\/figure>","protected":false},"excerpt":{"rendered":"<p>Bienvenue sur le site de Lechao pour acheter des bonbons mous en direct de l'usine. Nos bonbons g\u00e9lifi\u00e9s cr\u00e9atifs en gros sont con\u00e7us dans des formes d'outils r\u00e9alistes, ont une consistance moelleuse et des saveurs fruit\u00e9es. Nous vendons en gros uniquement aux distributeurs, vous savez donc que nous vous offrirons la qualit\u00e9 et le prix pour vous aider \u00e0 attirer des clients et \u00e0 augmenter vos ventes.<\/p>\n<table style=\"border-collapse: collapse; width: 300.02pt;\" border=\"0\" width=\"300\" cellspacing=\"0\" cellpadding=\"0\">\n<tbody>\n<tr style=\"height: 17.60pt;\">\n<td class=\"et2\" style=\"height: 17.60pt; width: 110.80pt;\" width=\"110\" height=\"17\">Fabricant<\/td>\n<td class=\"et2\" style=\"width: 189.95pt;\" width=\"189\">LeChao Candy<\/td>\n<\/tr>\n<tr style=\"height: 18.00pt;\">\n<td class=\"et2\" style=\"height: 18.00pt;\" height=\"18\">Type de produit<\/td>\n<td class=\"et3\" style=\"width: 189.95pt;\" width=\"189\">Outils Bonbons g\u00e9lifi\u00e9s<\/td>\n<\/tr>\n<tr style=\"height: 18.00pt;\">\n<td class=\"et2\" style=\"height: 18.00pt;\" height=\"18\">Le go\u00fbt<\/td>\n<td class=\"et3\" style=\"width: 189.95pt;\" width=\"189\">Aigre-doux et r\u00e9silient<\/td>\n<\/tr>\n<tr style=\"height: 17.60pt;\">\n<td class=\"et2\" style=\"height: 17.60pt;\" height=\"17\">Sp\u00e9cifications<\/td>\n<td class=\"et2\">20gx24x12bo\u00eetes<\/td>\n<\/tr>\n<tr style=\"height: 17.60pt;\">\n<td class=\"et2\" style=\"height: 17.60pt;\" height=\"17\">Taille du carton<\/td>\n<td class=\"et2\">39.3\u00d731.6x21cm<\/td>\n<\/tr>\n<tr style=\"height: 17.60pt;\">\n<td class=\"et2\" style=\"height: 17.60pt;\" height=\"17\">N.W.\/Carton<\/td>\n<td class=\"et2\">8,0 kg<\/td>\n<\/tr>\n<tr style=\"height: 17.60pt;\">\n<td class=\"et2\" style=\"height: 17.60pt;\" height=\"17\">Prix<\/td>\n<td class=\"et2\">19.3USD<\/td>\n<\/tr>\n<tr style=\"height: 17.60pt;\">\n<td class=\"et2\" style=\"height: 17.60pt;\" height=\"17\">MOQ<\/td>\n<td class=\"et2\">500CTNS<\/td>\n<\/tr>\n<tr style=\"height: 17.60pt;\">\n<td class=\"et2\" style=\"height: 17.60pt;\" height=\"17\">\u00c9chantillon<\/td>\n<td class=\"et2\">Disponible<\/td>\n<\/tr>\n<\/tbody>\n<\/table>\n<p>&nbsp;<\/p>\n<p>&nbsp;<\/p>\n<p>&nbsp;<\/p>","protected":false},"featured_media":2006,"comment_status":"open","ping_status":"closed","template":"","meta":{"_acf_changed":false},"product_brand":[],"product_cat":[19],"product_tag":[],"class_list":{"0":"post-2003","1":"product","2":"type-product","3":"status-publish","4":"has-post-thumbnail","6":"product_cat-wholesale-gummy-manufacturer","8":"first","9":"instock","10":"shipping-taxable","11":"product-type-simple"},"acf":[],"_links":{"self":[{"href":"https:\/\/www.lechaocandy.com\/fr\/wp-json\/wp\/v2\/product\/2003","targetHints":{"allow":["GET"]}}],"collection":[{"href":"https:\/\/www.lechaocandy.com\/fr\/wp-json\/wp\/v2\/product"}],"about":[{"href":"https:\/\/www.lechaocandy.com\/fr\/wp-json\/wp\/v2\/types\/product"}],"replies":[{"embeddable":true,"href":"https:\/\/www.lechaocandy.com\/fr\/wp-json\/wp\/v2\/comments?post=2003"}],"wp:featuredmedia":[{"embeddable":true,"href":"https:\/\/www.lechaocandy.com\/fr\/wp-json\/wp\/v2\/media\/2006"}],"wp:attachment":[{"href":"https:\/\/www.lechaocandy.com\/fr\/wp-json\/wp\/v2\/media?parent=2003"}],"wp:term":[{"taxonomy":"product_brand","embeddable":true,"href":"https:\/\/www.lechaocandy.com\/fr\/wp-json\/wp\/v2\/product_brand?post=2003"},{"taxonomy":"product_cat","embeddable":true,"href":"https:\/\/www.lechaocandy.com\/fr\/wp-json\/wp\/v2\/product_cat?post=2003"},{"taxonomy":"product_tag","embeddable":true,"href":"https:\/\/www.lechaocandy.com\/fr\/wp-json\/wp\/v2\/product_tag?post=2003"}],"curies":[{"name":"wp","href":"https:\/\/api.w.org\/{rel}","templated":true}]}}