{"id":2015,"date":"2025-10-16T06:59:00","date_gmt":"2025-10-16T06:59:00","guid":{"rendered":"https:\/\/www.lechaocandy.com\/?post_type=product&#038;p=2015"},"modified":"2025-10-16T07:28:38","modified_gmt":"2025-10-16T07:28:38","slug":"sour-candy-mix-bulk","status":"publish","type":"product","link":"https:\/\/www.lechaocandy.com\/fr\/produit\/sour-candy-mix-bulk\/","title":{"rendered":"Fruity Chewy Sour Candy Mix Bulk, LeChao Gummies Wholesale"},"content":{"rendered":"<div class=\"wp-block-columns is-layout-flex wp-container-core-columns-is-layout-9d6595d7 wp-block-columns-is-layout-flex\"><div class=\"wp-block-column is-layout-flow wp-block-column-is-layout-flow\"><h2 class=\"wp-block-heading\">Points forts du produit Crabe gommeux et poisson gommeux en vrac<\/h2>\n\n<ul class=\"wp-block-list\"><li><strong>Quatre ar\u00f4mes de fruits :<\/strong> Ce m\u00e9lange de bonbons doux et acidul\u00e9s en vrac propose quatre saveurs de fruits nostalgiques : pomme, fraise, raisin et orange. En g\u00e2tant vos papilles gustatives avec ses go\u00fbts sucr\u00e9s et acidul\u00e9s, toutes les saveurs sont riches et intenses.<\/li>\n\n<li><strong>Emballage individuel pour plus de commodit\u00e9 et d'hygi\u00e8ne : <\/strong>Chaque parfum de bonbons g\u00e9lifi\u00e9s acidul\u00e9s en gros est emball\u00e9 individuellement dans un petit rouleau, ce qui les rend faciles \u00e0 transporter et \u00e0 partager, am\u00e9liorant grandement la commodit\u00e9 de la vente au d\u00e9tail.<\/li>\n\n<li><strong>Vente en gros pour une pr\u00e9sentation sans probl\u00e8me : <\/strong>Ce m\u00e9lange de bonbons mous et acidul\u00e9s en vrac est conditionn\u00e9 dans des f\u00fbts de grande capacit\u00e9, ce qui garantit un approvisionnement suffisant. L'emballage robuste facilite le transport.<\/li>\n\n<li><strong>Vente en gros \u00e0 la source pour des ventes rentables : <\/strong>En tant que fournisseur d'usine, nous offrons des prix comp\u00e9titifs pour la vente en gros de bonbons g\u00e9lifi\u00e9s acidul\u00e9s, ce qui laisse d'importantes marges de profit aux d\u00e9taillants. <\/li>\n\n<li><strong>Garantie de marque, qualit\u00e9 stable : <\/strong>La marque \"LeChao\" garantit que notre m\u00e9lange de bonbons acidul\u00e9s en vrac est fabriqu\u00e9 \u00e0 partir de mati\u00e8res premi\u00e8res de haute qualit\u00e9 afin que chaque lot de produits conserve une qualit\u00e9 \u00e9lev\u00e9e, une texture douce et moelleuse et une saveur stable.<\/li><\/ul><\/div>\n\n<div class=\"wp-block-column is-layout-flow wp-block-column-is-layout-flow\"><figure class=\"wp-block-image size-full\"><img decoding=\"async\" width=\"800\" height=\"800\" src=\"https:\/\/www.lechaocandy.com\/wp-content\/uploads\/2025\/10\/Fruity-Chewy-Sour-Candy-Mix-Bulk-LeChao-Gummies-Wholesale-3.webp\" alt=\"Fruity Chewy Sour Candy Mix Bulk, LeChao Gummies Wholesale-3\" class=\"wp-image-2018\" srcset=\"https:\/\/www.lechaocandy.com\/wp-content\/uploads\/2025\/10\/Fruity-Chewy-Sour-Candy-Mix-Bulk-LeChao-Gummies-Wholesale-3.webp 800w, https:\/\/www.lechaocandy.com\/wp-content\/uploads\/2025\/10\/Fruity-Chewy-Sour-Candy-Mix-Bulk-LeChao-Gummies-Wholesale-3-300x300.webp 300w, https:\/\/www.lechaocandy.com\/wp-content\/uploads\/2025\/10\/Fruity-Chewy-Sour-Candy-Mix-Bulk-LeChao-Gummies-Wholesale-3-150x150.webp 150w, https:\/\/www.lechaocandy.com\/wp-content\/uploads\/2025\/10\/Fruity-Chewy-Sour-Candy-Mix-Bulk-LeChao-Gummies-Wholesale-3-768x768.webp 768w, https:\/\/www.lechaocandy.com\/wp-content\/uploads\/2025\/10\/Fruity-Chewy-Sour-Candy-Mix-Bulk-LeChao-Gummies-Wholesale-3-12x12.webp 12w, https:\/\/www.lechaocandy.com\/wp-content\/uploads\/2025\/10\/Fruity-Chewy-Sour-Candy-Mix-Bulk-LeChao-Gummies-Wholesale-3-600x600.webp 600w, https:\/\/www.lechaocandy.com\/wp-content\/uploads\/2025\/10\/Fruity-Chewy-Sour-Candy-Mix-Bulk-LeChao-Gummies-Wholesale-3-100x100.webp 100w\" sizes=\"(max-width: 800px) 100vw, 800px\" \/><\/figure><\/div><\/div>","protected":false},"excerpt":{"rendered":"<p>Bienvenue pour commander en gros des bonbons g\u00e9lifi\u00e9s acidul\u00e9s. Notre m\u00e9lange de bonbons acidul\u00e9s \u00e0 m\u00e2cher en vrac de premi\u00e8re qualit\u00e9 comporte quatre ar\u00f4mes de fruits excitants : pomme, fraise, raisin et orange. Chaque bonbon gommeux a une saveur sucr\u00e9e et acidul\u00e9e, tout en ayant une texture moelleuse. Emball\u00e9s individuellement, ils sont parfaits pour les magasins de bonbons ou les sup\u00e9rettes.<\/p>\n<table style=\"border-collapse: collapse; width: 300.02pt;\" border=\"0\" width=\"300\" cellspacing=\"0\" cellpadding=\"0\">\n<tbody>\n<tr style=\"height: 17.60pt;\">\n<td class=\"et2\" style=\"height: 17.60pt; width: 110.80pt;\" width=\"110\" height=\"17\">Fabricant<\/td>\n<td class=\"et2\" style=\"width: 189.95pt;\" width=\"189\">LeChao Candy<\/td>\n<\/tr>\n<tr style=\"height: 18.00pt;\">\n<td class=\"et2\" style=\"height: 18.00pt;\" height=\"18\">Type de produit<\/td>\n<td class=\"et3\" style=\"width: 189.95pt;\" width=\"189\">Bonbons mous aux fruits assortis<\/td>\n<\/tr>\n<tr style=\"height: 18.00pt;\">\n<td class=\"et2\" style=\"height: 18.00pt;\" height=\"18\">Le go\u00fbt<\/td>\n<td class=\"et3\" style=\"width: 189.95pt;\" width=\"189\">Aigre-doux et r\u00e9silient<\/td>\n<\/tr>\n<tr style=\"height: 17.60pt;\">\n<td class=\"et2\" style=\"height: 17.60pt;\" height=\"17\">Sp\u00e9cifications<\/td>\n<td class=\"et2\">20gx30rollsx24jars<\/td>\n<\/tr>\n<tr style=\"height: 17.60pt;\">\n<td class=\"et2\" style=\"height: 17.60pt;\" height=\"17\">Taille du carton<\/td>\n<td class=\"et2\">44*33*25cm<\/td>\n<\/tr>\n<tr style=\"height: 17.60pt;\">\n<td class=\"et2\" style=\"height: 17.60pt;\" height=\"17\">N.W.\/Carton<\/td>\n<td class=\"et2\">17,0 kg<\/td>\n<\/tr>\n<tr style=\"height: 17.60pt;\">\n<td class=\"et2\" style=\"height: 17.60pt;\" height=\"17\">MOQ<\/td>\n<td class=\"et2\">500CTNS<\/td>\n<\/tr>\n<tr style=\"height: 17.60pt;\">\n<td class=\"et2\" style=\"height: 17.60pt;\" height=\"17\">\u00c9chantillon<\/td>\n<td class=\"et2\">Disponible<\/td>\n<\/tr>\n<\/tbody>\n<\/table>\n<p>&nbsp;<\/p>\n<p>&nbsp;<\/p>\n<p>&nbsp;<\/p>","protected":false},"featured_media":2019,"comment_status":"open","ping_status":"closed","template":"","meta":{"_acf_changed":false},"product_brand":[],"product_cat":[28,19],"product_tag":[],"class_list":{"0":"post-2015","1":"product","2":"type-product","3":"status-publish","4":"has-post-thumbnail","6":"product_cat-bulk-sour-gummies","7":"product_cat-wholesale-gummy-manufacturer","9":"first","10":"instock","11":"shipping-taxable","12":"product-type-simple"},"acf":[],"_links":{"self":[{"href":"https:\/\/www.lechaocandy.com\/fr\/wp-json\/wp\/v2\/product\/2015","targetHints":{"allow":["GET"]}}],"collection":[{"href":"https:\/\/www.lechaocandy.com\/fr\/wp-json\/wp\/v2\/product"}],"about":[{"href":"https:\/\/www.lechaocandy.com\/fr\/wp-json\/wp\/v2\/types\/product"}],"replies":[{"embeddable":true,"href":"https:\/\/www.lechaocandy.com\/fr\/wp-json\/wp\/v2\/comments?post=2015"}],"wp:featuredmedia":[{"embeddable":true,"href":"https:\/\/www.lechaocandy.com\/fr\/wp-json\/wp\/v2\/media\/2019"}],"wp:attachment":[{"href":"https:\/\/www.lechaocandy.com\/fr\/wp-json\/wp\/v2\/media?parent=2015"}],"wp:term":[{"taxonomy":"product_brand","embeddable":true,"href":"https:\/\/www.lechaocandy.com\/fr\/wp-json\/wp\/v2\/product_brand?post=2015"},{"taxonomy":"product_cat","embeddable":true,"href":"https:\/\/www.lechaocandy.com\/fr\/wp-json\/wp\/v2\/product_cat?post=2015"},{"taxonomy":"product_tag","embeddable":true,"href":"https:\/\/www.lechaocandy.com\/fr\/wp-json\/wp\/v2\/product_tag?post=2015"}],"curies":[{"name":"wp","href":"https:\/\/api.w.org\/{rel}","templated":true}]}}