{"id":2038,"date":"2025-10-17T07:51:48","date_gmt":"2025-10-17T07:51:48","guid":{"rendered":"https:\/\/www.lechaocandy.com\/?post_type=product&#038;p=2038"},"modified":"2025-10-17T08:12:14","modified_gmt":"2025-10-17T08:12:14","slug":"licorice-bites-bulk","status":"publish","type":"product","link":"https:\/\/www.lechaocandy.com\/fr\/produit\/licorice-bites-bulk\/","title":{"rendered":"Bouch\u00e9es de r\u00e9glisse color\u00e9es en vrac, tube de r\u00e9glisse rempli en gros"},"content":{"rendered":"<div class=\"wp-block-columns is-layout-flex wp-container-core-columns-is-layout-9d6595d7 wp-block-columns-is-layout-flex\"><div class=\"wp-block-column is-layout-flow wp-block-column-is-layout-flow\"><h2 class=\"wp-block-heading\">Points forts du produit Morsures de r\u00e9glisse en vrac<\/h2>\n\n<ul class=\"wp-block-list\"><li><strong>Saveur fruit\u00e9e aigre-douce : <\/strong>Nos bouch\u00e9es de r\u00e9glisse en vrac offrent une exp\u00e9rience gustative unique avec une saveur fruit\u00e9e aigre-douce, parfaite pour ceux qui appr\u00e9cient les saveurs nouvelles et la vari\u00e9t\u00e9.<\/li>\n\n<li><strong>Aspect color\u00e9 :<\/strong> Ces tubes de r\u00e9glisse acidul\u00e9e en gros sont disponibles dans une vari\u00e9t\u00e9 de couleurs vives, ce qui cr\u00e9e un attrait visuel vibrant et en fait un choix id\u00e9al pour les f\u00eates et les festivals.<\/li>\n\n<li><strong>En provenance directe de Lechao : <\/strong>Nos bouch\u00e9es de r\u00e9glisse en vrac sont fabriqu\u00e9es et exp\u00e9di\u00e9es directement depuis l'usine, ce qui garantit la qualit\u00e9 du produit et la transparence des prix afin d'offrir aux clients un prix plus comp\u00e9titif.<\/li>\n\n<li><strong>Options d'emballage flexible : <\/strong>Nos tubes de r\u00e9glisse acidul\u00e9e en gros sont disponibles dans une infinit\u00e9 d'options d'emballage, y compris les sacs, les bocaux, les bo\u00eetes, les bouteilles et les cartons, et peuvent \u00eatre emball\u00e9s sur mesure pour r\u00e9pondre aux besoins du march\u00e9 et des d\u00e9taillants.<\/li>\n\n<li><strong>Livraison rapide : <\/strong>Nous promettons une livraison rapide de nos bouch\u00e9es de r\u00e9glisse en vrac dans un d\u00e9lai de 20 \u00e0 30 jours afin de garantir un approvisionnement en temps voulu, de r\u00e9pondre aux besoins de votre march\u00e9 et d'\u00e9viter les ruptures de stock, les p\u00e9nuries et les arri\u00e9r\u00e9s.<\/li><\/ul><\/div>\n\n<div class=\"wp-block-column is-layout-flow wp-block-column-is-layout-flow\"><figure class=\"wp-block-image size-full\"><img decoding=\"async\" width=\"800\" height=\"800\" src=\"https:\/\/www.lechaocandy.com\/wp-content\/uploads\/2025\/10\/Colorful-Licorice-Bites-Bulk-Filled-Licorice-Tube-Wholesale-5.webp\" alt=\"Bouch\u00e9es de r\u00e9glisse color\u00e9es en vrac, tubes de r\u00e9glisse remplis en gros-5\" class=\"wp-image-2043\" srcset=\"https:\/\/www.lechaocandy.com\/wp-content\/uploads\/2025\/10\/Colorful-Licorice-Bites-Bulk-Filled-Licorice-Tube-Wholesale-5.webp 800w, https:\/\/www.lechaocandy.com\/wp-content\/uploads\/2025\/10\/Colorful-Licorice-Bites-Bulk-Filled-Licorice-Tube-Wholesale-5-300x300.webp 300w, https:\/\/www.lechaocandy.com\/wp-content\/uploads\/2025\/10\/Colorful-Licorice-Bites-Bulk-Filled-Licorice-Tube-Wholesale-5-150x150.webp 150w, https:\/\/www.lechaocandy.com\/wp-content\/uploads\/2025\/10\/Colorful-Licorice-Bites-Bulk-Filled-Licorice-Tube-Wholesale-5-768x768.webp 768w, https:\/\/www.lechaocandy.com\/wp-content\/uploads\/2025\/10\/Colorful-Licorice-Bites-Bulk-Filled-Licorice-Tube-Wholesale-5-12x12.webp 12w, https:\/\/www.lechaocandy.com\/wp-content\/uploads\/2025\/10\/Colorful-Licorice-Bites-Bulk-Filled-Licorice-Tube-Wholesale-5-600x600.webp 600w, https:\/\/www.lechaocandy.com\/wp-content\/uploads\/2025\/10\/Colorful-Licorice-Bites-Bulk-Filled-Licorice-Tube-Wholesale-5-100x100.webp 100w\" sizes=\"(max-width: 800px) 100vw, 800px\" \/><\/figure><\/div><\/div>","protected":false},"excerpt":{"rendered":"<p>Bienvenue \u00e0 l'achat de bouch\u00e9es de r\u00e9glisse en vrac. Nos tubes de r\u00e9glisse color\u00e9s en gros ont une apparence attrayante et un go\u00fbt unique. L'approvisionnement direct de l'usine et les options d'emballage personnalis\u00e9es, la livraison rapide en 20-30 jours, en font la meilleure option pour les achats en vrac.<\/p>\n<table style=\"border-collapse: collapse; width: 300.02pt;\" border=\"0\" width=\"300\" cellspacing=\"0\" cellpadding=\"0\">\n<tbody>\n<tr style=\"height: 17.60pt;\">\n<td class=\"et2\" style=\"height: 17.60pt; width: 110.80pt;\" width=\"110\" height=\"17\">Fabricant<\/td>\n<td class=\"et2\" style=\"width: 189.95pt;\" width=\"189\">LeChao Candy<\/td>\n<\/tr>\n<tr style=\"height: 18.00pt;\">\n<td class=\"et2\" style=\"height: 18.00pt;\" height=\"18\">Type de produit<\/td>\n<td class=\"et3\" style=\"width: 189.95pt;\" width=\"189\">Bandes de r\u00e9glisse fourr\u00e9es<\/td>\n<\/tr>\n<tr style=\"height: 18.00pt;\">\n<td class=\"et2\" style=\"height: 18.00pt;\" height=\"18\">Le go\u00fbt<\/td>\n<td class=\"et3\" style=\"width: 189.95pt;\" width=\"189\">Aigre-doux et r\u00e9silient<\/td>\n<\/tr>\n<tr style=\"height: 17.60pt;\">\n<td class=\"et2\" style=\"height: 17.60pt;\" height=\"17\">MOQ<\/td>\n<td class=\"et2\">500CTNS<\/td>\n<\/tr>\n<tr style=\"height: 17.60pt;\">\n<td class=\"et2\" style=\"height: 17.60pt;\" height=\"17\">\u00c9chantillon<\/td>\n<td class=\"et2\">Disponible<\/td>\n<\/tr>\n<\/tbody>\n<\/table>\n<p>&nbsp;<\/p>\n<p>&nbsp;<\/p>\n<p>&nbsp;<\/p>","protected":false},"featured_media":2042,"comment_status":"open","ping_status":"closed","template":"","meta":{"_acf_changed":false},"product_brand":[],"product_cat":[20],"product_tag":[30],"class_list":{"0":"post-2038","1":"product","2":"type-product","3":"status-publish","4":"has-post-thumbnail","6":"product_cat-bulk-licorice-candy","7":"product_tag-bulk-candies-collection","9":"first","10":"instock","11":"shipping-taxable","12":"product-type-simple"},"acf":[],"_links":{"self":[{"href":"https:\/\/www.lechaocandy.com\/fr\/wp-json\/wp\/v2\/product\/2038","targetHints":{"allow":["GET"]}}],"collection":[{"href":"https:\/\/www.lechaocandy.com\/fr\/wp-json\/wp\/v2\/product"}],"about":[{"href":"https:\/\/www.lechaocandy.com\/fr\/wp-json\/wp\/v2\/types\/product"}],"replies":[{"embeddable":true,"href":"https:\/\/www.lechaocandy.com\/fr\/wp-json\/wp\/v2\/comments?post=2038"}],"wp:featuredmedia":[{"embeddable":true,"href":"https:\/\/www.lechaocandy.com\/fr\/wp-json\/wp\/v2\/media\/2042"}],"wp:attachment":[{"href":"https:\/\/www.lechaocandy.com\/fr\/wp-json\/wp\/v2\/media?parent=2038"}],"wp:term":[{"taxonomy":"product_brand","embeddable":true,"href":"https:\/\/www.lechaocandy.com\/fr\/wp-json\/wp\/v2\/product_brand?post=2038"},{"taxonomy":"product_cat","embeddable":true,"href":"https:\/\/www.lechaocandy.com\/fr\/wp-json\/wp\/v2\/product_cat?post=2038"},{"taxonomy":"product_tag","embeddable":true,"href":"https:\/\/www.lechaocandy.com\/fr\/wp-json\/wp\/v2\/product_tag?post=2038"}],"curies":[{"name":"wp","href":"https:\/\/api.w.org\/{rel}","templated":true}]}}