{"id":2078,"date":"2025-10-21T03:37:57","date_gmt":"2025-10-21T03:37:57","guid":{"rendered":"https:\/\/www.lechaocandy.com\/?post_type=product&#038;p=2078"},"modified":"2025-10-21T03:55:25","modified_gmt":"2025-10-21T03:55:25","slug":"soft-licorice-candy-bulk","status":"publish","type":"product","link":"https:\/\/www.lechaocandy.com\/fr\/produit\/soft-licorice-candy-bulk\/","title":{"rendered":"Bonbons \u00e0 la r\u00e9glisse en vrac, LeChao Rainbow Tubes Twister Candy"},"content":{"rendered":"<div class=\"wp-block-columns is-layout-flex wp-container-core-columns-is-layout-9d6595d7 wp-block-columns-is-layout-flex\"><div class=\"wp-block-column is-layout-flow wp-block-column-is-layout-flow\"><h2 class=\"wp-block-heading\">Produits phares des bonbons \u00e0 la r\u00e9glisse en vrac<\/h2>\n\n<ul class=\"wp-block-list\"><li><strong>Design color\u00e9 et fruit\u00e9 :<\/strong> Nos bonbons mous \u00e0 la r\u00e9glisse en vrac pr\u00e9sentent des bandes gommeuses aux couleurs de l'arc-en-ciel. Les consommateurs sont attir\u00e9s par les emballages de bonbons color\u00e9s.<\/li>\n\n<li><strong>Go\u00fbt doux :<\/strong> Ces bandes acidul\u00e9es en gros sont molles \u00e0 l'ext\u00e9rieur avec un centre de bonbons doux, cr\u00e9ant des bonbons au go\u00fbt d\u00e9licieusement doux pour les clients de tous \u00e2ges.<\/li>\n\n<li><strong>Approvisionnement en gros : <\/strong>Nous offrons des prix comp\u00e9titifs pour les bonbons \u00e0 la r\u00e9glisse en vrac, ce qui en fait une excellente option pour les grossistes et les magasins de d\u00e9tail.<\/li>\n\n<li><strong>Ingr\u00e9dients de haute qualit\u00e9 : <\/strong>Nos bandes acidul\u00e9es en gros offrent un niveau \u00e9lev\u00e9 de qualit\u00e9 et d'ingr\u00e9dients afin de fournir un go\u00fbt rapide et constant \u00e0 tous les consommateurs et \u00e0 tous les magasins.<\/li>\n\n<li><strong>Personnalisation : <\/strong>Ces bonbons mous \u00e0 la r\u00e9glisse en vrac peuvent \u00eatre personnalis\u00e9s en termes d'emballage sur demande, ce qui permet d'am\u00e9liorer la reconnaissance de la marque et de r\u00e9pondre aux besoins individuels du march\u00e9.<\/li><\/ul><\/div>\n\n<div class=\"wp-block-column is-layout-flow wp-block-column-is-layout-flow\"><figure class=\"wp-block-image size-full\"><img decoding=\"async\" width=\"800\" height=\"800\" src=\"https:\/\/www.lechaocandy.com\/wp-content\/uploads\/2025\/10\/Soft-Licorice-Candy-Bulk-LeChao-Rainbow-Tubes-Twister-Candy-4.webp\" alt=\"Bonbons \u00e0 la r\u00e9glisse en vrac, LeChao Rainbow Tubes Twister Candy-4\" class=\"wp-image-2082\" srcset=\"https:\/\/www.lechaocandy.com\/wp-content\/uploads\/2025\/10\/Soft-Licorice-Candy-Bulk-LeChao-Rainbow-Tubes-Twister-Candy-4.webp 800w, https:\/\/www.lechaocandy.com\/wp-content\/uploads\/2025\/10\/Soft-Licorice-Candy-Bulk-LeChao-Rainbow-Tubes-Twister-Candy-4-300x300.webp 300w, https:\/\/www.lechaocandy.com\/wp-content\/uploads\/2025\/10\/Soft-Licorice-Candy-Bulk-LeChao-Rainbow-Tubes-Twister-Candy-4-150x150.webp 150w, https:\/\/www.lechaocandy.com\/wp-content\/uploads\/2025\/10\/Soft-Licorice-Candy-Bulk-LeChao-Rainbow-Tubes-Twister-Candy-4-768x768.webp 768w, https:\/\/www.lechaocandy.com\/wp-content\/uploads\/2025\/10\/Soft-Licorice-Candy-Bulk-LeChao-Rainbow-Tubes-Twister-Candy-4-12x12.webp 12w, https:\/\/www.lechaocandy.com\/wp-content\/uploads\/2025\/10\/Soft-Licorice-Candy-Bulk-LeChao-Rainbow-Tubes-Twister-Candy-4-600x600.webp 600w, https:\/\/www.lechaocandy.com\/wp-content\/uploads\/2025\/10\/Soft-Licorice-Candy-Bulk-LeChao-Rainbow-Tubes-Twister-Candy-4-100x100.webp 100w\" sizes=\"(max-width: 800px) 100vw, 800px\" \/><\/figure><\/div><\/div>","protected":false},"excerpt":{"rendered":"<p>Bienvenue sur le site de LeChao pour acheter en gros des bonbons \u00e0 la r\u00e9glisse. LeChao's soft licorice candy bulk se caract\u00e9rise par un design color\u00e9, une saveur riche et des couleurs vibrantes. Adapt\u00e9 \u00e0 l'approvisionnement en gros, nous r\u00e9pondons aux besoins en vrac \u00e0 des prix abordables et offrons une vari\u00e9t\u00e9 d'options de personnalisation.<\/p>\n<table style=\"border-collapse: collapse; width: 300.02pt;\" border=\"0\" width=\"300\" cellspacing=\"0\" cellpadding=\"0\">\n<tbody>\n<tr style=\"height: 17.60pt;\">\n<td class=\"et2\" style=\"height: 17.60pt; width: 110.80pt;\" width=\"110\" height=\"17\">Fabricant<\/td>\n<td class=\"et2\" style=\"width: 189.95pt;\" width=\"189\">LeChao Candy<\/td>\n<\/tr>\n<tr style=\"height: 18.00pt;\">\n<td class=\"et2\" style=\"height: 18.00pt;\" height=\"18\">Type de produit<\/td>\n<td class=\"et3\" style=\"width: 189.95pt;\" width=\"189\">Bandes de r\u00e9glisse fourr\u00e9es<\/td>\n<\/tr>\n<tr style=\"height: 18.00pt;\">\n<td class=\"et2\" style=\"height: 18.00pt;\" height=\"18\">Le go\u00fbt<\/td>\n<td class=\"et3\" style=\"width: 189.95pt;\" width=\"189\">Aigre-doux et r\u00e9silient<\/td>\n<\/tr>\n<tr style=\"height: 17.60pt;\">\n<td class=\"et2\" style=\"height: 17.60pt;\" height=\"17\">MOQ<\/td>\n<td class=\"et2\">500CTNS<\/td>\n<\/tr>\n<tr style=\"height: 17.60pt;\">\n<td class=\"et2\" style=\"height: 17.60pt;\" height=\"17\">\u00c9chantillon<\/td>\n<td class=\"et2\">Disponible<\/td>\n<\/tr>\n<\/tbody>\n<\/table>\n<p>&nbsp;<\/p>\n<p>&nbsp;<\/p>\n<p>&nbsp;<\/p>","protected":false},"featured_media":2079,"comment_status":"open","ping_status":"closed","template":"","meta":{"_acf_changed":false},"product_brand":[],"product_cat":[20],"product_tag":[30],"class_list":{"0":"post-2078","1":"product","2":"type-product","3":"status-publish","4":"has-post-thumbnail","6":"product_cat-bulk-licorice-candy","7":"product_tag-bulk-candies-collection","9":"first","10":"instock","11":"shipping-taxable","12":"product-type-simple"},"acf":[],"_links":{"self":[{"href":"https:\/\/www.lechaocandy.com\/fr\/wp-json\/wp\/v2\/product\/2078","targetHints":{"allow":["GET"]}}],"collection":[{"href":"https:\/\/www.lechaocandy.com\/fr\/wp-json\/wp\/v2\/product"}],"about":[{"href":"https:\/\/www.lechaocandy.com\/fr\/wp-json\/wp\/v2\/types\/product"}],"replies":[{"embeddable":true,"href":"https:\/\/www.lechaocandy.com\/fr\/wp-json\/wp\/v2\/comments?post=2078"}],"wp:featuredmedia":[{"embeddable":true,"href":"https:\/\/www.lechaocandy.com\/fr\/wp-json\/wp\/v2\/media\/2079"}],"wp:attachment":[{"href":"https:\/\/www.lechaocandy.com\/fr\/wp-json\/wp\/v2\/media?parent=2078"}],"wp:term":[{"taxonomy":"product_brand","embeddable":true,"href":"https:\/\/www.lechaocandy.com\/fr\/wp-json\/wp\/v2\/product_brand?post=2078"},{"taxonomy":"product_cat","embeddable":true,"href":"https:\/\/www.lechaocandy.com\/fr\/wp-json\/wp\/v2\/product_cat?post=2078"},{"taxonomy":"product_tag","embeddable":true,"href":"https:\/\/www.lechaocandy.com\/fr\/wp-json\/wp\/v2\/product_tag?post=2078"}],"curies":[{"name":"wp","href":"https:\/\/api.w.org\/{rel}","templated":true}]}}