{"id":2112,"date":"2025-10-28T08:27:43","date_gmt":"2025-10-28T08:27:43","guid":{"rendered":"https:\/\/www.lechaocandy.com\/?post_type=product&#038;p=2112"},"modified":"2025-10-28T08:54:25","modified_gmt":"2025-10-28T08:54:25","slug":"gummy-butterflies-bulk","status":"publish","type":"product","link":"https:\/\/www.lechaocandy.com\/fr\/produit\/gummy-butterflies-bulk\/","title":{"rendered":"Papillons en gomme aromatis\u00e9s aux fruits Bulk, Wholesale Soft Candies"},"content":{"rendered":"<div class=\"wp-block-columns is-layout-flex wp-container-core-columns-is-layout-9d6595d7 wp-block-columns-is-layout-flex\"><div class=\"wp-block-column is-layout-flow wp-block-column-is-layout-flow\"><h2 class=\"wp-block-heading\">Points forts du produit Papillons g\u00e9lifi\u00e9s en vrac<\/h2>\n\n<ul class=\"wp-block-list\"><li><strong>Mignon et attrayant : <\/strong>La forme mignonne et la combinaison de couleurs vives de tous les papillons g\u00e9lifi\u00e9s en vrac attireront l'attention des enfants et des jeunes adultes et susciteront leur d\u00e9sir d'achat dans le magasin ou lors de f\u00eates.<\/li>\n\n<li><strong>Diff\u00e9rentes saveurs, diff\u00e9rentes options : <\/strong>Nos bonbons g\u00e9lifi\u00e9s en gros sont propos\u00e9s avec une s\u00e9lection classique d'ar\u00f4mes de fruits pr\u00e9f\u00e9r\u00e9s (fraise, orange, citron, etc.). Cela signifie que nos papillons g\u00e9lifi\u00e9s ont une texture douce et moelleuse qui convient \u00e0 tous les go\u00fbts et qui est d\u00e9licieuse \u00e0 chaque mastication.<\/li>\n\n<li><strong>Emballage en vrac, Super Valeur : <\/strong>Nos papillons en gomme en vrac sont emball\u00e9s dans des volumes plus importants, ce qui r\u00e9duit consid\u00e9rablement le co\u00fbt par pi\u00e8ce et permet aux d\u00e9taillants de bonbons, aux organisateurs d'\u00e9v\u00e9nements et aux groupes scolaires de b\u00e9n\u00e9ficier de prix comp\u00e9titifs.<\/li>\n\n<li><strong>Nombreuses applications : <\/strong>Nos bonbons g\u00e9lifi\u00e9s en gros ne conviennent pas seulement pour les collations de tous les jours, mais sont \u00e9galement parfaits pour d\u00e9corer et embellir les f\u00eates d'anniversaire, les tables de dessert de mariage, les c\u00e9l\u00e9brations de vacances et les th\u00e8mes extravagants de personnages de dessins anim\u00e9s, cr\u00e9ant ainsi facilement une atmosph\u00e8re festive.<\/li>\n\n<li><strong>Assurance qualit\u00e9, coop\u00e9ration flexible : <\/strong>LeChao maintient des contr\u00f4les stricts avec des normes de production pour cr\u00e9er une coh\u00e9rence dans la qualit\u00e9 de nos papillons gommeux en vrac. Nous prenons \u00e9galement en charge les achats OEM et en vrac, avec des m\u00e9thodes flexibles en fonction de vos besoins.<\/li><\/ul><\/div>\n\n<div class=\"wp-block-column is-layout-flow wp-block-column-is-layout-flow\"><figure class=\"wp-block-image size-full\"><img decoding=\"async\" width=\"800\" height=\"800\" src=\"https:\/\/www.lechaocandy.com\/wp-content\/uploads\/2025\/10\/Fruit-Flavor-Gummy-Butterflies-Bulk-Wholesale-Soft-Candies-3.webp\" alt=\"Papillons en gomme aromatis\u00e9s aux fruits Bulk, Wholesale Soft Candies-3\" class=\"wp-image-2115\" srcset=\"https:\/\/www.lechaocandy.com\/wp-content\/uploads\/2025\/10\/Fruit-Flavor-Gummy-Butterflies-Bulk-Wholesale-Soft-Candies-3.webp 800w, https:\/\/www.lechaocandy.com\/wp-content\/uploads\/2025\/10\/Fruit-Flavor-Gummy-Butterflies-Bulk-Wholesale-Soft-Candies-3-300x300.webp 300w, https:\/\/www.lechaocandy.com\/wp-content\/uploads\/2025\/10\/Fruit-Flavor-Gummy-Butterflies-Bulk-Wholesale-Soft-Candies-3-150x150.webp 150w, https:\/\/www.lechaocandy.com\/wp-content\/uploads\/2025\/10\/Fruit-Flavor-Gummy-Butterflies-Bulk-Wholesale-Soft-Candies-3-768x768.webp 768w, https:\/\/www.lechaocandy.com\/wp-content\/uploads\/2025\/10\/Fruit-Flavor-Gummy-Butterflies-Bulk-Wholesale-Soft-Candies-3-12x12.webp 12w, https:\/\/www.lechaocandy.com\/wp-content\/uploads\/2025\/10\/Fruit-Flavor-Gummy-Butterflies-Bulk-Wholesale-Soft-Candies-3-600x600.webp 600w, https:\/\/www.lechaocandy.com\/wp-content\/uploads\/2025\/10\/Fruit-Flavor-Gummy-Butterflies-Bulk-Wholesale-Soft-Candies-3-100x100.webp 100w\" sizes=\"(max-width: 800px) 100vw, 800px\" \/><\/figure><\/div><\/div>","protected":false},"excerpt":{"rendered":"<p>Bienvenue pour l'achat en gros de papillons g\u00e9lifi\u00e9s. Ces bonbons g\u00e9lifi\u00e9s en gros sont mignons, color\u00e9s, en forme de papillon, et sont des bonbons mous et moelleux avec une vari\u00e9t\u00e9 de saveurs de fruits m\u00e9lang\u00e9s.<\/p>\n<table style=\"border-collapse: collapse; width: 300.02pt;\" border=\"0\" width=\"300\" cellspacing=\"0\" cellpadding=\"0\">\n<tbody>\n<tr style=\"height: 17.60pt;\">\n<td class=\"et2\" style=\"height: 17.60pt; width: 110.80pt;\" width=\"110\" height=\"17\">Fabricant<\/td>\n<td class=\"et2\" style=\"width: 189.95pt;\" width=\"189\">LeChao Candy<\/td>\n<\/tr>\n<tr style=\"height: 18.00pt;\">\n<td class=\"et2\" style=\"height: 18.00pt;\" height=\"18\">Type de produit<\/td>\n<td class=\"et3\" style=\"width: 189.95pt;\" width=\"189\">Bonbons g\u00e9lifi\u00e9s au papillon<\/td>\n<\/tr>\n<tr style=\"height: 18.00pt;\">\n<td class=\"et2\" style=\"height: 18.00pt;\" height=\"18\">Le go\u00fbt<\/td>\n<td class=\"et3\" style=\"width: 189.95pt;\" width=\"189\">Aigre-doux et r\u00e9silient<\/td>\n<\/tr>\n<tr style=\"height: 17.60pt;\">\n<td class=\"et2\" style=\"height: 17.60pt;\" height=\"17\">Sp\u00e9cifications<\/td>\n<td class=\"et2\">25gx12csx20bo\u00eetes<\/td>\n<\/tr>\n<tr style=\"height: 17.60pt;\">\n<td class=\"et2\" style=\"height: 17.60pt;\" height=\"17\">Taille du carton<\/td>\n<td class=\"et2\">53*26*34cm<\/td>\n<\/tr>\n<tr style=\"height: 17.60pt;\">\n<td class=\"et2\" style=\"height: 17.60pt;\" height=\"17\">N.W.\/Carton<\/td>\n<td class=\"et2\">8,0 kg<\/td>\n<\/tr>\n<tr style=\"height: 17.60pt;\">\n<td class=\"et2\" style=\"height: 17.60pt;\" height=\"17\">Prix<\/td>\n<td class=\"et2\">28.8USD<\/td>\n<\/tr>\n<tr style=\"height: 17.60pt;\">\n<td class=\"et2\" style=\"height: 17.60pt;\" height=\"17\">MOQ<\/td>\n<td class=\"et2\">500CTNS<\/td>\n<\/tr>\n<tr style=\"height: 17.60pt;\">\n<td class=\"et2\" style=\"height: 17.60pt;\" height=\"17\">\u00c9chantillon<\/td>\n<td class=\"et2\">Disponible<\/td>\n<\/tr>\n<\/tbody>\n<\/table>\n<p>&nbsp;<\/p>\n<p>&nbsp;<\/p>\n<p>&nbsp;<\/p>","protected":false},"featured_media":2116,"comment_status":"open","ping_status":"closed","template":"","meta":{"_acf_changed":false},"product_brand":[],"product_cat":[19],"product_tag":[],"class_list":{"0":"post-2112","1":"product","2":"type-product","3":"status-publish","4":"has-post-thumbnail","6":"product_cat-wholesale-gummy-manufacturer","8":"first","9":"instock","10":"shipping-taxable","11":"product-type-simple"},"acf":[],"_links":{"self":[{"href":"https:\/\/www.lechaocandy.com\/fr\/wp-json\/wp\/v2\/product\/2112","targetHints":{"allow":["GET"]}}],"collection":[{"href":"https:\/\/www.lechaocandy.com\/fr\/wp-json\/wp\/v2\/product"}],"about":[{"href":"https:\/\/www.lechaocandy.com\/fr\/wp-json\/wp\/v2\/types\/product"}],"replies":[{"embeddable":true,"href":"https:\/\/www.lechaocandy.com\/fr\/wp-json\/wp\/v2\/comments?post=2112"}],"wp:featuredmedia":[{"embeddable":true,"href":"https:\/\/www.lechaocandy.com\/fr\/wp-json\/wp\/v2\/media\/2116"}],"wp:attachment":[{"href":"https:\/\/www.lechaocandy.com\/fr\/wp-json\/wp\/v2\/media?parent=2112"}],"wp:term":[{"taxonomy":"product_brand","embeddable":true,"href":"https:\/\/www.lechaocandy.com\/fr\/wp-json\/wp\/v2\/product_brand?post=2112"},{"taxonomy":"product_cat","embeddable":true,"href":"https:\/\/www.lechaocandy.com\/fr\/wp-json\/wp\/v2\/product_cat?post=2112"},{"taxonomy":"product_tag","embeddable":true,"href":"https:\/\/www.lechaocandy.com\/fr\/wp-json\/wp\/v2\/product_tag?post=2112"}],"curies":[{"name":"wp","href":"https:\/\/api.w.org\/{rel}","templated":true}]}}