{"id":2159,"date":"2025-11-04T07:10:09","date_gmt":"2025-11-04T07:10:09","guid":{"rendered":"https:\/\/www.lechaocandy.com\/?post_type=product&#038;p=2159"},"modified":"2025-11-04T07:50:59","modified_gmt":"2025-11-04T07:50:59","slug":"bulk-gummy-candy-pizza","status":"publish","type":"product","link":"https:\/\/www.lechaocandy.com\/fr\/produit\/bulk-gummy-candy-pizza\/","title":{"rendered":"Pizza de bonbons g\u00e9lifi\u00e9s en vrac, emball\u00e9e individuellement avec une petite fourchette"},"content":{"rendered":"<div class=\"wp-block-columns is-layout-flex wp-container-core-columns-is-layout-9d6595d7 wp-block-columns-is-layout-flex\"><div class=\"wp-block-column is-layout-flow wp-block-column-is-layout-flow\"><h2 class=\"wp-block-heading\">Produits phares de la pizza aux bonbons g\u00e9lifi\u00e9s en vrac<\/h2>\n\n<ul class=\"wp-block-list\"><li><strong>Un design cr\u00e9atif et amusant :<\/strong> Ces pizzas en bonbons g\u00e9lifi\u00e9s en vrac ont la forme d'une tranche de pizza triangulaire avec des morceaux de \"saucisses\" rouges et de \"poivrons\" verts ornant le dessus, ce qui les rend r\u00e9alistes et mignonnes ! Elles allient la fonctionnalit\u00e9 d'un en-cas \u00e0 l'amusement d'un jouet. Elles conviennent donc parfaitement aux f\u00eates d'anniversaire pour enfants, aux \u00e9v\u00e9nements \u00e0 th\u00e8me et\/ou \u00e0 d'autres types de rassemblements.<\/li>\n\n<li><strong>Emballage individuel, pratique et hygi\u00e9nique :<\/strong> Ces bonbons g\u00e9lifi\u00e9s en gros sont emball\u00e9s individuellement avec une couche protectrice. Cette couche protectrice emp\u00eache l'humidit\u00e9 de p\u00e9n\u00e9trer, de sorte que les bonbons g\u00e9lifi\u00e9s conservent leur texture moelleuse et restent exempts de germes, ce qui facilite leur transport, leur distribution et leur stockage.<\/li>\n\n<li><strong>Mini fourche incluse, exp\u00e9rience am\u00e9lior\u00e9e : <\/strong>Chaque pizza de bonbons g\u00e9lifi\u00e9s en vrac est emball\u00e9e avec une mini fourchette pour ajouter encore plus de plaisir et de nostalgie \u00e0 l'exp\u00e9rience globale de consommation. La fourchette vous permet \u00e9galement de consommer vos bonbons sans que vos mains n'entrent en contact direct, ce qui est plus hygi\u00e9nique et plus respectueux de l'exp\u00e9rience du consommateur.<\/li>\n\n<li><strong>Des couleurs vives pour attirer l'attention : <\/strong>Nos bonbons g\u00e9lifi\u00e9s en gros pr\u00e9sentent un motif d\u00e9grad\u00e9 amusant et lumineux dans des couleurs telles que le rouge, le jaune et le vert, ce qui en fait un \u00e9l\u00e9ment visuel important qui se distingue sur les \u00e9tag\u00e8res ou dans les paniers-cadeaux, stimulant ainsi le d\u00e9sir d'achat et l'essai.<\/li>\n\n<li><strong>Prise en charge de la personnalisation en masse, flexible et efficace :<\/strong> La prise en charge de l'emballage, des sp\u00e9cifications et des logos personnalis\u00e9s permet de r\u00e9pondre aux besoins promotionnels des diff\u00e9rentes activit\u00e9s et des diff\u00e9rents canaux. Un stock important permet une livraison rapide en vrac, ce qui contribue \u00e0 faire progresser efficacement les activit\u00e9s promotionnelles et le marketing de vacances.<\/li><\/ul><\/div>\n\n<div class=\"wp-block-column is-layout-flow wp-block-column-is-layout-flow\"><figure class=\"wp-block-image size-full\"><img decoding=\"async\" width=\"800\" height=\"800\" src=\"https:\/\/www.lechaocandy.com\/wp-content\/uploads\/2025\/11\/Bulk-Gummy-Candy-Pizza-Individually-Packaged-With-Tiny-Fork-1.webp\" alt=\"Pizza de bonbons g\u00e9lifi\u00e9s en vrac, emball\u00e9e individuellement avec une petite fourchette-1\" class=\"wp-image-2166\" srcset=\"https:\/\/www.lechaocandy.com\/wp-content\/uploads\/2025\/11\/Bulk-Gummy-Candy-Pizza-Individually-Packaged-With-Tiny-Fork-1.webp 800w, https:\/\/www.lechaocandy.com\/wp-content\/uploads\/2025\/11\/Bulk-Gummy-Candy-Pizza-Individually-Packaged-With-Tiny-Fork-1-300x300.webp 300w, https:\/\/www.lechaocandy.com\/wp-content\/uploads\/2025\/11\/Bulk-Gummy-Candy-Pizza-Individually-Packaged-With-Tiny-Fork-1-150x150.webp 150w, https:\/\/www.lechaocandy.com\/wp-content\/uploads\/2025\/11\/Bulk-Gummy-Candy-Pizza-Individually-Packaged-With-Tiny-Fork-1-768x768.webp 768w, https:\/\/www.lechaocandy.com\/wp-content\/uploads\/2025\/11\/Bulk-Gummy-Candy-Pizza-Individually-Packaged-With-Tiny-Fork-1-12x12.webp 12w, https:\/\/www.lechaocandy.com\/wp-content\/uploads\/2025\/11\/Bulk-Gummy-Candy-Pizza-Individually-Packaged-With-Tiny-Fork-1-600x600.webp 600w, https:\/\/www.lechaocandy.com\/wp-content\/uploads\/2025\/11\/Bulk-Gummy-Candy-Pizza-Individually-Packaged-With-Tiny-Fork-1-100x100.webp 100w\" sizes=\"(max-width: 800px) 100vw, 800px\" \/><\/figure><\/div><\/div>","protected":false},"excerpt":{"rendered":"<p>Bienvenue pour commander des bonbons g\u00e9lifi\u00e9s en gros ! Lechao pr\u00e9sente des pizzas en bonbons g\u00e9lifi\u00e9s en vrac qui sont color\u00e9es de fa\u00e7on vibrante et r\u00e9aliste pour ressembler \u00e0 des tranches triangulaires de pizza avec des garnitures. Cela cr\u00e9e un design vivant et fantaisiste.<\/p>\n<table style=\"border-collapse: collapse; width: 329.02pt;\" border=\"0\" width=\"329\" cellspacing=\"0\" cellpadding=\"0\">\n<tbody>\n<tr style=\"height: 17.60pt;\">\n<td class=\"et2\" style=\"height: 17.60pt; width: 110.80pt;\" width=\"110\" height=\"17\">Fabricant<\/td>\n<td class=\"et2\" style=\"width: 219.15pt;\" width=\"219\">LeChao Candy<\/td>\n<\/tr>\n<tr style=\"height: 18.00pt;\">\n<td class=\"et2\" style=\"height: 18.00pt;\" height=\"18\">Type de produit<\/td>\n<td class=\"et3\" style=\"width: 219.15pt;\" width=\"219\">Bonbons g\u00e9lifi\u00e9s \u00e0 la pizza<\/td>\n<\/tr>\n<tr style=\"height: 18.00pt;\">\n<td class=\"et2\" style=\"height: 18.00pt;\" height=\"18\">Le go\u00fbt<\/td>\n<td class=\"et3\" style=\"width: 219.15pt;\" width=\"219\">Aigre-doux et r\u00e9silient<\/td>\n<\/tr>\n<tr style=\"height: 17.60pt;\">\n<td class=\"et2\" style=\"height: 17.60pt;\" height=\"17\">Sp\u00e9cifications<\/td>\n<td class=\"et2\">15gx24pcsx12boxes<\/td>\n<\/tr>\n<tr style=\"height: 17.60pt;\">\n<td class=\"et2\" style=\"height: 17.60pt;\" height=\"17\">Taille du carton<\/td>\n<td class=\"et2\">42\u00d732.5\u00d725.5cm<\/td>\n<\/tr>\n<tr style=\"height: 17.60pt;\">\n<td class=\"et2\" style=\"height: 17.60pt;\" height=\"17\">N.W.\/Carton<\/td>\n<td class=\"et2\">7,0 kg<\/td>\n<\/tr>\n<tr style=\"height: 17.60pt;\">\n<td class=\"et2\" style=\"height: 17.60pt;\" height=\"17\">Prix<\/td>\n<td class=\"et2\">19.6USD<\/td>\n<\/tr>\n<tr style=\"height: 17.60pt;\">\n<td class=\"et2\" style=\"height: 17.60pt;\" height=\"17\">MOQ<\/td>\n<td class=\"et2\">800CTNS<\/td>\n<\/tr>\n<tr style=\"height: 17.60pt;\">\n<td class=\"et2\" style=\"height: 17.60pt;\" height=\"17\">\u00c9chantillon<\/td>\n<td class=\"et2\">Disponible<\/td>\n<\/tr>\n<\/tbody>\n<\/table>\n<p>&nbsp;<\/p>","protected":false},"featured_media":2167,"comment_status":"open","ping_status":"closed","template":"","meta":{"_acf_changed":false},"product_brand":[],"product_cat":[19],"product_tag":[],"class_list":{"0":"post-2159","1":"product","2":"type-product","3":"status-publish","4":"has-post-thumbnail","6":"product_cat-wholesale-gummy-manufacturer","8":"first","9":"instock","10":"shipping-taxable","11":"product-type-simple"},"acf":[],"_links":{"self":[{"href":"https:\/\/www.lechaocandy.com\/fr\/wp-json\/wp\/v2\/product\/2159","targetHints":{"allow":["GET"]}}],"collection":[{"href":"https:\/\/www.lechaocandy.com\/fr\/wp-json\/wp\/v2\/product"}],"about":[{"href":"https:\/\/www.lechaocandy.com\/fr\/wp-json\/wp\/v2\/types\/product"}],"replies":[{"embeddable":true,"href":"https:\/\/www.lechaocandy.com\/fr\/wp-json\/wp\/v2\/comments?post=2159"}],"wp:featuredmedia":[{"embeddable":true,"href":"https:\/\/www.lechaocandy.com\/fr\/wp-json\/wp\/v2\/media\/2167"}],"wp:attachment":[{"href":"https:\/\/www.lechaocandy.com\/fr\/wp-json\/wp\/v2\/media?parent=2159"}],"wp:term":[{"taxonomy":"product_brand","embeddable":true,"href":"https:\/\/www.lechaocandy.com\/fr\/wp-json\/wp\/v2\/product_brand?post=2159"},{"taxonomy":"product_cat","embeddable":true,"href":"https:\/\/www.lechaocandy.com\/fr\/wp-json\/wp\/v2\/product_cat?post=2159"},{"taxonomy":"product_tag","embeddable":true,"href":"https:\/\/www.lechaocandy.com\/fr\/wp-json\/wp\/v2\/product_tag?post=2159"}],"curies":[{"name":"wp","href":"https:\/\/api.w.org\/{rel}","templated":true}]}}