{"id":2171,"date":"2025-11-04T07:53:54","date_gmt":"2025-11-04T07:53:54","guid":{"rendered":"https:\/\/www.lechaocandy.com\/?post_type=product&#038;p=2171"},"modified":"2025-11-04T08:06:25","modified_gmt":"2025-11-04T08:06:25","slug":"wholesale-marshmallows-gummy-candy","status":"publish","type":"product","link":"https:\/\/www.lechaocandy.com\/fr\/produit\/wholesale-marshmallows-gummy-candy\/","title":{"rendered":"Combo Guimauves+Bonbons g\u00e9lifi\u00e9s en forme de hot-dogs Wholesale"},"content":{"rendered":"<div class=\"wp-block-columns is-layout-flex wp-container-core-columns-is-layout-9d6595d7 wp-block-columns-is-layout-flex\"><div class=\"wp-block-column is-layout-flow wp-block-column-is-layout-flow\"><h2 class=\"wp-block-heading\">Produits phares de la vente en gros de guimauves et de bonbons g\u00e9lifi\u00e9s<\/h2>\n\n<ul class=\"wp-block-list\"><li><strong>Forme cr\u00e9ative de hot-dog, vivante et amusante : <\/strong>Notre combinaison de guimauves et de bonbons g\u00e9lifi\u00e9s reproduit fid\u00e8lement la forme d'un hot-dog gr\u00e2ce \u00e0 des motifs en spirale et \u00e0 des garnitures superpos\u00e9es, cr\u00e9ant ainsi un design nouveau et unique qui allie la fonctionnalit\u00e9 d'un en-cas \u00e0 l'attrait visuel.<\/li>\n\n<li><strong>Couleurs douces et vives, qui attirent l'attention : <\/strong>Nos bonbons mous en vrac pr\u00e9sentent un motif de rayures en spirale dans des tons doux de rose, de jaune, de vert et de blanc, associ\u00e9 \u00e0 un fourrage rouge et jaune, cr\u00e9ant ainsi une palette de couleurs riche et accrocheuse.<\/li>\n\n<li><strong>Emballage individuel, hygi\u00e9nique et portable :<\/strong> Chaque bo\u00eete de ce combo de guimauves et de bonbons g\u00e9lifi\u00e9s contient deux hot-dogs. L'emballage transparent pr\u00e9sente clairement l'aspect du produit, ce qui facilite son transport, sa distribution et son stockage.<\/li>\n\n<li><strong>Fabriqu\u00e9 avec des ingr\u00e9dients de premi\u00e8re qualit\u00e9 pour une saveur riche : <\/strong>Ces bonbons mous en vrac se composent d'une couche ext\u00e9rieure douce et moelleuse de guimauves et d'une couche int\u00e9rieure moelleuse de gommes, offrant une texture multicouche et un go\u00fbt sucr\u00e9 mod\u00e9r\u00e9 pour satisfaire les papilles gustatives de tous les \u00e2ges.<\/li>\n\n<li><strong>Possibilit\u00e9 de vente en gros et de personnalisation, livraison rapide : <\/strong>Nos combinaisons de guimauves et de bonbons g\u00e9lifi\u00e9s en gros sont personnalisables. Gr\u00e2ce \u00e0 notre stock important, nous pouvons r\u00e9pondre rapidement aux commandes volumineuses.<\/li><\/ul><\/div>\n\n<div class=\"wp-block-column is-layout-flow wp-block-column-is-layout-flow\"><figure class=\"wp-block-image size-full\"><img decoding=\"async\" width=\"800\" height=\"800\" src=\"https:\/\/www.lechaocandy.com\/wp-content\/uploads\/2025\/11\/Hotdog-Shaped-Wholesale-Marshmallows-Gummy-Candy-6.webp\" alt=\"Guimauves et bonbons g\u00e9lifi\u00e9s en forme de chien 6\" class=\"wp-image-2177\" srcset=\"https:\/\/www.lechaocandy.com\/wp-content\/uploads\/2025\/11\/Hotdog-Shaped-Wholesale-Marshmallows-Gummy-Candy-6.webp 800w, https:\/\/www.lechaocandy.com\/wp-content\/uploads\/2025\/11\/Hotdog-Shaped-Wholesale-Marshmallows-Gummy-Candy-6-300x300.webp 300w, https:\/\/www.lechaocandy.com\/wp-content\/uploads\/2025\/11\/Hotdog-Shaped-Wholesale-Marshmallows-Gummy-Candy-6-150x150.webp 150w, https:\/\/www.lechaocandy.com\/wp-content\/uploads\/2025\/11\/Hotdog-Shaped-Wholesale-Marshmallows-Gummy-Candy-6-768x768.webp 768w, https:\/\/www.lechaocandy.com\/wp-content\/uploads\/2025\/11\/Hotdog-Shaped-Wholesale-Marshmallows-Gummy-Candy-6-12x12.webp 12w, https:\/\/www.lechaocandy.com\/wp-content\/uploads\/2025\/11\/Hotdog-Shaped-Wholesale-Marshmallows-Gummy-Candy-6-600x600.webp 600w, https:\/\/www.lechaocandy.com\/wp-content\/uploads\/2025\/11\/Hotdog-Shaped-Wholesale-Marshmallows-Gummy-Candy-6-100x100.webp 100w\" sizes=\"(max-width: 800px) 100vw, 800px\" \/><\/figure><\/div><\/div>","protected":false},"excerpt":{"rendered":"<p>Bienvenue \u00e0 l'achat de bonbons mous en vrac. Ce combo cr\u00e9atif de guimauves et de bonbons g\u00e9lifi\u00e9s en forme de hot-dogs utilise des guimauves color\u00e9es en spirale comme \"pain\", entourant des \"saucisses\" g\u00e9lifi\u00e9es jaunes r\u00e9alistes et un fourrage rouge \"ketchup\". Personnalisation possible.<\/p>\n<table style=\"border-collapse: collapse; width: 300.02pt;\" border=\"0\" width=\"300\" cellspacing=\"0\" cellpadding=\"0\">\n<tbody>\n<tr style=\"height: 17.60pt;\">\n<td class=\"et2\" style=\"height: 17.60pt; width: 110.80pt;\" width=\"110\" height=\"17\">Fabricant<\/td>\n<td class=\"et2\" style=\"width: 189.95pt;\" width=\"189\">LeChao Candy<\/td>\n<\/tr>\n<tr style=\"height: 36.00pt;\">\n<td class=\"et2\" style=\"height: 36.00pt;\" height=\"36\">Type de produit<\/td>\n<td class=\"et3\" style=\"width: 189.95pt;\" width=\"189\">Hotdog Guimauve et bonbons g\u00e9lifi\u00e9s<\/td>\n<\/tr>\n<tr style=\"height: 18.00pt;\">\n<td class=\"et2\" style=\"height: 18.00pt;\" height=\"18\">Le go\u00fbt<\/td>\n<td class=\"et3\" style=\"width: 189.95pt;\" width=\"189\">Doux et sucr\u00e9<\/td>\n<\/tr>\n<tr style=\"height: 17.60pt;\">\n<td class=\"et2\" style=\"height: 17.60pt;\" height=\"17\">Sp\u00e9cifications<\/td>\n<td class=\"et2\">20gX24pcsX12bo\u00eetes<\/td>\n<\/tr>\n<tr style=\"height: 17.60pt;\">\n<td class=\"et2\" style=\"height: 17.60pt;\" height=\"17\">Taille du carton<\/td>\n<td class=\"et2\">38X37X24cm<\/td>\n<\/tr>\n<tr style=\"height: 17.60pt;\">\n<td class=\"et2\" style=\"height: 17.60pt;\" height=\"17\">N.W.\/Carton<\/td>\n<td class=\"et2\">8,0 kg<\/td>\n<\/tr>\n<tr style=\"height: 17.60pt;\">\n<td class=\"et2\" style=\"height: 17.60pt;\" height=\"17\">Prix<\/td>\n<td class=\"et2\">25,5-27USD<\/td>\n<\/tr>\n<tr style=\"height: 17.60pt;\">\n<td class=\"et2\" style=\"height: 17.60pt;\" height=\"17\">MOQ<\/td>\n<td class=\"et2\">800CTNS<\/td>\n<\/tr>\n<tr style=\"height: 17.60pt;\">\n<td class=\"et2\" style=\"height: 17.60pt;\" height=\"17\">\u00c9chantillon<\/td>\n<td class=\"et2\">Disponible<\/td>\n<\/tr>\n<\/tbody>\n<\/table>\n<p>&nbsp;<\/p>","protected":false},"featured_media":2180,"comment_status":"open","ping_status":"closed","template":"","meta":{"_acf_changed":false},"product_brand":[],"product_cat":[19,22],"product_tag":[],"class_list":{"0":"post-2171","1":"product","2":"type-product","3":"status-publish","4":"has-post-thumbnail","6":"product_cat-wholesale-gummy-manufacturer","7":"product_cat-wholesale-marshmallows","9":"first","10":"instock","11":"shipping-taxable","12":"product-type-simple"},"acf":[],"_links":{"self":[{"href":"https:\/\/www.lechaocandy.com\/fr\/wp-json\/wp\/v2\/product\/2171","targetHints":{"allow":["GET"]}}],"collection":[{"href":"https:\/\/www.lechaocandy.com\/fr\/wp-json\/wp\/v2\/product"}],"about":[{"href":"https:\/\/www.lechaocandy.com\/fr\/wp-json\/wp\/v2\/types\/product"}],"replies":[{"embeddable":true,"href":"https:\/\/www.lechaocandy.com\/fr\/wp-json\/wp\/v2\/comments?post=2171"}],"wp:featuredmedia":[{"embeddable":true,"href":"https:\/\/www.lechaocandy.com\/fr\/wp-json\/wp\/v2\/media\/2180"}],"wp:attachment":[{"href":"https:\/\/www.lechaocandy.com\/fr\/wp-json\/wp\/v2\/media?parent=2171"}],"wp:term":[{"taxonomy":"product_brand","embeddable":true,"href":"https:\/\/www.lechaocandy.com\/fr\/wp-json\/wp\/v2\/product_brand?post=2171"},{"taxonomy":"product_cat","embeddable":true,"href":"https:\/\/www.lechaocandy.com\/fr\/wp-json\/wp\/v2\/product_cat?post=2171"},{"taxonomy":"product_tag","embeddable":true,"href":"https:\/\/www.lechaocandy.com\/fr\/wp-json\/wp\/v2\/product_tag?post=2171"}],"curies":[{"name":"wp","href":"https:\/\/api.w.org\/{rel}","templated":true}]}}