{"id":2181,"date":"2025-11-04T08:13:45","date_gmt":"2025-11-04T08:13:45","guid":{"rendered":"https:\/\/www.lechaocandy.com\/?post_type=product&#038;p=2181"},"modified":"2025-11-04T08:26:55","modified_gmt":"2025-11-04T08:26:55","slug":"bulk-sweet-and-sour-gummies","status":"publish","type":"product","link":"https:\/\/www.lechaocandy.com\/fr\/produit\/bulk-sweet-and-sour-gummies\/","title":{"rendered":"LeChao Bulk Sweet and Sour Gummies Fruity Combo Wholesale"},"content":{"rendered":"<div class=\"wp-block-columns is-layout-flex wp-container-core-columns-is-layout-9d6595d7 wp-block-columns-is-layout-flex\"><div class=\"wp-block-column is-layout-flow wp-block-column-is-layout-flow\"><h2 class=\"wp-block-heading\">Points forts du produit Gummies aigre-doux en vrac<\/h2>\n\n<ul class=\"wp-block-list\"><li><strong>Formes de fruits color\u00e9s, combinant attrait visuel et amusement : <\/strong>Ces gommes sucr\u00e9es et acidul\u00e9es en vrac repr\u00e9sentent les formes embl\u00e9matiques de fruits populaires tels que les fraises, les citrons et m\u00eame les oranges. Les formes de fruits accrocheuses, brillantes et moelleuses sont amusantes \u00e0 manger.<\/li>\n\n<li><strong>Recette aigre-douce unique, riche en saveurs :<\/strong> Nos bonbons mous en gros utilisent un rapport aigre-doux unique. La couche ext\u00e9rieure de gla\u00e7age au sucre et la couche int\u00e9rieure de gummies cr\u00e9ent une texture riche qui est rafra\u00eechissante et ne se referme pas sur elle-m\u00eame.<\/li>\n\n<li><strong>Fabriqu\u00e9 avec des ingr\u00e9dients de haute qualit\u00e9, texture parfaitement moelleuse :<\/strong> Ces gommes aigre-douces en vrac utilisent une base de gomme de premi\u00e8re qualit\u00e9 et un ar\u00f4me de fruit pour permettre une texture parfaite et une combinaison de mastication sans \u00eatre trop collante.<\/li>\n\n<li><strong>Emballage individuel, hygi\u00e9nique, portable et facile \u00e0 distribuer :<\/strong> Nos bonbons mous en gros peuvent \u00eatre emball\u00e9s individuellement dans de petits sachets r\u00e9sistants \u00e0 l'humidit\u00e9 et non collants, ce qui permet de les transporter facilement ou de les rendre moins collants avant de les stocker ou de les distribuer en vrac lors des \u00e9tapes d'emballage.<\/li>\n\n<li><strong>Possibilit\u00e9 de personnalisation pour les grossistes, livraison souple et efficace : <\/strong>Nos gommes sucr\u00e9es et acidul\u00e9es en vrac peuvent \u00eatre emball\u00e9es et aromatis\u00e9es sur mesure, et nos stocks importants garantissent une livraison rapide et en grande quantit\u00e9.<\/li><\/ul><\/div>\n\n<div class=\"wp-block-column is-layout-flow wp-block-column-is-layout-flow\"><figure class=\"wp-block-image size-full\"><img decoding=\"async\" width=\"800\" height=\"800\" src=\"https:\/\/www.lechaocandy.com\/wp-content\/uploads\/2025\/11\/LeChao-Bulk-Sweet-and-Sour-Gummies-Fruity-Combo-Wholesale-12.webp\" alt=\"LeChao Bulk Sweet and Sour Gummies Fruity Combo Wholesale-12\" class=\"wp-image-2193\" srcset=\"https:\/\/www.lechaocandy.com\/wp-content\/uploads\/2025\/11\/LeChao-Bulk-Sweet-and-Sour-Gummies-Fruity-Combo-Wholesale-12.webp 800w, https:\/\/www.lechaocandy.com\/wp-content\/uploads\/2025\/11\/LeChao-Bulk-Sweet-and-Sour-Gummies-Fruity-Combo-Wholesale-12-300x300.webp 300w, https:\/\/www.lechaocandy.com\/wp-content\/uploads\/2025\/11\/LeChao-Bulk-Sweet-and-Sour-Gummies-Fruity-Combo-Wholesale-12-150x150.webp 150w, https:\/\/www.lechaocandy.com\/wp-content\/uploads\/2025\/11\/LeChao-Bulk-Sweet-and-Sour-Gummies-Fruity-Combo-Wholesale-12-768x768.webp 768w, https:\/\/www.lechaocandy.com\/wp-content\/uploads\/2025\/11\/LeChao-Bulk-Sweet-and-Sour-Gummies-Fruity-Combo-Wholesale-12-12x12.webp 12w, https:\/\/www.lechaocandy.com\/wp-content\/uploads\/2025\/11\/LeChao-Bulk-Sweet-and-Sour-Gummies-Fruity-Combo-Wholesale-12-600x600.webp 600w, https:\/\/www.lechaocandy.com\/wp-content\/uploads\/2025\/11\/LeChao-Bulk-Sweet-and-Sour-Gummies-Fruity-Combo-Wholesale-12-100x100.webp 100w\" sizes=\"(max-width: 800px) 100vw, 800px\" \/><\/figure><\/div><\/div>","protected":false},"excerpt":{"rendered":"<p>Bienvenue sur le site d'achat en gros de bonbons mous. Ces gommes en vrac en forme de fruit sont de couleur vive et ont une texture moelleuse et rebondissante avec une riche saveur aigre-douce.<\/p>\n<table style=\"border-collapse: collapse; width: 300.02pt;\" border=\"0\" width=\"300\" cellspacing=\"0\" cellpadding=\"0\">\n<tbody>\n<tr style=\"height: 17.60pt;\">\n<td class=\"et2\" style=\"height: 17.60pt; width: 110.80pt;\" width=\"110\" height=\"17\">Fabricant<\/td>\n<td class=\"et2\" style=\"width: 189.95pt;\" width=\"189\">LeChao Candy<\/td>\n<\/tr>\n<tr style=\"height: 36.00pt;\">\n<td class=\"et2\" style=\"height: 36.00pt;\" height=\"36\">Type de produit<\/td>\n<td class=\"et3\" style=\"width: 189.95pt;\" width=\"189\">Bonbons g\u00e9lifi\u00e9s aux fruits aigre-doux<\/td>\n<\/tr>\n<tr style=\"height: 18.00pt;\">\n<td class=\"et2\" style=\"height: 18.00pt;\" height=\"18\">Le go\u00fbt<\/td>\n<td class=\"et3\" style=\"width: 189.95pt;\" width=\"189\">Aigre-doux et r\u00e9silient<\/td>\n<\/tr>\n<tr style=\"height: 17.60pt;\">\n<td class=\"et2\" style=\"height: 17.60pt;\" height=\"17\">Sp\u00e9cifications<\/td>\n<td class=\"et2\">25gx12csx20bo\u00eetes<\/td>\n<\/tr>\n<tr style=\"height: 17.60pt;\">\n<td class=\"et2\" style=\"height: 17.60pt;\" height=\"17\">Taille du carton<\/td>\n<td class=\"et2\">53*26*33cm<\/td>\n<\/tr>\n<tr style=\"height: 17.60pt;\">\n<td class=\"et2\" style=\"height: 17.60pt;\" height=\"17\">N.W.\/Carton<\/td>\n<td class=\"et2\">8,0 kg<\/td>\n<\/tr>\n<tr style=\"height: 17.60pt;\">\n<td class=\"et2\" style=\"height: 17.60pt;\" height=\"17\">Prix<\/td>\n<td class=\"et2\">28.8USD<\/td>\n<\/tr>\n<tr style=\"height: 17.60pt;\">\n<td class=\"et2\" style=\"height: 17.60pt;\" height=\"17\">MOQ<\/td>\n<td class=\"et2\">500CTNS<\/td>\n<\/tr>\n<tr style=\"height: 17.60pt;\">\n<td class=\"et2\" style=\"height: 17.60pt;\" height=\"17\">\u00c9chantillon<\/td>\n<td class=\"et2\">Disponible<\/td>\n<\/tr>\n<\/tbody>\n<\/table>\n<p>&nbsp;<\/p>","protected":false},"featured_media":2192,"comment_status":"open","ping_status":"closed","template":"","meta":{"_acf_changed":false},"product_brand":[],"product_cat":[19],"product_tag":[],"class_list":{"0":"post-2181","1":"product","2":"type-product","3":"status-publish","4":"has-post-thumbnail","6":"product_cat-wholesale-gummy-manufacturer","8":"first","9":"instock","10":"shipping-taxable","11":"product-type-simple"},"acf":[],"_links":{"self":[{"href":"https:\/\/www.lechaocandy.com\/fr\/wp-json\/wp\/v2\/product\/2181","targetHints":{"allow":["GET"]}}],"collection":[{"href":"https:\/\/www.lechaocandy.com\/fr\/wp-json\/wp\/v2\/product"}],"about":[{"href":"https:\/\/www.lechaocandy.com\/fr\/wp-json\/wp\/v2\/types\/product"}],"replies":[{"embeddable":true,"href":"https:\/\/www.lechaocandy.com\/fr\/wp-json\/wp\/v2\/comments?post=2181"}],"wp:featuredmedia":[{"embeddable":true,"href":"https:\/\/www.lechaocandy.com\/fr\/wp-json\/wp\/v2\/media\/2192"}],"wp:attachment":[{"href":"https:\/\/www.lechaocandy.com\/fr\/wp-json\/wp\/v2\/media?parent=2181"}],"wp:term":[{"taxonomy":"product_brand","embeddable":true,"href":"https:\/\/www.lechaocandy.com\/fr\/wp-json\/wp\/v2\/product_brand?post=2181"},{"taxonomy":"product_cat","embeddable":true,"href":"https:\/\/www.lechaocandy.com\/fr\/wp-json\/wp\/v2\/product_cat?post=2181"},{"taxonomy":"product_tag","embeddable":true,"href":"https:\/\/www.lechaocandy.com\/fr\/wp-json\/wp\/v2\/product_tag?post=2181"}],"curies":[{"name":"wp","href":"https:\/\/api.w.org\/{rel}","templated":true}]}}