{"id":2220,"date":"2025-11-12T08:00:33","date_gmt":"2025-11-12T08:00:33","guid":{"rendered":"https:\/\/www.lechaocandy.com\/?post_type=product&#038;p=2220"},"modified":"2025-11-12T08:10:25","modified_gmt":"2025-11-12T08:10:25","slug":"vitamin-c-gummies-bulk","status":"publish","type":"product","link":"https:\/\/www.lechaocandy.com\/fr\/produit\/vitamin-c-gummies-bulk\/","title":{"rendered":"Vitamine C ajout\u00e9e Gummies en vrac, bonbons mous saveur fraise"},"content":{"rendered":"<div class=\"wp-block-columns is-layout-flex wp-container-core-columns-is-layout-9d6595d7 wp-block-columns-is-layout-flex\"><div class=\"wp-block-column is-layout-flow wp-block-column-is-layout-flow\"><h2 class=\"wp-block-heading\">Points forts du produit Vitamine C Gummies Bulk<\/h2>\n\n<ul class=\"wp-block-list\"><li><strong>Enrichissement en vitamine C<\/strong>-Ces gommes \u00e0 la vitamine C en vrac sont riches en vitamine C, \u00e9quilibrent la sant\u00e9 et la gourmandise et r\u00e9pondent aux besoins nutritionnels des parents pour les collations des enfants.<\/li>\n\n<li><strong>Mignonne forme de goutte d'eau<\/strong>-Nos gommes acidul\u00e9es en gros ont une jolie forme de goutte rose enrob\u00e9e de sucre fin, ce qui les rend visuellement attirantes et attrayantes pour les jeunes femmes et les enfants.<\/li>\n\n<li><strong>Go\u00fbt rafra\u00eechissant de fraise<\/strong>-Ces gommes \u00e0 la vitamine C en vrac utilisent un ar\u00f4me naturel de fraise, ont une texture douce \u00e0 m\u00e2cher, tout en \u00e9tant sucr\u00e9es mais pas trop, et entra\u00eenent une grande anticipation de la part des clients et des commandes r\u00e9p\u00e9t\u00e9es.<\/li>\n\n<li><strong>Emballage pratique pour bocaux transparents<\/strong>Ces gommes acidul\u00e9es en gros sont pr\u00e9sent\u00e9es dans un emballage compact, portable et herm\u00e9tique, adapt\u00e9 aux pr\u00e9sentoirs de vente au d\u00e9tail, aux coffrets-cadeaux ou aux distributeurs automatiques en libre-service.<\/li>\n\n<li><strong>Assurance qualit\u00e9 de la marque<\/strong> - Le logo de la marque Lechao est clair et son image de dessin anim\u00e9 renforce la m\u00e9morisation, ce qui le rend adapt\u00e9 \u00e0 la distribution en gros. Nous vous invitons \u00e0 acheter nos gommes \u00e0 la vitamine C en vrac.<\/li><\/ul><\/div>\n\n<div class=\"wp-block-column is-layout-flow wp-block-column-is-layout-flow\"><figure class=\"wp-block-image size-full\"><img decoding=\"async\" width=\"800\" height=\"800\" src=\"https:\/\/www.lechaocandy.com\/wp-content\/uploads\/2025\/11\/Added-Vitamin-C-Gummies-Bulk-Strawberry-Flavor-Soft-Candy-1.webp\" alt=\"Vitamine C ajout\u00e9e Gummies en vrac, ar\u00f4me fraise Soft Candy-1\" class=\"wp-image-2221\" srcset=\"https:\/\/www.lechaocandy.com\/wp-content\/uploads\/2025\/11\/Added-Vitamin-C-Gummies-Bulk-Strawberry-Flavor-Soft-Candy-1.webp 800w, https:\/\/www.lechaocandy.com\/wp-content\/uploads\/2025\/11\/Added-Vitamin-C-Gummies-Bulk-Strawberry-Flavor-Soft-Candy-1-300x300.webp 300w, https:\/\/www.lechaocandy.com\/wp-content\/uploads\/2025\/11\/Added-Vitamin-C-Gummies-Bulk-Strawberry-Flavor-Soft-Candy-1-150x150.webp 150w, https:\/\/www.lechaocandy.com\/wp-content\/uploads\/2025\/11\/Added-Vitamin-C-Gummies-Bulk-Strawberry-Flavor-Soft-Candy-1-768x768.webp 768w, https:\/\/www.lechaocandy.com\/wp-content\/uploads\/2025\/11\/Added-Vitamin-C-Gummies-Bulk-Strawberry-Flavor-Soft-Candy-1-12x12.webp 12w, https:\/\/www.lechaocandy.com\/wp-content\/uploads\/2025\/11\/Added-Vitamin-C-Gummies-Bulk-Strawberry-Flavor-Soft-Candy-1-600x600.webp 600w, https:\/\/www.lechaocandy.com\/wp-content\/uploads\/2025\/11\/Added-Vitamin-C-Gummies-Bulk-Strawberry-Flavor-Soft-Candy-1-100x100.webp 100w\" sizes=\"(max-width: 800px) 100vw, 800px\" \/><\/figure><\/div><\/div>","protected":false},"excerpt":{"rendered":"<p>Achetez en vrac des gommes acidul\u00e9es chez Lechao ! Nos gommes \u00e0 la vitamine C aromatis\u00e9es \u00e0 la fraise sont emball\u00e9es en vrac dans un pot transparent, avec un niveau \u00e9lev\u00e9 de vitamine C et un go\u00fbt d\u00e9licieux. La saveur rose fraise cr\u00e9e une gomme en forme de goutte recouverte de sucre fin avec un go\u00fbt doux, sucr\u00e9 et moelleux.<\/p>\n<table style=\"border-collapse: collapse; width: 329.02pt;\" border=\"0\" width=\"329\" cellspacing=\"0\" cellpadding=\"0\">\n<tbody>\n<tr style=\"height: 17.60pt;\">\n<td class=\"et2\" style=\"height: 17.60pt; width: 110.80pt;\" width=\"110\" height=\"17\">Fabricant<\/td>\n<td class=\"et2\" style=\"width: 219.15pt;\" width=\"219\">LeChao Candy<\/td>\n<\/tr>\n<tr style=\"height: 18.00pt;\">\n<td class=\"et2\" style=\"height: 18.00pt;\" height=\"18\">Type de produit<\/td>\n<td class=\"et3\" style=\"width: 219.15pt;\" width=\"219\">Bonbons g\u00e9lifi\u00e9s \u00e0 la fraise et \u00e0 la vitamine C<\/td>\n<\/tr>\n<tr style=\"height: 18.00pt;\">\n<td class=\"et2\" style=\"height: 18.00pt;\" height=\"18\">Le go\u00fbt<\/td>\n<td class=\"et3\" style=\"width: 219.15pt;\" width=\"219\">Aigre-doux et r\u00e9silient<\/td>\n<\/tr>\n<tr style=\"height: 17.60pt;\">\n<td class=\"et2\" style=\"height: 17.60pt;\" height=\"17\">Sp\u00e9cifications<\/td>\n<td class=\"et2\">68gx8bouteillesx10bo\u00eetes<\/td>\n<\/tr>\n<tr style=\"height: 17.60pt;\">\n<td class=\"et2\" style=\"height: 17.60pt;\" height=\"17\">Taille du carton<\/td>\n<td class=\"et2\">49*19.8*20cm<\/td>\n<\/tr>\n<tr style=\"height: 17.60pt;\">\n<td class=\"et2\" style=\"height: 17.60pt;\" height=\"17\">N.W.\/Carton<\/td>\n<td class=\"et2\">7,0 kg<\/td>\n<\/tr>\n<tr style=\"height: 17.60pt;\">\n<td class=\"et2\" style=\"height: 17.60pt;\" height=\"17\">MOQ<\/td>\n<td class=\"et2\">500CTNS<\/td>\n<\/tr>\n<tr style=\"height: 17.60pt;\">\n<td class=\"et2\" style=\"height: 17.60pt;\" height=\"17\">\u00c9chantillon<\/td>\n<td class=\"et2\">Disponible<\/td>\n<\/tr>\n<\/tbody>\n<\/table>","protected":false},"featured_media":2222,"comment_status":"open","ping_status":"closed","template":"","meta":{"_acf_changed":false},"product_brand":[],"product_cat":[28,19],"product_tag":[],"class_list":{"0":"post-2220","1":"product","2":"type-product","3":"status-publish","4":"has-post-thumbnail","6":"product_cat-bulk-sour-gummies","7":"product_cat-wholesale-gummy-manufacturer","9":"first","10":"instock","11":"shipping-taxable","12":"product-type-simple"},"acf":[],"_links":{"self":[{"href":"https:\/\/www.lechaocandy.com\/fr\/wp-json\/wp\/v2\/product\/2220","targetHints":{"allow":["GET"]}}],"collection":[{"href":"https:\/\/www.lechaocandy.com\/fr\/wp-json\/wp\/v2\/product"}],"about":[{"href":"https:\/\/www.lechaocandy.com\/fr\/wp-json\/wp\/v2\/types\/product"}],"replies":[{"embeddable":true,"href":"https:\/\/www.lechaocandy.com\/fr\/wp-json\/wp\/v2\/comments?post=2220"}],"wp:featuredmedia":[{"embeddable":true,"href":"https:\/\/www.lechaocandy.com\/fr\/wp-json\/wp\/v2\/media\/2222"}],"wp:attachment":[{"href":"https:\/\/www.lechaocandy.com\/fr\/wp-json\/wp\/v2\/media?parent=2220"}],"wp:term":[{"taxonomy":"product_brand","embeddable":true,"href":"https:\/\/www.lechaocandy.com\/fr\/wp-json\/wp\/v2\/product_brand?post=2220"},{"taxonomy":"product_cat","embeddable":true,"href":"https:\/\/www.lechaocandy.com\/fr\/wp-json\/wp\/v2\/product_cat?post=2220"},{"taxonomy":"product_tag","embeddable":true,"href":"https:\/\/www.lechaocandy.com\/fr\/wp-json\/wp\/v2\/product_tag?post=2220"}],"curies":[{"name":"wp","href":"https:\/\/api.w.org\/{rel}","templated":true}]}}