{"id":2223,"date":"2025-11-12T08:10:41","date_gmt":"2025-11-12T08:10:41","guid":{"rendered":"https:\/\/www.lechaocandy.com\/?post_type=product&#038;p=2223"},"modified":"2025-11-12T08:24:20","modified_gmt":"2025-11-12T08:24:20","slug":"bulk-gummies-with-vitamin-c","status":"publish","type":"product","link":"https:\/\/www.lechaocandy.com\/fr\/produit\/bulk-gummies-with-vitamin-c\/","title":{"rendered":"Gummies en vrac \u00e0 l'ar\u00f4me de raisin avec ajout de vitamine C"},"content":{"rendered":"<div class=\"wp-block-columns is-layout-flex wp-container-core-columns-is-layout-9d6595d7 wp-block-columns-is-layout-flex\"><div class=\"wp-block-column is-layout-flow wp-block-column-is-layout-flow\"><h2 class=\"wp-block-heading\">Points forts du produit Gummies en vrac avec vitamine C<\/h2>\n\n<ul class=\"wp-block-list\"><li><strong>Vitamine C nutritionnelle + go\u00fbt de raisin<\/strong>-Nos gommes en vrac \u00e0 la vitamine C sont associ\u00e9es \u00e0 un ar\u00f4me rafra\u00eechissant de raisin, alliant sant\u00e9 et gourmandise.<\/li>\n\n<li><strong>Gla\u00e7age en forme de goutte d'eau<\/strong>-Ces bonbons g\u00e9lifi\u00e9s de gros en forme de goutte d'eau vert clair sont enrob\u00e9s d'un gla\u00e7age blanc. Leur forme arrondie et mignonne est visuellement attrayante et attire les enfants et les jeunes consommateurs.<\/li>\n\n<li><strong>Texture d\u00e9licate et moelleuse<\/strong>-Ces gommes en vrac \u00e0 la vitamine C ont une l\u00e9g\u00e8re couche glac\u00e9e croustillante qui recouvre la couche ext\u00e9rieure, et ont une bouch\u00e9e douce et moelleuse qui est l\u00e9g\u00e8rement sucr\u00e9e, acide, rafra\u00eechissante et qui ne colle pas aux dents.<\/li>\n\n<li><strong>Conception d'une bouteille portable<\/strong>-Nos bonbons g\u00e9lifi\u00e9s en gros sont pr\u00e9sent\u00e9s dans de petits flacons transparents et herm\u00e9tiques, faciles \u00e0 transporter et \u00e0 exposer. Ils conviennent donc aux supermarch\u00e9s, aux magasins de snacks et aux coffrets cadeaux en gros.<\/li>\n\n<li><strong>Vente directe \u00e0 l'usine, emballage personnalisable<\/strong>-Nos gommes en vrac contenant de la vitamine C proviennent directement de l'usine de Lechao, ce qui offre des avantages consid\u00e9rables en termes de prix. Nous pouvons personnaliser les bo\u00eetes ext\u00e9rieures et les \u00e9tiquettes pour r\u00e9pondre aux besoins des diff\u00e9rents canaux.<\/li><\/ul><\/div>\n\n<div class=\"wp-block-column is-layout-flow wp-block-column-is-layout-flow\"><figure class=\"wp-block-image size-full\"><img decoding=\"async\" width=\"800\" height=\"800\" src=\"https:\/\/www.lechaocandy.com\/wp-content\/uploads\/2025\/11\/Grape-Flavor-Factory-Bulk-Gummies-With-Vitamin-C-Added-2.webp\" alt=\"Gummies en vrac \u00e0 l&#039;ar\u00f4me de raisin avec vitamine C ajout\u00e9e-2\" class=\"wp-image-2224\" srcset=\"https:\/\/www.lechaocandy.com\/wp-content\/uploads\/2025\/11\/Grape-Flavor-Factory-Bulk-Gummies-With-Vitamin-C-Added-2.webp 800w, https:\/\/www.lechaocandy.com\/wp-content\/uploads\/2025\/11\/Grape-Flavor-Factory-Bulk-Gummies-With-Vitamin-C-Added-2-300x300.webp 300w, https:\/\/www.lechaocandy.com\/wp-content\/uploads\/2025\/11\/Grape-Flavor-Factory-Bulk-Gummies-With-Vitamin-C-Added-2-150x150.webp 150w, https:\/\/www.lechaocandy.com\/wp-content\/uploads\/2025\/11\/Grape-Flavor-Factory-Bulk-Gummies-With-Vitamin-C-Added-2-768x768.webp 768w, https:\/\/www.lechaocandy.com\/wp-content\/uploads\/2025\/11\/Grape-Flavor-Factory-Bulk-Gummies-With-Vitamin-C-Added-2-12x12.webp 12w, https:\/\/www.lechaocandy.com\/wp-content\/uploads\/2025\/11\/Grape-Flavor-Factory-Bulk-Gummies-With-Vitamin-C-Added-2-600x600.webp 600w, https:\/\/www.lechaocandy.com\/wp-content\/uploads\/2025\/11\/Grape-Flavor-Factory-Bulk-Gummies-With-Vitamin-C-Added-2-100x100.webp 100w\" sizes=\"(max-width: 800px) 100vw, 800px\" \/><\/figure><\/div><\/div>","protected":false},"excerpt":{"rendered":"<p>Achetez en vrac des bonbons g\u00e9lifi\u00e9s chez Lechao. Nos bonbons g\u00e9lifi\u00e9s en vrac au go\u00fbt de raisin et \u00e0 la vitamine C se pr\u00e9sentent sous la forme de gouttes vert clair rafra\u00eechissantes, enrob\u00e9es d'un gla\u00e7age d\u00e9licat, et ont une texture douce, moelleuse et aigre-douce. Un emballage personnalis\u00e9 est disponible.<\/p>\n<table style=\"border-collapse: collapse; width: 329.02pt;\" border=\"0\" width=\"329\" cellspacing=\"0\" cellpadding=\"0\">\n<tbody>\n<tr style=\"height: 17.60pt;\">\n<td class=\"et2\" style=\"height: 17.60pt; width: 110.80pt;\" width=\"110\" height=\"17\">Fabricant<\/td>\n<td class=\"et2\" style=\"width: 219.15pt;\" width=\"219\">LeChao Candy<\/td>\n<\/tr>\n<tr style=\"height: 18.00pt;\">\n<td class=\"et2\" style=\"height: 18.00pt;\" height=\"18\">Type de produit<\/td>\n<td class=\"et3\" style=\"width: 219.15pt;\" width=\"219\">Bonbons gommeux \u00e0 la vitamine C au raisin<\/td>\n<\/tr>\n<tr style=\"height: 18.00pt;\">\n<td class=\"et2\" style=\"height: 18.00pt;\" height=\"18\">Le go\u00fbt<\/td>\n<td class=\"et3\" style=\"width: 219.15pt;\" width=\"219\">Aigre-doux et r\u00e9silient<\/td>\n<\/tr>\n<tr style=\"height: 17.60pt;\">\n<td class=\"et2\" style=\"height: 17.60pt;\" height=\"17\">Sp\u00e9cifications<\/td>\n<td class=\"et2\">68gx8bouteillesx10bo\u00eetes<\/td>\n<\/tr>\n<tr style=\"height: 17.60pt;\">\n<td class=\"et2\" style=\"height: 17.60pt;\" height=\"17\">Taille du carton<\/td>\n<td class=\"et2\">49*19.8*20cm<\/td>\n<\/tr>\n<tr style=\"height: 17.60pt;\">\n<td class=\"et2\" style=\"height: 17.60pt;\" height=\"17\">N.W.\/Carton<\/td>\n<td class=\"et2\">7,0 kg<\/td>\n<\/tr>\n<tr style=\"height: 17.60pt;\">\n<td class=\"et2\" style=\"height: 17.60pt;\" height=\"17\">MOQ<\/td>\n<td class=\"et2\">500CTNS<\/td>\n<\/tr>\n<tr style=\"height: 17.60pt;\">\n<td class=\"et2\" style=\"height: 17.60pt;\" height=\"17\">\u00c9chantillon<\/td>\n<td class=\"et2\">Disponible<\/td>\n<\/tr>\n<\/tbody>\n<\/table>","protected":false},"featured_media":2225,"comment_status":"open","ping_status":"closed","template":"","meta":{"_acf_changed":false},"product_brand":[],"product_cat":[28,19],"product_tag":[],"class_list":{"0":"post-2223","1":"product","2":"type-product","3":"status-publish","4":"has-post-thumbnail","6":"product_cat-bulk-sour-gummies","7":"product_cat-wholesale-gummy-manufacturer","9":"first","10":"instock","11":"shipping-taxable","12":"product-type-simple"},"acf":[],"_links":{"self":[{"href":"https:\/\/www.lechaocandy.com\/fr\/wp-json\/wp\/v2\/product\/2223","targetHints":{"allow":["GET"]}}],"collection":[{"href":"https:\/\/www.lechaocandy.com\/fr\/wp-json\/wp\/v2\/product"}],"about":[{"href":"https:\/\/www.lechaocandy.com\/fr\/wp-json\/wp\/v2\/types\/product"}],"replies":[{"embeddable":true,"href":"https:\/\/www.lechaocandy.com\/fr\/wp-json\/wp\/v2\/comments?post=2223"}],"wp:featuredmedia":[{"embeddable":true,"href":"https:\/\/www.lechaocandy.com\/fr\/wp-json\/wp\/v2\/media\/2225"}],"wp:attachment":[{"href":"https:\/\/www.lechaocandy.com\/fr\/wp-json\/wp\/v2\/media?parent=2223"}],"wp:term":[{"taxonomy":"product_brand","embeddable":true,"href":"https:\/\/www.lechaocandy.com\/fr\/wp-json\/wp\/v2\/product_brand?post=2223"},{"taxonomy":"product_cat","embeddable":true,"href":"https:\/\/www.lechaocandy.com\/fr\/wp-json\/wp\/v2\/product_cat?post=2223"},{"taxonomy":"product_tag","embeddable":true,"href":"https:\/\/www.lechaocandy.com\/fr\/wp-json\/wp\/v2\/product_tag?post=2223"}],"curies":[{"name":"wp","href":"https:\/\/api.w.org\/{rel}","templated":true}]}}