{"id":2238,"date":"2025-11-17T03:36:20","date_gmt":"2025-11-17T03:36:20","guid":{"rendered":"https:\/\/www.lechaocandy.com\/?post_type=product&#038;p=2238"},"modified":"2025-11-17T04:02:21","modified_gmt":"2025-11-17T04:02:21","slug":"sour-belts-candy-bulk","status":"publish","type":"product","link":"https:\/\/www.lechaocandy.com\/fr\/produit\/sour-belts-candy-bulk\/","title":{"rendered":"LeChao Filled Sour Belts Bonbons en vrac avec emballage personnalis\u00e9"},"content":{"rendered":"<div class=\"wp-block-columns is-layout-flex wp-container-core-columns-is-layout-9d6595d7 wp-block-columns-is-layout-flex\"><div class=\"wp-block-column is-layout-flow wp-block-column-is-layout-flow\"><h2 class=\"wp-block-heading\">Produits phares des bonbons fourr\u00e9s Sour Belts en vrac<\/h2>\n\n<ul class=\"wp-block-list\"><li><strong>Garniture juteuse :<\/strong> Ce bonbon de ceinture acidul\u00e9 en vrac est dot\u00e9 d'une garniture unique. En mordant dans la couche ext\u00e9rieure, on d\u00e9couvre un fourrage riche, semblable \u00e0 de la confiture, qui offre une saveur aigre-douce \u00e0 plusieurs niveaux, sans pour autant \u00eatre \u00e9touffante.<\/li>\n\n<li><strong>Doux et moelleux :<\/strong> Nos bonbons de r\u00e9glisse arc-en-ciel en gros ont une texture douce et moelleuse, qui n'est ni collante ni dure, pour une texture satisfaisante et moelleuse, et une exp\u00e9rience qui fond dans la bouche.<\/li>\n\n<li><strong>Visuellement attrayant :<\/strong> Ce bonbon acidul\u00e9 en vrac est d\u00e9cor\u00e9 de bandes arc-en-ciel et de gla\u00e7age, ce qui le rend photog\u00e9nique et convient aux f\u00eates, aux pique-niques et \u00e0 d'autres occasions sociales.<\/li>\n\n<li><strong>Assurance qualit\u00e9 de la marque :<\/strong> Lechao se concentre sur l'artisanat de la confiserie, en utilisant des ingr\u00e9dients strictement s\u00e9lectionn\u00e9s pour fabriquer nos bonbons acidul\u00e9s en vrac, garantissant ainsi la s\u00e9curit\u00e9 et la tranquillit\u00e9 d'esprit.<\/li>\n\n<li><strong>Emballage personnalis\u00e9 pour am\u00e9liorer l'image de marque : <\/strong>Nous proposons un emballage professionnel personnalis\u00e9 pour les bonbons de r\u00e9glisse arc-en-ciel en gros afin de transformer nos d\u00e9licieux bonbons en une publicit\u00e9 mobile efficace.<\/li><\/ul><\/div>\n\n<div class=\"wp-block-column is-layout-flow wp-block-column-is-layout-flow\"><figure class=\"wp-block-image size-full\"><img decoding=\"async\" width=\"800\" height=\"800\" src=\"https:\/\/www.lechaocandy.com\/wp-content\/uploads\/2025\/11\/LeChao-Filled-Sour-Belts-Candy-Bulk-With-Custom-Packaging-1.webp\" alt=\"LeChao Filled Sour Belts Bonbons en vrac avec emballage personnalis\u00e9-1\" class=\"wp-image-2239\" srcset=\"https:\/\/www.lechaocandy.com\/wp-content\/uploads\/2025\/11\/LeChao-Filled-Sour-Belts-Candy-Bulk-With-Custom-Packaging-1.webp 800w, https:\/\/www.lechaocandy.com\/wp-content\/uploads\/2025\/11\/LeChao-Filled-Sour-Belts-Candy-Bulk-With-Custom-Packaging-1-300x300.webp 300w, https:\/\/www.lechaocandy.com\/wp-content\/uploads\/2025\/11\/LeChao-Filled-Sour-Belts-Candy-Bulk-With-Custom-Packaging-1-150x150.webp 150w, https:\/\/www.lechaocandy.com\/wp-content\/uploads\/2025\/11\/LeChao-Filled-Sour-Belts-Candy-Bulk-With-Custom-Packaging-1-768x768.webp 768w, https:\/\/www.lechaocandy.com\/wp-content\/uploads\/2025\/11\/LeChao-Filled-Sour-Belts-Candy-Bulk-With-Custom-Packaging-1-12x12.webp 12w, https:\/\/www.lechaocandy.com\/wp-content\/uploads\/2025\/11\/LeChao-Filled-Sour-Belts-Candy-Bulk-With-Custom-Packaging-1-600x600.webp 600w, https:\/\/www.lechaocandy.com\/wp-content\/uploads\/2025\/11\/LeChao-Filled-Sour-Belts-Candy-Bulk-With-Custom-Packaging-1-100x100.webp 100w\" sizes=\"(max-width: 800px) 100vw, 800px\" \/><\/figure><\/div><\/div>","protected":false},"excerpt":{"rendered":"<p>Nous vous invitons \u00e0 acheter en gros des bonbons \u00e0 la r\u00e9glisse arc-en-ciel. Nos bonbons acidul\u00e9s arc-en-ciel en vrac sont des bonbons acidul\u00e9s color\u00e9s et fourr\u00e9s. Chaque bande est enrob\u00e9e d'un gla\u00e7age d\u00e9licat, offrant une texture \u00e0 la fois moelleuse et satisfaisante, pour un double plaisir des yeux et du palais.<\/p>\n<table style=\"border-collapse: collapse; width: 300.02pt;\" border=\"0\" width=\"300\" cellspacing=\"0\" cellpadding=\"0\">\n<tbody>\n<tr style=\"height: 17.60pt;\">\n<td class=\"et2\" style=\"height: 17.60pt; width: 110.80pt;\" width=\"110\" height=\"17\">Fabricant<\/td>\n<td class=\"et2\" style=\"width: 189.95pt;\" width=\"189\">LeChao Candy<\/td>\n<\/tr>\n<tr style=\"height: 18.00pt;\">\n<td class=\"et2\" style=\"height: 18.00pt;\" height=\"18\">Type de produit<\/td>\n<td class=\"et3\" style=\"width: 189.95pt;\" width=\"189\">Bonbons Fourr\u00e9s Sour Belts<\/td>\n<\/tr>\n<tr style=\"height: 18.00pt;\">\n<td class=\"et2\" style=\"height: 18.00pt;\" height=\"18\">Le go\u00fbt<\/td>\n<td class=\"et3\" style=\"width: 189.95pt;\" width=\"189\">Aigre-doux et r\u00e9silient<\/td>\n<\/tr>\n<tr style=\"height: 17.60pt;\">\n<td class=\"et2\" style=\"height: 17.60pt;\" height=\"17\">MOQ<\/td>\n<td class=\"et2\">500CTNS<\/td>\n<\/tr>\n<tr style=\"height: 17.60pt;\">\n<td class=\"et2\" style=\"height: 17.60pt;\" height=\"17\">\u00c9chantillon<\/td>\n<td class=\"et2\">Disponible<\/td>\n<\/tr>\n<\/tbody>\n<\/table>\n<p>&nbsp;<\/p>\n<p>&nbsp;<\/p>\n<p>&nbsp;<\/p>","protected":false},"featured_media":2240,"comment_status":"open","ping_status":"closed","template":"","meta":{"_acf_changed":false},"product_brand":[],"product_cat":[20],"product_tag":[30],"class_list":{"0":"post-2238","1":"product","2":"type-product","3":"status-publish","4":"has-post-thumbnail","6":"product_cat-bulk-licorice-candy","7":"product_tag-bulk-candies-collection","9":"first","10":"instock","11":"shipping-taxable","12":"product-type-simple"},"acf":[],"_links":{"self":[{"href":"https:\/\/www.lechaocandy.com\/fr\/wp-json\/wp\/v2\/product\/2238","targetHints":{"allow":["GET"]}}],"collection":[{"href":"https:\/\/www.lechaocandy.com\/fr\/wp-json\/wp\/v2\/product"}],"about":[{"href":"https:\/\/www.lechaocandy.com\/fr\/wp-json\/wp\/v2\/types\/product"}],"replies":[{"embeddable":true,"href":"https:\/\/www.lechaocandy.com\/fr\/wp-json\/wp\/v2\/comments?post=2238"}],"wp:featuredmedia":[{"embeddable":true,"href":"https:\/\/www.lechaocandy.com\/fr\/wp-json\/wp\/v2\/media\/2240"}],"wp:attachment":[{"href":"https:\/\/www.lechaocandy.com\/fr\/wp-json\/wp\/v2\/media?parent=2238"}],"wp:term":[{"taxonomy":"product_brand","embeddable":true,"href":"https:\/\/www.lechaocandy.com\/fr\/wp-json\/wp\/v2\/product_brand?post=2238"},{"taxonomy":"product_cat","embeddable":true,"href":"https:\/\/www.lechaocandy.com\/fr\/wp-json\/wp\/v2\/product_cat?post=2238"},{"taxonomy":"product_tag","embeddable":true,"href":"https:\/\/www.lechaocandy.com\/fr\/wp-json\/wp\/v2\/product_tag?post=2238"}],"curies":[{"name":"wp","href":"https:\/\/api.w.org\/{rel}","templated":true}]}}