{"id":2245,"date":"2025-11-17T06:13:46","date_gmt":"2025-11-17T06:13:46","guid":{"rendered":"https:\/\/www.lechaocandy.com\/?post_type=product&#038;p=2245"},"modified":"2025-11-17T06:44:45","modified_gmt":"2025-11-17T06:44:45","slug":"licorice-ropes-wholesale","status":"publish","type":"product","link":"https:\/\/www.lechaocandy.com\/fr\/produit\/licorice-ropes-wholesale\/","title":{"rendered":"Cordes de r\u00e9glisse remplies au centre Wholesale, Rainbow Sour Strips"},"content":{"rendered":"<div class=\"wp-block-columns is-layout-flex wp-container-core-columns-is-layout-9d6595d7 wp-block-columns-is-layout-flex\"><div class=\"wp-block-column is-layout-flow wp-block-column-is-layout-flow\"><h2 class=\"wp-block-heading\">Produits phares de la vente en gros de cordes de r\u00e9glisse<\/h2>\n\n<ul class=\"wp-block-list\"><li><strong>L'arc-en-ciel est un attrait visuel : <\/strong>Nos bandes de r\u00e9glisse arc-en-ciel en gros ont de multiples bandes arc-en-ciel rouges, orange, jaunes, vertes et bleues, dont l'ext\u00e9rieur est recouvert d'un gla\u00e7age au sucre, ce qui donne \u00e0 ces bandes arc-en-ciel une apparence brillante et attrayante.<\/li>\n\n<li><strong>Rembourrage unique pour des textures doubles : <\/strong>Ces bandes acidul\u00e9es arc-en-ciel en vrac se caract\u00e9risent par un remplissage central d\u00e9fini. Chaque bouch\u00e9e de l'ext\u00e9rieur acidul\u00e9 et moelleux mettra en valeur la garniture int\u00e9rieure douce et riche pour un go\u00fbt \u00e0 plusieurs niveaux.<\/li>\n\n<li><strong>\u00c9quilibre aigre-doux pour une saveur riche :<\/strong> L'ext\u00e9rieur des cordes de r\u00e9glisse arc-en-ciel en gros est enrob\u00e9 de sucre fin de fa\u00e7on homog\u00e8ne, ce qui leur conf\u00e8re une saveur acidul\u00e9e directe, parfaitement \u00e9quilibr\u00e9e avec la douceur fruit\u00e9e de la garniture qui les rend app\u00e9tissantes, rafra\u00eechissantes et stimulantes.<\/li>\n\n<li><strong>Ingr\u00e9dients de premi\u00e8re qualit\u00e9, qualit\u00e9 \u00e9vidente : <\/strong>Nos bandes acidul\u00e9es arc-en-ciel en vrac ont une texture riche et se remplissent uniform\u00e9ment de gla\u00e7age, ce qui indique que la marque s'efforce de g\u00e9rer l'ensemble du processus et que les ingr\u00e9dients ne font pas de compromis en mati\u00e8re de d\u00e9lice et de qualit\u00e9.<\/li>\n\n<li><strong>Emballage en gros, facile \u00e0 partager : <\/strong>Nos cordes de r\u00e9glisse arc-en-ciel en gros sont abordables et parfaites comme en-cas de f\u00eate, cadeaux d'\u00e9v\u00e9nement ou souvenirs de restaurant\/h\u00f4tel, ce qui les rend faciles \u00e0 partager.<\/li><\/ul><\/div>\n\n<div class=\"wp-block-column is-layout-flow wp-block-column-is-layout-flow\"><figure class=\"wp-block-image size-full\"><img decoding=\"async\" width=\"800\" height=\"800\" src=\"https:\/\/www.lechaocandy.com\/wp-content\/uploads\/2025\/11\/Center-Filled-Licorice-Ropes-Wholesale-Rainbow-Sour-Strips-2.webp\" alt=\"Cordes de r\u00e9glisse \u00e0 remplissage central grossiste, Bandes acidul\u00e9es arc-en-ciel-2\" class=\"wp-image-2247\" srcset=\"https:\/\/www.lechaocandy.com\/wp-content\/uploads\/2025\/11\/Center-Filled-Licorice-Ropes-Wholesale-Rainbow-Sour-Strips-2.webp 800w, https:\/\/www.lechaocandy.com\/wp-content\/uploads\/2025\/11\/Center-Filled-Licorice-Ropes-Wholesale-Rainbow-Sour-Strips-2-300x300.webp 300w, https:\/\/www.lechaocandy.com\/wp-content\/uploads\/2025\/11\/Center-Filled-Licorice-Ropes-Wholesale-Rainbow-Sour-Strips-2-150x150.webp 150w, https:\/\/www.lechaocandy.com\/wp-content\/uploads\/2025\/11\/Center-Filled-Licorice-Ropes-Wholesale-Rainbow-Sour-Strips-2-768x768.webp 768w, https:\/\/www.lechaocandy.com\/wp-content\/uploads\/2025\/11\/Center-Filled-Licorice-Ropes-Wholesale-Rainbow-Sour-Strips-2-12x12.webp 12w, https:\/\/www.lechaocandy.com\/wp-content\/uploads\/2025\/11\/Center-Filled-Licorice-Ropes-Wholesale-Rainbow-Sour-Strips-2-600x600.webp 600w, https:\/\/www.lechaocandy.com\/wp-content\/uploads\/2025\/11\/Center-Filled-Licorice-Ropes-Wholesale-Rainbow-Sour-Strips-2-100x100.webp 100w\" sizes=\"(max-width: 800px) 100vw, 800px\" \/><\/figure><\/div><\/div>","protected":false},"excerpt":{"rendered":"<p>Nous vous invitons \u00e0 acheter des bandes de r\u00e9glisse arc-en-ciel en vrac. Nos bandes de r\u00e9glisse arc-en-ciel en gros sont recouvertes d'un gla\u00e7age au sucre scintillant et pr\u00e9sentent un processus de remplissage unique. La couche ext\u00e9rieure est piquante, tandis que la garniture int\u00e9rieure est moelleuse, offrant une exp\u00e9rience de mastication aigre-douce riche et stratifi\u00e9e.<\/p>\n<table style=\"border-collapse: collapse; width: 300.02pt;\" border=\"0\" width=\"300\" cellspacing=\"0\" cellpadding=\"0\">\n<tbody>\n<tr style=\"height: 17.60pt;\">\n<td class=\"et2\" style=\"height: 17.60pt; width: 110.80pt;\" width=\"110\" height=\"17\">Fabricant<\/td>\n<td class=\"et2\" style=\"width: 189.95pt;\" width=\"189\">LeChao Candy<\/td>\n<\/tr>\n<tr style=\"height: 18.00pt;\">\n<td class=\"et2\" style=\"height: 18.00pt;\" height=\"18\">Type de produit<\/td>\n<td class=\"et3\" style=\"width: 189.95pt;\" width=\"189\">Cordes de r\u00e9glisse fourr\u00e9es<\/td>\n<\/tr>\n<tr style=\"height: 18.00pt;\">\n<td class=\"et2\" style=\"height: 18.00pt;\" height=\"18\">Le go\u00fbt<\/td>\n<td class=\"et3\" style=\"width: 189.95pt;\" width=\"189\">Aigre-doux et r\u00e9silient<\/td>\n<\/tr>\n<tr style=\"height: 17.60pt;\">\n<td class=\"et2\" style=\"height: 17.60pt;\" height=\"17\">MOQ<\/td>\n<td class=\"et2\">500CTNS<\/td>\n<\/tr>\n<tr style=\"height: 17.60pt;\">\n<td class=\"et2\" style=\"height: 17.60pt;\" height=\"17\">\u00c9chantillon<\/td>\n<td class=\"et2\">Disponible<\/td>\n<\/tr>\n<\/tbody>\n<\/table>\n<p>&nbsp;<\/p>\n<p>&nbsp;<\/p>\n<p>&nbsp;<\/p>","protected":false},"featured_media":2250,"comment_status":"open","ping_status":"closed","template":"","meta":{"_acf_changed":false},"product_brand":[],"product_cat":[20],"product_tag":[30],"class_list":{"0":"post-2245","1":"product","2":"type-product","3":"status-publish","4":"has-post-thumbnail","6":"product_cat-bulk-licorice-candy","7":"product_tag-bulk-candies-collection","9":"first","10":"instock","11":"shipping-taxable","12":"product-type-simple"},"acf":[],"_links":{"self":[{"href":"https:\/\/www.lechaocandy.com\/fr\/wp-json\/wp\/v2\/product\/2245","targetHints":{"allow":["GET"]}}],"collection":[{"href":"https:\/\/www.lechaocandy.com\/fr\/wp-json\/wp\/v2\/product"}],"about":[{"href":"https:\/\/www.lechaocandy.com\/fr\/wp-json\/wp\/v2\/types\/product"}],"replies":[{"embeddable":true,"href":"https:\/\/www.lechaocandy.com\/fr\/wp-json\/wp\/v2\/comments?post=2245"}],"wp:featuredmedia":[{"embeddable":true,"href":"https:\/\/www.lechaocandy.com\/fr\/wp-json\/wp\/v2\/media\/2250"}],"wp:attachment":[{"href":"https:\/\/www.lechaocandy.com\/fr\/wp-json\/wp\/v2\/media?parent=2245"}],"wp:term":[{"taxonomy":"product_brand","embeddable":true,"href":"https:\/\/www.lechaocandy.com\/fr\/wp-json\/wp\/v2\/product_brand?post=2245"},{"taxonomy":"product_cat","embeddable":true,"href":"https:\/\/www.lechaocandy.com\/fr\/wp-json\/wp\/v2\/product_cat?post=2245"},{"taxonomy":"product_tag","embeddable":true,"href":"https:\/\/www.lechaocandy.com\/fr\/wp-json\/wp\/v2\/product_tag?post=2245"}],"curies":[{"name":"wp","href":"https:\/\/api.w.org\/{rel}","templated":true}]}}