{"id":2251,"date":"2025-11-17T06:35:26","date_gmt":"2025-11-17T06:35:26","guid":{"rendered":"https:\/\/www.lechaocandy.com\/?post_type=product&#038;p=2251"},"modified":"2025-11-17T06:58:08","modified_gmt":"2025-11-17T06:58:08","slug":"bulk-bite-size-candy","status":"publish","type":"product","link":"https:\/\/www.lechaocandy.com\/fr\/produit\/bulk-bite-size-candy\/","title":{"rendered":"Bonbons en vrac remplis au centre, bouch\u00e9es sures arc-en-ciel"},"content":{"rendered":"<div class=\"wp-block-columns is-layout-flex wp-container-core-columns-is-layout-9d6595d7 wp-block-columns-is-layout-flex\"><div class=\"wp-block-column is-layout-flow wp-block-column-is-layout-flow\"><h2 class=\"wp-block-heading\">Points forts du produit \"Bulk Bite Size Candy\" (bonbons en vrac)<\/h2>\n\n<ul class=\"wp-block-list\"><li><strong>Attrait visuel de l'arc-en-ciel :<\/strong> Les bonbons en vrac de notre usine pr\u00e9sentent des rayures rouges, jaunes, bleues et vertes ainsi qu'un gla\u00e7age scintillant. Les couleurs vives des bonbons cr\u00e9ent un effet de pr\u00e9sentation tangible, attirant le regard des clients.<\/li>\n\n<li><strong>Un fourrage explosif, une double couche de saveur sucr\u00e9e et acidul\u00e9e : <\/strong>Ces bouch\u00e9es de ceinture arc-en-ciel en gros utilisent un processus de remplissage unique. Lorsque l'on mord dans la couche ext\u00e9rieure, l\u00e9g\u00e8rement acidul\u00e9e, la garniture fruit\u00e9e explose de la couche ext\u00e9rieure, produisant une saveur riche et satisfaisante.<\/li>\n\n<li><strong>De la taille d'une bouch\u00e9e, facile \u00e0 partager : <\/strong>Ces bonbons en vrac sont pr\u00e9sent\u00e9s dans un mini-cube, ce qui permet de les consommer facilement sans qu'il y ait beaucoup de morceaux de bonbons qui tombent. Ces bonbons conviennent \u00e0 toutes les occasions, y compris comme en-cas au bureau, comme bonbons de f\u00eate ou comme nourriture \u00e0 partager avec les enfants.<\/li>\n\n<li><strong>Fabrication de haute qualit\u00e9, texture moelleuse : <\/strong>Nos bouch\u00e9es de ceinture arc-en-ciel en gros sont pleines et m\u00eame lorsque vous sentez et go\u00fbtez la gomme. Les gommes ne sont pas dures ou collantes, elles sont moelleuses et souples - un exemple du contr\u00f4le strict des mati\u00e8res premi\u00e8res et des processus de la marque.<\/li>\n\n<li><strong>Emballage \u00e0 l'effigie de la marque, forte reconnaissance de la marque : <\/strong>Nos bonbons \u00e0 croquer en vrac pr\u00e9sentent un emballage vif et anim\u00e9, avec des personnages de dessins anim\u00e9s qui renforcent la m\u00e9morisation de la marque, ce qui les rend appropri\u00e9s comme cadeaux promotionnels, cadeaux d'\u00e9v\u00e9nements ou pour la distribution en gros.<\/li><\/ul><\/div>\n\n<div class=\"wp-block-column is-layout-flow wp-block-column-is-layout-flow\"><figure class=\"wp-block-image size-full\"><img decoding=\"async\" width=\"800\" height=\"800\" src=\"https:\/\/www.lechaocandy.com\/wp-content\/uploads\/2025\/11\/Center-Filled-Bulk-Bite-Size-Candy-Rainbow-Sour-Belt-Bites-1.webp\" alt=\"Bonbons en vrac remplis au centre, bouch\u00e9es arc-en-ciel acidul\u00e9es-1\" class=\"wp-image-2252\" srcset=\"https:\/\/www.lechaocandy.com\/wp-content\/uploads\/2025\/11\/Center-Filled-Bulk-Bite-Size-Candy-Rainbow-Sour-Belt-Bites-1.webp 800w, https:\/\/www.lechaocandy.com\/wp-content\/uploads\/2025\/11\/Center-Filled-Bulk-Bite-Size-Candy-Rainbow-Sour-Belt-Bites-1-300x300.webp 300w, https:\/\/www.lechaocandy.com\/wp-content\/uploads\/2025\/11\/Center-Filled-Bulk-Bite-Size-Candy-Rainbow-Sour-Belt-Bites-1-150x150.webp 150w, https:\/\/www.lechaocandy.com\/wp-content\/uploads\/2025\/11\/Center-Filled-Bulk-Bite-Size-Candy-Rainbow-Sour-Belt-Bites-1-768x768.webp 768w, https:\/\/www.lechaocandy.com\/wp-content\/uploads\/2025\/11\/Center-Filled-Bulk-Bite-Size-Candy-Rainbow-Sour-Belt-Bites-1-12x12.webp 12w, https:\/\/www.lechaocandy.com\/wp-content\/uploads\/2025\/11\/Center-Filled-Bulk-Bite-Size-Candy-Rainbow-Sour-Belt-Bites-1-600x600.webp 600w, https:\/\/www.lechaocandy.com\/wp-content\/uploads\/2025\/11\/Center-Filled-Bulk-Bite-Size-Candy-Rainbow-Sour-Belt-Bites-1-100x100.webp 100w\" sizes=\"(max-width: 800px) 100vw, 800px\" \/><\/figure><\/div><\/div>","protected":false},"excerpt":{"rendered":"<p>Bienvenue sur notre site de vente en gros de bonbons \u00e0 croquer. Nos bouch\u00e9es de ceinture arc-en-ciel en gros se caract\u00e9risent par un enrobage acidul\u00e9 et une mastication distincte. Ces bonbons de la taille d'une bouch\u00e9e ont de nombreuses saveurs diff\u00e9rentes avec une couche ext\u00e9rieure acidul\u00e9e et un peu de cr\u00e8me relaxante.<\/p>\n<table style=\"border-collapse: collapse; width: 300.02pt;\" border=\"0\" width=\"300\" cellspacing=\"0\" cellpadding=\"0\">\n<tbody>\n<tr style=\"height: 17.60pt;\">\n<td class=\"et2\" style=\"height: 17.60pt; width: 110.80pt;\" width=\"110\" height=\"17\">Fabricant<\/td>\n<td class=\"et2\" style=\"width: 189.95pt;\" width=\"189\">LeChao Candy<\/td>\n<\/tr>\n<tr style=\"height: 18.00pt;\">\n<td class=\"et2\" style=\"height: 18.00pt;\" height=\"18\">Type de produit<\/td>\n<td class=\"et3\" style=\"width: 189.95pt;\" width=\"189\">Bouch\u00e9e aigre remplie au centre<\/td>\n<\/tr>\n<tr style=\"height: 18.00pt;\">\n<td class=\"et2\" style=\"height: 18.00pt;\" height=\"18\">Le go\u00fbt<\/td>\n<td class=\"et3\" style=\"width: 189.95pt;\" width=\"189\">Aigre-doux et r\u00e9silient<\/td>\n<\/tr>\n<tr style=\"height: 17.60pt;\">\n<td class=\"et2\" style=\"height: 17.60pt;\" height=\"17\">MOQ<\/td>\n<td class=\"et2\">500CTNS<\/td>\n<\/tr>\n<tr style=\"height: 17.60pt;\">\n<td class=\"et2\" style=\"height: 17.60pt;\" height=\"17\">\u00c9chantillon<\/td>\n<td class=\"et2\">Disponible<\/td>\n<\/tr>\n<\/tbody>\n<\/table>\n<p>&nbsp;<\/p>\n<p>&nbsp;<\/p>\n<p>&nbsp;<\/p>","protected":false},"featured_media":2253,"comment_status":"open","ping_status":"closed","template":"","meta":{"_acf_changed":false},"product_brand":[],"product_cat":[20],"product_tag":[30],"class_list":{"0":"post-2251","1":"product","2":"type-product","3":"status-publish","4":"has-post-thumbnail","6":"product_cat-bulk-licorice-candy","7":"product_tag-bulk-candies-collection","9":"first","10":"instock","11":"shipping-taxable","12":"product-type-simple"},"acf":[],"_links":{"self":[{"href":"https:\/\/www.lechaocandy.com\/fr\/wp-json\/wp\/v2\/product\/2251","targetHints":{"allow":["GET"]}}],"collection":[{"href":"https:\/\/www.lechaocandy.com\/fr\/wp-json\/wp\/v2\/product"}],"about":[{"href":"https:\/\/www.lechaocandy.com\/fr\/wp-json\/wp\/v2\/types\/product"}],"replies":[{"embeddable":true,"href":"https:\/\/www.lechaocandy.com\/fr\/wp-json\/wp\/v2\/comments?post=2251"}],"wp:featuredmedia":[{"embeddable":true,"href":"https:\/\/www.lechaocandy.com\/fr\/wp-json\/wp\/v2\/media\/2253"}],"wp:attachment":[{"href":"https:\/\/www.lechaocandy.com\/fr\/wp-json\/wp\/v2\/media?parent=2251"}],"wp:term":[{"taxonomy":"product_brand","embeddable":true,"href":"https:\/\/www.lechaocandy.com\/fr\/wp-json\/wp\/v2\/product_brand?post=2251"},{"taxonomy":"product_cat","embeddable":true,"href":"https:\/\/www.lechaocandy.com\/fr\/wp-json\/wp\/v2\/product_cat?post=2251"},{"taxonomy":"product_tag","embeddable":true,"href":"https:\/\/www.lechaocandy.com\/fr\/wp-json\/wp\/v2\/product_tag?post=2251"}],"curies":[{"name":"wp","href":"https:\/\/api.w.org\/{rel}","templated":true}]}}