{"id":2271,"date":"2025-11-26T08:00:44","date_gmt":"2025-11-26T08:00:44","guid":{"rendered":"https:\/\/www.lechaocandy.com\/?post_type=product&#038;p=2271"},"modified":"2025-11-26T08:27:01","modified_gmt":"2025-11-26T08:27:01","slug":"wholesale-rainbow-gummies","status":"publish","type":"product","link":"https:\/\/www.lechaocandy.com\/fr\/produit\/wholesale-rainbow-gummies\/","title":{"rendered":"LeChao Wholesale Rainbow Gummies, Bulk Pack Sour Belt Bites"},"content":{"rendered":"<div class=\"wp-block-columns is-layout-flex wp-container-core-columns-is-layout-9d6595d7 wp-block-columns-is-layout-flex\"><div class=\"wp-block-column is-layout-flow wp-block-column-is-layout-flow\"><h2 class=\"wp-block-heading\">Points forts du produit Wholesale Rainbow Gummies<\/h2>\n\n<ul class=\"wp-block-list\"><li><strong>Des visuels arc-en-ciel vibrants, une mise en valeur des rayons : <\/strong>Nos gommes arc-en-ciel en gros pr\u00e9sentent une combinaison de couleurs vibrantes, cr\u00e9ant un effet arc-en-ciel \u00e9blouissant, avec une surface glac\u00e9e scintillante.<\/li>\n\n<li><strong>Forme unique de bandes, texture amusante et moelleuse :<\/strong> Ces bouch\u00e9es innovantes de ceinture de gros sont de taille parfaite, combinant gla\u00e7age et gommes \u00e0 m\u00e2cher pour une exp\u00e9rience \u00e0 double texture.<\/li>\n\n<li><strong>\u00c9quilibre parfait entre le sucr\u00e9 et l'aigre<\/strong>: Nos gommes arc-en-ciel en gros ont une recette aigre-douce pr\u00e9cise. L'explosion initiale d'une acidit\u00e9 vive r\u00e9veille instantan\u00e9ment les papilles gustatives, suivie de couches distinctes de saveurs qui laissent un arri\u00e8re-go\u00fbt persistant.<\/li>\n\n<li><strong>Excellent rapport qualit\u00e9-prix : <\/strong>Nos courroies mordantes en gros sont vendues directement par l'usine, ce qui vous permet de b\u00e9n\u00e9ficier de prix de gros tr\u00e8s comp\u00e9titifs et de garantir votre marge b\u00e9n\u00e9ficiaire.<\/li>\n\n<li><strong>Prise en charge d'une personnalisation flexible :<\/strong> Nous fournissons des gommes arc-en-ciel en gros avec des services complets de personnalisation OEM, de l'ar\u00f4me et de la couleur \u00e0 l'emballage ext\u00e9rieur, pour aider \u00e0 cr\u00e9er des produits diff\u00e9renci\u00e9s.<\/li><\/ul><\/div>\n\n<div class=\"wp-block-column is-layout-flow wp-block-column-is-layout-flow\"><figure class=\"wp-block-image size-full\"><img decoding=\"async\" width=\"800\" height=\"800\" src=\"https:\/\/www.lechaocandy.com\/wp-content\/uploads\/2025\/11\/LeChao-Wholesale-Rainbow-Gummies-Bulk-Pack-Sour-Belt-Bites-1.webp\" alt=\"LeChao Wholesale Rainbow Gummies, Bulk Pack Sour Belt Bites-1\" class=\"wp-image-2272\" srcset=\"https:\/\/www.lechaocandy.com\/wp-content\/uploads\/2025\/11\/LeChao-Wholesale-Rainbow-Gummies-Bulk-Pack-Sour-Belt-Bites-1.webp 800w, https:\/\/www.lechaocandy.com\/wp-content\/uploads\/2025\/11\/LeChao-Wholesale-Rainbow-Gummies-Bulk-Pack-Sour-Belt-Bites-1-300x300.webp 300w, https:\/\/www.lechaocandy.com\/wp-content\/uploads\/2025\/11\/LeChao-Wholesale-Rainbow-Gummies-Bulk-Pack-Sour-Belt-Bites-1-150x150.webp 150w, https:\/\/www.lechaocandy.com\/wp-content\/uploads\/2025\/11\/LeChao-Wholesale-Rainbow-Gummies-Bulk-Pack-Sour-Belt-Bites-1-768x768.webp 768w, https:\/\/www.lechaocandy.com\/wp-content\/uploads\/2025\/11\/LeChao-Wholesale-Rainbow-Gummies-Bulk-Pack-Sour-Belt-Bites-1-12x12.webp 12w, https:\/\/www.lechaocandy.com\/wp-content\/uploads\/2025\/11\/LeChao-Wholesale-Rainbow-Gummies-Bulk-Pack-Sour-Belt-Bites-1-600x600.webp 600w, https:\/\/www.lechaocandy.com\/wp-content\/uploads\/2025\/11\/LeChao-Wholesale-Rainbow-Gummies-Bulk-Pack-Sour-Belt-Bites-1-100x100.webp 100w\" sizes=\"(max-width: 800px) 100vw, 800px\" \/><\/figure><\/div><\/div><p><\/p>","protected":false},"excerpt":{"rendered":"<p>Bienvenue pour commander nos gommes arc-en-ciel en gros. Nos gommes arc-en-ciel offrent une texture moelleuse et amusante en vrac. Nous fournissons un service de gros complet, de la production \u00e0 l'emballage, ce qui fait de nous le choix id\u00e9al pour conqu\u00e9rir des parts de march\u00e9.<\/p>\n<table style=\"border-collapse: collapse; width: 300.02pt;\" border=\"0\" width=\"300\" cellspacing=\"0\" cellpadding=\"0\">\n<tbody>\n<tr style=\"height: 17.60pt;\">\n<td class=\"et2\" style=\"height: 17.60pt; width: 110.80pt;\" width=\"110\" height=\"17\">Fabricant<\/td>\n<td class=\"et2\" style=\"width: 189.95pt;\" width=\"189\">LeChao Candy<\/td>\n<\/tr>\n<tr style=\"height: 18.00pt;\">\n<td class=\"et2\" style=\"height: 18.00pt;\" height=\"18\">Type de produit<\/td>\n<td class=\"et3\" style=\"width: 189.95pt;\" width=\"189\">Ceintures de s\u00e9curit\u00e9 arc-en-ciel<\/td>\n<\/tr>\n<tr style=\"height: 18.00pt;\">\n<td class=\"et2\" style=\"height: 18.00pt;\" height=\"18\">Le go\u00fbt<\/td>\n<td class=\"et3\" style=\"width: 189.95pt;\" width=\"189\">Aigre-doux et r\u00e9silient<\/td>\n<\/tr>\n<tr style=\"height: 17.60pt;\">\n<td class=\"et2\" style=\"height: 17.60pt;\" height=\"17\">MOQ<\/td>\n<td class=\"et2\">500CTNS<\/td>\n<\/tr>\n<tr style=\"height: 17.60pt;\">\n<td class=\"et2\" style=\"height: 17.60pt;\" height=\"17\">\u00c9chantillon<\/td>\n<td class=\"et2\">Disponible<\/td>\n<\/tr>\n<\/tbody>\n<\/table>\n<p>&nbsp;<\/p>\n<p>&nbsp;<\/p>\n<p>&nbsp;<\/p>","protected":false},"featured_media":2273,"comment_status":"open","ping_status":"closed","template":"","meta":{"_acf_changed":false},"product_brand":[],"product_cat":[20],"product_tag":[30],"class_list":{"0":"post-2271","1":"product","2":"type-product","3":"status-publish","4":"has-post-thumbnail","6":"product_cat-bulk-licorice-candy","7":"product_tag-bulk-candies-collection","9":"first","10":"instock","11":"shipping-taxable","12":"product-type-simple"},"acf":[],"_links":{"self":[{"href":"https:\/\/www.lechaocandy.com\/fr\/wp-json\/wp\/v2\/product\/2271","targetHints":{"allow":["GET"]}}],"collection":[{"href":"https:\/\/www.lechaocandy.com\/fr\/wp-json\/wp\/v2\/product"}],"about":[{"href":"https:\/\/www.lechaocandy.com\/fr\/wp-json\/wp\/v2\/types\/product"}],"replies":[{"embeddable":true,"href":"https:\/\/www.lechaocandy.com\/fr\/wp-json\/wp\/v2\/comments?post=2271"}],"wp:featuredmedia":[{"embeddable":true,"href":"https:\/\/www.lechaocandy.com\/fr\/wp-json\/wp\/v2\/media\/2273"}],"wp:attachment":[{"href":"https:\/\/www.lechaocandy.com\/fr\/wp-json\/wp\/v2\/media?parent=2271"}],"wp:term":[{"taxonomy":"product_brand","embeddable":true,"href":"https:\/\/www.lechaocandy.com\/fr\/wp-json\/wp\/v2\/product_brand?post=2271"},{"taxonomy":"product_cat","embeddable":true,"href":"https:\/\/www.lechaocandy.com\/fr\/wp-json\/wp\/v2\/product_cat?post=2271"},{"taxonomy":"product_tag","embeddable":true,"href":"https:\/\/www.lechaocandy.com\/fr\/wp-json\/wp\/v2\/product_tag?post=2271"}],"curies":[{"name":"wp","href":"https:\/\/api.w.org\/{rel}","templated":true}]}}