{"id":2313,"date":"2025-12-11T09:39:27","date_gmt":"2025-12-11T09:39:27","guid":{"rendered":"https:\/\/www.lechaocandy.com\/?post_type=product&#038;p=2313"},"modified":"2025-12-11T09:53:07","modified_gmt":"2025-12-11T09:53:07","slug":"wholesale-vitamin-c-gummy","status":"publish","type":"product","link":"https:\/\/www.lechaocandy.com\/fr\/produit\/wholesale-vitamin-c-gummy\/","title":{"rendered":"Bonbons g\u00e9lifi\u00e9s \u00e0 la vitamine C en gros, saveur orange douce"},"content":{"rendered":"<div class=\"wp-block-columns is-layout-flex wp-container-core-columns-is-layout-9d6595d7 wp-block-columns-is-layout-flex\"><div class=\"wp-block-column is-layout-flow wp-block-column-is-layout-flow\"><h2 class=\"wp-block-heading\">Produits phares de la vitamine C gommeuse en gros<\/h2>\n\n<ul class=\"wp-block-list\"><li><strong>Double valeur, combinant go\u00fbt et nutrition : <\/strong>Ces gommes \u00e0 la vitamine C en gros \u00e9clatent dans la bouche avec un go\u00fbt acidul\u00e9 d'orange, elles sont douces et faciles \u00e0 m\u00e2cher, tout en \u00e9tant compl\u00e9t\u00e9es par de la vitamine C pour une suppl\u00e9mentation quotidienne facile \u00e0 prendre en une seule fois. Les consommateurs soucieux de leur sant\u00e9 vont adorer ces friandises !<\/li>\n\n<li><strong>Apparence exquise, attrait visuel et texture remarquables : <\/strong>Nos bonbons g\u00e9lifi\u00e9s en vrac sont uniform\u00e9ment enrob\u00e9s de cristaux de sucre \u00e9tincelants, d'une couleur dor\u00e9e brillante et d'un aspect unique et de haute qualit\u00e9 qui am\u00e9liore consid\u00e9rablement l'attrait de la pr\u00e9sentation du produit.<\/li>\n\n<li><strong>Sp\u00e9cifications flexibles, r\u00e9pondant aux divers besoins des grossistes : <\/strong>Nos gommes \u00e0 la vitamine C sont disponibles en bouteilles de 68 grammes pour la vente au d\u00e9tail et en bo\u00eetes de 544 grammes pour la vente en gros. Le design de l'emballage est \u00e9l\u00e9gant et rafra\u00eechissant. Il convient \u00e0 la vente individuelle, aux coffrets cadeaux ou aux cadeaux d'entreprise personnalis\u00e9s, offrant des options d'achat et de distribution flexibles.<\/li>\n\n<li><strong>Large gamme d'applications, couvrant tous les besoins des clients : <\/strong>Ces gommes \u00e0 la vitamine C en gros combinent le plaisir d'un en-cas et les bienfaits pour la sant\u00e9. Elles conviennent \u00e0 divers sc\u00e9narios de consommation, tels que les loisirs quotidiens, les en-cas au bureau, les en-cas pour enfants et les cadeaux, attirant un large public et poss\u00e9dant un fort potentiel de vente.<\/li><\/ul><\/div>\n\n<div class=\"wp-block-column is-layout-flow wp-block-column-is-layout-flow\"><figure class=\"wp-block-image size-full\"><img decoding=\"async\" width=\"800\" height=\"800\" src=\"https:\/\/www.lechaocandy.com\/wp-content\/uploads\/2025\/12\/Sweet-Orange-Flavor-Wholesale-Vitamin-C-Gummy-Candies-1.webp\" alt=\"Bonbons g\u00e9lifi\u00e9s \u00e0 la vitamine C en gros, saveur orange douce-1\" class=\"wp-image-2314\" srcset=\"https:\/\/www.lechaocandy.com\/wp-content\/uploads\/2025\/12\/Sweet-Orange-Flavor-Wholesale-Vitamin-C-Gummy-Candies-1.webp 800w, https:\/\/www.lechaocandy.com\/wp-content\/uploads\/2025\/12\/Sweet-Orange-Flavor-Wholesale-Vitamin-C-Gummy-Candies-1-300x300.webp 300w, https:\/\/www.lechaocandy.com\/wp-content\/uploads\/2025\/12\/Sweet-Orange-Flavor-Wholesale-Vitamin-C-Gummy-Candies-1-150x150.webp 150w, https:\/\/www.lechaocandy.com\/wp-content\/uploads\/2025\/12\/Sweet-Orange-Flavor-Wholesale-Vitamin-C-Gummy-Candies-1-768x768.webp 768w, https:\/\/www.lechaocandy.com\/wp-content\/uploads\/2025\/12\/Sweet-Orange-Flavor-Wholesale-Vitamin-C-Gummy-Candies-1-12x12.webp 12w, https:\/\/www.lechaocandy.com\/wp-content\/uploads\/2025\/12\/Sweet-Orange-Flavor-Wholesale-Vitamin-C-Gummy-Candies-1-600x600.webp 600w, https:\/\/www.lechaocandy.com\/wp-content\/uploads\/2025\/12\/Sweet-Orange-Flavor-Wholesale-Vitamin-C-Gummy-Candies-1-100x100.webp 100w\" sizes=\"(max-width: 800px) 100vw, 800px\" \/><\/figure><\/div><\/div>","protected":false},"excerpt":{"rendered":"<p>Bienvenue dans la commande en gros de bonbons g\u00e9lifi\u00e9s ! Nos gommes en gros \u00e0 la vitamine C et au go\u00fbt d'orange sont saupoudr\u00e9es d'un sucre p\u00e9tillant, ont une texture moelleuse satisfaisante et un \u00e9quilibre brillant entre le sucr\u00e9 et le piquant. Chaque gomme est enrichie en vitamine C, ce qui vous donne une g\u00e2terie savoureuse et un petit apport nutritionnel.<\/p>\n<table style=\"border-collapse: collapse; width: 329.02pt;\" border=\"0\" width=\"329\" cellspacing=\"0\" cellpadding=\"0\">\n<tbody>\n<tr style=\"height: 17.60pt;\">\n<td class=\"et2\" style=\"height: 17.60pt; width: 110.80pt;\" width=\"110\" height=\"17\">Fabricant<\/td>\n<td class=\"et2\" style=\"width: 219.15pt;\" width=\"219\">LeChao Candy<\/td>\n<\/tr>\n<tr style=\"height: 18.00pt;\">\n<td class=\"et2\" style=\"height: 18.00pt;\" height=\"18\">Type de produit<\/td>\n<td class=\"et3\" style=\"width: 219.15pt;\" width=\"219\">Bonbons g\u00e9lifi\u00e9s \u00e0 l'orange et \u00e0 la vitamine C<\/td>\n<\/tr>\n<tr style=\"height: 18.00pt;\">\n<td class=\"et2\" style=\"height: 18.00pt;\" height=\"18\">Le go\u00fbt<\/td>\n<td class=\"et3\" style=\"width: 219.15pt;\" width=\"219\">Aigre-doux et r\u00e9silient<\/td>\n<\/tr>\n<tr style=\"height: 17.60pt;\">\n<td class=\"et2\" style=\"height: 17.60pt;\" height=\"17\">Sp\u00e9cifications<\/td>\n<td class=\"et2\">68gx8bouteillesx10bo\u00eetes<\/td>\n<\/tr>\n<tr style=\"height: 17.60pt;\">\n<td class=\"et2\" style=\"height: 17.60pt;\" height=\"17\">Taille du carton<\/td>\n<td class=\"et2\">49*19.8*20cm<\/td>\n<\/tr>\n<tr style=\"height: 17.60pt;\">\n<td class=\"et2\" style=\"height: 17.60pt;\" height=\"17\">N.W.\/Carton<\/td>\n<td class=\"et2\">7,0 kg<\/td>\n<\/tr>\n<tr style=\"height: 17.60pt;\">\n<td class=\"et2\" style=\"height: 17.60pt;\" height=\"17\">MOQ<\/td>\n<td class=\"et2\">500CTNS<\/td>\n<\/tr>\n<tr style=\"height: 17.60pt;\">\n<td class=\"et2\" style=\"height: 17.60pt;\" height=\"17\">\u00c9chantillon<\/td>\n<td class=\"et2\">Disponible<\/td>\n<\/tr>\n<\/tbody>\n<\/table>","protected":false},"featured_media":2315,"comment_status":"open","ping_status":"closed","template":"","meta":{"_acf_changed":false},"product_brand":[],"product_cat":[28,19],"product_tag":[],"class_list":{"0":"post-2313","1":"product","2":"type-product","3":"status-publish","4":"has-post-thumbnail","6":"product_cat-bulk-sour-gummies","7":"product_cat-wholesale-gummy-manufacturer","9":"first","10":"instock","11":"shipping-taxable","12":"product-type-simple"},"acf":[],"_links":{"self":[{"href":"https:\/\/www.lechaocandy.com\/fr\/wp-json\/wp\/v2\/product\/2313","targetHints":{"allow":["GET"]}}],"collection":[{"href":"https:\/\/www.lechaocandy.com\/fr\/wp-json\/wp\/v2\/product"}],"about":[{"href":"https:\/\/www.lechaocandy.com\/fr\/wp-json\/wp\/v2\/types\/product"}],"replies":[{"embeddable":true,"href":"https:\/\/www.lechaocandy.com\/fr\/wp-json\/wp\/v2\/comments?post=2313"}],"wp:featuredmedia":[{"embeddable":true,"href":"https:\/\/www.lechaocandy.com\/fr\/wp-json\/wp\/v2\/media\/2315"}],"wp:attachment":[{"href":"https:\/\/www.lechaocandy.com\/fr\/wp-json\/wp\/v2\/media?parent=2313"}],"wp:term":[{"taxonomy":"product_brand","embeddable":true,"href":"https:\/\/www.lechaocandy.com\/fr\/wp-json\/wp\/v2\/product_brand?post=2313"},{"taxonomy":"product_cat","embeddable":true,"href":"https:\/\/www.lechaocandy.com\/fr\/wp-json\/wp\/v2\/product_cat?post=2313"},{"taxonomy":"product_tag","embeddable":true,"href":"https:\/\/www.lechaocandy.com\/fr\/wp-json\/wp\/v2\/product_tag?post=2313"}],"curies":[{"name":"wp","href":"https:\/\/api.w.org\/{rel}","templated":true}]}}