{"id":2343,"date":"2025-12-19T06:46:29","date_gmt":"2025-12-19T06:46:29","guid":{"rendered":"https:\/\/www.lechaocandy.com\/?post_type=product&#038;p=2343"},"modified":"2025-12-19T07:06:56","modified_gmt":"2025-12-19T07:06:56","slug":"bulk-licorice-candy","status":"publish","type":"product","link":"https:\/\/www.lechaocandy.com\/fr\/produit\/bulk-licorice-candy\/","title":{"rendered":"LeChao Bonbons \u00e0 la r\u00e9glisse en vrac, torsades de r\u00e9glisse rouge et noire"},"content":{"rendered":"<div class=\"wp-block-columns is-layout-flex wp-container-core-columns-is-layout-9d6595d7 wp-block-columns-is-layout-flex\"><div class=\"wp-block-column is-layout-flow wp-block-column-is-layout-flow\"><h2 class=\"wp-block-heading\">Produits phares des bonbons \u00e0 la r\u00e9glisse en vrac<\/h2>\n\n<ul class=\"wp-block-list\"><li><strong>Saveur classique :<\/strong> Nos bonbons \u00e0 la r\u00e9glisse rouges et noirs en vrac ont un go\u00fbt riche et offrent une exp\u00e9rience classique de la r\u00e9glisse, appr\u00e9ci\u00e9e par les consommateurs de tous \u00e2ges.<\/li>\n\n<li><strong>Ingr\u00e9dients de haute qualit\u00e9 :<\/strong> Ces torsades de r\u00e9glisse en gros sont fabriqu\u00e9es \u00e0 partir d'ingr\u00e9dients de premi\u00e8re qualit\u00e9, ce qui garantit que chaque morceau de r\u00e9glisse r\u00e9pond \u00e0 des normes \u00e9lev\u00e9es en mati\u00e8re de go\u00fbt et de texture.<\/li>\n\n<li><strong>Utilisation polyvalente : <\/strong>Nos bonbons \u00e0 la r\u00e9glisse en vrac conviennent \u00e0 diverses occasions, notamment pour les en-cas, les f\u00eates et les cadeaux de No\u00ebl, et s'int\u00e8grent parfaitement \u00e0 tout \u00e9v\u00e9nement.<\/li>\n\n<li><strong>Approvisionnement en gros : <\/strong>Ces torsades de r\u00e9glisse sont disponibles en gros et r\u00e9pondent aux besoins des d\u00e9taillants, des entreprises de restauration et des boutiques de cadeaux.<\/li>\n\n<li><strong>Saveur longue dur\u00e9e :<\/strong> Nos bonbons de r\u00e9glisse en vrac vous permettent d'appr\u00e9cier la saveur unique de la r\u00e9glisse \u00e0 chaque bouch\u00e9e. Ils peuvent \u00eatre stock\u00e9s \u00e0 long terme tout en conservant leur go\u00fbt frais.<\/li><\/ul><\/div>\n\n<div class=\"wp-block-column is-layout-flow wp-block-column-is-layout-flow\"><figure class=\"wp-block-image size-full\"><img decoding=\"async\" width=\"800\" height=\"800\" src=\"https:\/\/www.lechaocandy.com\/wp-content\/uploads\/2025\/12\/LeChao-Bulk-Licorice-Candy-Red-Black-Licorice-Twists-4.webp\" alt=\"LeChao Bonbons \u00e0 la r\u00e9glisse en vrac, r\u00e9glisse rouge et noire en torsades-4\" class=\"wp-image-2347\" srcset=\"https:\/\/www.lechaocandy.com\/wp-content\/uploads\/2025\/12\/LeChao-Bulk-Licorice-Candy-Red-Black-Licorice-Twists-4.webp 800w, https:\/\/www.lechaocandy.com\/wp-content\/uploads\/2025\/12\/LeChao-Bulk-Licorice-Candy-Red-Black-Licorice-Twists-4-300x300.webp 300w, https:\/\/www.lechaocandy.com\/wp-content\/uploads\/2025\/12\/LeChao-Bulk-Licorice-Candy-Red-Black-Licorice-Twists-4-150x150.webp 150w, https:\/\/www.lechaocandy.com\/wp-content\/uploads\/2025\/12\/LeChao-Bulk-Licorice-Candy-Red-Black-Licorice-Twists-4-768x768.webp 768w, https:\/\/www.lechaocandy.com\/wp-content\/uploads\/2025\/12\/LeChao-Bulk-Licorice-Candy-Red-Black-Licorice-Twists-4-12x12.webp 12w, https:\/\/www.lechaocandy.com\/wp-content\/uploads\/2025\/12\/LeChao-Bulk-Licorice-Candy-Red-Black-Licorice-Twists-4-600x600.webp 600w, https:\/\/www.lechaocandy.com\/wp-content\/uploads\/2025\/12\/LeChao-Bulk-Licorice-Candy-Red-Black-Licorice-Twists-4-100x100.webp 100w\" sizes=\"(max-width: 800px) 100vw, 800px\" \/><\/figure><\/div><\/div><p><\/p>","protected":false},"excerpt":{"rendered":"<p>Bienvenue pour acheter des bonbons \u00e0 la r\u00e9glisse en gros. Nos torsades de r\u00e9glisse en gros comprennent des torsades de r\u00e9glisse rouge et noire classiques, fabriqu\u00e9es \u00e0 partir d'ingr\u00e9dients de haute qualit\u00e9 soigneusement s\u00e9lectionn\u00e9s, offrant un go\u00fbt unique adapt\u00e9 \u00e0 diverses occasions et aux besoins des consommateurs.<\/p>\n<table style=\"border-collapse: collapse; width: 300.02pt;\" border=\"0\" width=\"300\" cellspacing=\"0\" cellpadding=\"0\">\n<tbody>\n<tr style=\"height: 17.60pt;\">\n<td class=\"et2\" style=\"height: 17.60pt; width: 110.80pt;\" width=\"110\" height=\"17\">Fabricant<\/td>\n<td class=\"et2\" style=\"width: 189.95pt;\" width=\"189\">LeChao Candy<\/td>\n<\/tr>\n<tr style=\"height: 18.00pt;\">\n<td class=\"et2\" style=\"height: 18.00pt;\" height=\"18\">Type de produit<\/td>\n<td class=\"et3\" style=\"width: 189.95pt;\" width=\"189\">Torsades de r\u00e9glisse rouge et noire<\/td>\n<\/tr>\n<tr style=\"height: 18.00pt;\">\n<td class=\"et2\" style=\"height: 18.00pt;\" height=\"18\">Le go\u00fbt<\/td>\n<td class=\"et3\" style=\"width: 189.95pt;\" width=\"189\">Aigre-doux et r\u00e9silient<\/td>\n<\/tr>\n<tr style=\"height: 17.60pt;\">\n<td class=\"et2\" style=\"height: 17.60pt;\" height=\"17\">MOQ<\/td>\n<td class=\"et2\">500CTNS<\/td>\n<\/tr>\n<tr style=\"height: 17.60pt;\">\n<td class=\"et2\" style=\"height: 17.60pt;\" height=\"17\">\u00c9chantillon<\/td>\n<td class=\"et2\">Disponible<\/td>\n<\/tr>\n<\/tbody>\n<\/table>\n<p>&nbsp;<\/p>\n<p>&nbsp;<\/p>\n<p>&nbsp;<\/p>","protected":false},"featured_media":2348,"comment_status":"open","ping_status":"closed","template":"","meta":{"_acf_changed":false},"product_brand":[],"product_cat":[20],"product_tag":[30],"class_list":{"0":"post-2343","1":"product","2":"type-product","3":"status-publish","4":"has-post-thumbnail","6":"product_cat-bulk-licorice-candy","7":"product_tag-bulk-candies-collection","9":"first","10":"instock","11":"shipping-taxable","12":"product-type-simple"},"acf":[],"_links":{"self":[{"href":"https:\/\/www.lechaocandy.com\/fr\/wp-json\/wp\/v2\/product\/2343","targetHints":{"allow":["GET"]}}],"collection":[{"href":"https:\/\/www.lechaocandy.com\/fr\/wp-json\/wp\/v2\/product"}],"about":[{"href":"https:\/\/www.lechaocandy.com\/fr\/wp-json\/wp\/v2\/types\/product"}],"replies":[{"embeddable":true,"href":"https:\/\/www.lechaocandy.com\/fr\/wp-json\/wp\/v2\/comments?post=2343"}],"wp:featuredmedia":[{"embeddable":true,"href":"https:\/\/www.lechaocandy.com\/fr\/wp-json\/wp\/v2\/media\/2348"}],"wp:attachment":[{"href":"https:\/\/www.lechaocandy.com\/fr\/wp-json\/wp\/v2\/media?parent=2343"}],"wp:term":[{"taxonomy":"product_brand","embeddable":true,"href":"https:\/\/www.lechaocandy.com\/fr\/wp-json\/wp\/v2\/product_brand?post=2343"},{"taxonomy":"product_cat","embeddable":true,"href":"https:\/\/www.lechaocandy.com\/fr\/wp-json\/wp\/v2\/product_cat?post=2343"},{"taxonomy":"product_tag","embeddable":true,"href":"https:\/\/www.lechaocandy.com\/fr\/wp-json\/wp\/v2\/product_tag?post=2343"}],"curies":[{"name":"wp","href":"https:\/\/api.w.org\/{rel}","templated":true}]}}