{"id":2428,"date":"2026-01-28T10:11:27","date_gmt":"2026-01-28T10:11:27","guid":{"rendered":"https:\/\/www.lechaocandy.com\/?post_type=product&#038;p=2428"},"modified":"2026-01-28T10:15:19","modified_gmt":"2026-01-28T10:15:19","slug":"nonpareils-gummies-bulk","status":"publish","type":"product","link":"https:\/\/www.lechaocandy.com\/fr\/produit\/nonpareils-gummies-bulk\/","title":{"rendered":"Nonpareils Gummies Bulk, Wholesale Crunchy Gummy Candy"},"content":{"rendered":"<div class=\"wp-block-columns is-layout-flex wp-container-core-columns-is-layout-9d6595d7 wp-block-columns-is-layout-flex\"><div class=\"wp-block-column is-layout-flow wp-block-column-is-layout-flow\"><h2 class=\"wp-block-heading\">Product Highlights of Nonpareils Gummies Bulk<\/h2>\n\n<ul class=\"wp-block-list\"><li><strong>Double go\u00fbt : <\/strong>These nonpareils gummies bulk have a soft fruity inner layer and a crispy outer layer of sugar beads, bringing a rich and interesting chewing experience.<\/li>\n\n<li><strong>Color\u00e9e :<\/strong> Our wholesale crunchy gummy candies use rainbow colors, which are eye-catching and suitable for party, holiday decoration and gift packaging.<\/li>\n\n<li><strong>Ingr\u00e9dients de haute qualit\u00e9 : <\/strong>Our nonpareils gummies bulk use high-quality syrups and natural flavors, which are sweet and non-greasy, safe and reliable.<\/li>\n\n<li><strong>Convient \u00e0 de multiples sc\u00e9narios :<\/strong> These ur wholesale crunchy gummy candies are suitable for candy wholesale, supermarket retail, vending machines and DIY candy mixed packaging.<\/li>\n\n<li><strong>Les grands emballages sont plus abordables : <\/strong>Our nonpareils gummies bulk support bulk wholesale, high cost performance, and meet the needs of bulk purchases.<\/li><\/ul><\/div>\n\n<div class=\"wp-block-column is-layout-flow wp-block-column-is-layout-flow\"><figure class=\"wp-block-image size-full\"><img decoding=\"async\" width=\"800\" height=\"800\" src=\"https:\/\/www.lechaocandy.com\/wp-content\/uploads\/2026\/01\/Nonpareils-Gummies-Bulk-Wholesale-Crunchy-Gummy-Candy-5.webp\" alt=\"Nonpareils Gummies Bulk, Wholesale Crunchy Gummy Candy-5\" class=\"wp-image-2433\" srcset=\"https:\/\/www.lechaocandy.com\/wp-content\/uploads\/2026\/01\/Nonpareils-Gummies-Bulk-Wholesale-Crunchy-Gummy-Candy-5.webp 800w, https:\/\/www.lechaocandy.com\/wp-content\/uploads\/2026\/01\/Nonpareils-Gummies-Bulk-Wholesale-Crunchy-Gummy-Candy-5-300x300.webp 300w, https:\/\/www.lechaocandy.com\/wp-content\/uploads\/2026\/01\/Nonpareils-Gummies-Bulk-Wholesale-Crunchy-Gummy-Candy-5-150x150.webp 150w, https:\/\/www.lechaocandy.com\/wp-content\/uploads\/2026\/01\/Nonpareils-Gummies-Bulk-Wholesale-Crunchy-Gummy-Candy-5-768x768.webp 768w, https:\/\/www.lechaocandy.com\/wp-content\/uploads\/2026\/01\/Nonpareils-Gummies-Bulk-Wholesale-Crunchy-Gummy-Candy-5-12x12.webp 12w, https:\/\/www.lechaocandy.com\/wp-content\/uploads\/2026\/01\/Nonpareils-Gummies-Bulk-Wholesale-Crunchy-Gummy-Candy-5-600x600.webp 600w, https:\/\/www.lechaocandy.com\/wp-content\/uploads\/2026\/01\/Nonpareils-Gummies-Bulk-Wholesale-Crunchy-Gummy-Candy-5-100x100.webp 100w\" sizes=\"(max-width: 800px) 100vw, 800px\" \/><\/figure><\/div><\/div>","protected":false},"excerpt":{"rendered":"<p>Bienvenue sur le site de vente en gros de bonbons g\u00e9lifi\u00e9s. Nos bonbons nonpareils arc-en-ciel en vrac combinent le go\u00fbt moelleux des bonbons g\u00e9lifi\u00e9s aromatis\u00e9s aux fruits avec le go\u00fbt croustillant de la couche ext\u00e9rieure de l'enrobage de sucre. Ils sont color\u00e9s et riches en go\u00fbt, ce qui en fait un choix id\u00e9al pour les magasins de snacks, les stands de bonbons et les bocaux de bonbons mixtes.<\/p>\n<table style=\"border-collapse: collapse; width: 329.02pt;\" border=\"0\" width=\"329\" cellspacing=\"0\" cellpadding=\"0\">\n<tbody>\n<tr style=\"height: 17.60pt;\">\n<td class=\"et2\" style=\"height: 17.60pt; width: 110.80pt;\" width=\"110\" height=\"17\">Fabricant<\/td>\n<td class=\"et2\" style=\"width: 219.15pt;\" width=\"219\">LeChao Candy<\/td>\n<\/tr>\n<tr style=\"height: 18.00pt;\">\n<td class=\"et2\" style=\"height: 18.00pt;\" height=\"18\">Type de produit<\/td>\n<td class=\"et3\" style=\"width: 219.15pt;\" width=\"219\">Gommes nonpareils<\/td>\n<\/tr>\n<tr style=\"height: 18.00pt;\">\n<td class=\"et2\" style=\"height: 18.00pt;\" height=\"18\">Le go\u00fbt<\/td>\n<td class=\"et3\" style=\"width: 219.15pt;\" width=\"219\">Aigre-doux et r\u00e9silient<\/td>\n<\/tr>\n<tr style=\"height: 17.60pt;\">\n<td class=\"et2\" style=\"height: 17.60pt;\" height=\"17\">Sp\u00e9cifications<\/td>\n<td class=\"et2\">60g*12bouteilles*6bo\u00eetes<\/td>\n<\/tr>\n<tr style=\"height: 17.60pt;\">\n<td class=\"et2\" style=\"height: 17.60pt;\" height=\"17\">Taille du carton<\/td>\n<td class=\"et2\">44.5*17*25.7cm<\/td>\n<\/tr>\n<tr style=\"height: 17.60pt;\">\n<td class=\"et2\" style=\"height: 17.60pt;\" height=\"17\">N.W.\/Carton<\/td>\n<td class=\"et2\">5,7 kg<\/td>\n<\/tr>\n<tr style=\"height: 17.60pt;\">\n<td class=\"et2\" style=\"height: 17.60pt;\" height=\"17\">\u00c9chantillon<\/td>\n<td class=\"et2\">Disponible<\/td>\n<\/tr>\n<\/tbody>\n<\/table>","protected":false},"featured_media":2431,"comment_status":"open","ping_status":"closed","template":"","meta":{"_acf_changed":false},"product_brand":[],"product_cat":[19,40],"product_tag":[],"class_list":{"0":"post-2428","1":"product","2":"type-product","3":"status-publish","4":"has-post-thumbnail","6":"product_cat-wholesale-gummy-manufacturer","7":"product_cat-wholesale-nonpareils-gummy","9":"first","10":"instock","11":"shipping-taxable","12":"product-type-simple"},"acf":[],"_links":{"self":[{"href":"https:\/\/www.lechaocandy.com\/fr\/wp-json\/wp\/v2\/product\/2428","targetHints":{"allow":["GET"]}}],"collection":[{"href":"https:\/\/www.lechaocandy.com\/fr\/wp-json\/wp\/v2\/product"}],"about":[{"href":"https:\/\/www.lechaocandy.com\/fr\/wp-json\/wp\/v2\/types\/product"}],"replies":[{"embeddable":true,"href":"https:\/\/www.lechaocandy.com\/fr\/wp-json\/wp\/v2\/comments?post=2428"}],"wp:featuredmedia":[{"embeddable":true,"href":"https:\/\/www.lechaocandy.com\/fr\/wp-json\/wp\/v2\/media\/2431"}],"wp:attachment":[{"href":"https:\/\/www.lechaocandy.com\/fr\/wp-json\/wp\/v2\/media?parent=2428"}],"wp:term":[{"taxonomy":"product_brand","embeddable":true,"href":"https:\/\/www.lechaocandy.com\/fr\/wp-json\/wp\/v2\/product_brand?post=2428"},{"taxonomy":"product_cat","embeddable":true,"href":"https:\/\/www.lechaocandy.com\/fr\/wp-json\/wp\/v2\/product_cat?post=2428"},{"taxonomy":"product_tag","embeddable":true,"href":"https:\/\/www.lechaocandy.com\/fr\/wp-json\/wp\/v2\/product_tag?post=2428"}],"curies":[{"name":"wp","href":"https:\/\/api.w.org\/{rel}","templated":true}]}}