{"id":2463,"date":"2026-01-31T07:10:55","date_gmt":"2026-01-31T07:10:55","guid":{"rendered":"https:\/\/www.lechaocandy.com\/?post_type=product&#038;p=2463"},"modified":"2026-01-31T07:19:41","modified_gmt":"2026-01-31T07:19:41","slug":"wholesale-crunchy-gummies","status":"publish","type":"product","link":"https:\/\/www.lechaocandy.com\/fr\/produit\/wholesale-crunchy-gummies\/","title":{"rendered":"LeChao Wholesale Crunchy Gummies, gomme nonpareil color\u00e9e"},"content":{"rendered":"<div class=\"wp-block-columns is-layout-flex wp-container-core-columns-is-layout-9d6595d7 wp-block-columns-is-layout-flex\"><div class=\"wp-block-column is-layout-flow wp-block-column-is-layout-flow\"><h2 class=\"wp-block-heading\">Points forts des produits de la vente en gros de gommes croquantes<\/h2>\n\n<ul class=\"wp-block-list\"><li><strong>Une apparence \u00e9tonnante, qui attire l'attention : <\/strong>Ces gommes croquantes en gros sont recouvertes de cristaux de sucre multicolores denses, ce qui les rend visuellement attrayantes lorsqu'elles sont pr\u00e9sent\u00e9es sur un fond blanc ou dans des sachets transparents et attire des consommateurs de tous \u00e2ges.<\/li>\n\n<li><strong>Texture riche, croustillante et moelleuse :<\/strong> La couche ext\u00e9rieure de sucre croustillant et la couche int\u00e9rieure de pectine molle des gommes nonpareilles color\u00e9es en vrac cr\u00e9ent deux textures distinctes qui procurent une exp\u00e9rience agr\u00e9able et satisfaisante lors de la mastication de ces produits.<\/li>\n\n<li><strong>Ingr\u00e9dients de haute qualit\u00e9, s\u00fbrs et fiables : <\/strong>Nos gommes croquantes en gros utilisent des colorants alimentaires et de la pectine conformes, sans ar\u00f4mes artificiels ni additifs excessifs, r\u00e9pondant ainsi aux normes de s\u00e9curit\u00e9 alimentaire, ce qui permet aux enfants et aux adultes de les d\u00e9guster en toute s\u00e9r\u00e9nit\u00e9.<\/li>\n\n<li><strong>Pratique pour l'affichage et le stockage : <\/strong>Ces gommes croquantes en gros ont des morceaux individuels non collants, ce qui les rend faciles \u00e0 portionner et \u00e0 pr\u00e9senter ; l'emballage scell\u00e9 maintient le croustillant des paillettes de sucre et l'humidit\u00e9 des gommes, ce qui prolonge la dur\u00e9e de conservation et maintient une bonne qualit\u00e9.<\/li><\/ul><\/div>\n\n<div class=\"wp-block-column is-layout-flow wp-block-column-is-layout-flow\"><figure class=\"wp-block-image size-full\"><img decoding=\"async\" width=\"1000\" height=\"1000\" src=\"https:\/\/www.lechaocandy.com\/wp-content\/uploads\/2026\/01\/LeChao-Wholesale-Crunchy-Gummies-Colorful-Nonpareil-Gummy-6.webp\" alt=\"LeChao Wholesale Crunchy Gummies, Colorful Nonpareil Gummy-6\" class=\"wp-image-2469\" srcset=\"https:\/\/www.lechaocandy.com\/wp-content\/uploads\/2026\/01\/LeChao-Wholesale-Crunchy-Gummies-Colorful-Nonpareil-Gummy-6.webp 1000w, https:\/\/www.lechaocandy.com\/wp-content\/uploads\/2026\/01\/LeChao-Wholesale-Crunchy-Gummies-Colorful-Nonpareil-Gummy-6-300x300.webp 300w, https:\/\/www.lechaocandy.com\/wp-content\/uploads\/2026\/01\/LeChao-Wholesale-Crunchy-Gummies-Colorful-Nonpareil-Gummy-6-150x150.webp 150w, https:\/\/www.lechaocandy.com\/wp-content\/uploads\/2026\/01\/LeChao-Wholesale-Crunchy-Gummies-Colorful-Nonpareil-Gummy-6-768x768.webp 768w, https:\/\/www.lechaocandy.com\/wp-content\/uploads\/2026\/01\/LeChao-Wholesale-Crunchy-Gummies-Colorful-Nonpareil-Gummy-6-12x12.webp 12w, https:\/\/www.lechaocandy.com\/wp-content\/uploads\/2026\/01\/LeChao-Wholesale-Crunchy-Gummies-Colorful-Nonpareil-Gummy-6-600x600.webp 600w, https:\/\/www.lechaocandy.com\/wp-content\/uploads\/2026\/01\/LeChao-Wholesale-Crunchy-Gummies-Colorful-Nonpareil-Gummy-6-100x100.webp 100w\" sizes=\"(max-width: 1000px) 100vw, 1000px\" \/><\/figure><\/div><\/div>","protected":false},"excerpt":{"rendered":"<p>Bienvenue sur le site d'achat en gros de gommes \u00e0 m\u00e2cher croustillantes. Nos gommes color\u00e9es nonpareilles se caract\u00e9risent par leurs combinaisons de couleurs riches et vives et par leur petite forme ronde, ce qui les rend adapt\u00e9es \u00e0 diverses occasions de loisirs, de f\u00eates et d'\u00e9v\u00e9nements.<\/p>\n<table style=\"border-collapse: collapse; width: 300.02pt;\" border=\"0\" width=\"300\" cellspacing=\"0\" cellpadding=\"0\">\n<tbody>\n<tr style=\"height: 17.60pt;\">\n<td class=\"et2\" style=\"height: 17.60pt; width: 110.80pt;\" width=\"110\" height=\"17\">Fabricant<\/td>\n<td class=\"et2\" style=\"width: 189.95pt;\" width=\"189\">LeChao Candy<\/td>\n<\/tr>\n<tr style=\"height: 18.00pt;\">\n<td class=\"et2\" style=\"height: 18.00pt;\" height=\"18\">Type de produit<\/td>\n<td class=\"et3\" style=\"width: 189.95pt;\" width=\"189\">Gomme nonpareil<\/td>\n<\/tr>\n<tr style=\"height: 18.00pt;\">\n<td class=\"et2\" style=\"height: 18.00pt;\" height=\"18\">Le go\u00fbt<\/td>\n<td class=\"et3\" style=\"width: 189.95pt;\" width=\"189\">Aigre-doux et croustillant<\/td>\n<\/tr>\n<tr style=\"height: 17.60pt;\">\n<td class=\"et2\" style=\"height: 17.60pt;\" height=\"17\">Paquet<\/td>\n<td class=\"et2\">Emballage en vrac, bo\u00eete, bouteille, sac<\/td>\n<\/tr>\n<tr style=\"height: 17.60pt;\">\n<td class=\"et2\" style=\"height: 17.60pt;\" height=\"17\">MOQ<\/td>\n<td class=\"et2\">500CTNS<\/td>\n<\/tr>\n<tr style=\"height: 17.60pt;\">\n<td class=\"et2\" style=\"height: 17.60pt;\" height=\"17\">\u00c9chantillon<\/td>\n<td class=\"et2\">Disponible<\/td>\n<\/tr>\n<\/tbody>\n<\/table>\n<p>&nbsp;<\/p>\n<p>&nbsp;<\/p>\n<p>&nbsp;<\/p>","protected":false},"featured_media":2467,"comment_status":"open","ping_status":"closed","template":"","meta":{"_acf_changed":false},"product_brand":[],"product_cat":[19,40],"product_tag":[],"class_list":{"0":"post-2463","1":"product","2":"type-product","3":"status-publish","4":"has-post-thumbnail","6":"product_cat-wholesale-gummy-manufacturer","7":"product_cat-wholesale-nonpareils-gummy","9":"first","10":"instock","11":"shipping-taxable","12":"product-type-simple"},"acf":[],"_links":{"self":[{"href":"https:\/\/www.lechaocandy.com\/fr\/wp-json\/wp\/v2\/product\/2463","targetHints":{"allow":["GET"]}}],"collection":[{"href":"https:\/\/www.lechaocandy.com\/fr\/wp-json\/wp\/v2\/product"}],"about":[{"href":"https:\/\/www.lechaocandy.com\/fr\/wp-json\/wp\/v2\/types\/product"}],"replies":[{"embeddable":true,"href":"https:\/\/www.lechaocandy.com\/fr\/wp-json\/wp\/v2\/comments?post=2463"}],"wp:featuredmedia":[{"embeddable":true,"href":"https:\/\/www.lechaocandy.com\/fr\/wp-json\/wp\/v2\/media\/2467"}],"wp:attachment":[{"href":"https:\/\/www.lechaocandy.com\/fr\/wp-json\/wp\/v2\/media?parent=2463"}],"wp:term":[{"taxonomy":"product_brand","embeddable":true,"href":"https:\/\/www.lechaocandy.com\/fr\/wp-json\/wp\/v2\/product_brand?post=2463"},{"taxonomy":"product_cat","embeddable":true,"href":"https:\/\/www.lechaocandy.com\/fr\/wp-json\/wp\/v2\/product_cat?post=2463"},{"taxonomy":"product_tag","embeddable":true,"href":"https:\/\/www.lechaocandy.com\/fr\/wp-json\/wp\/v2\/product_tag?post=2463"}],"curies":[{"name":"wp","href":"https:\/\/api.w.org\/{rel}","templated":true}]}}