{"id":2523,"date":"2026-02-26T01:04:31","date_gmt":"2026-02-26T01:04:31","guid":{"rendered":"https:\/\/www.lechaocandy.com\/?post_type=product&#038;p=2523"},"modified":"2026-02-26T01:23:42","modified_gmt":"2026-02-26T01:23:42","slug":"wholesale-chewy-candies","status":"publish","type":"product","link":"https:\/\/www.lechaocandy.com\/fr\/produit\/wholesale-chewy-candies\/","title":{"rendered":"Lechao Wholesale Chewy Candies, 120g Gummies \u00e0 la fraise"},"content":{"rendered":"<div class=\"wp-block-columns is-layout-flex wp-container-core-columns-is-layout-9d6595d7 wp-block-columns-is-layout-flex\"><div class=\"wp-block-column is-layout-flow wp-block-column-is-layout-flow\"><h2 class=\"wp-block-heading\">Produits phares de la vente en gros de bonbons \u00e0 croquer<\/h2>\n\n<ul class=\"wp-block-list\"><li><strong>Saveur classique aigre-douce : <\/strong>Nos bonbons \u00e0 m\u00e2cher en gros sont fabriqu\u00e9s \u00e0 partir d'ar\u00f4mes de fraise soigneusement s\u00e9lectionn\u00e9s, offrant un \u00e9quilibre parfait entre le sucr\u00e9 et l'acide. Les granul\u00e9s de sucre sur la couche ext\u00e9rieure cr\u00e9ent une texture \"aigre et granuleuse\" unique, ce qui en fait une friandise rafra\u00eechissante et satisfaisante.<\/li>\n\n<li><strong>Design adorable : <\/strong>Nos bonbons g\u00e9lifi\u00e9s en vrac pr\u00e9sentent un joli motif rouge et blanc, avec une forme arrondie qui est visuellement attrayante et particuli\u00e8rement populaire aupr\u00e8s des jeunes consommateurs et des enfants.<\/li>\n\n<li><strong>Fabriqu\u00e9 avec des ingr\u00e9dients de premi\u00e8re qualit\u00e9 :<\/strong> Ces bonbons \u00e0 m\u00e2cher en gros sont fabriqu\u00e9s avec de la g\u00e9latine de haute qualit\u00e9 et des ingr\u00e9dients aromatis\u00e9s aux fruits, ce qui donne une texture moelleuse et rebondissante qui reproduit parfaitement le go\u00fbt classique des bonbons g\u00e9lifi\u00e9s traditionnels.<\/li>\n\n<li><strong>Pack de partage pratique :<\/strong> Nos bonbons g\u00e9lifi\u00e9s en vrac sont propos\u00e9s dans un format pratique de 120 g, parfait pour une d\u00e9gustation individuelle ou un partage lors de f\u00eates. L'emballage transparent permet de v\u00e9rifier facilement la quantit\u00e9 restante.<\/li>\n\n<li><strong>Assurance qualit\u00e9 de la marque : <\/strong>La marque Lechao se concentre sur la production de bonbons, en contr\u00f4lant strictement le processus de production et la s\u00e9curit\u00e9 alimentaire afin de garantir que nos bonbons \u00e0 m\u00e2cher en gros r\u00e9pondent \u00e0 des normes de qualit\u00e9 \u00e9lev\u00e9es.<\/li><\/ul><\/div>\n\n<div class=\"wp-block-column is-layout-flow wp-block-column-is-layout-flow\"><figure class=\"wp-block-image size-full\"><img decoding=\"async\" width=\"1000\" height=\"1000\" src=\"https:\/\/www.lechaocandy.com\/wp-content\/uploads\/2026\/02\/Lechao-Wholesale-Chewy-Candies-120g-Strawberry-Gummies-1.webp\" alt=\"Lechao Wholesale Chewy Candies, 120g Fraise Gummies-1\" class=\"wp-image-2524\" srcset=\"https:\/\/www.lechaocandy.com\/wp-content\/uploads\/2026\/02\/Lechao-Wholesale-Chewy-Candies-120g-Strawberry-Gummies-1.webp 1000w, https:\/\/www.lechaocandy.com\/wp-content\/uploads\/2026\/02\/Lechao-Wholesale-Chewy-Candies-120g-Strawberry-Gummies-1-300x300.webp 300w, https:\/\/www.lechaocandy.com\/wp-content\/uploads\/2026\/02\/Lechao-Wholesale-Chewy-Candies-120g-Strawberry-Gummies-1-150x150.webp 150w, https:\/\/www.lechaocandy.com\/wp-content\/uploads\/2026\/02\/Lechao-Wholesale-Chewy-Candies-120g-Strawberry-Gummies-1-768x768.webp 768w, https:\/\/www.lechaocandy.com\/wp-content\/uploads\/2026\/02\/Lechao-Wholesale-Chewy-Candies-120g-Strawberry-Gummies-1-12x12.webp 12w, https:\/\/www.lechaocandy.com\/wp-content\/uploads\/2026\/02\/Lechao-Wholesale-Chewy-Candies-120g-Strawberry-Gummies-1-600x600.webp 600w, https:\/\/www.lechaocandy.com\/wp-content\/uploads\/2026\/02\/Lechao-Wholesale-Chewy-Candies-120g-Strawberry-Gummies-1-100x100.webp 100w\" sizes=\"(max-width: 1000px) 100vw, 1000px\" \/><\/figure><\/div><\/div>","protected":false},"excerpt":{"rendered":"<p>Bienvenue sur le site d'achat en gros de bonbons \u00e0 m\u00e2cher. Ce paquet de 120 g de bonbons g\u00e9lifi\u00e9s aromatis\u00e9s \u00e0 la fraise a un go\u00fbt aigre-doux avec un enrobage de sucre unique, ce qui en fait un en-cas populaire.<\/p>\n<table style=\"border-collapse: collapse; width: 300.02pt;\" border=\"0\" width=\"300\" cellspacing=\"0\" cellpadding=\"0\">\n<tbody>\n<tr style=\"height: 17.60pt;\">\n<td class=\"et2\" style=\"height: 17.60pt; width: 110.80pt;\" width=\"110\" height=\"17\">Fabricant<\/td>\n<td class=\"et2\" style=\"width: 189.95pt;\" width=\"189\">LeChao Candy<\/td>\n<\/tr>\n<tr style=\"height: 18.00pt;\">\n<td class=\"et2\" style=\"height: 18.00pt;\" height=\"18\">Type de produit<\/td>\n<td class=\"et3\" style=\"width: 189.95pt;\" width=\"189\">Gummies aigres<\/td>\n<\/tr>\n<tr style=\"height: 18.00pt;\">\n<td class=\"et2\" style=\"height: 18.00pt;\" height=\"18\">Le go\u00fbt<\/td>\n<td class=\"et3\" style=\"width: 189.95pt;\" width=\"189\">Aigre-doux et r\u00e9silient<\/td>\n<\/tr>\n<tr style=\"height: 17.60pt;\">\n<td class=\"et2\" style=\"height: 17.60pt;\" height=\"17\">Sp\u00e9cifications<\/td>\n<td class=\"et2\">120gX48sacs<\/td>\n<\/tr>\n<tr style=\"height: 17.60pt;\">\n<td class=\"et2\" style=\"height: 17.60pt;\" height=\"17\">Taille du carton<\/td>\n<td class=\"et2\">39*26*24CM<\/td>\n<\/tr>\n<tr style=\"height: 17.60pt;\">\n<td class=\"et2\" style=\"height: 17.60pt;\" height=\"17\">N.W.\/Carton<\/td>\n<td class=\"et2\">7,5 kg<\/td>\n<\/tr>\n<tr style=\"height: 17.60pt;\">\n<td class=\"et2\" style=\"height: 17.60pt;\" height=\"17\">Prix<\/td>\n<td class=\"et2\">0.55-0.57USD\/par sac<\/td>\n<\/tr>\n<tr style=\"height: 17.60pt;\">\n<td class=\"et2\" style=\"height: 17.60pt;\" height=\"17\">MOQ<\/td>\n<td class=\"et2\">500CTN<\/td>\n<\/tr>\n<tr style=\"height: 17.60pt;\">\n<td class=\"et2\" style=\"height: 17.60pt;\" height=\"17\">\u00c9chantillon<\/td>\n<td class=\"et2\">Disponible<\/td>\n<\/tr>\n<\/tbody>\n<\/table>\n<p>&nbsp;<\/p>\n<p>&nbsp;<\/p>\n<p>&nbsp;<\/p>","protected":false},"featured_media":2525,"comment_status":"open","ping_status":"closed","template":"","meta":{"_acf_changed":false},"product_brand":[],"product_cat":[19,28],"product_tag":[],"class_list":{"0":"post-2523","1":"product","2":"type-product","3":"status-publish","4":"has-post-thumbnail","6":"product_cat-wholesale-gummy-manufacturer","7":"product_cat-bulk-sour-gummies","9":"first","10":"instock","11":"shipping-taxable","12":"product-type-simple"},"acf":[],"_links":{"self":[{"href":"https:\/\/www.lechaocandy.com\/fr\/wp-json\/wp\/v2\/product\/2523","targetHints":{"allow":["GET"]}}],"collection":[{"href":"https:\/\/www.lechaocandy.com\/fr\/wp-json\/wp\/v2\/product"}],"about":[{"href":"https:\/\/www.lechaocandy.com\/fr\/wp-json\/wp\/v2\/types\/product"}],"replies":[{"embeddable":true,"href":"https:\/\/www.lechaocandy.com\/fr\/wp-json\/wp\/v2\/comments?post=2523"}],"wp:featuredmedia":[{"embeddable":true,"href":"https:\/\/www.lechaocandy.com\/fr\/wp-json\/wp\/v2\/media\/2525"}],"wp:attachment":[{"href":"https:\/\/www.lechaocandy.com\/fr\/wp-json\/wp\/v2\/media?parent=2523"}],"wp:term":[{"taxonomy":"product_brand","embeddable":true,"href":"https:\/\/www.lechaocandy.com\/fr\/wp-json\/wp\/v2\/product_brand?post=2523"},{"taxonomy":"product_cat","embeddable":true,"href":"https:\/\/www.lechaocandy.com\/fr\/wp-json\/wp\/v2\/product_cat?post=2523"},{"taxonomy":"product_tag","embeddable":true,"href":"https:\/\/www.lechaocandy.com\/fr\/wp-json\/wp\/v2\/product_tag?post=2523"}],"curies":[{"name":"wp","href":"https:\/\/api.w.org\/{rel}","templated":true}]}}