{"id":2554,"date":"2026-03-12T02:09:41","date_gmt":"2026-03-12T02:09:41","guid":{"rendered":"https:\/\/www.lechaocandy.com\/?post_type=product&#038;p=2554"},"modified":"2026-03-12T02:38:10","modified_gmt":"2026-03-12T02:38:10","slug":"soft-sweets-wholesale","status":"publish","type":"product","link":"https:\/\/www.lechaocandy.com\/fr\/produit\/soft-sweets-wholesale\/","title":{"rendered":"Bonbons mous \u00e0 la pomme verte Wholesale, enrobage de chocolat blanc"},"content":{"rendered":"<div class=\"wp-block-columns is-layout-flex wp-container-core-columns-is-layout-9d6595d7 wp-block-columns-is-layout-flex\"><div class=\"wp-block-column is-layout-flow wp-block-column-is-layout-flow\"><h2 class=\"wp-block-heading\">Produits phares de Soft Sweets Wholesale<\/h2>\n\n<ul class=\"wp-block-list\"><li><strong>Une exp\u00e9rience gustative \u00e0 plusieurs niveaux :<\/strong> Nos bonbons mous en gros combinent une couche ext\u00e9rieure croustillante, un chocolat blanc soyeux et des gommes fruit\u00e9es \u00e0 m\u00e2cher, offrant une triple sensation gustative \u00e0 chaque bouch\u00e9e.<\/li>\n\n<li><strong>Saveurs sucr\u00e9es et acides \u00e9quilibr\u00e9es : <\/strong>La l\u00e9g\u00e8re acidit\u00e9 de la pomme verte dans ces gros bonbons \u00e0 m\u00e2cher \u00e9quilibre la douceur du chocolat blanc, ce qui donne un go\u00fbt rafra\u00eechissant et d\u00e9licieux dont vous ne vous lasserez pas.<\/li>\n\n<li><strong>Visuellement attrayante : <\/strong>Les morceaux vert vif de ces bonbons mous en gros ornent les sph\u00e8res blanc cr\u00e8me, ce qui les rend parfaits pour une pr\u00e9sentation dans des sacs transparents ou en vrac, attirant ainsi les jeunes consommateurs.<\/li>\n\n<li><strong>Polyvalence polyvalente : <\/strong>Qu'il s'agisse d'un en-cas au bureau, d'un cadeau de mariage ou d'une vente en gros dans les supermarch\u00e9s, nos bonbons \u00e0 m\u00e2cher \u00e0 la pomme verte sont un choix tr\u00e8s comp\u00e9titif et populaire.<\/li><\/ul><\/div>\n\n<div class=\"wp-block-column is-layout-flow wp-block-column-is-layout-flow\"><figure class=\"wp-block-image size-full\"><img decoding=\"async\" width=\"1000\" height=\"1000\" src=\"https:\/\/www.lechaocandy.com\/wp-content\/uploads\/2026\/03\/Green-Apple-Soft-Sweets-Wholesale-White-Chocolate-Coating-3.webp\" alt=\"Bonbons mous \u00e0 la pomme verte Wholesale, Enrobage de chocolat blanc-3\" class=\"wp-image-2557\" srcset=\"https:\/\/www.lechaocandy.com\/wp-content\/uploads\/2026\/03\/Green-Apple-Soft-Sweets-Wholesale-White-Chocolate-Coating-3.webp 1000w, https:\/\/www.lechaocandy.com\/wp-content\/uploads\/2026\/03\/Green-Apple-Soft-Sweets-Wholesale-White-Chocolate-Coating-3-300x300.webp 300w, https:\/\/www.lechaocandy.com\/wp-content\/uploads\/2026\/03\/Green-Apple-Soft-Sweets-Wholesale-White-Chocolate-Coating-3-150x150.webp 150w, https:\/\/www.lechaocandy.com\/wp-content\/uploads\/2026\/03\/Green-Apple-Soft-Sweets-Wholesale-White-Chocolate-Coating-3-768x768.webp 768w, https:\/\/www.lechaocandy.com\/wp-content\/uploads\/2026\/03\/Green-Apple-Soft-Sweets-Wholesale-White-Chocolate-Coating-3-12x12.webp 12w, https:\/\/www.lechaocandy.com\/wp-content\/uploads\/2026\/03\/Green-Apple-Soft-Sweets-Wholesale-White-Chocolate-Coating-3-600x600.webp 600w, https:\/\/www.lechaocandy.com\/wp-content\/uploads\/2026\/03\/Green-Apple-Soft-Sweets-Wholesale-White-Chocolate-Coating-3-100x100.webp 100w\" sizes=\"(max-width: 1000px) 100vw, 1000px\" \/><\/figure><\/div><\/div>","protected":false},"excerpt":{"rendered":"<p>Vous recherchez des bonbons mous de qualit\u00e9 sup\u00e9rieure en gros ? Nos gommes \u00e0 la pomme verte sont recouvertes d'un riche enrobage de chocolat blanc et d'une garniture croustillante. Les ar\u00f4mes fruit\u00e9s et lact\u00e9s se m\u00e9langent parfaitement, ce qui en fait un produit sucr\u00e9 mais pas trop, id\u00e9al pour les grossistes B2B, les magasins de snacks en vrac et les coffrets cadeaux.<\/p>\n<table style=\"border-collapse: collapse; width: 300.02pt;\" border=\"0\" width=\"300\" cellspacing=\"0\" cellpadding=\"0\">\n<tbody>\n<tr style=\"height: 17.60pt;\">\n<td class=\"et2\" style=\"height: 17.60pt; width: 110.80pt;\" width=\"110\" height=\"17\">Fabricant<\/td>\n<td class=\"et2\" style=\"width: 189.95pt;\" width=\"189\">LeChao Candy<\/td>\n<\/tr>\n<tr style=\"height: 18.00pt;\">\n<td class=\"et2\" style=\"height: 18.00pt;\" height=\"18\">Type de produit<\/td>\n<td class=\"et3\" style=\"width: 189.95pt;\" width=\"189\">Gummies enrob\u00e9s de chocolat<\/td>\n<\/tr>\n<tr style=\"height: 18.00pt;\">\n<td class=\"et2\" style=\"height: 18.00pt;\" height=\"18\">Le go\u00fbt<\/td>\n<td class=\"et3\" style=\"width: 189.95pt;\" width=\"189\">Douceur et r\u00e9sistance<\/td>\n<\/tr>\n<tr style=\"height: 17.60pt;\">\n<td class=\"et2\" style=\"height: 17.60pt;\" height=\"17\">MOQ<\/td>\n<td class=\"et2\">500CTN<\/td>\n<\/tr>\n<tr style=\"height: 17.60pt;\">\n<td class=\"et2\" style=\"height: 17.60pt;\" height=\"17\">\u00c9chantillon<\/td>\n<td class=\"et2\">Disponible<\/td>\n<\/tr>\n<tr style=\"height: 17.60pt;\">\n<td class=\"et2\" style=\"height: 17.60pt;\" height=\"17\">Paquet<\/td>\n<td class=\"et2\">Sur mesure<\/td>\n<\/tr>\n<\/tbody>\n<\/table>\n<p>&nbsp;<\/p>\n<p>&nbsp;<\/p>\n<p>&nbsp;<\/p>","protected":false},"featured_media":2555,"comment_status":"open","ping_status":"closed","template":"","meta":{"_acf_changed":false},"product_brand":[],"product_cat":[19,23],"product_tag":[],"class_list":{"0":"post-2554","1":"product","2":"type-product","3":"status-publish","4":"has-post-thumbnail","6":"product_cat-wholesale-gummy-manufacturer","7":"product_cat-wholesale-chocolate-candy","9":"first","10":"instock","11":"shipping-taxable","12":"product-type-simple"},"acf":[],"_links":{"self":[{"href":"https:\/\/www.lechaocandy.com\/fr\/wp-json\/wp\/v2\/product\/2554","targetHints":{"allow":["GET"]}}],"collection":[{"href":"https:\/\/www.lechaocandy.com\/fr\/wp-json\/wp\/v2\/product"}],"about":[{"href":"https:\/\/www.lechaocandy.com\/fr\/wp-json\/wp\/v2\/types\/product"}],"replies":[{"embeddable":true,"href":"https:\/\/www.lechaocandy.com\/fr\/wp-json\/wp\/v2\/comments?post=2554"}],"wp:featuredmedia":[{"embeddable":true,"href":"https:\/\/www.lechaocandy.com\/fr\/wp-json\/wp\/v2\/media\/2555"}],"wp:attachment":[{"href":"https:\/\/www.lechaocandy.com\/fr\/wp-json\/wp\/v2\/media?parent=2554"}],"wp:term":[{"taxonomy":"product_brand","embeddable":true,"href":"https:\/\/www.lechaocandy.com\/fr\/wp-json\/wp\/v2\/product_brand?post=2554"},{"taxonomy":"product_cat","embeddable":true,"href":"https:\/\/www.lechaocandy.com\/fr\/wp-json\/wp\/v2\/product_cat?post=2554"},{"taxonomy":"product_tag","embeddable":true,"href":"https:\/\/www.lechaocandy.com\/fr\/wp-json\/wp\/v2\/product_tag?post=2554"}],"curies":[{"name":"wp","href":"https:\/\/api.w.org\/{rel}","templated":true}]}}