{"id":2558,"date":"2026-03-12T02:38:47","date_gmt":"2026-03-12T02:38:47","guid":{"rendered":"https:\/\/www.lechaocandy.com\/?post_type=product&#038;p=2558"},"modified":"2026-03-12T02:43:14","modified_gmt":"2026-03-12T02:43:14","slug":"bulk-soft-sweets","status":"publish","type":"product","link":"https:\/\/www.lechaocandy.com\/fr\/produit\/bulk-soft-sweets\/","title":{"rendered":"Bonbons moelleux \u00e0 la fraise enrob\u00e9s de chocolat blanc"},"content":{"rendered":"<div class=\"wp-block-columns is-layout-flex wp-container-core-columns-is-layout-9d6595d7 wp-block-columns-is-layout-flex\"><div class=\"wp-block-column is-layout-flow wp-block-column-is-layout-flow\"><h2 class=\"wp-block-heading\">Produits phares des bonbons mous en vrac<\/h2>\n\n<ul class=\"wp-block-list\"><li><strong>Ar\u00f4me classique de fraise :<\/strong> Ces bonbons mous en vrac sont dot\u00e9s d'un centre riche et concentr\u00e9 en ar\u00f4me de fraise, recr\u00e9ant de mani\u00e8re r\u00e9aliste le go\u00fbt aigre-doux de la vraie fraise, ce qui en fait les pr\u00e9f\u00e9r\u00e9s des consommateurs de tous \u00e2ges.<\/li>\n\n<li><strong>Un processus magistral \u00e0 trois niveaux :<\/strong> Ces bonbons g\u00e9lifi\u00e9s en gros perp\u00e9tuent le savoir-faire de la marque, en utilisant une combinaison de \"couche \u00e9cras\u00e9e + couche de chocolat + couche de gomme\" pour cr\u00e9er une texture riche et stratifi\u00e9e qui passe du croustillant au doux et au moelleux.<\/li>\n\n<li><strong>\u00c9conomie visuelle rose :<\/strong> La palette de couleurs rose et blanche de ces bonbons mous en vrac est visuellement frappante et correspond parfaitement aux besoins esth\u00e9tiques de la Saint-Valentin, des mariages et du march\u00e9 de la consommation f\u00e9minine.<\/li>\n\n<li><strong>Vente en gros et personnalisation Avantages : <\/strong>Nos bonbons g\u00e9lifi\u00e9s en gros peuvent \u00eatre achet\u00e9s en vrac et faire l'objet de sp\u00e9cifications personnalis\u00e9es. Les produits ont des propri\u00e9t\u00e9s physicochimiques stables, ce qui les rend adapt\u00e9s au transport sur de longues distances et \u00e0 la distribution \u00e0 l'\u00e9tranger.<\/li><\/ul><\/div>\n\n<div class=\"wp-block-column is-layout-flow wp-block-column-is-layout-flow\"><figure class=\"wp-block-image size-full\"><img decoding=\"async\" width=\"1000\" height=\"1000\" src=\"https:\/\/www.lechaocandy.com\/wp-content\/uploads\/2026\/03\/Strawberry-Bulk-Soft-Sweets-With-White-Chocolate-Coating-2.webp\" alt=\"Bonbons mous \u00e0 la fraise en vrac avec enrobage de chocolat blanc-2\" class=\"wp-image-2560\" srcset=\"https:\/\/www.lechaocandy.com\/wp-content\/uploads\/2026\/03\/Strawberry-Bulk-Soft-Sweets-With-White-Chocolate-Coating-2.webp 1000w, https:\/\/www.lechaocandy.com\/wp-content\/uploads\/2026\/03\/Strawberry-Bulk-Soft-Sweets-With-White-Chocolate-Coating-2-300x300.webp 300w, https:\/\/www.lechaocandy.com\/wp-content\/uploads\/2026\/03\/Strawberry-Bulk-Soft-Sweets-With-White-Chocolate-Coating-2-150x150.webp 150w, https:\/\/www.lechaocandy.com\/wp-content\/uploads\/2026\/03\/Strawberry-Bulk-Soft-Sweets-With-White-Chocolate-Coating-2-768x768.webp 768w, https:\/\/www.lechaocandy.com\/wp-content\/uploads\/2026\/03\/Strawberry-Bulk-Soft-Sweets-With-White-Chocolate-Coating-2-12x12.webp 12w, https:\/\/www.lechaocandy.com\/wp-content\/uploads\/2026\/03\/Strawberry-Bulk-Soft-Sweets-With-White-Chocolate-Coating-2-600x600.webp 600w, https:\/\/www.lechaocandy.com\/wp-content\/uploads\/2026\/03\/Strawberry-Bulk-Soft-Sweets-With-White-Chocolate-Coating-2-100x100.webp 100w\" sizes=\"(max-width: 1000px) 100vw, 1000px\" \/><\/figure><\/div><\/div>","protected":false},"excerpt":{"rendered":"<p>D\u00e9couvrez les bonbons mous en vrac de premi\u00e8re qualit\u00e9, avec un c\u0153ur de gomme \u00e0 la fraise juteuse et un enrobage de chocolat blanc cr\u00e9meux, qui constituent un choix populaire sur les march\u00e9s mondiaux des collations en vrac et des cadeaux de No\u00ebl.<\/p>\n<table style=\"border-collapse: collapse; width: 300.02pt;\" border=\"0\" width=\"300\" cellspacing=\"0\" cellpadding=\"0\">\n<tbody>\n<tr style=\"height: 17.60pt;\">\n<td class=\"et2\" style=\"height: 17.60pt; width: 110.80pt;\" width=\"110\" height=\"17\">Fabricant<\/td>\n<td class=\"et2\" style=\"width: 189.95pt;\" width=\"189\">LeChao Candy<\/td>\n<\/tr>\n<tr style=\"height: 18.00pt;\">\n<td class=\"et2\" style=\"height: 18.00pt;\" height=\"18\">Type de produit<\/td>\n<td class=\"et3\" style=\"width: 189.95pt;\" width=\"189\">Gummies enrob\u00e9s de chocolat<\/td>\n<\/tr>\n<tr style=\"height: 18.00pt;\">\n<td class=\"et2\" style=\"height: 18.00pt;\" height=\"18\">Le go\u00fbt<\/td>\n<td class=\"et3\" style=\"width: 189.95pt;\" width=\"189\">Douceur et r\u00e9sistance<\/td>\n<\/tr>\n<tr style=\"height: 17.60pt;\">\n<td class=\"et2\" style=\"height: 17.60pt;\" height=\"17\">MOQ<\/td>\n<td class=\"et2\">500CTN<\/td>\n<\/tr>\n<tr style=\"height: 17.60pt;\">\n<td class=\"et2\" style=\"height: 17.60pt;\" height=\"17\">\u00c9chantillon<\/td>\n<td class=\"et2\">Disponible<\/td>\n<\/tr>\n<tr style=\"height: 17.60pt;\">\n<td class=\"et2\" style=\"height: 17.60pt;\" height=\"17\">Paquet<\/td>\n<td class=\"et2\">Sur mesure<\/td>\n<\/tr>\n<\/tbody>\n<\/table>\n<p>&nbsp;<\/p>\n<p>&nbsp;<\/p>\n<p>&nbsp;<\/p>","protected":false},"featured_media":2559,"comment_status":"open","ping_status":"closed","template":"","meta":{"_acf_changed":false},"product_brand":[],"product_cat":[19,23],"product_tag":[],"class_list":{"0":"post-2558","1":"product","2":"type-product","3":"status-publish","4":"has-post-thumbnail","6":"product_cat-wholesale-gummy-manufacturer","7":"product_cat-wholesale-chocolate-candy","9":"first","10":"instock","11":"shipping-taxable","12":"product-type-simple"},"acf":[],"_links":{"self":[{"href":"https:\/\/www.lechaocandy.com\/fr\/wp-json\/wp\/v2\/product\/2558","targetHints":{"allow":["GET"]}}],"collection":[{"href":"https:\/\/www.lechaocandy.com\/fr\/wp-json\/wp\/v2\/product"}],"about":[{"href":"https:\/\/www.lechaocandy.com\/fr\/wp-json\/wp\/v2\/types\/product"}],"replies":[{"embeddable":true,"href":"https:\/\/www.lechaocandy.com\/fr\/wp-json\/wp\/v2\/comments?post=2558"}],"wp:featuredmedia":[{"embeddable":true,"href":"https:\/\/www.lechaocandy.com\/fr\/wp-json\/wp\/v2\/media\/2559"}],"wp:attachment":[{"href":"https:\/\/www.lechaocandy.com\/fr\/wp-json\/wp\/v2\/media?parent=2558"}],"wp:term":[{"taxonomy":"product_brand","embeddable":true,"href":"https:\/\/www.lechaocandy.com\/fr\/wp-json\/wp\/v2\/product_brand?post=2558"},{"taxonomy":"product_cat","embeddable":true,"href":"https:\/\/www.lechaocandy.com\/fr\/wp-json\/wp\/v2\/product_cat?post=2558"},{"taxonomy":"product_tag","embeddable":true,"href":"https:\/\/www.lechaocandy.com\/fr\/wp-json\/wp\/v2\/product_tag?post=2558"}],"curies":[{"name":"wp","href":"https:\/\/api.w.org\/{rel}","templated":true}]}}