{"id":2574,"date":"2026-03-17T06:53:44","date_gmt":"2026-03-17T06:53:44","guid":{"rendered":"https:\/\/www.lechaocandy.com\/?post_type=product&#038;p=2574"},"modified":"2026-03-17T07:03:22","modified_gmt":"2026-03-17T07:03:22","slug":"bulk-soft-gummy-candy","status":"publish","type":"product","link":"https:\/\/www.lechaocandy.com\/fr\/produit\/bulk-soft-gummy-candy\/","title":{"rendered":"Bonbons g\u00e9lifi\u00e9s mous en vrac \u00e0 l'ar\u00f4me de raisin avec enrobage de chocolat"},"content":{"rendered":"<div class=\"wp-block-columns is-layout-flex wp-container-core-columns-is-layout-9d6595d7 wp-block-columns-is-layout-flex\"><div class=\"wp-block-column is-layout-flow wp-block-column-is-layout-flow\"><h2 class=\"wp-block-heading\">Points forts du produit Bonbons g\u00e9lifi\u00e9s mous en vrac<\/h2>\n\n<ul class=\"wp-block-list\"><li><strong>Ar\u00f4me de raisin juteux :<\/strong> Fabriqu\u00e9s \u00e0 partir d'ar\u00f4mes alimentaires de haute qualit\u00e9 soigneusement s\u00e9lectionn\u00e9s, nos bonbons g\u00e9lifi\u00e9s mous en vrac capturent avec pr\u00e9cision l'ar\u00f4me sucr\u00e9 et frais des raisins, offrant une exp\u00e9rience gustative \u00e0 plusieurs niveaux qui laisse une impression durable.<\/li>\n\n<li><strong>Stabilit\u00e9 \u00e0 la chaleur sup\u00e9rieure :<\/strong> D\u00e9velopp\u00e9s sp\u00e9cifiquement pour le commerce d'exportation, ces bonbons \u00e0 m\u00e2cher de gros r\u00e9sistent \u00e0 la fonte ou au collage dans des environnements chauds et humides, ce qui minimise les pertes logistiques pendant le transport.<\/li>\n\n<li><strong>Un attrait visuel unique :<\/strong> Dot\u00e9 d'un enrobage mouchet\u00e9 bleu et blanc, ce bonbon mou en vrac pr\u00e9sente un attrait visuel exceptionnel, se distinguant dans les rayons de vente en vrac par son caract\u00e8re distinctif et son attrait pour l'achat.<\/li>\n\n<li><strong>Le choix privil\u00e9gi\u00e9 des march\u00e9s halal :<\/strong> Nos bonbons \u00e0 m\u00e2cher en gros sont enti\u00e8rement certifi\u00e9s halal, ce qui leur conf\u00e8re un avantage concurrentiel important pour les entreprises qui cherchent \u00e0 se d\u00e9velopper sur les march\u00e9s musulmans d'outre-mer, tels que ceux de l'Asie du Sud-Est et du Moyen-Orient.<\/li>\n\n<li><strong>Texture douce, moelleuse et \u00e9lastique :<\/strong> Parvenant \u00e0 un \u00e9quilibre parfait entre douceur et fermet\u00e9, ces bonbons g\u00e9lifi\u00e9s mous en vrac offrent une excellente exp\u00e9rience de mastication qui r\u00e9pond aux normes de qualit\u00e9 essentielles attendues des produits \"g\u00e9lifi\u00e9s mous\" sur le march\u00e9 international.<\/li><\/ul><\/div>\n\n<div class=\"wp-block-column is-layout-flow wp-block-column-is-layout-flow\"><figure class=\"wp-block-image size-full\"><img decoding=\"async\" width=\"1000\" height=\"1000\" src=\"https:\/\/www.lechaocandy.com\/wp-content\/uploads\/2026\/03\/Grape-Flavor-Bulk-Soft-Gummy-Candy-with-Chocolate-Coating-2.webp\" alt=\"Bonbons g\u00e9lifi\u00e9s mous en vrac \u00e0 l&#039;ar\u00f4me de raisin avec enrobage de chocolat-2\" class=\"wp-image-2575\" srcset=\"https:\/\/www.lechaocandy.com\/wp-content\/uploads\/2026\/03\/Grape-Flavor-Bulk-Soft-Gummy-Candy-with-Chocolate-Coating-2.webp 1000w, https:\/\/www.lechaocandy.com\/wp-content\/uploads\/2026\/03\/Grape-Flavor-Bulk-Soft-Gummy-Candy-with-Chocolate-Coating-2-300x300.webp 300w, https:\/\/www.lechaocandy.com\/wp-content\/uploads\/2026\/03\/Grape-Flavor-Bulk-Soft-Gummy-Candy-with-Chocolate-Coating-2-150x150.webp 150w, https:\/\/www.lechaocandy.com\/wp-content\/uploads\/2026\/03\/Grape-Flavor-Bulk-Soft-Gummy-Candy-with-Chocolate-Coating-2-768x768.webp 768w, https:\/\/www.lechaocandy.com\/wp-content\/uploads\/2026\/03\/Grape-Flavor-Bulk-Soft-Gummy-Candy-with-Chocolate-Coating-2-12x12.webp 12w, https:\/\/www.lechaocandy.com\/wp-content\/uploads\/2026\/03\/Grape-Flavor-Bulk-Soft-Gummy-Candy-with-Chocolate-Coating-2-600x600.webp 600w, https:\/\/www.lechaocandy.com\/wp-content\/uploads\/2026\/03\/Grape-Flavor-Bulk-Soft-Gummy-Candy-with-Chocolate-Coating-2-100x100.webp 100w\" sizes=\"(max-width: 1000px) 100vw, 1000px\" \/><\/figure><\/div><\/div>","protected":false},"excerpt":{"rendered":"<p>Achetez en gros des bonbons g\u00e9lifi\u00e9s mous \u00e0 l'ar\u00f4me de raisin. Ces bonbons \u00e0 m\u00e2cher en gros, au d\u00e9licieux go\u00fbt de raisin, pr\u00e9sentent un motif marbr\u00e9 bleu et blanc saisissant, qui renferme un c\u0153ur tendre rempli d'essence de raisin fra\u00eeche et juteuse.\u00a0<\/p>\n<table style=\"border-collapse: collapse; width: 300.02pt;\" border=\"0\" width=\"300\" cellspacing=\"0\" cellpadding=\"0\">\n<tbody>\n<tr style=\"height: 17.60pt;\">\n<td class=\"et2\" style=\"height: 17.60pt; width: 110.80pt;\" width=\"110\" height=\"17\">Fabricant<\/td>\n<td class=\"et2\" style=\"width: 189.95pt;\" width=\"189\">LeChao Candy<\/td>\n<\/tr>\n<tr style=\"height: 18.00pt;\">\n<td class=\"et2\" style=\"height: 18.00pt;\" height=\"18\">Type de produit<\/td>\n<td class=\"et3\" style=\"width: 189.95pt;\" width=\"189\">Gummies enrob\u00e9s de chocolat<\/td>\n<\/tr>\n<tr style=\"height: 18.00pt;\">\n<td class=\"et2\" style=\"height: 18.00pt;\" height=\"18\">Le go\u00fbt<\/td>\n<td class=\"et3\" style=\"width: 189.95pt;\" width=\"189\">Douceur et r\u00e9sistance<\/td>\n<\/tr>\n<tr style=\"height: 17.60pt;\">\n<td class=\"et2\" style=\"height: 17.60pt;\" height=\"17\">MOQ<\/td>\n<td class=\"et2\">500CTN<\/td>\n<\/tr>\n<tr style=\"height: 17.60pt;\">\n<td class=\"et2\" style=\"height: 17.60pt;\" height=\"17\">\u00c9chantillon<\/td>\n<td class=\"et2\">Disponible<\/td>\n<\/tr>\n<tr style=\"height: 17.60pt;\">\n<td class=\"et2\" style=\"height: 17.60pt;\" height=\"17\">Paquet<\/td>\n<td class=\"et2\">Sur mesure<\/td>\n<\/tr>\n<\/tbody>\n<\/table>\n<p>&nbsp;<\/p>\n<p>&nbsp;<\/p>\n<p>&nbsp;<\/p>","protected":false},"featured_media":2576,"comment_status":"open","ping_status":"closed","template":"","meta":{"_acf_changed":false},"product_brand":[],"product_cat":[19,23],"product_tag":[],"class_list":{"0":"post-2574","1":"product","2":"type-product","3":"status-publish","4":"has-post-thumbnail","6":"product_cat-wholesale-gummy-manufacturer","7":"product_cat-wholesale-chocolate-candy","9":"first","10":"instock","11":"shipping-taxable","12":"product-type-simple"},"acf":[],"_links":{"self":[{"href":"https:\/\/www.lechaocandy.com\/fr\/wp-json\/wp\/v2\/product\/2574","targetHints":{"allow":["GET"]}}],"collection":[{"href":"https:\/\/www.lechaocandy.com\/fr\/wp-json\/wp\/v2\/product"}],"about":[{"href":"https:\/\/www.lechaocandy.com\/fr\/wp-json\/wp\/v2\/types\/product"}],"replies":[{"embeddable":true,"href":"https:\/\/www.lechaocandy.com\/fr\/wp-json\/wp\/v2\/comments?post=2574"}],"wp:featuredmedia":[{"embeddable":true,"href":"https:\/\/www.lechaocandy.com\/fr\/wp-json\/wp\/v2\/media\/2576"}],"wp:attachment":[{"href":"https:\/\/www.lechaocandy.com\/fr\/wp-json\/wp\/v2\/media?parent=2574"}],"wp:term":[{"taxonomy":"product_brand","embeddable":true,"href":"https:\/\/www.lechaocandy.com\/fr\/wp-json\/wp\/v2\/product_brand?post=2574"},{"taxonomy":"product_cat","embeddable":true,"href":"https:\/\/www.lechaocandy.com\/fr\/wp-json\/wp\/v2\/product_cat?post=2574"},{"taxonomy":"product_tag","embeddable":true,"href":"https:\/\/www.lechaocandy.com\/fr\/wp-json\/wp\/v2\/product_tag?post=2574"}],"curies":[{"name":"wp","href":"https:\/\/api.w.org\/{rel}","templated":true}]}}