{"id":453,"date":"2025-05-14T07:51:20","date_gmt":"2025-05-14T07:51:20","guid":{"rendered":"https:\/\/www.lechaocandy.com\/?post_type=product&#038;p=453"},"modified":"2025-05-14T07:51:21","modified_gmt":"2025-05-14T07:51:21","slug":"gummies-wholesale","status":"publish","type":"product","link":"https:\/\/www.lechaocandy.com\/fr\/produit\/gummies-wholesale\/","title":{"rendered":"4D Strawberry Gummies Wholesale, Fruit Gummy Candy Bulk"},"content":{"rendered":"<div class=\"wp-block-columns is-layout-flex wp-container-core-columns-is-layout-9d6595d7 wp-block-columns-is-layout-flex\"><div class=\"wp-block-column is-layout-flow wp-block-column-is-layout-flow\"><h2 class=\"wp-block-heading\">Points forts du produit 4D Strawberry Gummies Wholesale<\/h2>\n\n<ul class=\"wp-block-list\"><li><strong>Forme tridimensionnelle, pour plus de plaisir : <\/strong>Ces gommes en gros restituent v\u00e9ritablement la forme des fraises, la forme 4D est plus int\u00e9ressante et interactive, ce qui incite les enfants et les jeunes consommateurs \u00e0 s'arr\u00eater et \u00e0 acheter.<\/li>\n\n<li><strong>Parfum\u00e9e, riche en saveurs fruit\u00e9es : <\/strong>Nos bonbons g\u00e9lifi\u00e9s aux fruits en vrac s\u00e9lectionnent un ar\u00f4me de fraise et un extrait de jus de haute qualit\u00e9, un ar\u00f4me riche, une saveur naturelle, ce qui les rend plus populaires aupr\u00e8s des consommateurs.<\/li>\n\n<li><strong>Mati\u00e8res premi\u00e8res de haute qualit\u00e9, s\u00fbres et s\u00e9curis\u00e9es : <\/strong>Nos gommes \u00e0 la fraise en gros utilisent des gommes de qualit\u00e9 alimentaire, des pigments naturels et des ingr\u00e9dients de haute qualit\u00e9, conformes aux normes de s\u00e9curit\u00e9 alimentaire en vigueur \u00e0 l'exportation, et conviennent aux ventes sur le march\u00e9 mondial.<\/li>\n\n<li><strong>Vente en gros flexible, adaptable \u00e0 de multiples canaux : <\/strong>Ces bonbons g\u00e9lifi\u00e9s aux fruits en vrac supportent le vrac, les petits emballages ind\u00e9pendants, les bo\u00eetes cadeaux et autres m\u00e9thodes d'emballage, conviennent aux supermarch\u00e9s, au commerce \u00e9lectronique, aux cadeaux OEM et \u00e0 la personnalisation des marques.<\/li>\n\n<li><strong>Fournir des solutions exclusives et personnalis\u00e9es : <\/strong>Nos gommes en vrac peuvent \u00eatre personnalis\u00e9es au niveau de la forme, de la taille, de la couleur, du go\u00fbt, de la douceur, de l'emballage LOGO, etc., afin de cr\u00e9er un style de marque exclusif r\u00e9pondant aux divers besoins du march\u00e9.<\/li><\/ul><\/div>\n\n<div class=\"wp-block-column is-layout-flow wp-block-column-is-layout-flow\"><figure class=\"wp-block-image size-full\"><img decoding=\"async\" width=\"800\" height=\"800\" src=\"https:\/\/www.lechaocandy.com\/wp-content\/uploads\/2025\/05\/4D-Strawberry-Gummies-Wholesale-Fruit-Gummy-Candy-Bulk-3.webp\" alt=\"4D Strawberry Gummies Wholesale, Bonbons gommeux aux fruits en vrac-3\" class=\"wp-image-456\" srcset=\"https:\/\/www.lechaocandy.com\/wp-content\/uploads\/2025\/05\/4D-Strawberry-Gummies-Wholesale-Fruit-Gummy-Candy-Bulk-3.webp 800w, https:\/\/www.lechaocandy.com\/wp-content\/uploads\/2025\/05\/4D-Strawberry-Gummies-Wholesale-Fruit-Gummy-Candy-Bulk-3-300x300.webp 300w, https:\/\/www.lechaocandy.com\/wp-content\/uploads\/2025\/05\/4D-Strawberry-Gummies-Wholesale-Fruit-Gummy-Candy-Bulk-3-150x150.webp 150w, https:\/\/www.lechaocandy.com\/wp-content\/uploads\/2025\/05\/4D-Strawberry-Gummies-Wholesale-Fruit-Gummy-Candy-Bulk-3-768x768.webp 768w, https:\/\/www.lechaocandy.com\/wp-content\/uploads\/2025\/05\/4D-Strawberry-Gummies-Wholesale-Fruit-Gummy-Candy-Bulk-3-600x600.webp 600w, https:\/\/www.lechaocandy.com\/wp-content\/uploads\/2025\/05\/4D-Strawberry-Gummies-Wholesale-Fruit-Gummy-Candy-Bulk-3-100x100.webp 100w\" sizes=\"(max-width: 800px) 100vw, 800px\" \/><\/figure><\/div><\/div>","protected":false},"excerpt":{"rendered":"<p>Bienvenue pour acheter des bonbons g\u00e9lifi\u00e9s aux fruits en vrac. Nos 4D strawberry gummies wholesale se distinguent sur le march\u00e9 des snacks par leur apparence simul\u00e9e et leur go\u00fbt fruit\u00e9. Le produit est mignon, sucr\u00e9 et doux, et peut \u00eatre enti\u00e8rement personnalis\u00e9, de la formule \u00e0 l'emballage.<\/p>\n<table style=\"border-collapse: collapse; width: 314.02pt;\" border=\"0\" width=\"314\" cellspacing=\"0\" cellpadding=\"0\">\n<tbody>\n<tr style=\"height: 17.60pt;\">\n<td class=\"et2\" style=\"height: 17.60pt; width: 110.80pt;\" width=\"110\" height=\"17\">Fabricant<\/td>\n<td class=\"et2\" style=\"width: 204.10pt;\" width=\"204\">LeChao Candy<\/td>\n<\/tr>\n<tr style=\"height: 18.00pt;\">\n<td class=\"et2\" style=\"height: 18.00pt;\" height=\"18\">Type de produit<\/td>\n<td class=\"et3\" style=\"width: 204.10pt;\" width=\"204\">Bonbons g\u00e9lifi\u00e9s \u00e0 la fraise 4D<\/td>\n<\/tr>\n<tr style=\"height: 18.00pt;\">\n<td class=\"et2\" style=\"height: 18.00pt;\" height=\"18\">Le go\u00fbt<\/td>\n<td class=\"et3\" style=\"width: 204.10pt;\" width=\"204\">Aigre-doux et r\u00e9silient<\/td>\n<\/tr>\n<tr style=\"height: 17.60pt;\">\n<td class=\"et2\" style=\"height: 17.60pt;\" height=\"17\">Sp\u00e9cifications<\/td>\n<td class=\"et2\">60gX10sacsX6bo\u00eetes<\/td>\n<\/tr>\n<tr style=\"height: 17.60pt;\">\n<td class=\"et2\" style=\"height: 17.60pt;\" height=\"17\">Taille du carton<\/td>\n<td class=\"et2\">36.5X22X33.5cm<\/td>\n<\/tr>\n<tr style=\"height: 17.60pt;\">\n<td class=\"et2\" style=\"height: 17.60pt;\" height=\"17\">N.W.\/Carton<\/td>\n<td class=\"et2\">5,8 kg<\/td>\n<\/tr>\n<tr style=\"height: 17.60pt;\">\n<td class=\"et2\" style=\"height: 17.60pt;\" height=\"17\">Prix<\/td>\n<td class=\"et2\">0,3-0,33USD<\/td>\n<\/tr>\n<tr style=\"height: 17.60pt;\">\n<td class=\"et2\" style=\"height: 17.60pt;\" height=\"17\">MOQ<\/td>\n<td class=\"et2\">500 cartons<\/td>\n<\/tr>\n<tr style=\"height: 17.60pt;\">\n<td class=\"et2\" style=\"height: 17.60pt;\" height=\"17\">\u00c9chantillon<\/td>\n<td class=\"et2\">Disponible<\/td>\n<\/tr>\n<\/tbody>\n<\/table>","protected":false},"featured_media":457,"comment_status":"open","ping_status":"closed","template":"","meta":{"_acf_changed":false},"product_brand":[],"product_cat":[19,24],"product_tag":[],"class_list":{"0":"post-453","1":"product","2":"type-product","3":"status-publish","4":"has-post-thumbnail","6":"product_cat-wholesale-gummy-manufacturer","7":"product_cat-3d-gummy-candy-manufacturer","9":"first","10":"instock","11":"shipping-taxable","12":"product-type-simple"},"acf":[],"_links":{"self":[{"href":"https:\/\/www.lechaocandy.com\/fr\/wp-json\/wp\/v2\/product\/453","targetHints":{"allow":["GET"]}}],"collection":[{"href":"https:\/\/www.lechaocandy.com\/fr\/wp-json\/wp\/v2\/product"}],"about":[{"href":"https:\/\/www.lechaocandy.com\/fr\/wp-json\/wp\/v2\/types\/product"}],"replies":[{"embeddable":true,"href":"https:\/\/www.lechaocandy.com\/fr\/wp-json\/wp\/v2\/comments?post=453"}],"wp:featuredmedia":[{"embeddable":true,"href":"https:\/\/www.lechaocandy.com\/fr\/wp-json\/wp\/v2\/media\/457"}],"wp:attachment":[{"href":"https:\/\/www.lechaocandy.com\/fr\/wp-json\/wp\/v2\/media?parent=453"}],"wp:term":[{"taxonomy":"product_brand","embeddable":true,"href":"https:\/\/www.lechaocandy.com\/fr\/wp-json\/wp\/v2\/product_brand?post=453"},{"taxonomy":"product_cat","embeddable":true,"href":"https:\/\/www.lechaocandy.com\/fr\/wp-json\/wp\/v2\/product_cat?post=453"},{"taxonomy":"product_tag","embeddable":true,"href":"https:\/\/www.lechaocandy.com\/fr\/wp-json\/wp\/v2\/product_tag?post=453"}],"curies":[{"name":"wp","href":"https:\/\/api.w.org\/{rel}","templated":true}]}}