{"id":459,"date":"2025-05-14T07:52:22","date_gmt":"2025-05-14T07:52:22","guid":{"rendered":"https:\/\/www.lechaocandy.com\/?post_type=product&#038;p=459"},"modified":"2025-05-14T08:06:47","modified_gmt":"2025-05-14T08:06:47","slug":"bulk-gummy-candies","status":"publish","type":"product","link":"https:\/\/www.lechaocandy.com\/fr\/produit\/bulk-gummy-candies\/","title":{"rendered":"4D Ananas Bulk Gummy Candies, Fruity Gummies Wholesale"},"content":{"rendered":"<div class=\"wp-block-columns is-layout-flex wp-container-core-columns-is-layout-9d6595d7 wp-block-columns-is-layout-flex\"><div class=\"wp-block-column is-layout-flow wp-block-column-is-layout-flow\"><h2 class=\"wp-block-heading\">Points forts du produit 4D Pineapple Bulk Gummy Candies (bonbons g\u00e9lifi\u00e9s en vrac \u00e0 l'ananas)<\/h2>\n\n<ul class=\"wp-block-list\"><li><strong>Une forme qui attire l'attention : <\/strong>Ces bonbons g\u00e9lifi\u00e9s en vrac ont une forme r\u00e9aliste d'ananas, avec des d\u00e9tails exquis et des couches distinctes, ce qui leur conf\u00e8re un attrait visuel plus fort et renforce la reconnaissance du produit.<\/li>\n\n<li><strong>V\u00e9ritable ar\u00f4me fruit\u00e9, sucr\u00e9 et acidul\u00e9 :<\/strong> Nos bonbons g\u00e9lifi\u00e9s aux fruits en gros combinent un ar\u00f4me de fruit naturel et un ar\u00f4me de fruit fort. La saveur de l'ananas est fra\u00eeche et parfum\u00e9e, m\u00e2chouill\u00e9e et moelleuse, ce qui est tr\u00e8s appr\u00e9ci\u00e9 par les enfants et les jeunes.<\/li>\n\n<li><strong>Applicable \u00e0 de multiples sc\u00e9narios et \u00e0 de larges canaux :<\/strong> Nos bonbons g\u00e9lifi\u00e9s en vrac \u00e0 l'ananas conviennent \u00e0 divers sc\u00e9narios de vente tels que les supermarch\u00e9s, les marques de snacks, les cadeaux de f\u00eate, les produits en bo\u00eete aveugle, etc. et peuvent \u00eatre emball\u00e9s selon diverses sp\u00e9cifications pour r\u00e9pondre \u00e0 diff\u00e9rents besoins.<\/li>\n\n<li><strong>Ingr\u00e9dients de haute qualit\u00e9, s\u00fbrs et hygi\u00e9niques :<\/strong> Ces bonbons g\u00e9lifi\u00e9s aux fruits en gros utilisent de la g\u00e9latine de qualit\u00e9 alimentaire, des pigments et des ar\u00f4mes naturels, ne contiennent pas de conservateurs artificiels, r\u00e9pondent aux normes internationales de s\u00e9curit\u00e9 alimentaire et soutiennent les exportations mondiales.<\/li>\n\n<li><strong>Prise en charge de la personnalisation : <\/strong>Nos bonbons g\u00e9lifi\u00e9s en vrac peuvent \u00eatre personnalis\u00e9s \u00e0 la demande en ce qui concerne la couleur, le go\u00fbt, le go\u00fbt sucr\u00e9, la forme de l'emballage et le logo, ce qui permet aux marques de cr\u00e9er des produits populaires diff\u00e9renci\u00e9s.<\/li><\/ul><\/div>\n\n<div class=\"wp-block-column is-layout-flow wp-block-column-is-layout-flow\"><figure class=\"wp-block-image size-full\"><img decoding=\"async\" width=\"800\" height=\"800\" src=\"https:\/\/www.lechaocandy.com\/wp-content\/uploads\/2025\/05\/4D-Pineapple-Bulk-Gummy-Candies-Fruity-Gummies-Wholesale-3.webp\" alt=\"4D Ananas Bulk Gummy Candies, Fruity Gummies Wholesale-3\" class=\"wp-image-462\" srcset=\"https:\/\/www.lechaocandy.com\/wp-content\/uploads\/2025\/05\/4D-Pineapple-Bulk-Gummy-Candies-Fruity-Gummies-Wholesale-3.webp 800w, https:\/\/www.lechaocandy.com\/wp-content\/uploads\/2025\/05\/4D-Pineapple-Bulk-Gummy-Candies-Fruity-Gummies-Wholesale-3-300x300.webp 300w, https:\/\/www.lechaocandy.com\/wp-content\/uploads\/2025\/05\/4D-Pineapple-Bulk-Gummy-Candies-Fruity-Gummies-Wholesale-3-150x150.webp 150w, https:\/\/www.lechaocandy.com\/wp-content\/uploads\/2025\/05\/4D-Pineapple-Bulk-Gummy-Candies-Fruity-Gummies-Wholesale-3-768x768.webp 768w, https:\/\/www.lechaocandy.com\/wp-content\/uploads\/2025\/05\/4D-Pineapple-Bulk-Gummy-Candies-Fruity-Gummies-Wholesale-3-600x600.webp 600w, https:\/\/www.lechaocandy.com\/wp-content\/uploads\/2025\/05\/4D-Pineapple-Bulk-Gummy-Candies-Fruity-Gummies-Wholesale-3-100x100.webp 100w\" sizes=\"(max-width: 800px) 100vw, 800px\" \/><\/figure><\/div><\/div>","protected":false},"excerpt":{"rendered":"<p>Nous vous invitons \u00e0 acheter des bonbons g\u00e9lifi\u00e9s aux fruits en gros. Nos bonbons g\u00e9lifi\u00e9s en vrac \u00e0 l'ananas 4D sont une combinaison de forme d\u00e9licate et de saveur fruit\u00e9e, avec une texture moelleuse, et sont tr\u00e8s populaires sur le march\u00e9. Convenant aux achats en gros et aux services personnalis\u00e9s, c'est un choix id\u00e9al pour cr\u00e9er une s\u00e9rie personnalis\u00e9e de bonbons g\u00e9lifi\u00e9s aux fruits.<\/p>\n<table style=\"border-collapse: collapse; width: 314.02pt;\" border=\"0\" width=\"314\" cellspacing=\"0\" cellpadding=\"0\">\n<tbody>\n<tr style=\"height: 17.60pt;\">\n<td class=\"et2\" style=\"height: 17.60pt; width: 110.80pt;\" width=\"110\" height=\"17\">Fabricant<\/td>\n<td class=\"et2\" style=\"width: 204.10pt;\" width=\"204\">LeChao Candy<\/td>\n<\/tr>\n<tr style=\"height: 18.00pt;\">\n<td class=\"et2\" style=\"height: 18.00pt;\" height=\"18\">Type de produit<\/td>\n<td class=\"et3\" style=\"width: 204.10pt;\" width=\"204\">Bonbons g\u00e9lifi\u00e9s \u00e0 l'ananas 4D<\/td>\n<\/tr>\n<tr style=\"height: 18.00pt;\">\n<td class=\"et2\" style=\"height: 18.00pt;\" height=\"18\">Le go\u00fbt<\/td>\n<td class=\"et3\" style=\"width: 204.10pt;\" width=\"204\">Aigre-doux et r\u00e9silient<\/td>\n<\/tr>\n<tr style=\"height: 17.60pt;\">\n<td class=\"et2\" style=\"height: 17.60pt;\" height=\"17\">Sp\u00e9cifications<\/td>\n<td class=\"et2\">60gX10sacsX6bo\u00eetes<\/td>\n<\/tr>\n<tr style=\"height: 17.60pt;\">\n<td class=\"et2\" style=\"height: 17.60pt;\" height=\"17\">Taille du carton<\/td>\n<td class=\"et2\">36.5X22X33.5cm<\/td>\n<\/tr>\n<tr style=\"height: 17.60pt;\">\n<td class=\"et2\" style=\"height: 17.60pt;\" height=\"17\">N.W.\/Carton<\/td>\n<td class=\"et2\">5,8 kg<\/td>\n<\/tr>\n<tr style=\"height: 17.60pt;\">\n<td class=\"et2\" style=\"height: 17.60pt;\" height=\"17\">Prix<\/td>\n<td class=\"et2\">0,3-0,33USD<\/td>\n<\/tr>\n<tr style=\"height: 17.60pt;\">\n<td class=\"et2\" style=\"height: 17.60pt;\" height=\"17\">MOQ<\/td>\n<td class=\"et2\">500 cartons<\/td>\n<\/tr>\n<tr style=\"height: 17.60pt;\">\n<td class=\"et2\" style=\"height: 17.60pt;\" height=\"17\">\u00c9chantillon<\/td>\n<td class=\"et2\">Disponible<\/td>\n<\/tr>\n<\/tbody>\n<\/table>","protected":false},"featured_media":463,"comment_status":"open","ping_status":"closed","template":"","meta":{"_acf_changed":false},"product_brand":[],"product_cat":[19,24],"product_tag":[],"class_list":{"0":"post-459","1":"product","2":"type-product","3":"status-publish","4":"has-post-thumbnail","6":"product_cat-wholesale-gummy-manufacturer","7":"product_cat-3d-gummy-candy-manufacturer","9":"first","10":"instock","11":"shipping-taxable","12":"product-type-simple"},"acf":[],"_links":{"self":[{"href":"https:\/\/www.lechaocandy.com\/fr\/wp-json\/wp\/v2\/product\/459","targetHints":{"allow":["GET"]}}],"collection":[{"href":"https:\/\/www.lechaocandy.com\/fr\/wp-json\/wp\/v2\/product"}],"about":[{"href":"https:\/\/www.lechaocandy.com\/fr\/wp-json\/wp\/v2\/types\/product"}],"replies":[{"embeddable":true,"href":"https:\/\/www.lechaocandy.com\/fr\/wp-json\/wp\/v2\/comments?post=459"}],"wp:featuredmedia":[{"embeddable":true,"href":"https:\/\/www.lechaocandy.com\/fr\/wp-json\/wp\/v2\/media\/463"}],"wp:attachment":[{"href":"https:\/\/www.lechaocandy.com\/fr\/wp-json\/wp\/v2\/media?parent=459"}],"wp:term":[{"taxonomy":"product_brand","embeddable":true,"href":"https:\/\/www.lechaocandy.com\/fr\/wp-json\/wp\/v2\/product_brand?post=459"},{"taxonomy":"product_cat","embeddable":true,"href":"https:\/\/www.lechaocandy.com\/fr\/wp-json\/wp\/v2\/product_cat?post=459"},{"taxonomy":"product_tag","embeddable":true,"href":"https:\/\/www.lechaocandy.com\/fr\/wp-json\/wp\/v2\/product_tag?post=459"}],"curies":[{"name":"wp","href":"https:\/\/api.w.org\/{rel}","templated":true}]}}