{"id":465,"date":"2025-05-14T08:07:29","date_gmt":"2025-05-14T08:07:29","guid":{"rendered":"https:\/\/www.lechaocandy.com\/?post_type=product&#038;p=465"},"modified":"2025-05-14T08:14:40","modified_gmt":"2025-05-14T08:14:40","slug":"candy-gummies-in-bulk","status":"publish","type":"product","link":"https:\/\/www.lechaocandy.com\/fr\/produit\/candy-gummies-in-bulk\/","title":{"rendered":"4D Grape Candy Gummies In Bulk, Wholesale Chewy Soft Candy (bonbons mous \u00e0 m\u00e2cher)"},"content":{"rendered":"<div class=\"wp-block-columns is-layout-flex wp-container-core-columns-is-layout-9d6595d7 wp-block-columns-is-layout-flex\"><div class=\"wp-block-column is-layout-flow wp-block-column-is-layout-flow\"><h2 class=\"wp-block-heading\">Points forts du produit 4D Grape Candy Gummies en vrac<\/h2>\n\n<ul class=\"wp-block-list\"><li><strong>V\u00e9ritable forme de raisin, pleine de sens tridimensionnel : <\/strong>Ces bonbons g\u00e9lifi\u00e9s en vrac restaurent l'apparence des fruits du raisin, avec des couches riches, un fort impact visuel et un attrait doubl\u00e9, convenant \u00e0 la cr\u00e9ation de s\u00e9ries de produits sp\u00e9ciaux.<\/li>\n\n<li><strong>Riche go\u00fbt de raisin, sucr\u00e9 et tentant :<\/strong> Nos bonbons \u00e0 m\u00e2cher en gros sont s\u00e9lectionn\u00e9s \u00e0 partir d'ar\u00f4mes et d'extraits de jus de haute qualit\u00e9, avec un riche parfum fruit\u00e9, sucr\u00e9 et acide, et un arri\u00e8re-go\u00fbt durable, adapt\u00e9 aux pr\u00e9f\u00e9rences gustatives des consommateurs de tous \u00e2ges.<\/li>\n\n<li><strong>Souple et \u00e9lastique, meilleur go\u00fbt : <\/strong>Nos bonbons au raisin en vrac sont moelleux, doux et durs, et ne collent pas aux dents apr\u00e8s une longue mastication, ce qui augmente le plaisir de la mastication et est repr\u00e9sentatif d'un bonbon g\u00e9lifi\u00e9 de haute qualit\u00e9.<\/li>\n\n<li><strong>Prendre en charge plusieurs sc\u00e9narios d'emballage et de vente :<\/strong> Nous fournissons en gros des bonbons \u00e0 m\u00e2cher en vrac, des petits paquets ind\u00e9pendants, des bo\u00eetes, des sacs et d'autres formes, qui conviennent aux supermarch\u00e9s, au commerce \u00e9lectronique, \u00e0 la vente au d\u00e9tail de marques, aux coffrets-cadeaux pour les festivals et \u00e0 d'autres ventes multicanaux.<\/li>\n\n<li><strong>Fournir des services de personnalisation OEM\/ODM : <\/strong>Nos bonbons g\u00e9lifi\u00e9s en vrac sont personnalis\u00e9s en termes de couleur, de go\u00fbt sucr\u00e9, de saveur, de forme, d'emballage et de logo de marque afin de r\u00e9pondre aux besoins exclusifs des diff\u00e9rents march\u00e9s et marques.<\/li><\/ul><\/div>\n\n<div class=\"wp-block-column is-layout-flow wp-block-column-is-layout-flow\"><figure class=\"wp-block-image size-full\"><img decoding=\"async\" width=\"800\" height=\"800\" src=\"https:\/\/www.lechaocandy.com\/wp-content\/uploads\/2025\/05\/4D-Grape-Candy-Gummies-In-Bulk-Wholesale-Chewy-Soft-Candy-3.webp\" alt=\"4D Grape Candy Gummies In Bulk, Wholesale Chewy Soft Candy-3\" class=\"wp-image-468\" srcset=\"https:\/\/www.lechaocandy.com\/wp-content\/uploads\/2025\/05\/4D-Grape-Candy-Gummies-In-Bulk-Wholesale-Chewy-Soft-Candy-3.webp 800w, https:\/\/www.lechaocandy.com\/wp-content\/uploads\/2025\/05\/4D-Grape-Candy-Gummies-In-Bulk-Wholesale-Chewy-Soft-Candy-3-300x300.webp 300w, https:\/\/www.lechaocandy.com\/wp-content\/uploads\/2025\/05\/4D-Grape-Candy-Gummies-In-Bulk-Wholesale-Chewy-Soft-Candy-3-150x150.webp 150w, https:\/\/www.lechaocandy.com\/wp-content\/uploads\/2025\/05\/4D-Grape-Candy-Gummies-In-Bulk-Wholesale-Chewy-Soft-Candy-3-768x768.webp 768w, https:\/\/www.lechaocandy.com\/wp-content\/uploads\/2025\/05\/4D-Grape-Candy-Gummies-In-Bulk-Wholesale-Chewy-Soft-Candy-3-600x600.webp 600w, https:\/\/www.lechaocandy.com\/wp-content\/uploads\/2025\/05\/4D-Grape-Candy-Gummies-In-Bulk-Wholesale-Chewy-Soft-Candy-3-100x100.webp 100w\" sizes=\"(max-width: 800px) 100vw, 800px\" \/><\/figure><\/div><\/div>","protected":false},"excerpt":{"rendered":"<p>Bienvenue sur le site d'achat en gros de bonbons \u00e0 m\u00e2cher. Nos bonbons 4D au raisin en vrac sont connus pour leurs formes r\u00e9alistes et leur riche ar\u00f4me fruit\u00e9. Ils constituent le premier choix de collation pour les enfants et les jeunes. Ils conviennent \u00e0 la vente au d\u00e9tail, au commerce \u00e9lectronique et \u00e0 la promotion des marques.<\/p>\n<table style=\"border-collapse: collapse; width: 314.02pt;\" border=\"0\" width=\"314\" cellspacing=\"0\" cellpadding=\"0\">\n<tbody>\n<tr style=\"height: 17.60pt;\">\n<td class=\"et2\" style=\"height: 17.60pt; width: 110.80pt;\" width=\"110\" height=\"17\">Fabricant<\/td>\n<td class=\"et2\" style=\"width: 204.10pt;\" width=\"204\">LeChao Candy<\/td>\n<\/tr>\n<tr style=\"height: 18.00pt;\">\n<td class=\"et2\" style=\"height: 18.00pt;\" height=\"18\">Type de produit<\/td>\n<td class=\"et3\" style=\"width: 204.10pt;\" width=\"204\">Bonbons g\u00e9lifi\u00e9s 4D au raisin<\/td>\n<\/tr>\n<tr style=\"height: 18.00pt;\">\n<td class=\"et2\" style=\"height: 18.00pt;\" height=\"18\">Le go\u00fbt<\/td>\n<td class=\"et3\" style=\"width: 204.10pt;\" width=\"204\">Aigre-doux et r\u00e9silient<\/td>\n<\/tr>\n<tr style=\"height: 17.60pt;\">\n<td class=\"et2\" style=\"height: 17.60pt;\" height=\"17\">Sp\u00e9cifications<\/td>\n<td class=\"et2\">60gX10sacsX6bo\u00eetes<\/td>\n<\/tr>\n<tr style=\"height: 17.60pt;\">\n<td class=\"et2\" style=\"height: 17.60pt;\" height=\"17\">Taille du carton<\/td>\n<td class=\"et2\">36.5X22X33.5cm<\/td>\n<\/tr>\n<tr style=\"height: 17.60pt;\">\n<td class=\"et2\" style=\"height: 17.60pt;\" height=\"17\">N.W.\/Carton<\/td>\n<td class=\"et2\">5,8 kg<\/td>\n<\/tr>\n<tr style=\"height: 17.60pt;\">\n<td class=\"et2\" style=\"height: 17.60pt;\" height=\"17\">Prix<\/td>\n<td class=\"et2\">0,3-0,33USD<\/td>\n<\/tr>\n<tr style=\"height: 17.60pt;\">\n<td class=\"et2\" style=\"height: 17.60pt;\" height=\"17\">MOQ<\/td>\n<td class=\"et2\">500 cartons<\/td>\n<\/tr>\n<tr style=\"height: 17.60pt;\">\n<td class=\"et2\" style=\"height: 17.60pt;\" height=\"17\">\u00c9chantillon<\/td>\n<td class=\"et2\">Disponible<\/td>\n<\/tr>\n<\/tbody>\n<\/table>","protected":false},"featured_media":470,"comment_status":"open","ping_status":"closed","template":"","meta":{"_acf_changed":false},"product_brand":[],"product_cat":[19,24],"product_tag":[],"class_list":{"0":"post-465","1":"product","2":"type-product","3":"status-publish","4":"has-post-thumbnail","6":"product_cat-wholesale-gummy-manufacturer","7":"product_cat-3d-gummy-candy-manufacturer","9":"first","10":"instock","11":"shipping-taxable","12":"product-type-simple"},"acf":[],"_links":{"self":[{"href":"https:\/\/www.lechaocandy.com\/fr\/wp-json\/wp\/v2\/product\/465","targetHints":{"allow":["GET"]}}],"collection":[{"href":"https:\/\/www.lechaocandy.com\/fr\/wp-json\/wp\/v2\/product"}],"about":[{"href":"https:\/\/www.lechaocandy.com\/fr\/wp-json\/wp\/v2\/types\/product"}],"replies":[{"embeddable":true,"href":"https:\/\/www.lechaocandy.com\/fr\/wp-json\/wp\/v2\/comments?post=465"}],"wp:featuredmedia":[{"embeddable":true,"href":"https:\/\/www.lechaocandy.com\/fr\/wp-json\/wp\/v2\/media\/470"}],"wp:attachment":[{"href":"https:\/\/www.lechaocandy.com\/fr\/wp-json\/wp\/v2\/media?parent=465"}],"wp:term":[{"taxonomy":"product_brand","embeddable":true,"href":"https:\/\/www.lechaocandy.com\/fr\/wp-json\/wp\/v2\/product_brand?post=465"},{"taxonomy":"product_cat","embeddable":true,"href":"https:\/\/www.lechaocandy.com\/fr\/wp-json\/wp\/v2\/product_cat?post=465"},{"taxonomy":"product_tag","embeddable":true,"href":"https:\/\/www.lechaocandy.com\/fr\/wp-json\/wp\/v2\/product_tag?post=465"}],"curies":[{"name":"wp","href":"https:\/\/api.w.org\/{rel}","templated":true}]}}