{"id":477,"date":"2025-05-14T08:44:12","date_gmt":"2025-05-14T08:44:12","guid":{"rendered":"https:\/\/www.lechaocandy.com\/?post_type=product&#038;p=477"},"modified":"2025-05-14T08:54:46","modified_gmt":"2025-05-14T08:54:46","slug":"gummy-wholesale","status":"publish","type":"product","link":"https:\/\/www.lechaocandy.com\/fr\/produit\/gummy-wholesale\/","title":{"rendered":"Gummy en forme de bouteille Wholesale, Bulk Cola Gummies Candy"},"content":{"rendered":"<div class=\"wp-block-columns is-layout-flex wp-container-core-columns-is-layout-9d6595d7 wp-block-columns-is-layout-flex\"><div class=\"wp-block-column is-layout-flow wp-block-column-is-layout-flow\"><h2 class=\"wp-block-heading\">Points forts du produit Cola Gummy Wholesale<\/h2>\n\n<ul class=\"wp-block-list\"><li><strong>Forme classique d'une bouteille de cola, r\u00e9tro et int\u00e9ressante : <\/strong>Nos bonbons g\u00e9lifi\u00e9s en gros \u00e0 la bouteille de cola ont une forme unique et sont tout \u00e0 fait identifiables, ce qui contribue \u00e0 l'amusement et au succ\u00e8s commercial du produit.<\/li>\n\n<li><strong>Go\u00fbt riche de cola, rafra\u00eechissant et satisfaisant : <\/strong>Nos gommes \u00e0 m\u00e2cher au cola en vrac combinent la saveur sucr\u00e9e du cola avec un go\u00fbt l\u00e9g\u00e8rement p\u00e9tillant, avec un arri\u00e8re-go\u00fbt sucr\u00e9 et une acidit\u00e9 et une douceur moyennes, ce qui est une saveur classique que tout le monde aime.<\/li>\n\n<li><strong>Q-\u00e9lastique et flexible, avec des couches de go\u00fbt riches :<\/strong> Nos gommes \u00e0 m\u00e2cher au cola sont fabriqu\u00e9es \u00e0 partir de g\u00e9latine de haute qualit\u00e9, avec une forte sensation de mastication, une duret\u00e9 et une douceur mod\u00e9r\u00e9es, offrant une exp\u00e9rience de mastication r\u00e9elle et int\u00e9ressante, convenant \u00e0 tous les \u00e2ges.<\/li>\n\n<li><strong>Prendre en charge plusieurs emballages et sp\u00e9cifications :<\/strong> Ces bonbons au cola en vrac peuvent \u00eatre vendus en vrac, en sachet, en bo\u00eete et sous d'autres formes. Ils conviennent au commerce \u00e9lectronique, aux magasins de vente de snacks, aux distributeurs automatiques et aux coffrets cadeaux pour les f\u00eates, etc.<\/li>\n\n<li><strong>Soutenir les services personnalis\u00e9s pour cr\u00e9er des bonbons exclusifs \u00e0 la marque : <\/strong>Notre grossiste en gommes en vrac peut personnaliser les couleurs des produits, les ar\u00f4mes, les d\u00e9tails des bouteilles, la conception de l'emballage et les logos des marques pour r\u00e9pondre aux besoins personnalis\u00e9s des diff\u00e9rents march\u00e9s et clients.<\/li><\/ul><\/div>\n\n<div class=\"wp-block-column is-layout-flow wp-block-column-is-layout-flow\"><figure class=\"wp-block-image size-full\"><img decoding=\"async\" width=\"800\" height=\"800\" src=\"https:\/\/www.lechaocandy.com\/wp-content\/uploads\/2025\/05\/Bottle-Shaped-Gummy-Wholesale-Bulk-Cola-Gummies-Candy-5.webp\" alt=\"Gummy en forme de bouteille Wholesale, Bulk Cola Gummies Candy-5\" class=\"wp-image-482\" srcset=\"https:\/\/www.lechaocandy.com\/wp-content\/uploads\/2025\/05\/Bottle-Shaped-Gummy-Wholesale-Bulk-Cola-Gummies-Candy-5.webp 800w, https:\/\/www.lechaocandy.com\/wp-content\/uploads\/2025\/05\/Bottle-Shaped-Gummy-Wholesale-Bulk-Cola-Gummies-Candy-5-300x300.webp 300w, https:\/\/www.lechaocandy.com\/wp-content\/uploads\/2025\/05\/Bottle-Shaped-Gummy-Wholesale-Bulk-Cola-Gummies-Candy-5-150x150.webp 150w, https:\/\/www.lechaocandy.com\/wp-content\/uploads\/2025\/05\/Bottle-Shaped-Gummy-Wholesale-Bulk-Cola-Gummies-Candy-5-768x768.webp 768w, https:\/\/www.lechaocandy.com\/wp-content\/uploads\/2025\/05\/Bottle-Shaped-Gummy-Wholesale-Bulk-Cola-Gummies-Candy-5-600x600.webp 600w, https:\/\/www.lechaocandy.com\/wp-content\/uploads\/2025\/05\/Bottle-Shaped-Gummy-Wholesale-Bulk-Cola-Gummies-Candy-5-100x100.webp 100w\" sizes=\"(max-width: 800px) 100vw, 800px\" \/><\/figure><\/div><\/div>","protected":false},"excerpt":{"rendered":"<p>Bienvenue pour acheter en gros des gommes \u00e0 m\u00e2cher de forme personnalis\u00e9e. La saveur rafra\u00eechissante de nos gommes \u00e0 m\u00e2cher au cola en vrac capte les papilles gustatives de tout le monde. En permettant les achats en gros et les personnalisations multiples, il s'agit d'un choix id\u00e9al pour les marques qui souhaitent cr\u00e9er des produits de confiserie qui se vendent bien.<\/p>\n<table style=\"border-collapse: collapse; width: 314.02pt;\" border=\"0\" width=\"314\" cellspacing=\"0\" cellpadding=\"0\">\n<tbody>\n<tr style=\"height: 17.60pt;\">\n<td class=\"et2\" style=\"height: 17.60pt; width: 110.80pt;\" width=\"110\" height=\"17\">Fabricant<\/td>\n<td class=\"et2\" style=\"width: 204.10pt;\" width=\"204\">LeChao Candy<\/td>\n<\/tr>\n<tr style=\"height: 18.00pt;\">\n<td class=\"et2\" style=\"height: 18.00pt;\" height=\"18\">Type de produit<\/td>\n<td class=\"et3\" style=\"width: 204.10pt;\" width=\"204\">Grains de gomme au cola<\/td>\n<\/tr>\n<tr style=\"height: 18.00pt;\">\n<td class=\"et2\" style=\"height: 18.00pt;\" height=\"18\">Le go\u00fbt<\/td>\n<td class=\"et3\" style=\"width: 204.10pt;\" width=\"204\">Aigre-doux et r\u00e9silient<\/td>\n<\/tr>\n<tr style=\"height: 17.60pt;\">\n<td class=\"et2\" style=\"height: 17.60pt;\" height=\"17\">Sp\u00e9cifications<\/td>\n<td class=\"et2\">120gX48sacs<\/td>\n<\/tr>\n<tr style=\"height: 17.60pt;\">\n<td class=\"et2\" style=\"height: 17.60pt;\" height=\"17\">Taille du carton<\/td>\n<td class=\"et2\">39*26*24cm<\/td>\n<\/tr>\n<tr style=\"height: 17.60pt;\">\n<td class=\"et2\" style=\"height: 17.60pt;\" height=\"17\">N.W.\/Carton<\/td>\n<td class=\"et2\">7,5 kg<\/td>\n<\/tr>\n<tr style=\"height: 17.60pt;\">\n<td class=\"et2\" style=\"height: 17.60pt;\" height=\"17\">Prix<\/td>\n<td class=\"et2\">0.55-0.57USD\/par sac<\/td>\n<\/tr>\n<tr style=\"height: 17.60pt;\">\n<td class=\"et2\" style=\"height: 17.60pt;\" height=\"17\">MOQ<\/td>\n<td class=\"et2\">500 cartons<\/td>\n<\/tr>\n<tr style=\"height: 17.60pt;\">\n<td class=\"et2\" style=\"height: 17.60pt;\" height=\"17\">\u00c9chantillon<\/td>\n<td class=\"et2\">Disponible<\/td>\n<\/tr>\n<\/tbody>\n<\/table>","protected":false},"featured_media":479,"comment_status":"open","ping_status":"closed","template":"","meta":{"_acf_changed":false},"product_brand":[],"product_cat":[19],"product_tag":[],"class_list":{"0":"post-477","1":"product","2":"type-product","3":"status-publish","4":"has-post-thumbnail","6":"product_cat-wholesale-gummy-manufacturer","8":"first","9":"instock","10":"shipping-taxable","11":"product-type-simple"},"acf":[],"_links":{"self":[{"href":"https:\/\/www.lechaocandy.com\/fr\/wp-json\/wp\/v2\/product\/477","targetHints":{"allow":["GET"]}}],"collection":[{"href":"https:\/\/www.lechaocandy.com\/fr\/wp-json\/wp\/v2\/product"}],"about":[{"href":"https:\/\/www.lechaocandy.com\/fr\/wp-json\/wp\/v2\/types\/product"}],"replies":[{"embeddable":true,"href":"https:\/\/www.lechaocandy.com\/fr\/wp-json\/wp\/v2\/comments?post=477"}],"wp:featuredmedia":[{"embeddable":true,"href":"https:\/\/www.lechaocandy.com\/fr\/wp-json\/wp\/v2\/media\/479"}],"wp:attachment":[{"href":"https:\/\/www.lechaocandy.com\/fr\/wp-json\/wp\/v2\/media?parent=477"}],"wp:term":[{"taxonomy":"product_brand","embeddable":true,"href":"https:\/\/www.lechaocandy.com\/fr\/wp-json\/wp\/v2\/product_brand?post=477"},{"taxonomy":"product_cat","embeddable":true,"href":"https:\/\/www.lechaocandy.com\/fr\/wp-json\/wp\/v2\/product_cat?post=477"},{"taxonomy":"product_tag","embeddable":true,"href":"https:\/\/www.lechaocandy.com\/fr\/wp-json\/wp\/v2\/product_tag?post=477"}],"curies":[{"name":"wp","href":"https:\/\/api.w.org\/{rel}","templated":true}]}}