{"id":484,"date":"2025-05-14T09:00:42","date_gmt":"2025-05-14T09:00:42","guid":{"rendered":"https:\/\/www.lechaocandy.com\/?post_type=product&#038;p=484"},"modified":"2026-04-09T02:23:04","modified_gmt":"2026-04-09T02:23:04","slug":"bulk-gummy-candy","status":"publish","type":"product","link":"https:\/\/www.lechaocandy.com\/fr\/produit\/bulk-gummy-candy\/","title":{"rendered":"Boules d'yeux Bonbons g\u00e9lifi\u00e9s en vrac, bonbons g\u00e9lifi\u00e9s en gros"},"content":{"rendered":"<div class=\"wp-block-columns is-layout-flex wp-container-core-columns-is-layout-9d6595d7 wp-block-columns-is-layout-flex\"><div class=\"wp-block-column is-layout-flow wp-block-column-is-layout-flow\"><h2 class=\"wp-block-heading\">Points forts du produit Boules d'yeux Bonbons g\u00e9lifi\u00e9s en vrac<\/h2>\n\n<ul class=\"wp-block-list\"><li><strong>Forme r\u00e9aliste du globe oculaire, pleine de cr\u00e9ativit\u00e9 : <\/strong>Nos bonbons g\u00e9lifi\u00e9s en vrac avec globe oculaire sont produits \u00e0 l'aide d'un moule tridimensionnel qui restitue la structure du globe oculaire, ce qui a un impact visuel tr\u00e8s fort et convient au marketing des festivals, en particulier aux th\u00e8mes d'Halloween.<\/li>\n\n<li><strong>Contient des garnitures fruit\u00e9es et des couches riches : <\/strong>La couche ext\u00e9rieure de ces gommes fourr\u00e9es \u00e0 la gel\u00e9e de gros est envelopp\u00e9e d'une riche confiture fruit\u00e9e, qui \u00e9clate dans la bouche, apportant une exp\u00e9rience gustative multiple, \u00e0 la fois moelleuse \u00e0 l'ext\u00e9rieur et douce \u00e0 l'int\u00e9rieur.<\/li>\n\n<li><strong>Plusieurs saveurs et combinaisons de couleurs : <\/strong>Nos bonbons g\u00e9lifi\u00e9s en vrac offrent une vari\u00e9t\u00e9 de saveurs telles que fraise, myrtille, litchi et raisin, avec diff\u00e9rentes couleurs d'iris pour r\u00e9pondre aux besoins de plaisir et de go\u00fbt des diff\u00e9rents march\u00e9s.<\/li>\n\n<li><strong>Convient \u00e0 la vente dans diff\u00e9rents sc\u00e9narios : <\/strong>Qu'il s'agisse d'un paquet cadeau pour les f\u00eates, d'un rayon de vente au d\u00e9tail ou d'un bonbon pour une f\u00eate, nos gommes fourr\u00e9es \u00e0 la gel\u00e9e en gros peuvent devenir un produit chaud accrocheur et am\u00e9liorer l'exp\u00e9rience du consommateur.<\/li>\n\n<li><strong>Soutenir les services de personnalisation : <\/strong>Qu'il s'agisse d'ar\u00f4mes, de formes et de couleurs ou de solutions d'emballage, nos bonbons g\u00e9lifi\u00e9s en vrac peuvent \u00eatre personnalis\u00e9s \u00e0 la demande pour r\u00e9pondre au positionnement personnalis\u00e9 des marques clientes sur le march\u00e9.<\/li><\/ul><\/div>\n\n<div class=\"wp-block-column is-layout-flow wp-block-column-is-layout-flow\"><figure class=\"wp-block-image size-full\"><img decoding=\"async\" width=\"800\" height=\"800\" src=\"https:\/\/www.lechaocandy.com\/wp-content\/uploads\/2025\/05\/Eyeballs-Bulk-Gummy-Candy-Jelly-Filled-Gummies-Wholesale-1.webp\" alt=\"Boules d&#039;yeux Bonbons g\u00e9lifi\u00e9s en vrac, Gummies remplies de gel\u00e9e Wholesale-1\" class=\"wp-image-485\" srcset=\"https:\/\/www.lechaocandy.com\/wp-content\/uploads\/2025\/05\/Eyeballs-Bulk-Gummy-Candy-Jelly-Filled-Gummies-Wholesale-1.webp 800w, https:\/\/www.lechaocandy.com\/wp-content\/uploads\/2025\/05\/Eyeballs-Bulk-Gummy-Candy-Jelly-Filled-Gummies-Wholesale-1-300x300.webp 300w, https:\/\/www.lechaocandy.com\/wp-content\/uploads\/2025\/05\/Eyeballs-Bulk-Gummy-Candy-Jelly-Filled-Gummies-Wholesale-1-150x150.webp 150w, https:\/\/www.lechaocandy.com\/wp-content\/uploads\/2025\/05\/Eyeballs-Bulk-Gummy-Candy-Jelly-Filled-Gummies-Wholesale-1-768x768.webp 768w, https:\/\/www.lechaocandy.com\/wp-content\/uploads\/2025\/05\/Eyeballs-Bulk-Gummy-Candy-Jelly-Filled-Gummies-Wholesale-1-600x600.webp 600w, https:\/\/www.lechaocandy.com\/wp-content\/uploads\/2025\/05\/Eyeballs-Bulk-Gummy-Candy-Jelly-Filled-Gummies-Wholesale-1-100x100.webp 100w\" sizes=\"(max-width: 800px) 100vw, 800px\" \/><\/figure><\/div><\/div>","protected":false},"excerpt":{"rendered":"<p>Bienvenue sur le site de vente en gros de bonbons g\u00e9lifi\u00e9s. Ce bonbon g\u00e9lifi\u00e9 en vrac \u00e0 base de boules d'yeux se distingue par sa forme r\u00e9aliste et son design de remplissage explosif. Il est associ\u00e9 \u00e0 une confiture fruit\u00e9e, et l'ar\u00f4me fruit\u00e9 se r\u00e9pand d\u00e8s que vous le croquez. Il prend en charge de nombreux services personnalis\u00e9s et est le produit pr\u00e9f\u00e9r\u00e9 pour cr\u00e9er des marques de bonbons cr\u00e9atives.<\/p>\n<table style=\"border-collapse: collapse; width: 314.02pt;\" border=\"0\" width=\"314\" cellspacing=\"0\" cellpadding=\"0\">\n<tbody>\n<tr style=\"height: 17.60pt;\">\n<td class=\"et2\" style=\"height: 17.60pt; width: 110.80pt;\" width=\"110\" height=\"17\">Fabricant<\/td>\n<td class=\"et2\" style=\"width: 204.10pt;\" width=\"204\">LeChao Candy<\/td>\n<\/tr>\n<tr style=\"height: 18.00pt;\">\n<td class=\"et2\" style=\"height: 18.00pt;\" height=\"18\">Type de produit<\/td>\n<td class=\"et3\" style=\"width: 204.10pt;\" width=\"204\">Bonbons g\u00e9lifi\u00e9s fourr\u00e9s \u00e0 la confiture Eyeball<\/td>\n<\/tr>\n<tr style=\"height: 18.00pt;\">\n<td class=\"et2\" style=\"height: 18.00pt;\" height=\"18\">Le go\u00fbt<\/td>\n<td class=\"et3\" style=\"width: 204.10pt;\" width=\"204\">Aigre-doux et r\u00e9silient<\/td>\n<\/tr>\n<tr style=\"height: 17.60pt;\">\n<td class=\"et2\" style=\"height: 17.60pt;\" height=\"17\">Sp\u00e9cifications<\/td>\n<td class=\"et2\">60gX10sacsX6bo\u00eetes<\/td>\n<\/tr>\n<tr style=\"height: 17.60pt;\">\n<td class=\"et2\" style=\"height: 17.60pt;\" height=\"17\">Taille du carton<\/td>\n<td class=\"et2\">36.5X22X33.5cm<\/td>\n<\/tr>\n<tr style=\"height: 17.60pt;\">\n<td class=\"et2\" style=\"height: 17.60pt;\" height=\"17\">N.W.\/Carton<\/td>\n<td class=\"et2\">5,8 kg<\/td>\n<\/tr>\n<tr style=\"height: 17.60pt;\">\n<td class=\"et2\" style=\"height: 17.60pt;\" height=\"17\">Prix<\/td>\n<td class=\"et2\">0,3-0,33USD<\/td>\n<\/tr>\n<tr style=\"height: 17.60pt;\">\n<td class=\"et2\" style=\"height: 17.60pt;\" height=\"17\">MOQ<\/td>\n<td class=\"et2\">800 cartons<\/td>\n<\/tr>\n<tr style=\"height: 17.60pt;\">\n<td class=\"et2\" style=\"height: 17.60pt;\" height=\"17\">\u00c9chantillon<\/td>\n<td class=\"et2\">Disponible<\/td>\n<\/tr>\n<\/tbody>\n<\/table>","protected":false},"featured_media":486,"comment_status":"open","ping_status":"closed","template":"","meta":{"_acf_changed":false},"product_brand":[],"product_cat":[19,27],"product_tag":[41],"class_list":{"0":"post-484","1":"product","2":"type-product","3":"status-publish","4":"has-post-thumbnail","6":"product_cat-wholesale-gummy-manufacturer","7":"product_cat-filled-gummy-candies-supplier","8":"product_tag-wholesale-halloween-gummies","10":"first","11":"instock","12":"shipping-taxable","13":"product-type-simple"},"acf":[],"_links":{"self":[{"href":"https:\/\/www.lechaocandy.com\/fr\/wp-json\/wp\/v2\/product\/484","targetHints":{"allow":["GET"]}}],"collection":[{"href":"https:\/\/www.lechaocandy.com\/fr\/wp-json\/wp\/v2\/product"}],"about":[{"href":"https:\/\/www.lechaocandy.com\/fr\/wp-json\/wp\/v2\/types\/product"}],"replies":[{"embeddable":true,"href":"https:\/\/www.lechaocandy.com\/fr\/wp-json\/wp\/v2\/comments?post=484"}],"wp:featuredmedia":[{"embeddable":true,"href":"https:\/\/www.lechaocandy.com\/fr\/wp-json\/wp\/v2\/media\/486"}],"wp:attachment":[{"href":"https:\/\/www.lechaocandy.com\/fr\/wp-json\/wp\/v2\/media?parent=484"}],"wp:term":[{"taxonomy":"product_brand","embeddable":true,"href":"https:\/\/www.lechaocandy.com\/fr\/wp-json\/wp\/v2\/product_brand?post=484"},{"taxonomy":"product_cat","embeddable":true,"href":"https:\/\/www.lechaocandy.com\/fr\/wp-json\/wp\/v2\/product_cat?post=484"},{"taxonomy":"product_tag","embeddable":true,"href":"https:\/\/www.lechaocandy.com\/fr\/wp-json\/wp\/v2\/product_tag?post=484"}],"curies":[{"name":"wp","href":"https:\/\/api.w.org\/{rel}","templated":true}]}}