{"id":489,"date":"2025-05-14T09:13:44","date_gmt":"2025-05-14T09:13:44","guid":{"rendered":"https:\/\/www.lechaocandy.com\/?post_type=product&#038;p=489"},"modified":"2025-05-14T09:32:44","modified_gmt":"2025-05-14T09:32:44","slug":"bulk-jelly-beans","status":"publish","type":"product","link":"https:\/\/www.lechaocandy.com\/fr\/produit\/bulk-jelly-beans\/","title":{"rendered":"Jelly Beans fruit\u00e9s en vrac, m\u00e9lange de bonbons \u00e0 la gel\u00e9e en gros et sur mesure"},"content":{"rendered":"<div class=\"wp-block-columns is-layout-flex wp-container-core-columns-is-layout-9d6595d7 wp-block-columns-is-layout-flex\"><div class=\"wp-block-column is-layout-flow wp-block-column-is-layout-flow\"><h2 class=\"wp-block-heading\">Points forts du produit Fruity Bulk Jelly Beans (haricots g\u00e9lifi\u00e9s en vrac)<\/h2>\n\n<ul class=\"wp-block-list\"><li><strong>Couleur vive, effet visuel fort : <\/strong>Nos bonbons g\u00e9lifi\u00e9s en vrac sont intens\u00e9ment color\u00e9s et recouverts d'une couche de sucre brillante et lisse, ce qui est tr\u00e8s attrayant visuellement, renforce l'effet visuel et incite les consommateurs \u00e0 s'arr\u00eater et \u00e0 acheter.<\/li>\n\n<li><strong>Combinaison d'ar\u00f4mes de fruits riches, go\u00fbt distinct : <\/strong>Notre m\u00e9lange de bonbons \u00e0 la gel\u00e9e personnalis\u00e9 couvre une vari\u00e9t\u00e9 de saveurs de fruits classiques et innovantes telles que la fraise, la pomme, l'orange, le raisin, la past\u00e8que, le citron, etc.<\/li>\n\n<li><strong>Go\u00fbt croustillant, sucr\u00e9 mais non gras : <\/strong>Nos bonbons en vrac ont une coquille fra\u00eeche, un int\u00e9rieur moelleux, un go\u00fbt sucr\u00e9 mod\u00e9r\u00e9, et le parfum de fruit se r\u00e9pand dans la bouche lors de la mastication, ce qui convient aux personnes de tous \u00e2ges.<\/li>\n\n<li><strong>Prise en charge de la combinaison et de la personnalisation des produits :<\/strong> Notre m\u00e9lange de bonbons \u00e0 la gel\u00e9e peut \u00eatre personnalis\u00e9 en fonction des combinaisons de saveurs, des rapports de couleurs, des mod\u00e8les de drag\u00e9ification et de l'emballage de la marque, afin de r\u00e9pondre aux besoins de d\u00e9veloppement de produits personnalis\u00e9s des clients.<\/li>\n\n<li><strong>Convient \u00e0 plusieurs canaux de vente : <\/strong>Ces bonbons g\u00e9lifi\u00e9s en vrac peuvent \u00eatre fournis en vrac pour les supermarch\u00e9s, les magasins de snacks, les distributeurs automatiques, les bars \u00e0 bonbons, les paquets-cadeaux festifs, les bonbons en vrac pour les \u00e9v\u00e9nements et d'autres sc\u00e9narios de vente au d\u00e9tail.<\/li><\/ul><\/div>\n\n<div class=\"wp-block-column is-layout-flow wp-block-column-is-layout-flow\"><figure class=\"wp-block-image size-full\"><img decoding=\"async\" width=\"800\" height=\"800\" src=\"https:\/\/www.lechaocandy.com\/wp-content\/uploads\/2025\/05\/Fruity-Bulk-Jelly-Beans-Wholesale-Custom-Jelly-Bean-Mix-5.webp\" alt=\"Fruity Bulk Jelly Beans, Vente en gros de haricots g\u00e9lifi\u00e9s sur mesure Mix-5\" class=\"wp-image-494\" srcset=\"https:\/\/www.lechaocandy.com\/wp-content\/uploads\/2025\/05\/Fruity-Bulk-Jelly-Beans-Wholesale-Custom-Jelly-Bean-Mix-5.webp 800w, https:\/\/www.lechaocandy.com\/wp-content\/uploads\/2025\/05\/Fruity-Bulk-Jelly-Beans-Wholesale-Custom-Jelly-Bean-Mix-5-300x300.webp 300w, https:\/\/www.lechaocandy.com\/wp-content\/uploads\/2025\/05\/Fruity-Bulk-Jelly-Beans-Wholesale-Custom-Jelly-Bean-Mix-5-150x150.webp 150w, https:\/\/www.lechaocandy.com\/wp-content\/uploads\/2025\/05\/Fruity-Bulk-Jelly-Beans-Wholesale-Custom-Jelly-Bean-Mix-5-768x768.webp 768w, https:\/\/www.lechaocandy.com\/wp-content\/uploads\/2025\/05\/Fruity-Bulk-Jelly-Beans-Wholesale-Custom-Jelly-Bean-Mix-5-600x600.webp 600w, https:\/\/www.lechaocandy.com\/wp-content\/uploads\/2025\/05\/Fruity-Bulk-Jelly-Beans-Wholesale-Custom-Jelly-Bean-Mix-5-100x100.webp 100w\" sizes=\"(max-width: 800px) 100vw, 800px\" \/><\/figure><\/div><\/div>","protected":false},"excerpt":{"rendered":"<p>Nous vous invitons \u00e0 acheter des m\u00e9langes de bonbons \u00e0 la gel\u00e9e personnalis\u00e9s. Nos bonbons g\u00e9lifi\u00e9s fruit\u00e9s en vrac sont croustillants \u00e0 l'ext\u00e9rieur et doux \u00e0 l'int\u00e9rieur, sucr\u00e9s et acidul\u00e9s, et sont appr\u00e9ci\u00e9s des consommateurs. En permettant de m\u00e9langer et d'assortir les produits et de les emballer sur mesure, ils constituent un choix id\u00e9al pour cr\u00e9er des produits de confiserie populaires.<\/p>\n<table style=\"border-collapse: collapse; width: 314.02pt;\" border=\"0\" width=\"314\" cellspacing=\"0\" cellpadding=\"0\">\n<tbody>\n<tr style=\"height: 17.60pt;\">\n<td class=\"et2\" style=\"height: 17.60pt; width: 110.80pt;\" width=\"110\" height=\"17\">Fabricant<\/td>\n<td class=\"et2\" style=\"width: 204.10pt;\" width=\"204\">LeChao Candy<\/td>\n<\/tr>\n<tr style=\"height: 18.00pt;\">\n<td class=\"et2\" style=\"height: 18.00pt;\" height=\"18\">Type de produit<\/td>\n<td class=\"et3\" style=\"width: 204.10pt;\" width=\"204\">Bonbons \u00e0 la gel\u00e9e<\/td>\n<\/tr>\n<tr style=\"height: 18.00pt;\">\n<td class=\"et2\" style=\"height: 18.00pt;\" height=\"18\">Le go\u00fbt<\/td>\n<td class=\"et3\" style=\"width: 204.10pt;\" width=\"204\">Aigre-doux et r\u00e9silient<\/td>\n<\/tr>\n<tr style=\"height: 17.60pt;\">\n<td class=\"et2\" style=\"height: 17.60pt;\" height=\"17\">Sp\u00e9cifications<\/td>\n<td class=\"et2\">102gX6bo\u00eeteminiX18bo\u00eetes<\/td>\n<\/tr>\n<tr style=\"height: 17.60pt;\">\n<td class=\"et2\" style=\"height: 17.60pt;\" height=\"17\">Taille du carton<\/td>\n<td class=\"et2\">35,5X23,5X13cm<\/td>\n<\/tr>\n<tr style=\"height: 17.60pt;\">\n<td class=\"et2\" style=\"height: 17.60pt;\" height=\"17\">N.W.\/Carton<\/td>\n<td class=\"et2\">6,8 kg<\/td>\n<\/tr>\n<tr style=\"height: 17.60pt;\">\n<td class=\"et2\" style=\"height: 17.60pt;\" height=\"17\">\u00c9chantillon<\/td>\n<td class=\"et2\">Disponible<\/td>\n<\/tr>\n<\/tbody>\n<\/table>","protected":false},"featured_media":493,"comment_status":"open","ping_status":"closed","template":"","meta":{"_acf_changed":false},"product_brand":[],"product_cat":[21],"product_tag":[],"class_list":{"0":"post-489","1":"product","2":"type-product","3":"status-publish","4":"has-post-thumbnail","6":"product_cat-jelly-bean-wholesale","8":"first","9":"instock","10":"shipping-taxable","11":"product-type-simple"},"acf":[],"_links":{"self":[{"href":"https:\/\/www.lechaocandy.com\/fr\/wp-json\/wp\/v2\/product\/489","targetHints":{"allow":["GET"]}}],"collection":[{"href":"https:\/\/www.lechaocandy.com\/fr\/wp-json\/wp\/v2\/product"}],"about":[{"href":"https:\/\/www.lechaocandy.com\/fr\/wp-json\/wp\/v2\/types\/product"}],"replies":[{"embeddable":true,"href":"https:\/\/www.lechaocandy.com\/fr\/wp-json\/wp\/v2\/comments?post=489"}],"wp:featuredmedia":[{"embeddable":true,"href":"https:\/\/www.lechaocandy.com\/fr\/wp-json\/wp\/v2\/media\/493"}],"wp:attachment":[{"href":"https:\/\/www.lechaocandy.com\/fr\/wp-json\/wp\/v2\/media?parent=489"}],"wp:term":[{"taxonomy":"product_brand","embeddable":true,"href":"https:\/\/www.lechaocandy.com\/fr\/wp-json\/wp\/v2\/product_brand?post=489"},{"taxonomy":"product_cat","embeddable":true,"href":"https:\/\/www.lechaocandy.com\/fr\/wp-json\/wp\/v2\/product_cat?post=489"},{"taxonomy":"product_tag","embeddable":true,"href":"https:\/\/www.lechaocandy.com\/fr\/wp-json\/wp\/v2\/product_tag?post=489"}],"curies":[{"name":"wp","href":"https:\/\/api.w.org\/{rel}","templated":true}]}}