{"id":498,"date":"2025-05-14T09:35:56","date_gmt":"2025-05-14T09:35:56","guid":{"rendered":"https:\/\/www.lechaocandy.com\/?post_type=product&#038;p=498"},"modified":"2025-05-14T09:45:28","modified_gmt":"2025-05-14T09:45:28","slug":"bulk-sour-gummy-candy","status":"publish","type":"product","link":"https:\/\/www.lechaocandy.com\/fr\/produit\/bulk-sour-gummy-candy\/","title":{"rendered":"Fish Bulk Sour Gummy Candy, Gummy Shark Candy Wholesale"},"content":{"rendered":"<div class=\"wp-block-columns is-layout-flex wp-container-core-columns-is-layout-9d6595d7 wp-block-columns-is-layout-flex\"><div class=\"wp-block-column is-layout-flow wp-block-column-is-layout-flow\"><h2 class=\"wp-block-heading\">Points forts du produit Fish Bulk Sour Gummy Candy (bonbons g\u00e9lifi\u00e9s \u00e0 l'acide)<\/h2>\n\n<ul class=\"wp-block-list\"><li><strong>La forme du poisson est int\u00e9ressante et attire l'attention : <\/strong>Ce bonbon gommeux acidul\u00e9 en vrac adopte la forme d'un requin, avec une forme vive et int\u00e9ressante, des couleurs riches et un grand attrait visuel.<\/li>\n\n<li><strong>Aigre-doux, couches riches : <\/strong>Nos bonbons acidul\u00e9s au requin ont d'abord un go\u00fbt acidul\u00e9 rafra\u00eechissant, puis deviennent sucr\u00e9s et fruit\u00e9s, apportant une exp\u00e9rience gustative unique et sans fin.<\/li>\n\n<li><strong>Doux et moelleux, bonne sensation de mastication : <\/strong>Nos bonbons g\u00e9lifi\u00e9s acidul\u00e9s en vrac utilisent une formule et des mati\u00e8res premi\u00e8res g\u00e9lifi\u00e9es de haute qualit\u00e9, le corps du sucre est flexible et \u00e9lastique, le go\u00fbt est moelleux, convient \u00e0 une mastication de longue dur\u00e9e et accro\u00eet le plaisir de manger.<\/li>\n\n<li><strong>Convient \u00e0 la vente et \u00e0 la pr\u00e9sentation de plusieurs sc\u00e8nes : <\/strong>Ce bonbon acidul\u00e9 au requin peut \u00eatre utilis\u00e9 en vrac, en petits paquets ind\u00e9pendants, en paquets cadeaux et sous d'autres formes, et est largement utilis\u00e9 dans les supermarch\u00e9s, les magasins de bonbons, les plateformes de commerce \u00e9lectronique et d'autres canaux de vente.<\/li>\n\n<li><strong>Soutenir les services de personnalisation exclusifs \u00e0 la marque : <\/strong>Nos bonbons g\u00e9lifi\u00e9s acidul\u00e9s en vrac peuvent \u00eatre personnalis\u00e9s en fonction des besoins. Le go\u00fbt, la couleur, les d\u00e9tails de la forme et les solutions d'emballage r\u00e9pondent aux besoins personnalis\u00e9s des clients pour le d\u00e9veloppement de produits de marque.<\/li><\/ul><\/div>\n\n<div class=\"wp-block-column is-layout-flow wp-block-column-is-layout-flow\"><figure class=\"wp-block-image size-full\"><img decoding=\"async\" width=\"800\" height=\"800\" src=\"https:\/\/www.lechaocandy.com\/wp-content\/uploads\/2025\/05\/Fish-Bulk-Sour-Gummy-Candy-Gummy-Shark-Candy-Wholesale-1.webp\" alt=\"Bonbons g\u00e9lifi\u00e9s au poisson en vrac, Bonbons g\u00e9lifi\u00e9s au requin en gros-1\" class=\"wp-image-499\" srcset=\"https:\/\/www.lechaocandy.com\/wp-content\/uploads\/2025\/05\/Fish-Bulk-Sour-Gummy-Candy-Gummy-Shark-Candy-Wholesale-1.webp 800w, https:\/\/www.lechaocandy.com\/wp-content\/uploads\/2025\/05\/Fish-Bulk-Sour-Gummy-Candy-Gummy-Shark-Candy-Wholesale-1-300x300.webp 300w, https:\/\/www.lechaocandy.com\/wp-content\/uploads\/2025\/05\/Fish-Bulk-Sour-Gummy-Candy-Gummy-Shark-Candy-Wholesale-1-150x150.webp 150w, https:\/\/www.lechaocandy.com\/wp-content\/uploads\/2025\/05\/Fish-Bulk-Sour-Gummy-Candy-Gummy-Shark-Candy-Wholesale-1-768x768.webp 768w, https:\/\/www.lechaocandy.com\/wp-content\/uploads\/2025\/05\/Fish-Bulk-Sour-Gummy-Candy-Gummy-Shark-Candy-Wholesale-1-600x600.webp 600w, https:\/\/www.lechaocandy.com\/wp-content\/uploads\/2025\/05\/Fish-Bulk-Sour-Gummy-Candy-Gummy-Shark-Candy-Wholesale-1-100x100.webp 100w\" sizes=\"(max-width: 800px) 100vw, 800px\" \/><\/figure><\/div><\/div>","protected":false},"excerpt":{"rendered":"<p>Bienvenue \u00e0 l'achat de bonbons g\u00e9lifi\u00e9s acidul\u00e9s en vrac. Nos bonbons gommeux au requin ont des formes oc\u00e9aniques int\u00e9ressantes, des saveurs sucr\u00e9es et acidul\u00e9es, des couleurs vives, et sont \u00e0 la fois d\u00e9coratifs et d\u00e9licieux. Nous prenons en charge les achats en gros et la personnalisation des marques.<\/p>\n<table style=\"border-collapse: collapse; width: 314.02pt;\" border=\"0\" width=\"314\" cellspacing=\"0\" cellpadding=\"0\">\n<tbody>\n<tr style=\"height: 17.60pt;\">\n<td class=\"et2\" style=\"height: 17.60pt; width: 110.80pt;\" width=\"110\" height=\"17\">Fabricant<\/td>\n<td class=\"et2\" style=\"width: 204.10pt;\" width=\"204\">LeChao Candy<\/td>\n<\/tr>\n<tr style=\"height: 18.00pt;\">\n<td class=\"et2\" style=\"height: 18.00pt;\" height=\"18\">Type de produit<\/td>\n<td class=\"et3\" style=\"width: 204.10pt;\" width=\"204\">Bonbons g\u00e9lifi\u00e9s Shark Sour<\/td>\n<\/tr>\n<tr style=\"height: 18.00pt;\">\n<td class=\"et2\" style=\"height: 18.00pt;\" height=\"18\">Le go\u00fbt<\/td>\n<td class=\"et3\" style=\"width: 204.10pt;\" width=\"204\">Aigre<\/td>\n<\/tr>\n<tr style=\"height: 17.60pt;\">\n<td class=\"et2\" style=\"height: 17.60pt;\" height=\"17\">Sp\u00e9cifications<\/td>\n<td class=\"et2\">118gx48bags<\/td>\n<\/tr>\n<tr style=\"height: 17.60pt;\">\n<td class=\"et2\" style=\"height: 17.60pt;\" height=\"17\">Taille du carton<\/td>\n<td class=\"et2\">39*26*24cm<\/td>\n<\/tr>\n<tr style=\"height: 17.60pt;\">\n<td class=\"et2\" style=\"height: 17.60pt;\" height=\"17\">N.W.\/Carton<\/td>\n<td class=\"et2\">7,5 kg<\/td>\n<\/tr>\n<tr style=\"height: 17.60pt;\">\n<td class=\"et2\" style=\"height: 17.60pt;\" height=\"17\">Prix<\/td>\n<td class=\"et2\">24USD<\/td>\n<\/tr>\n<tr style=\"height: 17.60pt;\">\n<td class=\"et2\" style=\"height: 17.60pt;\" height=\"17\">MOQ<\/td>\n<td class=\"et2\">500 cartons<\/td>\n<\/tr>\n<tr style=\"height: 17.60pt;\">\n<td class=\"et2\" style=\"height: 17.60pt;\" height=\"17\">\u00c9chantillon<\/td>\n<td class=\"et2\">Disponible<\/td>\n<\/tr>\n<\/tbody>\n<\/table>","protected":false},"featured_media":500,"comment_status":"open","ping_status":"closed","template":"","meta":{"_acf_changed":false},"product_brand":[],"product_cat":[19,28],"product_tag":[],"class_list":{"0":"post-498","1":"product","2":"type-product","3":"status-publish","4":"has-post-thumbnail","6":"product_cat-wholesale-gummy-manufacturer","7":"product_cat-bulk-sour-gummies","9":"first","10":"instock","11":"shipping-taxable","12":"product-type-simple"},"acf":[],"_links":{"self":[{"href":"https:\/\/www.lechaocandy.com\/fr\/wp-json\/wp\/v2\/product\/498","targetHints":{"allow":["GET"]}}],"collection":[{"href":"https:\/\/www.lechaocandy.com\/fr\/wp-json\/wp\/v2\/product"}],"about":[{"href":"https:\/\/www.lechaocandy.com\/fr\/wp-json\/wp\/v2\/types\/product"}],"replies":[{"embeddable":true,"href":"https:\/\/www.lechaocandy.com\/fr\/wp-json\/wp\/v2\/comments?post=498"}],"wp:featuredmedia":[{"embeddable":true,"href":"https:\/\/www.lechaocandy.com\/fr\/wp-json\/wp\/v2\/media\/500"}],"wp:attachment":[{"href":"https:\/\/www.lechaocandy.com\/fr\/wp-json\/wp\/v2\/media?parent=498"}],"wp:term":[{"taxonomy":"product_brand","embeddable":true,"href":"https:\/\/www.lechaocandy.com\/fr\/wp-json\/wp\/v2\/product_brand?post=498"},{"taxonomy":"product_cat","embeddable":true,"href":"https:\/\/www.lechaocandy.com\/fr\/wp-json\/wp\/v2\/product_cat?post=498"},{"taxonomy":"product_tag","embeddable":true,"href":"https:\/\/www.lechaocandy.com\/fr\/wp-json\/wp\/v2\/product_tag?post=498"}],"curies":[{"name":"wp","href":"https:\/\/api.w.org\/{rel}","templated":true}]}}