{"id":504,"date":"2025-05-14T09:51:15","date_gmt":"2025-05-14T09:51:15","guid":{"rendered":"https:\/\/www.lechaocandy.com\/?post_type=product&#038;p=504"},"modified":"2025-05-14T09:59:03","modified_gmt":"2025-05-14T09:59:03","slug":"fruit-gummy-candy-bulk","status":"publish","type":"product","link":"https:\/\/www.lechaocandy.com\/fr\/produit\/fruit-gummy-candy-bulk\/","title":{"rendered":"Bonbons g\u00e9lifi\u00e9s aux fruits en vrac, Bonbons pelables \u00e0 la mangue en gros"},"content":{"rendered":"<div class=\"wp-block-columns is-layout-flex wp-container-core-columns-is-layout-9d6595d7 wp-block-columns-is-layout-flex\"><div class=\"wp-block-column is-layout-flow wp-block-column-is-layout-flow\"><h2 class=\"wp-block-heading\">Points forts du produit Bonbons g\u00e9lifi\u00e9s aux fruits en vrac<\/h2>\n\n<ul class=\"wp-block-list\"><li><strong>Un design innovant, pelable et amusant : <\/strong>Ce bonbon gommeux aux fruits en vrac adopte une forme de mangue simul\u00e9e, qui peut \u00eatre \"pel\u00e9e\" comme un fruit, ce qui accro\u00eet l'interactivit\u00e9 et l'int\u00e9r\u00eat de la d\u00e9gustation, et est tr\u00e8s appr\u00e9ci\u00e9 des enfants et des jeunes consommateurs.<\/li>\n\n<li><strong>V\u00e9ritable ar\u00f4me de fruit, riche saveur de mangue : <\/strong>Le c\u0153ur de nos bonbons g\u00e9lifi\u00e9s \u00e0 la mangue \u00e0 peler pr\u00e9sente un ar\u00f4me naturel de mangue, sucr\u00e9 et acidul\u00e9, qui fond dans la bouche et procure un plaisir gustatif comparable \u00e0 celui d'une mangue fra\u00eeche.<\/li>\n\n<li><strong>Doux et moelleux, couches riches : <\/strong>Ce bonbon gommeux aux fruits en vrac a une couverture sucr\u00e9e douce, un go\u00fbt riche lors de la mastication, sucr\u00e9 mais non gras, et r\u00e9pond aux exigences de go\u00fbt de haute qualit\u00e9.<\/li>\n\n<li><strong>Convient \u00e0 la vente et \u00e0 la pr\u00e9sentation de plusieurs sc\u00e8nes : <\/strong>Ces bonbons g\u00e9lifi\u00e9s pelables \u00e0 la mangue ont un aspect unique et des couleurs vives. Ils conviennent aux magasins de snacks, aux bars \u00e0 bonbons, aux supermarch\u00e9s en vrac, aux bo\u00eetes cadeaux pour les f\u00eates et \u00e0 d'autres formes de vente et d'emballage.<\/li>\n\n<li><strong>Soutenir les services personnalis\u00e9s pour cr\u00e9er des produits exclusifs :<\/strong> Nos bonbons g\u00e9lifi\u00e9s aux fruits en vrac peuvent \u00eatre personnalis\u00e9s en termes de forme, de taille, de concentration d'ar\u00f4mes, de forme d'emballage et de logo de marque en fonction des besoins du client.<\/li><\/ul><\/div>\n\n<div class=\"wp-block-column is-layout-flow wp-block-column-is-layout-flow\"><figure class=\"wp-block-image size-full\"><img decoding=\"async\" width=\"800\" height=\"800\" src=\"https:\/\/www.lechaocandy.com\/wp-content\/uploads\/2025\/05\/Fruit-Gummy-Candy-Bulk-Wholesale-Peelable-Mango-Candy-1.webp\" alt=\"Bonbons g\u00e9lifi\u00e9s aux fruits en vrac, Bonbons pelables \u00e0 la mangue en gros-1\" class=\"wp-image-505\" srcset=\"https:\/\/www.lechaocandy.com\/wp-content\/uploads\/2025\/05\/Fruit-Gummy-Candy-Bulk-Wholesale-Peelable-Mango-Candy-1.webp 800w, https:\/\/www.lechaocandy.com\/wp-content\/uploads\/2025\/05\/Fruit-Gummy-Candy-Bulk-Wholesale-Peelable-Mango-Candy-1-300x300.webp 300w, https:\/\/www.lechaocandy.com\/wp-content\/uploads\/2025\/05\/Fruit-Gummy-Candy-Bulk-Wholesale-Peelable-Mango-Candy-1-150x150.webp 150w, https:\/\/www.lechaocandy.com\/wp-content\/uploads\/2025\/05\/Fruit-Gummy-Candy-Bulk-Wholesale-Peelable-Mango-Candy-1-768x768.webp 768w, https:\/\/www.lechaocandy.com\/wp-content\/uploads\/2025\/05\/Fruit-Gummy-Candy-Bulk-Wholesale-Peelable-Mango-Candy-1-600x600.webp 600w, https:\/\/www.lechaocandy.com\/wp-content\/uploads\/2025\/05\/Fruit-Gummy-Candy-Bulk-Wholesale-Peelable-Mango-Candy-1-100x100.webp 100w\" sizes=\"(max-width: 800px) 100vw, 800px\" \/><\/figure><\/div><\/div>","protected":false},"excerpt":{"rendered":"<p>Bienvenue pour acheter des bonbons g\u00e9lifi\u00e9s aux fruits en vrac. Ce bonbon gommeux \u00e0 la mangue pelable en gros est \u00e0 la fois amusant et d\u00e9licieux. L'enrobage de sucre pelable et le c\u0153ur tendre aromatis\u00e9 \u00e0 la mangue offrent une exp\u00e9rience de consommation unique. L'achat en gros et la personnalisation de la marque sont possibles.<\/p>\n<table style=\"border-collapse: collapse; width: 329.02pt;\" border=\"0\" width=\"329\" cellspacing=\"0\" cellpadding=\"0\">\n<tbody>\n<tr style=\"height: 17.60pt;\">\n<td class=\"et2\" style=\"height: 17.60pt; width: 110.80pt;\" width=\"110\" height=\"17\">Fabricant<\/td>\n<td class=\"et2\" style=\"width: 219.15pt;\" width=\"219\">LeChao Candy<\/td>\n<\/tr>\n<tr style=\"height: 18.00pt;\">\n<td class=\"et2\" style=\"height: 18.00pt;\" height=\"18\">Type de produit<\/td>\n<td class=\"et3\" style=\"width: 219.15pt;\" width=\"219\">Bonbons g\u00e9lifi\u00e9s pel\u00e9s \u00e0 la mangue verte<\/td>\n<\/tr>\n<tr style=\"height: 18.00pt;\">\n<td class=\"et2\" style=\"height: 18.00pt;\" height=\"18\">Le go\u00fbt<\/td>\n<td class=\"et3\" style=\"width: 219.15pt;\" width=\"219\">Pel\u00e9, juteux<\/td>\n<\/tr>\n<tr style=\"height: 17.60pt;\">\n<td class=\"et2\" style=\"height: 17.60pt;\" height=\"17\">Sp\u00e9cifications<\/td>\n<td class=\"et2\">80g*10 sachets*6 bo\u00eetes<\/td>\n<\/tr>\n<tr style=\"height: 17.60pt;\">\n<td class=\"et2\" style=\"height: 17.60pt;\" height=\"17\">Taille du carton<\/td>\n<td class=\"et2\">38*19*35cm<\/td>\n<\/tr>\n<tr style=\"height: 17.60pt;\">\n<td class=\"et2\" style=\"height: 17.60pt;\" height=\"17\">N.W.\/Carton<\/td>\n<td class=\"et2\">7,0 kg<\/td>\n<\/tr>\n<tr style=\"height: 17.60pt;\">\n<td class=\"et2\" style=\"height: 17.60pt;\" height=\"17\">Prix<\/td>\n<td class=\"et2\">22.8USD<\/td>\n<\/tr>\n<tr style=\"height: 17.60pt;\">\n<td class=\"et2\" style=\"height: 17.60pt;\" height=\"17\">MOQ<\/td>\n<td class=\"et2\">500 cartons<\/td>\n<\/tr>\n<tr style=\"height: 17.60pt;\">\n<td class=\"et2\" style=\"height: 17.60pt;\" height=\"17\">\u00c9chantillon<\/td>\n<td class=\"et2\">Disponible<\/td>\n<\/tr>\n<\/tbody>\n<\/table>","protected":false},"featured_media":507,"comment_status":"open","ping_status":"closed","template":"","meta":{"_acf_changed":false},"product_brand":[],"product_cat":[19,29],"product_tag":[],"class_list":{"0":"post-504","1":"product","2":"type-product","3":"status-publish","4":"has-post-thumbnail","6":"product_cat-wholesale-gummy-manufacturer","7":"product_cat-peelable-gummy-candy-supplier","9":"first","10":"instock","11":"shipping-taxable","12":"product-type-simple"},"acf":[],"_links":{"self":[{"href":"https:\/\/www.lechaocandy.com\/fr\/wp-json\/wp\/v2\/product\/504","targetHints":{"allow":["GET"]}}],"collection":[{"href":"https:\/\/www.lechaocandy.com\/fr\/wp-json\/wp\/v2\/product"}],"about":[{"href":"https:\/\/www.lechaocandy.com\/fr\/wp-json\/wp\/v2\/types\/product"}],"replies":[{"embeddable":true,"href":"https:\/\/www.lechaocandy.com\/fr\/wp-json\/wp\/v2\/comments?post=504"}],"wp:featuredmedia":[{"embeddable":true,"href":"https:\/\/www.lechaocandy.com\/fr\/wp-json\/wp\/v2\/media\/507"}],"wp:attachment":[{"href":"https:\/\/www.lechaocandy.com\/fr\/wp-json\/wp\/v2\/media?parent=504"}],"wp:term":[{"taxonomy":"product_brand","embeddable":true,"href":"https:\/\/www.lechaocandy.com\/fr\/wp-json\/wp\/v2\/product_brand?post=504"},{"taxonomy":"product_cat","embeddable":true,"href":"https:\/\/www.lechaocandy.com\/fr\/wp-json\/wp\/v2\/product_cat?post=504"},{"taxonomy":"product_tag","embeddable":true,"href":"https:\/\/www.lechaocandy.com\/fr\/wp-json\/wp\/v2\/product_tag?post=504"}],"curies":[{"name":"wp","href":"https:\/\/api.w.org\/{rel}","templated":true}]}}