{"id":510,"date":"2025-05-14T10:00:02","date_gmt":"2025-05-14T10:00:02","guid":{"rendered":"https:\/\/www.lechaocandy.com\/?post_type=product&#038;p=510"},"modified":"2025-05-14T10:08:29","modified_gmt":"2025-05-14T10:08:29","slug":"gummies-bulk","status":"publish","type":"product","link":"https:\/\/www.lechaocandy.com\/fr\/produit\/gummies-bulk\/","title":{"rendered":"Bonbons \u00e0 la banane pelables en vrac, vente en gros de bonbons \u00e0 la gomme fruit\u00e9s"},"content":{"rendered":"<div class=\"wp-block-columns is-layout-flex wp-container-core-columns-is-layout-9d6595d7 wp-block-columns-is-layout-flex\"><div class=\"wp-block-column is-layout-flow wp-block-column-is-layout-flow\"><h2 class=\"wp-block-heading\">Points forts du produit Banana Gummies en vrac \u00e0 peler<\/h2>\n\n<ul class=\"wp-block-list\"><li><strong>La conception amusante de la pellicule permet d'am\u00e9liorer l'exp\u00e9rience interactive : <\/strong>La couche de sucre ext\u00e9rieure de nos gommes \u00e0 la banane pelables en vrac peut \u00eatre \"pel\u00e9e\" comme une banane, ce qui augmente le plaisir de manger et est appr\u00e9ci\u00e9 par les enfants et les jeunes consommateurs.<\/li>\n\n<li><strong>Un vrai go\u00fbt de banane, sucr\u00e9 et riche : <\/strong>Le c\u0153ur de ces bonbons g\u00e9lifi\u00e9s fruit\u00e9s en gros est riche en ar\u00f4me de banane, sucr\u00e9 mais non gras, et apporte un go\u00fbt fruit\u00e9 naturel et doux, tout comme la d\u00e9gustation de vraies bananes.<\/li>\n\n<li><strong>Doux et moelleux, une double exp\u00e9rience gustative : <\/strong>La couche ext\u00e9rieure de nos gommes \u00e0 la banane pelables en vrac est molle et pelable, et le noyau int\u00e9rieur est moelleux. La structure distincte rend chaque bouch\u00e9e plus \u00e9tag\u00e9e et plus satisfaisante.<\/li>\n\n<li><strong>Un attrait visuel fort, un effet d'affichage am\u00e9lior\u00e9 : <\/strong>La forme de banane jaune vif de ces bonbons g\u00e9lifi\u00e9s fruit\u00e9s en gros est tr\u00e8s reconnaissable, ce qui permet d'attirer l'attention dans les rayons des magasins et d'am\u00e9liorer les performances de vente globales.<\/li>\n\n<li><strong>Prise en charge de plusieurs options de personnalisation : <\/strong>Nos gommes \u00e0 la banane pelables en vrac peuvent \u00eatre personnalis\u00e9es avec un emballage et des logos de marque en fonction des besoins du client afin de cr\u00e9er des articles exclusifs \u00e0 succ\u00e8s.<\/li><\/ul><\/div>\n\n<div class=\"wp-block-column is-layout-flow wp-block-column-is-layout-flow\"><figure class=\"wp-block-image size-full\"><img decoding=\"async\" width=\"800\" height=\"800\" src=\"https:\/\/www.lechaocandy.com\/wp-content\/uploads\/2025\/05\/Peelable-Banana-Gummies-Bulk-Wholesale-Fruity-Gummy-Candy-1.webp\" alt=\"Bonbons \u00e0 la banane pelables en vrac, vente en gros de bonbons \u00e0 la gomme fruit\u00e9s-1\" class=\"wp-image-511\" srcset=\"https:\/\/www.lechaocandy.com\/wp-content\/uploads\/2025\/05\/Peelable-Banana-Gummies-Bulk-Wholesale-Fruity-Gummy-Candy-1.webp 800w, https:\/\/www.lechaocandy.com\/wp-content\/uploads\/2025\/05\/Peelable-Banana-Gummies-Bulk-Wholesale-Fruity-Gummy-Candy-1-300x300.webp 300w, https:\/\/www.lechaocandy.com\/wp-content\/uploads\/2025\/05\/Peelable-Banana-Gummies-Bulk-Wholesale-Fruity-Gummy-Candy-1-150x150.webp 150w, https:\/\/www.lechaocandy.com\/wp-content\/uploads\/2025\/05\/Peelable-Banana-Gummies-Bulk-Wholesale-Fruity-Gummy-Candy-1-768x768.webp 768w, https:\/\/www.lechaocandy.com\/wp-content\/uploads\/2025\/05\/Peelable-Banana-Gummies-Bulk-Wholesale-Fruity-Gummy-Candy-1-600x600.webp 600w, https:\/\/www.lechaocandy.com\/wp-content\/uploads\/2025\/05\/Peelable-Banana-Gummies-Bulk-Wholesale-Fruity-Gummy-Candy-1-100x100.webp 100w\" sizes=\"(max-width: 800px) 100vw, 800px\" \/><\/figure><\/div><\/div>","protected":false},"excerpt":{"rendered":"<p>Nous vous invitons \u00e0 acheter en gros des bonbons g\u00e9lifi\u00e9s fruit\u00e9s. Nos gommes \u00e0 la banane pelables en vrac pr\u00e9sentent une forme de banane simul\u00e9e et un design pelable, avec un go\u00fbt sucr\u00e9 et riche, qui est \u00e0 la fois visuellement int\u00e9ressant et agr\u00e9able. Ils conviennent \u00e0 tous les types de canaux de vente et peuvent \u00eatre achet\u00e9s en gros et personnalis\u00e9s par des fabricants d'\u00e9quipement d'origine (OEM).<\/p>\n<table style=\"border-collapse: collapse; width: 329.02pt;\" border=\"0\" width=\"329\" cellspacing=\"0\" cellpadding=\"0\">\n<tbody>\n<tr style=\"height: 17.60pt;\">\n<td class=\"et2\" style=\"height: 17.60pt; width: 110.80pt;\" width=\"110\" height=\"17\">Fabricant<\/td>\n<td class=\"et2\" style=\"width: 219.15pt;\" width=\"219\">LeChao Candy<\/td>\n<\/tr>\n<tr style=\"height: 18.00pt;\">\n<td class=\"et2\" style=\"height: 18.00pt;\" height=\"18\">Type de produit<\/td>\n<td class=\"et3\" style=\"width: 219.15pt;\" width=\"219\">Bonbons g\u00e9lifi\u00e9s pelables \u00e0 la banane<\/td>\n<\/tr>\n<tr style=\"height: 18.00pt;\">\n<td class=\"et2\" style=\"height: 18.00pt;\" height=\"18\">Le go\u00fbt<\/td>\n<td class=\"et3\" style=\"width: 219.15pt;\" width=\"219\">Pel\u00e9, juteux<\/td>\n<\/tr>\n<tr style=\"height: 17.60pt;\">\n<td class=\"et2\" style=\"height: 17.60pt;\" height=\"17\">Sp\u00e9cifications<\/td>\n<td class=\"et2\">80g*10 sachets*6 bo\u00eetes<\/td>\n<\/tr>\n<tr style=\"height: 17.60pt;\">\n<td class=\"et2\" style=\"height: 17.60pt;\" height=\"17\">Taille du carton<\/td>\n<td class=\"et2\">38*19*35cm<\/td>\n<\/tr>\n<tr style=\"height: 17.60pt;\">\n<td class=\"et2\" style=\"height: 17.60pt;\" height=\"17\">N.W.\/Carton<\/td>\n<td class=\"et2\">7,0 kg<\/td>\n<\/tr>\n<tr style=\"height: 17.60pt;\">\n<td class=\"et2\" style=\"height: 17.60pt;\" height=\"17\">Prix<\/td>\n<td class=\"et2\">22.8USD<\/td>\n<\/tr>\n<tr style=\"height: 17.60pt;\">\n<td class=\"et2\" style=\"height: 17.60pt;\" height=\"17\">MOQ<\/td>\n<td class=\"et2\">500 cartons<\/td>\n<\/tr>\n<tr style=\"height: 17.60pt;\">\n<td class=\"et2\" style=\"height: 17.60pt;\" height=\"17\">\u00c9chantillon<\/td>\n<td class=\"et2\">Disponible<\/td>\n<\/tr>\n<\/tbody>\n<\/table>\n<p>&nbsp;<\/p>","protected":false},"featured_media":512,"comment_status":"open","ping_status":"closed","template":"","meta":{"_acf_changed":false},"product_brand":[],"product_cat":[19,29],"product_tag":[],"class_list":{"0":"post-510","1":"product","2":"type-product","3":"status-publish","4":"has-post-thumbnail","6":"product_cat-wholesale-gummy-manufacturer","7":"product_cat-peelable-gummy-candy-supplier","9":"first","10":"instock","11":"shipping-taxable","12":"product-type-simple"},"acf":[],"_links":{"self":[{"href":"https:\/\/www.lechaocandy.com\/fr\/wp-json\/wp\/v2\/product\/510","targetHints":{"allow":["GET"]}}],"collection":[{"href":"https:\/\/www.lechaocandy.com\/fr\/wp-json\/wp\/v2\/product"}],"about":[{"href":"https:\/\/www.lechaocandy.com\/fr\/wp-json\/wp\/v2\/types\/product"}],"replies":[{"embeddable":true,"href":"https:\/\/www.lechaocandy.com\/fr\/wp-json\/wp\/v2\/comments?post=510"}],"wp:featuredmedia":[{"embeddable":true,"href":"https:\/\/www.lechaocandy.com\/fr\/wp-json\/wp\/v2\/media\/512"}],"wp:attachment":[{"href":"https:\/\/www.lechaocandy.com\/fr\/wp-json\/wp\/v2\/media?parent=510"}],"wp:term":[{"taxonomy":"product_brand","embeddable":true,"href":"https:\/\/www.lechaocandy.com\/fr\/wp-json\/wp\/v2\/product_brand?post=510"},{"taxonomy":"product_cat","embeddable":true,"href":"https:\/\/www.lechaocandy.com\/fr\/wp-json\/wp\/v2\/product_cat?post=510"},{"taxonomy":"product_tag","embeddable":true,"href":"https:\/\/www.lechaocandy.com\/fr\/wp-json\/wp\/v2\/product_tag?post=510"}],"curies":[{"name":"wp","href":"https:\/\/api.w.org\/{rel}","templated":true}]}}