{"id":591,"date":"2025-05-15T01:03:26","date_gmt":"2025-05-15T01:03:26","guid":{"rendered":"https:\/\/www.lechaocandy.com\/?post_type=product&#038;p=591"},"modified":"2026-03-30T09:00:35","modified_gmt":"2026-03-30T09:00:35","slug":"marshmallow-wholesale","status":"publish","type":"product","link":"https:\/\/www.lechaocandy.com\/fr\/produit\/marshmallow-wholesale\/","title":{"rendered":"LeChao Guimauve en forme de fleur Vente en gros et commandes group\u00e9es"},"content":{"rendered":"<div class=\"wp-block-columns is-layout-flex wp-container-core-columns-is-layout-9d6595d7 wp-block-columns-is-layout-flex\"><div class=\"wp-block-column is-layout-flow wp-block-column-is-layout-flow\"><h2 class=\"wp-block-heading\">Produits phares de la guimauve en forme de fleur (grossiste)<\/h2>\n\n<ul class=\"wp-block-list\"><li><strong>Forme de la fleur, visuellement attrayante :<\/strong> LeChao's marshmallow wholesale adopte un design exquis en forme de fleur, des couleurs douces, une forme mignonne, tr\u00e8s attrayante visuellement, convenant \u00e0 la d\u00e9coration des f\u00eates, \u00e0 la table de confiserie et \u00e0 l'emballage des paquets cadeaux.<\/li>\n\n<li><strong>Doux et l\u00e9ger, il fond dans la bouche : <\/strong>Notre guimauve en vrac s\u00e9lectionne des ingr\u00e9dients de haute qualit\u00e9, a un go\u00fbt doux et moelleux, fond dans la bouche, apporte un plaisir gustatif doux et sucr\u00e9, et est tr\u00e8s appr\u00e9ci\u00e9e des enfants et des familles.<\/li>\n\n<li><strong>Une vari\u00e9t\u00e9 de couleurs assorties pour rehausser la beaut\u00e9 de l'affichage : <\/strong>Notre guimauve fleurie en gros a une riche correspondance de couleurs, ce qui est plus stratifi\u00e9 et plus beau dans l'exposition ou l'utilisation, et am\u00e9liore la qualit\u00e9 globale de l'emballage.<\/li>\n\n<li><strong>Convient \u00e0 une grande vari\u00e9t\u00e9 de sc\u00e9narios et d'utilisations : <\/strong>Notre guimauve en vrac convient aux f\u00eates de fin d'ann\u00e9e, aux mariages, aux banquets d'anniversaire, aux d\u00e9corations de desserts DIY, aux desserts de caf\u00e9 et \u00e0 d'autres sc\u00e9narios de consommation.<\/li>\n\n<li><strong>Soutenir les services personnalis\u00e9s pour r\u00e9pondre aux besoins de la marque : <\/strong>Notre grossiste en guimauves peut personnaliser les sp\u00e9cifications de l'emballage et les logos de la marque en fonction des besoins du client pour aider \u00e0 cr\u00e9er une ligne de produits diff\u00e9renci\u00e9e.<\/li><\/ul><\/div>\n\n<div class=\"wp-block-column is-layout-flow wp-block-column-is-layout-flow\"><figure class=\"wp-block-image size-full\"><img decoding=\"async\" width=\"640\" height=\"616\" src=\"https:\/\/www.lechaocandy.com\/wp-content\/uploads\/2025\/05\/LeChao-Flower-Shaped-Marshmallow-Wholesale-Bulk-Orders-5.webp\" alt=\"LeChao Guimauve en forme de fleur Commandes en gros et en vrac-5\" class=\"wp-image-596\" srcset=\"https:\/\/www.lechaocandy.com\/wp-content\/uploads\/2025\/05\/LeChao-Flower-Shaped-Marshmallow-Wholesale-Bulk-Orders-5.webp 640w, https:\/\/www.lechaocandy.com\/wp-content\/uploads\/2025\/05\/LeChao-Flower-Shaped-Marshmallow-Wholesale-Bulk-Orders-5-300x289.webp 300w, https:\/\/www.lechaocandy.com\/wp-content\/uploads\/2025\/05\/LeChao-Flower-Shaped-Marshmallow-Wholesale-Bulk-Orders-5-600x578.webp 600w\" sizes=\"(max-width: 640px) 100vw, 640px\" \/><\/figure><\/div><\/div><figure class=\"wp-block-embed is-type-video is-provider-youtube wp-block-embed-youtube wp-embed-aspect-16-9 wp-has-aspect-ratio\"><div class=\"wp-block-embed__wrapper\">\n<iframe title=\"Soft Flower Marshmallow, Lechao Candy Factory\" width=\"500\" height=\"281\" src=\"https:\/\/www.youtube.com\/embed\/4FbirTuALRU?feature=oembed\" frameborder=\"0\" allow=\"accelerometer; autoplay; clipboard-write; encrypted-media; gyroscope; picture-in-picture; web-share\" referrerpolicy=\"strict-origin-when-cross-origin\" allowfullscreen><\/iframe>\n<\/div><\/figure>","protected":false},"excerpt":{"rendered":"<p>Nous vous invitons \u00e0 acheter de la guimauve en vrac. La guimauve fleurie en gros de LeChao a une belle apparence et une saveur douce, ce qui convient \u00e0 la plupart des activit\u00e9s de confiserie telles que les festivals, les f\u00eates, les mariages, etc. Ce produit peut \u00eatre achet\u00e9 en vrac et personnalis\u00e9. C'est un bon choix pour les marques de bonbons, les d\u00e9taillants et les supermarch\u00e9s.<\/p>\n<table style=\"border-collapse: collapse; width: 329.02pt;\" border=\"0\" width=\"329\" cellspacing=\"0\" cellpadding=\"0\">\n<tbody>\n<tr style=\"height: 17.60pt;\">\n<td class=\"et2\" style=\"height: 17.60pt; width: 110.80pt;\" width=\"110\" height=\"17\">Fabricant<\/td>\n<td class=\"et2\" style=\"width: 219.15pt;\" width=\"219\">LeChao Candy<\/td>\n<\/tr>\n<tr style=\"height: 18.00pt;\">\n<td class=\"et2\" style=\"height: 18.00pt;\" height=\"18\">Type de produit<\/td>\n<td class=\"et3\" style=\"width: 219.15pt;\" width=\"219\">Guimauve fleurie<\/td>\n<\/tr>\n<tr style=\"height: 18.00pt;\">\n<td class=\"et2\" style=\"height: 18.00pt;\" height=\"18\">Le go\u00fbt<\/td>\n<td class=\"et3\" style=\"width: 219.15pt;\" width=\"219\">Duveteux et sucr\u00e9<\/td>\n<\/tr>\n<tr style=\"height: 17.60pt;\">\n<td class=\"et2\" style=\"height: 17.60pt;\" height=\"17\">Sp\u00e9cifications<\/td>\n<td class=\"et2\">80gX24sacs<\/td>\n<\/tr>\n<tr style=\"height: 17.60pt;\">\n<td class=\"et2\" style=\"height: 17.60pt;\" height=\"17\">Taille du carton<\/td>\n<td class=\"et2\">38X30X21cm<\/td>\n<\/tr>\n<tr style=\"height: 17.60pt;\">\n<td class=\"et2\" style=\"height: 17.60pt;\" height=\"17\">N.W.\/Carton<\/td>\n<td class=\"et2\">3,5 kg<\/td>\n<\/tr>\n<tr style=\"height: 17.60pt;\">\n<td class=\"et2\" style=\"height: 17.60pt;\" height=\"17\">Prix<\/td>\n<td class=\"et2\">8,2-9,5USD<\/td>\n<\/tr>\n<tr style=\"height: 17.60pt;\">\n<td class=\"et2\" style=\"height: 17.60pt;\" height=\"17\">MOQ<\/td>\n<td class=\"et2\">800 cartons<\/td>\n<\/tr>\n<tr style=\"height: 17.60pt;\">\n<td class=\"et2\" style=\"height: 17.60pt;\" height=\"17\">\u00c9chantillon<\/td>\n<td class=\"et2\">Disponible<\/td>\n<\/tr>\n<\/tbody>\n<\/table>","protected":false},"featured_media":593,"comment_status":"open","ping_status":"closed","template":"","meta":{"_acf_changed":false},"product_brand":[],"product_cat":[22],"product_tag":[],"class_list":{"0":"post-591","1":"product","2":"type-product","3":"status-publish","4":"has-post-thumbnail","6":"product_cat-wholesale-marshmallows","8":"first","9":"instock","10":"shipping-taxable","11":"product-type-simple"},"acf":[],"_links":{"self":[{"href":"https:\/\/www.lechaocandy.com\/fr\/wp-json\/wp\/v2\/product\/591","targetHints":{"allow":["GET"]}}],"collection":[{"href":"https:\/\/www.lechaocandy.com\/fr\/wp-json\/wp\/v2\/product"}],"about":[{"href":"https:\/\/www.lechaocandy.com\/fr\/wp-json\/wp\/v2\/types\/product"}],"replies":[{"embeddable":true,"href":"https:\/\/www.lechaocandy.com\/fr\/wp-json\/wp\/v2\/comments?post=591"}],"wp:featuredmedia":[{"embeddable":true,"href":"https:\/\/www.lechaocandy.com\/fr\/wp-json\/wp\/v2\/media\/593"}],"wp:attachment":[{"href":"https:\/\/www.lechaocandy.com\/fr\/wp-json\/wp\/v2\/media?parent=591"}],"wp:term":[{"taxonomy":"product_brand","embeddable":true,"href":"https:\/\/www.lechaocandy.com\/fr\/wp-json\/wp\/v2\/product_brand?post=591"},{"taxonomy":"product_cat","embeddable":true,"href":"https:\/\/www.lechaocandy.com\/fr\/wp-json\/wp\/v2\/product_cat?post=591"},{"taxonomy":"product_tag","embeddable":true,"href":"https:\/\/www.lechaocandy.com\/fr\/wp-json\/wp\/v2\/product_tag?post=591"}],"curies":[{"name":"wp","href":"https:\/\/api.w.org\/{rel}","templated":true}]}}