{"id":603,"date":"2025-05-15T01:56:40","date_gmt":"2025-05-15T01:56:40","guid":{"rendered":"https:\/\/www.lechaocandy.com\/?post_type=product&#038;p=603"},"modified":"2025-05-15T02:25:27","modified_gmt":"2025-05-15T02:25:27","slug":"marshmallow-bits-bulk","status":"publish","type":"product","link":"https:\/\/www.lechaocandy.com\/fr\/produit\/marshmallow-bits-bulk\/","title":{"rendered":"LeChao Assorted Candy Coated Marshmallow Bits Bulk &amp; Wholesale"},"content":{"rendered":"<div class=\"wp-block-columns is-layout-flex wp-container-core-columns-is-layout-9d6595d7 wp-block-columns-is-layout-flex\"><div class=\"wp-block-column is-layout-flow wp-block-column-is-layout-flow\"><h2 class=\"wp-block-heading\">Points forts du produit Bits de guimauve enrob\u00e9s de bonbons en vrac<\/h2>\n\n<ul class=\"wp-block-list\"><li><strong>Coquille croustillante et enrob\u00e9e de sucre avec un c\u0153ur tendre :<\/strong> Les morceaux de guimauve assortis de LeChao sont recouverts d'une couche de sucre croustillante \u00e0 l'ext\u00e9rieur et d'une guimauve moelleuse \u00e0 l'int\u00e9rieur, cr\u00e9ant ainsi un double go\u00fbt.<\/li>\n\n<li><strong>Les couleurs riches rehaussent l'attrait visuel : <\/strong>Ces guimauves de gros sont color\u00e9es et agr\u00e9ables \u00e0 l'\u0153il. Qu'elles soient utilis\u00e9es dans des emballages de vente au d\u00e9tail ou dans des desserts, elles peuvent rapidement attirer l'attention des consommateurs.<\/li>\n\n<li><strong>Convient \u00e0 une vari\u00e9t\u00e9 d'applications de desserts : <\/strong>Nos morceaux de guimauve enrob\u00e9s de bonbons sont des ingr\u00e9dients id\u00e9aux pour la cr\u00e8me glac\u00e9e, le chocolat chaud, la d\u00e9coration de g\u00e2teaux et le petit-d\u00e9jeuner aux c\u00e9r\u00e9ales. Ils peuvent \u00e9galement \u00eatre consomm\u00e9s directement pour ajouter du plaisir et de la saveur.<\/li>\n\n<li><strong>Petite taille, facile \u00e0 emballer et \u00e0 utiliser : <\/strong>La conception en mini particules de ces guimauves en gros est pratique pour contr\u00f4ler la quantit\u00e9 d'utilisation. Elles conviennent \u00e0 la maison, aux petits emballages de vente au d\u00e9tail et \u00e0 l'industrie alimentaire.<\/li>\n\n<li><strong>Favoriser la personnalisation des ar\u00f4mes et de l'emballage : <\/strong>Nos morceaux de guimauve enrob\u00e9s de sucre en vrac peuvent \u00eatre personnalis\u00e9s en fonction des besoins du client. La couleur de l'enrobage du sucre, la combinaison des saveurs et le style d'emballage permettent de r\u00e9pondre aux besoins diff\u00e9renci\u00e9s des diff\u00e9rents march\u00e9s et marques.<\/li><\/ul><\/div>\n\n<div class=\"wp-block-column is-layout-flow wp-block-column-is-layout-flow\"><figure class=\"wp-block-image size-full\"><img decoding=\"async\" width=\"800\" height=\"800\" src=\"https:\/\/www.lechaocandy.com\/wp-content\/uploads\/2025\/05\/LeChao-Assorted-Candy-Coated-Marshmallow-Bits-Bulk-Wholesale-2.webp\" alt=\"LeChao Assorted Candy Coated Marshmallow Bits Bulk &amp; Wholesale-2\" class=\"wp-image-610\" srcset=\"https:\/\/www.lechaocandy.com\/wp-content\/uploads\/2025\/05\/LeChao-Assorted-Candy-Coated-Marshmallow-Bits-Bulk-Wholesale-2.webp 800w, https:\/\/www.lechaocandy.com\/wp-content\/uploads\/2025\/05\/LeChao-Assorted-Candy-Coated-Marshmallow-Bits-Bulk-Wholesale-2-300x300.webp 300w, https:\/\/www.lechaocandy.com\/wp-content\/uploads\/2025\/05\/LeChao-Assorted-Candy-Coated-Marshmallow-Bits-Bulk-Wholesale-2-150x150.webp 150w, https:\/\/www.lechaocandy.com\/wp-content\/uploads\/2025\/05\/LeChao-Assorted-Candy-Coated-Marshmallow-Bits-Bulk-Wholesale-2-768x768.webp 768w, https:\/\/www.lechaocandy.com\/wp-content\/uploads\/2025\/05\/LeChao-Assorted-Candy-Coated-Marshmallow-Bits-Bulk-Wholesale-2-600x600.webp 600w, https:\/\/www.lechaocandy.com\/wp-content\/uploads\/2025\/05\/LeChao-Assorted-Candy-Coated-Marshmallow-Bits-Bulk-Wholesale-2-100x100.webp 100w\" sizes=\"(max-width: 800px) 100vw, 800px\" \/><\/figure><\/div><\/div>","protected":false},"excerpt":{"rendered":"<p>Bienvenue chez LeChao pour acheter des guimauves en gros. Nos morceaux de guimauve assortis enrob\u00e9s de bonbons en vrac combinent des couleurs brillantes et des go\u00fbts diff\u00e9rents. Ils conviennent aux m\u00e9langes de snacks, aux d\u00e9corations de p\u00e2tisseries, aux desserts de restauration et \u00e0 bien d'autres utilisations.<\/p>\n<table style=\"border-collapse: collapse; width: 329.02pt;\" border=\"0\" width=\"329\" cellspacing=\"0\" cellpadding=\"0\">\n<tbody>\n<tr style=\"height: 17.60pt;\">\n<td class=\"et2\" style=\"height: 17.60pt; width: 110.80pt;\" width=\"110\" height=\"17\">Fabricant<\/td>\n<td class=\"et2\" style=\"width: 219.15pt;\" width=\"219\">LeChao Candy<\/td>\n<\/tr>\n<tr style=\"height: 18.00pt;\">\n<td class=\"et2\" style=\"height: 18.00pt;\" height=\"18\">Type de produit<\/td>\n<td class=\"et3\" style=\"width: 219.15pt;\" width=\"219\">Bouch\u00e9es de guimauve enrob\u00e9es de bonbons<\/td>\n<\/tr>\n<tr style=\"height: 18.00pt;\">\n<td class=\"et2\" style=\"height: 18.00pt;\" height=\"18\">Le go\u00fbt<\/td>\n<td class=\"et3\" style=\"width: 219.15pt;\" width=\"219\">Croustillant et sucr\u00e9<\/td>\n<\/tr>\n<tr style=\"height: 17.60pt;\">\n<td class=\"et2\" style=\"height: 17.60pt;\" height=\"17\">Sp\u00e9cifications<\/td>\n<td class=\"et2\">20gX24pcsX12bo\u00eetes<\/td>\n<\/tr>\n<tr style=\"height: 17.60pt;\">\n<td class=\"et2\" style=\"height: 17.60pt;\" height=\"17\">Taille du carton<\/td>\n<td class=\"et2\">52X26X28.5cm<\/td>\n<\/tr>\n<tr style=\"height: 17.60pt;\">\n<td class=\"et2\" style=\"height: 17.60pt;\" height=\"17\">N.W.\/Carton<\/td>\n<td class=\"et2\">8,0 kg<\/td>\n<\/tr>\n<tr style=\"height: 17.60pt;\">\n<td class=\"et2\" style=\"height: 17.60pt;\" height=\"17\">Prix<\/td>\n<td class=\"et2\">22-23,5 USD<\/td>\n<\/tr>\n<tr style=\"height: 17.60pt;\">\n<td class=\"et2\" style=\"height: 17.60pt;\" height=\"17\">MOQ<\/td>\n<td class=\"et2\">400 cartons<\/td>\n<\/tr>\n<tr style=\"height: 17.60pt;\">\n<td class=\"et2\" style=\"height: 17.60pt;\" height=\"17\">\u00c9chantillon<\/td>\n<td class=\"et2\">Disponible<\/td>\n<\/tr>\n<\/tbody>\n<\/table>","protected":false},"featured_media":614,"comment_status":"open","ping_status":"closed","template":"","meta":{"_acf_changed":false},"product_brand":[],"product_cat":[22,32],"product_tag":[],"class_list":{"0":"post-603","1":"product","2":"type-product","3":"status-publish","4":"has-post-thumbnail","6":"product_cat-wholesale-marshmallows","7":"product_cat-marshmallows-wholesale","9":"first","10":"instock","11":"shipping-taxable","12":"product-type-simple"},"acf":[],"_links":{"self":[{"href":"https:\/\/www.lechaocandy.com\/fr\/wp-json\/wp\/v2\/product\/603","targetHints":{"allow":["GET"]}}],"collection":[{"href":"https:\/\/www.lechaocandy.com\/fr\/wp-json\/wp\/v2\/product"}],"about":[{"href":"https:\/\/www.lechaocandy.com\/fr\/wp-json\/wp\/v2\/types\/product"}],"replies":[{"embeddable":true,"href":"https:\/\/www.lechaocandy.com\/fr\/wp-json\/wp\/v2\/comments?post=603"}],"wp:featuredmedia":[{"embeddable":true,"href":"https:\/\/www.lechaocandy.com\/fr\/wp-json\/wp\/v2\/media\/614"}],"wp:attachment":[{"href":"https:\/\/www.lechaocandy.com\/fr\/wp-json\/wp\/v2\/media?parent=603"}],"wp:term":[{"taxonomy":"product_brand","embeddable":true,"href":"https:\/\/www.lechaocandy.com\/fr\/wp-json\/wp\/v2\/product_brand?post=603"},{"taxonomy":"product_cat","embeddable":true,"href":"https:\/\/www.lechaocandy.com\/fr\/wp-json\/wp\/v2\/product_cat?post=603"},{"taxonomy":"product_tag","embeddable":true,"href":"https:\/\/www.lechaocandy.com\/fr\/wp-json\/wp\/v2\/product_tag?post=603"}],"curies":[{"name":"wp","href":"https:\/\/api.w.org\/{rel}","templated":true}]}}