{"id":615,"date":"2025-05-15T02:17:10","date_gmt":"2025-05-15T02:17:10","guid":{"rendered":"https:\/\/www.lechaocandy.com\/?post_type=product&#038;p=615"},"modified":"2025-05-15T02:56:19","modified_gmt":"2025-05-15T02:56:19","slug":"marshmallows-wholesale","status":"publish","type":"product","link":"https:\/\/www.lechaocandy.com\/fr\/produit\/marshmallows-wholesale\/","title":{"rendered":"LeChao Rainbow Twist Marshmallows Wholesale 500g Bulk Pack"},"content":{"rendered":"<div class=\"wp-block-columns is-layout-flex wp-container-core-columns-is-layout-9d6595d7 wp-block-columns-is-layout-flex\"><div class=\"wp-block-column is-layout-flow wp-block-column-is-layout-flow\"><h2 class=\"wp-block-heading\">Points forts du produit Rainbow Twist Marshmallows Wholesale<\/h2>\n\n<ul class=\"wp-block-list\"><li><strong>Forme classique de l'arc-en-ciel, douce et attrayante : <\/strong>Nos guimauves torsad\u00e9es en gros sont mignonnes avec des couleurs arc-en-ciel roses, visuellement attrayantes et appr\u00e9ci\u00e9es par les enfants et les familles.<\/li>\n\n<li><strong>Go\u00fbt doux et d\u00e9licat, fondant dans la bouche : <\/strong>Nos bonbons torsad\u00e9s \u00e0 la guimauve en vrac sont moelleux et doux, avec un go\u00fbt sucr\u00e9 mod\u00e9r\u00e9, et fondent dans la bouche, apportant une exp\u00e9rience gustative douce et agr\u00e9able.<\/li>\n\n<li><strong>Convient \u00e0 un usage familial et festif : <\/strong>Ces guimauves torsad\u00e9es en gros sont conditionn\u00e9es en 500 grammes, en quantit\u00e9 suffisante, et conviennent pour le partage en famille, les f\u00eates d'anniversaire, les c\u00e9l\u00e9brations de festivals et autres sc\u00e8nes.<\/li>\n\n<li><strong>Convient \u00e0 de multiples usages et est tr\u00e8s pratique : <\/strong>Ces bonbons torsad\u00e9s \u00e0 la guimauve en vrac peuvent \u00eatre consomm\u00e9s directement, ou utilis\u00e9s pour le chocolat chaud, les g\u00e2teaux, la d\u00e9coration des desserts ou la cr\u00e9ation d'en-cas.<\/li>\n\n<li><strong>Permettre un conditionnement personnalis\u00e9 et des combinaisons de saveurs :<\/strong> Notre grossiste en guimauves torsad\u00e9es ranbow peut fournir des emballages de marque exclusifs, des motifs et des ar\u00f4mes personnalis\u00e9s pour r\u00e9pondre aux besoins des diff\u00e9rents march\u00e9s et clients.<\/li><\/ul><\/div>\n\n<div class=\"wp-block-column is-layout-flow wp-block-column-is-layout-flow\"><figure class=\"wp-block-image size-full\"><img decoding=\"async\" width=\"800\" height=\"800\" src=\"https:\/\/www.lechaocandy.com\/wp-content\/uploads\/2025\/05\/LeChao-Rainbow-Twist-Marshmallows-Wholesale-500g-Bulk-Pack-2.webp\" alt=\"LeChao Rainbow Twist Marshmallows Wholesale 500g Bulk Pack-2\" class=\"wp-image-618\" srcset=\"https:\/\/www.lechaocandy.com\/wp-content\/uploads\/2025\/05\/LeChao-Rainbow-Twist-Marshmallows-Wholesale-500g-Bulk-Pack-2.webp 800w, https:\/\/www.lechaocandy.com\/wp-content\/uploads\/2025\/05\/LeChao-Rainbow-Twist-Marshmallows-Wholesale-500g-Bulk-Pack-2-300x300.webp 300w, https:\/\/www.lechaocandy.com\/wp-content\/uploads\/2025\/05\/LeChao-Rainbow-Twist-Marshmallows-Wholesale-500g-Bulk-Pack-2-150x150.webp 150w, https:\/\/www.lechaocandy.com\/wp-content\/uploads\/2025\/05\/LeChao-Rainbow-Twist-Marshmallows-Wholesale-500g-Bulk-Pack-2-768x768.webp 768w, https:\/\/www.lechaocandy.com\/wp-content\/uploads\/2025\/05\/LeChao-Rainbow-Twist-Marshmallows-Wholesale-500g-Bulk-Pack-2-600x600.webp 600w, https:\/\/www.lechaocandy.com\/wp-content\/uploads\/2025\/05\/LeChao-Rainbow-Twist-Marshmallows-Wholesale-500g-Bulk-Pack-2-100x100.webp 100w\" sizes=\"(max-width: 800px) 100vw, 800px\" \/><\/figure><\/div><\/div>","protected":false},"excerpt":{"rendered":"<p>Nous vous invitons \u00e0 acheter des bonbons torsad\u00e9s \u00e0 la guimauve en vrac. LeChao ranbow twist marshmallows wholesale a une apparence douce et charmante et un go\u00fbt doux et d\u00e9licat. Elle peut \u00eatre personnalis\u00e9e et constitue un choix id\u00e9al pour les confiseurs et les marques de cadeaux.<\/p>\n<table style=\"border-collapse: collapse; width: 329.02pt;\" border=\"0\" width=\"329\" cellspacing=\"0\" cellpadding=\"0\">\n<tbody>\n<tr style=\"height: 17.60pt;\">\n<td class=\"et2\" style=\"height: 17.60pt; width: 110.80pt;\" width=\"110\" height=\"17\">Fabricant<\/td>\n<td class=\"et2\" style=\"width: 219.15pt;\" width=\"219\">LeChao Candy<\/td>\n<\/tr>\n<tr style=\"height: 18.00pt;\">\n<td class=\"et2\" style=\"height: 18.00pt;\" height=\"18\">Type de produit<\/td>\n<td class=\"et3\" style=\"width: 219.15pt;\" width=\"219\">Torsades de guimauve arc-en-ciel<\/td>\n<\/tr>\n<tr style=\"height: 18.00pt;\">\n<td class=\"et2\" style=\"height: 18.00pt;\" height=\"18\">Le go\u00fbt<\/td>\n<td class=\"et3\" style=\"width: 219.15pt;\" width=\"219\">Doux et sucr\u00e9<\/td>\n<\/tr>\n<tr style=\"height: 17.60pt;\">\n<td class=\"et2\" style=\"height: 17.60pt;\" height=\"17\">Sp\u00e9cifications<\/td>\n<td class=\"et2\">500gX12sacs<\/td>\n<\/tr>\n<tr style=\"height: 17.60pt;\">\n<td class=\"et2\" style=\"height: 17.60pt;\" height=\"17\">Taille du carton<\/td>\n<td class=\"et2\">58X32X24cm<\/td>\n<\/tr>\n<tr style=\"height: 17.60pt;\">\n<td class=\"et2\" style=\"height: 17.60pt;\" height=\"17\">N.W.\/Carton<\/td>\n<td class=\"et2\">8,0 kg<\/td>\n<\/tr>\n<tr style=\"height: 17.60pt;\">\n<td class=\"et2\" style=\"height: 17.60pt;\" height=\"17\">Prix<\/td>\n<td class=\"et2\">18-20USD<\/td>\n<\/tr>\n<tr style=\"height: 17.60pt;\">\n<td class=\"et2\" style=\"height: 17.60pt;\" height=\"17\">MOQ<\/td>\n<td class=\"et2\">400CTNS<\/td>\n<\/tr>\n<tr style=\"height: 17.60pt;\">\n<td class=\"et2\" style=\"height: 17.60pt;\" height=\"17\">\u00c9chantillon<\/td>\n<td class=\"et2\">Disponible<\/td>\n<\/tr>\n<\/tbody>\n<\/table>","protected":false},"featured_media":622,"comment_status":"open","ping_status":"closed","template":"","meta":{"_acf_changed":false},"product_brand":[],"product_cat":[22,33],"product_tag":[30],"class_list":{"0":"post-615","1":"product","2":"type-product","3":"status-publish","4":"has-post-thumbnail","6":"product_cat-wholesale-marshmallows","7":"product_cat-marshmallow-twists-bulk","8":"product_tag-bulk-candies-collection","10":"first","11":"instock","12":"shipping-taxable","13":"product-type-simple"},"acf":[],"_links":{"self":[{"href":"https:\/\/www.lechaocandy.com\/fr\/wp-json\/wp\/v2\/product\/615","targetHints":{"allow":["GET"]}}],"collection":[{"href":"https:\/\/www.lechaocandy.com\/fr\/wp-json\/wp\/v2\/product"}],"about":[{"href":"https:\/\/www.lechaocandy.com\/fr\/wp-json\/wp\/v2\/types\/product"}],"replies":[{"embeddable":true,"href":"https:\/\/www.lechaocandy.com\/fr\/wp-json\/wp\/v2\/comments?post=615"}],"wp:featuredmedia":[{"embeddable":true,"href":"https:\/\/www.lechaocandy.com\/fr\/wp-json\/wp\/v2\/media\/622"}],"wp:attachment":[{"href":"https:\/\/www.lechaocandy.com\/fr\/wp-json\/wp\/v2\/media?parent=615"}],"wp:term":[{"taxonomy":"product_brand","embeddable":true,"href":"https:\/\/www.lechaocandy.com\/fr\/wp-json\/wp\/v2\/product_brand?post=615"},{"taxonomy":"product_cat","embeddable":true,"href":"https:\/\/www.lechaocandy.com\/fr\/wp-json\/wp\/v2\/product_cat?post=615"},{"taxonomy":"product_tag","embeddable":true,"href":"https:\/\/www.lechaocandy.com\/fr\/wp-json\/wp\/v2\/product_tag?post=615"}],"curies":[{"name":"wp","href":"https:\/\/api.w.org\/{rel}","templated":true}]}}