{"id":624,"date":"2025-05-15T02:42:55","date_gmt":"2025-05-15T02:42:55","guid":{"rendered":"https:\/\/www.lechaocandy.com\/?post_type=product&#038;p=624"},"modified":"2025-05-15T02:56:01","modified_gmt":"2025-05-15T02:56:01","slug":"jelly-beans-in-bulk","status":"publish","type":"product","link":"https:\/\/www.lechaocandy.com\/fr\/produit\/jelly-beans-in-bulk\/","title":{"rendered":"1KG paquet de bonbons \u00e0 la gel\u00e9e en vrac, bonbons \u00e0 la gel\u00e9e de couleur personnalis\u00e9e"},"content":{"rendered":"<div class=\"wp-block-columns is-layout-flex wp-container-core-columns-is-layout-9d6595d7 wp-block-columns-is-layout-flex\"><div class=\"wp-block-column is-layout-flow wp-block-column-is-layout-flow\"><h2 class=\"wp-block-heading\">Points forts du produit Jelly Beans en vrac<\/h2>\n\n<ul class=\"wp-block-list\"><li><strong>Grand emballage de 1KG :<\/strong> Nos bonbons g\u00e9lifi\u00e9s de 1 kg en vrac conviennent \u00e0 l'emballage de d\u00e9tail, au partage de f\u00eates ou \u00e0 l'utilisation commerciale, avec un co\u00fbt \u00e9lev\u00e9 et un r\u00e9approvisionnement pratique des stocks.<\/li>\n\n<li><strong>Personnalisation des couleurs et des saveurs, adaptation souple aux besoins de la marque : <\/strong>Nos bonbons g\u00e9lifi\u00e9s de couleur personnalis\u00e9e peuvent \u00eatre personnalis\u00e9s avec des combinaisons de couleurs et d'ar\u00f4mes selon les exigences du client afin d'am\u00e9liorer la comp\u00e9titivit\u00e9 de la diff\u00e9renciation des produits.<\/li>\n\n<li><strong>Color\u00e9e et visuellement attrayante : <\/strong>Nos bonbons g\u00e9lifi\u00e9s en vrac ont un aspect brillant et des couleurs riches. Ils conviennent \u00e0 la pr\u00e9sentation et \u00e0 la vente et peuvent \u00e9galement d\u00e9corer des tables de dessert, des d\u00e9cors de f\u00eate et d'autres sc\u00e8nes.<\/li>\n\n<li><strong>Coquille croustillante, c\u0153ur moelleux, go\u00fbt riche : <\/strong>Nos jelly beans aux couleurs personnalis\u00e9es sont croustillants et envelopp\u00e9s d'un noyau de sucre fruit\u00e9 doux, offrant une double exp\u00e9rience gustative sucr\u00e9e et acide, appr\u00e9ci\u00e9e par les personnes de tous \u00e2ges.<\/li>\n\n<li><strong>Convient \u00e0 de multiples sc\u00e9narios, flexible et \u00e0 une large application :<\/strong> Nos bonbons g\u00e9lifi\u00e9s en vrac conviennent aux bo\u00eetes-cadeaux pour les f\u00eates, aux distributeurs automatiques, aux desserts assortis, aux paquets mixtes de snacks et \u00e0 d'autres canaux afin d'\u00e9largir l'espace de vente.<\/li><\/ul><\/div>\n\n<div class=\"wp-block-column is-layout-flow wp-block-column-is-layout-flow\"><figure class=\"wp-block-image size-full\"><img decoding=\"async\" width=\"800\" height=\"800\" src=\"https:\/\/www.lechaocandy.com\/wp-content\/uploads\/2025\/05\/1KG-Pack-Jelly-Beans-In-Bulk-Custom-Color-Jelly-Beans-2.webp\" alt=\"1KG paquet de bonbons \u00e0 la gel\u00e9e en vrac, bonbons \u00e0 la gel\u00e9e de couleur personnalis\u00e9e-2\" class=\"wp-image-626\" srcset=\"https:\/\/www.lechaocandy.com\/wp-content\/uploads\/2025\/05\/1KG-Pack-Jelly-Beans-In-Bulk-Custom-Color-Jelly-Beans-2.webp 800w, https:\/\/www.lechaocandy.com\/wp-content\/uploads\/2025\/05\/1KG-Pack-Jelly-Beans-In-Bulk-Custom-Color-Jelly-Beans-2-300x300.webp 300w, https:\/\/www.lechaocandy.com\/wp-content\/uploads\/2025\/05\/1KG-Pack-Jelly-Beans-In-Bulk-Custom-Color-Jelly-Beans-2-150x150.webp 150w, https:\/\/www.lechaocandy.com\/wp-content\/uploads\/2025\/05\/1KG-Pack-Jelly-Beans-In-Bulk-Custom-Color-Jelly-Beans-2-768x768.webp 768w, https:\/\/www.lechaocandy.com\/wp-content\/uploads\/2025\/05\/1KG-Pack-Jelly-Beans-In-Bulk-Custom-Color-Jelly-Beans-2-600x600.webp 600w, https:\/\/www.lechaocandy.com\/wp-content\/uploads\/2025\/05\/1KG-Pack-Jelly-Beans-In-Bulk-Custom-Color-Jelly-Beans-2-100x100.webp 100w\" sizes=\"(max-width: 800px) 100vw, 800px\" \/><\/figure><\/div><\/div>","protected":false},"excerpt":{"rendered":"<p>Nous vous invitons \u00e0 acheter des bonbons g\u00e9lifi\u00e9s aux couleurs personnalis\u00e9es. Nos bonbons g\u00e9lifi\u00e9s en vrac sont richement color\u00e9s et aromatis\u00e9s et conviennent \u00e0 l'emballage de d\u00e9tail. La couleur et l'ar\u00f4me peuvent \u00eatre personnalis\u00e9s en fonction des exigences des diff\u00e9rents march\u00e9s et marques.<\/p>\n<table style=\"border-collapse: collapse; width: 329.02pt;\" border=\"0\" width=\"329\" cellspacing=\"0\" cellpadding=\"0\">\n<tbody>\n<tr style=\"height: 17.60pt;\">\n<td class=\"et2\" style=\"height: 17.60pt; width: 110.80pt;\" width=\"110\" height=\"17\">Fabricant<\/td>\n<td class=\"et2\" style=\"width: 219.15pt;\" width=\"219\">LeChao Candy<\/td>\n<\/tr>\n<tr style=\"height: 18.00pt;\">\n<td class=\"et2\" style=\"height: 18.00pt;\" height=\"18\">Type de produit<\/td>\n<td class=\"et3\" style=\"width: 219.15pt;\" width=\"219\">1kg de bonbons \u00e0 la gel\u00e9e en vrac<\/td>\n<\/tr>\n<tr style=\"height: 18.00pt;\">\n<td class=\"et2\" style=\"height: 18.00pt;\" height=\"18\">Le go\u00fbt<\/td>\n<td class=\"et3\" style=\"width: 219.15pt;\" width=\"219\">Aigre-doux et r\u00e9silient<\/td>\n<\/tr>\n<tr style=\"height: 17.60pt;\">\n<td class=\"et2\" style=\"height: 17.60pt;\" height=\"17\">Sp\u00e9cifications<\/td>\n<td class=\"et2\">1kgx10sacs<\/td>\n<\/tr>\n<tr style=\"height: 17.60pt;\">\n<td class=\"et2\" style=\"height: 17.60pt;\" height=\"17\">Taille du carton<\/td>\n<td class=\"et2\">38x24x21cm<\/td>\n<\/tr>\n<tr style=\"height: 17.60pt;\">\n<td class=\"et2\" style=\"height: 17.60pt;\" height=\"17\">N.W.\/Carton<\/td>\n<td class=\"et2\">14 kg<\/td>\n<\/tr>\n<tr style=\"height: 17.60pt;\">\n<td class=\"et2\" style=\"height: 17.60pt;\" height=\"17\">\u00c9chantillon<\/td>\n<td class=\"et2\">Disponible<\/td>\n<\/tr>\n<\/tbody>\n<\/table>","protected":false},"featured_media":627,"comment_status":"open","ping_status":"closed","template":"","meta":{"_acf_changed":false},"product_brand":[],"product_cat":[21],"product_tag":[30],"class_list":{"0":"post-624","1":"product","2":"type-product","3":"status-publish","4":"has-post-thumbnail","6":"product_cat-jelly-bean-wholesale","7":"product_tag-bulk-candies-collection","9":"first","10":"instock","11":"shipping-taxable","12":"product-type-simple"},"acf":[],"_links":{"self":[{"href":"https:\/\/www.lechaocandy.com\/fr\/wp-json\/wp\/v2\/product\/624","targetHints":{"allow":["GET"]}}],"collection":[{"href":"https:\/\/www.lechaocandy.com\/fr\/wp-json\/wp\/v2\/product"}],"about":[{"href":"https:\/\/www.lechaocandy.com\/fr\/wp-json\/wp\/v2\/types\/product"}],"replies":[{"embeddable":true,"href":"https:\/\/www.lechaocandy.com\/fr\/wp-json\/wp\/v2\/comments?post=624"}],"wp:featuredmedia":[{"embeddable":true,"href":"https:\/\/www.lechaocandy.com\/fr\/wp-json\/wp\/v2\/media\/627"}],"wp:attachment":[{"href":"https:\/\/www.lechaocandy.com\/fr\/wp-json\/wp\/v2\/media?parent=624"}],"wp:term":[{"taxonomy":"product_brand","embeddable":true,"href":"https:\/\/www.lechaocandy.com\/fr\/wp-json\/wp\/v2\/product_brand?post=624"},{"taxonomy":"product_cat","embeddable":true,"href":"https:\/\/www.lechaocandy.com\/fr\/wp-json\/wp\/v2\/product_cat?post=624"},{"taxonomy":"product_tag","embeddable":true,"href":"https:\/\/www.lechaocandy.com\/fr\/wp-json\/wp\/v2\/product_tag?post=624"}],"curies":[{"name":"wp","href":"https:\/\/api.w.org\/{rel}","templated":true}]}}