{"id":649,"date":"2025-05-15T03:57:00","date_gmt":"2025-05-15T03:57:00","guid":{"rendered":"https:\/\/www.lechaocandy.com\/?post_type=product&#038;p=649"},"modified":"2025-05-15T04:09:35","modified_gmt":"2025-05-15T04:09:35","slug":"wholesale-jelly-beans","status":"publish","type":"product","link":"https:\/\/www.lechaocandy.com\/fr\/produit\/wholesale-jelly-beans\/","title":{"rendered":"LeChao Wholesale Jelly Beans, Fruity Chewy Candy In Bulk (Bonbons \u00e0 m\u00e2cher fruit\u00e9s en vrac)"},"content":{"rendered":"<div class=\"wp-block-columns is-layout-flex wp-container-core-columns-is-layout-9d6595d7 wp-block-columns-is-layout-flex\"><div class=\"wp-block-column is-layout-flow wp-block-column-is-layout-flow\"><h2 class=\"wp-block-heading\">Produits phares de la vente en gros de bonbons \u00e0 la gel\u00e9e<\/h2>\n\n<ul class=\"wp-block-list\"><li><strong>Color\u00e9e et attrayante : <\/strong>Nos bonbons \u00e0 la gel\u00e9e en gros sont multicolores, ce qui attire l'attention et est parfait pour les vitrines des f\u00eates et des vacances.<\/li>\n\n<li><strong>Saveur fruit\u00e9e riche et go\u00fbt moelleux : <\/strong>Ce bonbon \u00e0 m\u00e2cher en vrac contient une vari\u00e9t\u00e9 d'ar\u00f4mes de fruits, sucr\u00e9s et acidul\u00e9s, un ext\u00e9rieur croquant et un int\u00e9rieur moelleux, et constitue une exp\u00e9rience de mastication \u00e0 plusieurs niveaux.<\/li>\n\n<li><strong>Convient \u00e0 une grande vari\u00e9t\u00e9 de sc\u00e9narios et d'utilisations : <\/strong>Ces bonbons \u00e0 la gel\u00e9e en gros sont utilis\u00e9s dans les emballages de vente au d\u00e9tail, les emballages de vente en vrac, les emballages de bonbons m\u00e9lang\u00e9s, les c\u00e9l\u00e9brations d'anniversaires, les f\u00eates et autres festivit\u00e9s.<\/li>\n\n<li><strong>Prise en charge de la vente en gros et de la livraison rapide : <\/strong>Nos bonbons \u00e0 m\u00e2cher en vrac ont un d\u00e9lai de livraison de 13 jours, peuvent faire l'objet d'une coop\u00e9ration OEM\/ODM et peuvent r\u00e9pondre rapidement aux besoins des commandes en vrac.<\/li>\n\n<li><strong>Couleurs, saveurs et emballages personnalisables : <\/strong>Nos haricots g\u00e9lifi\u00e9s en gros permettent des combinaisons de saveurs exclusives, des sch\u00e9mas de couleurs personnalis\u00e9s et le d\u00e9veloppement d'emballages de marque pour r\u00e9pondre \u00e0 un positionnement diff\u00e9renci\u00e9 sur le march\u00e9.<\/li><\/ul><\/div>\n\n<div class=\"wp-block-column is-layout-flow wp-block-column-is-layout-flow\"><figure class=\"wp-block-image size-full\"><img decoding=\"async\" width=\"804\" height=\"687\" src=\"https:\/\/www.lechaocandy.com\/wp-content\/uploads\/2025\/05\/LeChao-Wholesale-Jelly-Beans-Fruity-Chewy-Candy-In-Bulk-5.webp\" alt=\"\" class=\"wp-image-654\" srcset=\"https:\/\/www.lechaocandy.com\/wp-content\/uploads\/2025\/05\/LeChao-Wholesale-Jelly-Beans-Fruity-Chewy-Candy-In-Bulk-5.webp 804w, https:\/\/www.lechaocandy.com\/wp-content\/uploads\/2025\/05\/LeChao-Wholesale-Jelly-Beans-Fruity-Chewy-Candy-In-Bulk-5-300x256.webp 300w, https:\/\/www.lechaocandy.com\/wp-content\/uploads\/2025\/05\/LeChao-Wholesale-Jelly-Beans-Fruity-Chewy-Candy-In-Bulk-5-768x656.webp 768w, https:\/\/www.lechaocandy.com\/wp-content\/uploads\/2025\/05\/LeChao-Wholesale-Jelly-Beans-Fruity-Chewy-Candy-In-Bulk-5-600x513.webp 600w\" sizes=\"(max-width: 804px) 100vw, 804px\" \/><\/figure><\/div><\/div>","protected":false},"excerpt":{"rendered":"<p>Bienvenue \u00e0 l'achat de bonbons \u00e0 m\u00e2cher en vrac. Les bonbons g\u00e9lifi\u00e9s en gros LeChao sont de couleurs vives, m\u00e9langeant une vari\u00e9t\u00e9 de saveurs fruit\u00e9es et de couleurs riches, convenant \u00e0 divers sc\u00e9narios de consommation. Les produits peuvent \u00eatre vendus en gros et personnalis\u00e9s.<\/p>\n<table style=\"border-collapse: collapse; width: 329.02pt;\" border=\"0\" width=\"329\" cellspacing=\"0\" cellpadding=\"0\">\n<tbody>\n<tr style=\"height: 17.60pt;\">\n<td class=\"et2\" style=\"height: 17.60pt; width: 110.80pt;\" width=\"110\" height=\"17\">Fabricant<\/td>\n<td class=\"et2\" style=\"width: 219.15pt;\" width=\"219\">LeChao Candy<\/td>\n<\/tr>\n<tr style=\"height: 18.00pt;\">\n<td class=\"et2\" style=\"height: 18.00pt;\" height=\"18\">Type de produit<\/td>\n<td class=\"et3\" style=\"width: 219.15pt;\" width=\"219\">Bonbons \u00e0 la gel\u00e9e<\/td>\n<\/tr>\n<tr style=\"height: 18.00pt;\">\n<td class=\"et2\" style=\"height: 18.00pt;\" height=\"18\">Le go\u00fbt<\/td>\n<td class=\"et3\" style=\"width: 219.15pt;\" width=\"219\">Aigre-doux et r\u00e9silient<\/td>\n<\/tr>\n<tr style=\"height: 17.60pt;\">\n<td class=\"et2\" style=\"height: 17.60pt;\" height=\"17\">Sp\u00e9cifications<\/td>\n<td class=\"et2\">20gX24pcsX24boxes<\/td>\n<\/tr>\n<tr style=\"height: 17.60pt;\">\n<td class=\"et2\" style=\"height: 17.60pt;\" height=\"17\">Taille du carton<\/td>\n<td class=\"et2\">56X32.5X25cm<\/td>\n<\/tr>\n<tr style=\"height: 17.60pt;\">\n<td class=\"et2\" style=\"height: 17.60pt;\" height=\"17\">N.W.\/Carton<\/td>\n<td class=\"et2\">13 kg<\/td>\n<\/tr>\n<tr style=\"height: 17.60pt;\">\n<td class=\"et2\" style=\"height: 17.60pt;\" height=\"17\">\u00c9chantillon<\/td>\n<td class=\"et2\">Disponible<\/td>\n<\/tr>\n<\/tbody>\n<\/table>","protected":false},"featured_media":653,"comment_status":"open","ping_status":"closed","template":"","meta":{"_acf_changed":false},"product_brand":[],"product_cat":[21],"product_tag":[],"class_list":{"0":"post-649","1":"product","2":"type-product","3":"status-publish","4":"has-post-thumbnail","6":"product_cat-jelly-bean-wholesale","8":"first","9":"instock","10":"shipping-taxable","11":"product-type-simple"},"acf":[],"_links":{"self":[{"href":"https:\/\/www.lechaocandy.com\/fr\/wp-json\/wp\/v2\/product\/649","targetHints":{"allow":["GET"]}}],"collection":[{"href":"https:\/\/www.lechaocandy.com\/fr\/wp-json\/wp\/v2\/product"}],"about":[{"href":"https:\/\/www.lechaocandy.com\/fr\/wp-json\/wp\/v2\/types\/product"}],"replies":[{"embeddable":true,"href":"https:\/\/www.lechaocandy.com\/fr\/wp-json\/wp\/v2\/comments?post=649"}],"wp:featuredmedia":[{"embeddable":true,"href":"https:\/\/www.lechaocandy.com\/fr\/wp-json\/wp\/v2\/media\/653"}],"wp:attachment":[{"href":"https:\/\/www.lechaocandy.com\/fr\/wp-json\/wp\/v2\/media?parent=649"}],"wp:term":[{"taxonomy":"product_brand","embeddable":true,"href":"https:\/\/www.lechaocandy.com\/fr\/wp-json\/wp\/v2\/product_brand?post=649"},{"taxonomy":"product_cat","embeddable":true,"href":"https:\/\/www.lechaocandy.com\/fr\/wp-json\/wp\/v2\/product_cat?post=649"},{"taxonomy":"product_tag","embeddable":true,"href":"https:\/\/www.lechaocandy.com\/fr\/wp-json\/wp\/v2\/product_tag?post=649"}],"curies":[{"name":"wp","href":"https:\/\/api.w.org\/{rel}","templated":true}]}}