{"id":655,"date":"2025-05-15T06:10:33","date_gmt":"2025-05-15T06:10:33","guid":{"rendered":"https:\/\/www.lechaocandy.com\/?post_type=product&#038;p=655"},"modified":"2025-05-15T06:23:57","modified_gmt":"2025-05-15T06:23:57","slug":"jelly-beans-bulk","status":"publish","type":"product","link":"https:\/\/www.lechaocandy.com\/fr\/produit\/jelly-beans-bulk\/","title":{"rendered":"LeChao Jelly Beans Bulk, Fruity Jelly Filled Candy Wholesale (Bonbons g\u00e9lifi\u00e9s en vrac)"},"content":{"rendered":"<div class=\"wp-block-columns is-layout-flex wp-container-core-columns-is-layout-9d6595d7 wp-block-columns-is-layout-flex\"><div class=\"wp-block-column is-layout-flow wp-block-column-is-layout-flow\"><h2 class=\"wp-block-heading\">Points forts du produit Jelly Beans en vrac<\/h2>\n\n<ul class=\"wp-block-list\"><li><strong>Garniture juteuse, go\u00fbt \u00e9clatant : <\/strong>Ces haricots g\u00e9lifi\u00e9s contiennent en vrac de riches garnitures fruit\u00e9es, et le jus d\u00e9borde lorsque vous les croquez, avec une explosion aigre-douce, pleine de surprises.<\/li>\n\n<li><strong>Quatre couleurs et des saveurs fruit\u00e9es naturelles : <\/strong>Nos bonbons g\u00e9lifi\u00e9s fourr\u00e9s en gros sont s\u00e9lectionn\u00e9s parmi quatre parfums de fruits populaires, dont la pomme, l'orange, la myrtille et la fraise, avec des couches d'ar\u00f4me fruit\u00e9 et de go\u00fbt frais.<\/li>\n\n<li><strong>Couleurs vives et aspect accrocheur : <\/strong>Nos bonbons g\u00e9lifi\u00e9s en vrac sont assortis de couleurs de drag\u00e9es pleines et brillantes, convenant aux d\u00e9corations de f\u00eates et aux pr\u00e9sentations festives, avec un attrait \u00e0 la fois visuel et gustatif.<\/li>\n\n<li><strong>Convient \u00e0 une vari\u00e9t\u00e9 de sc\u00e9narios de vente au d\u00e9tail et d'\u00e9v\u00e9nements : <\/strong>Nos bonbons fourr\u00e9s en gros conviennent aux bars \u00e0 bonbons, aux f\u00eates de fin d'ann\u00e9e, aux bonbonni\u00e8res de mariage, aux sacs \u00e0 go\u00fbter et \u00e0 d'autres sc\u00e9narios d'utilisation.<\/li>\n\n<li><strong>Soutenir les achats en gros et les services personnalis\u00e9s : <\/strong>Nos bonbons g\u00e9lifi\u00e9s en vrac sont disponibles en vrac ou emball\u00e9s et peuvent \u00eatre personnalis\u00e9s \u00e0 plusieurs reprises, notamment en termes de couleur, d'ar\u00f4me et d'emballage, afin de r\u00e9pondre \u00e0 divers besoins.<\/li><\/ul><\/div>\n\n<div class=\"wp-block-column is-layout-flow wp-block-column-is-layout-flow\"><figure class=\"wp-block-image size-full\"><img decoding=\"async\" width=\"800\" height=\"800\" src=\"https:\/\/www.lechaocandy.com\/wp-content\/uploads\/2025\/05\/LeChao-Jelly-Beans-Bulk-Fruity-Jelly-Filled-Candy-Wholesale-3.webp\" alt=\"LeChao Jelly Beans Bulk, Fruity Jelly Filled Candy Wholesale-3\" class=\"wp-image-658\" srcset=\"https:\/\/www.lechaocandy.com\/wp-content\/uploads\/2025\/05\/LeChao-Jelly-Beans-Bulk-Fruity-Jelly-Filled-Candy-Wholesale-3.webp 800w, https:\/\/www.lechaocandy.com\/wp-content\/uploads\/2025\/05\/LeChao-Jelly-Beans-Bulk-Fruity-Jelly-Filled-Candy-Wholesale-3-300x300.webp 300w, https:\/\/www.lechaocandy.com\/wp-content\/uploads\/2025\/05\/LeChao-Jelly-Beans-Bulk-Fruity-Jelly-Filled-Candy-Wholesale-3-150x150.webp 150w, https:\/\/www.lechaocandy.com\/wp-content\/uploads\/2025\/05\/LeChao-Jelly-Beans-Bulk-Fruity-Jelly-Filled-Candy-Wholesale-3-768x768.webp 768w, https:\/\/www.lechaocandy.com\/wp-content\/uploads\/2025\/05\/LeChao-Jelly-Beans-Bulk-Fruity-Jelly-Filled-Candy-Wholesale-3-600x600.webp 600w, https:\/\/www.lechaocandy.com\/wp-content\/uploads\/2025\/05\/LeChao-Jelly-Beans-Bulk-Fruity-Jelly-Filled-Candy-Wholesale-3-100x100.webp 100w\" sizes=\"(max-width: 800px) 100vw, 800px\" \/><\/figure><\/div><\/div>","protected":false},"excerpt":{"rendered":"<p>Bienvenue \u00e0 l'achat en gros de bonbons g\u00e9lifi\u00e9s fourr\u00e9s. Les bonbons g\u00e9lifi\u00e9s LeChao en vrac ont quatre parfums : pomme, orange, myrtille et fraise. Ils sont color\u00e9s et riches en go\u00fbt. Ils conviennent \u00e0 la vente en gros et \u00e0 la personnalisation, et sont id\u00e9aux pour les bonbons de festival, les bonbons pour enfants et la promotion de la marque.<\/p>\n<table style=\"border-collapse: collapse; width: 329.02pt;\" border=\"0\" width=\"329\" cellspacing=\"0\" cellpadding=\"0\">\n<tbody>\n<tr style=\"height: 17.60pt;\">\n<td class=\"et2\" style=\"height: 17.60pt; width: 110.80pt;\" width=\"110\" height=\"17\">Fabricant<\/td>\n<td class=\"et2\" style=\"width: 219.15pt;\" width=\"219\">LeChao Candy<\/td>\n<\/tr>\n<tr style=\"height: 18.00pt;\">\n<td class=\"et2\" style=\"height: 18.00pt;\" height=\"18\">Type de produit<\/td>\n<td class=\"et3\" style=\"width: 219.15pt;\" width=\"219\">Jelly Beans fourr\u00e9s<\/td>\n<\/tr>\n<tr style=\"height: 18.00pt;\">\n<td class=\"et2\" style=\"height: 18.00pt;\" height=\"18\">Le go\u00fbt<\/td>\n<td class=\"et3\" style=\"width: 219.15pt;\" width=\"219\">Aigre-doux et r\u00e9silient<\/td>\n<\/tr>\n<tr style=\"height: 17.60pt;\">\n<td class=\"et2\" style=\"height: 17.60pt;\" height=\"17\">Sp\u00e9cifications<\/td>\n<td class=\"et2\">22gX12sacsX20bo\u00eetes<\/td>\n<\/tr>\n<tr style=\"height: 17.60pt;\">\n<td class=\"et2\" style=\"height: 17.60pt;\" height=\"17\">Taille du carton<\/td>\n<td class=\"et2\">52X26X32cm<\/td>\n<\/tr>\n<tr style=\"height: 17.60pt;\">\n<td class=\"et2\" style=\"height: 17.60pt;\" height=\"17\">N.W.\/Carton<\/td>\n<td class=\"et2\">7,2 kg<\/td>\n<\/tr>\n<tr style=\"height: 17.60pt;\">\n<td class=\"et2\" style=\"height: 17.60pt;\" height=\"17\">\u00c9chantillon<\/td>\n<td class=\"et2\">Disponible<\/td>\n<\/tr>\n<\/tbody>\n<\/table>","protected":false},"featured_media":656,"comment_status":"open","ping_status":"closed","template":"","meta":{"_acf_changed":false},"product_brand":[],"product_cat":[21],"product_tag":[],"class_list":{"0":"post-655","1":"product","2":"type-product","3":"status-publish","4":"has-post-thumbnail","6":"product_cat-jelly-bean-wholesale","8":"first","9":"instock","10":"shipping-taxable","11":"product-type-simple"},"acf":[],"_links":{"self":[{"href":"https:\/\/www.lechaocandy.com\/fr\/wp-json\/wp\/v2\/product\/655","targetHints":{"allow":["GET"]}}],"collection":[{"href":"https:\/\/www.lechaocandy.com\/fr\/wp-json\/wp\/v2\/product"}],"about":[{"href":"https:\/\/www.lechaocandy.com\/fr\/wp-json\/wp\/v2\/types\/product"}],"replies":[{"embeddable":true,"href":"https:\/\/www.lechaocandy.com\/fr\/wp-json\/wp\/v2\/comments?post=655"}],"wp:featuredmedia":[{"embeddable":true,"href":"https:\/\/www.lechaocandy.com\/fr\/wp-json\/wp\/v2\/media\/656"}],"wp:attachment":[{"href":"https:\/\/www.lechaocandy.com\/fr\/wp-json\/wp\/v2\/media?parent=655"}],"wp:term":[{"taxonomy":"product_brand","embeddable":true,"href":"https:\/\/www.lechaocandy.com\/fr\/wp-json\/wp\/v2\/product_brand?post=655"},{"taxonomy":"product_cat","embeddable":true,"href":"https:\/\/www.lechaocandy.com\/fr\/wp-json\/wp\/v2\/product_cat?post=655"},{"taxonomy":"product_tag","embeddable":true,"href":"https:\/\/www.lechaocandy.com\/fr\/wp-json\/wp\/v2\/product_tag?post=655"}],"curies":[{"name":"wp","href":"https:\/\/api.w.org\/{rel}","templated":true}]}}