{"id":662,"date":"2025-05-15T06:28:25","date_gmt":"2025-05-15T06:28:25","guid":{"rendered":"https:\/\/www.lechaocandy.com\/?post_type=product&#038;p=662"},"modified":"2025-05-15T06:39:29","modified_gmt":"2025-05-15T06:39:29","slug":"gummy-candies-in-bulk","status":"publish","type":"product","link":"https:\/\/www.lechaocandy.com\/fr\/produit\/gummy-candies-in-bulk\/","title":{"rendered":"Bonbons g\u00e9lifi\u00e9s enrob\u00e9s de chocolat en vrac, vente en gros de bonbons g\u00e9lifi\u00e9s"},"content":{"rendered":"<div class=\"wp-block-columns is-layout-flex wp-container-core-columns-is-layout-9d6595d7 wp-block-columns-is-layout-flex\"><div class=\"wp-block-column is-layout-flow wp-block-column-is-layout-flow\"><h2 class=\"wp-block-heading\">Points forts du produit Bonbons g\u00e9lifi\u00e9s enrob\u00e9s de chocolat en vrac<\/h2>\n\n<ul class=\"wp-block-list\"><li><strong>La fusion parfaite entre le chocolat et les bonbons g\u00e9lifi\u00e9s fruit\u00e9s : <\/strong>Nos bonbons g\u00e9lifi\u00e9s enrob\u00e9s de chocolat en vrac sont recouverts d'un chocolat succulent et contiennent des bonbons g\u00e9lifi\u00e9s tendres et moelleux \u00e0 l'int\u00e9rieur, pour un double plaisir gustatif.<\/li>\n\n<li><strong>Vari\u00e9t\u00e9 de saveurs gommeuses :<\/strong> Nos gommes en gros sont disponibles dans de nombreux parfums de gommes comme fraise, orange, raisin, etc., avec des couleurs vives et un excellent attrait visuel.<\/li>\n\n<li><strong>Convient pour les coffrets cadeaux et les emballages de vente au d\u00e9tail : <\/strong>Nos bonbons g\u00e9lifi\u00e9s en vrac peuvent \u00eatre personnalis\u00e9s avec diff\u00e9rents emballages et sont parfaits pour diverses occasions telles que les bo\u00eetes de cadeaux de vacances, les sacs de cadeaux et la vente de petits paquets.<\/li>\n\n<li><strong>Prise en charge de la vente en gros et de la personnalisation OEM : <\/strong>LeChao's wholesale gummies propose des options d'emballage en vrac ou personnalis\u00e9es pour r\u00e9pondre aux besoins d'achat en vrac des d\u00e9taillants, des marques et des distributeurs.<\/li>\n\n<li><strong>Convient aux consommateurs de tous \u00e2ges : <\/strong>Nos bonbons g\u00e9lifi\u00e9s enrob\u00e9s de chocolat en vrac combinent la riche douceur du chocolat avec le plaisir de m\u00e2cher des bonbons g\u00e9lifi\u00e9s, une combinaison de desserts appr\u00e9ci\u00e9e par les enfants et les adultes.<\/li><\/ul><\/div>\n\n<div class=\"wp-block-column is-layout-flow wp-block-column-is-layout-flow\"><figure class=\"wp-block-image size-full\"><img decoding=\"async\" width=\"800\" height=\"800\" src=\"https:\/\/www.lechaocandy.com\/wp-content\/uploads\/2025\/05\/Chocolate-Covered-Gummy-Candies-In-Bulk-Wholesale-Gummies-2.webp\" alt=\"Bonbons g\u00e9lifi\u00e9s enrob\u00e9s de chocolat en vrac, vente en gros de bonbons g\u00e9lifi\u00e9s-2\" class=\"wp-image-663\" srcset=\"https:\/\/www.lechaocandy.com\/wp-content\/uploads\/2025\/05\/Chocolate-Covered-Gummy-Candies-In-Bulk-Wholesale-Gummies-2.webp 800w, https:\/\/www.lechaocandy.com\/wp-content\/uploads\/2025\/05\/Chocolate-Covered-Gummy-Candies-In-Bulk-Wholesale-Gummies-2-300x300.webp 300w, https:\/\/www.lechaocandy.com\/wp-content\/uploads\/2025\/05\/Chocolate-Covered-Gummy-Candies-In-Bulk-Wholesale-Gummies-2-150x150.webp 150w, https:\/\/www.lechaocandy.com\/wp-content\/uploads\/2025\/05\/Chocolate-Covered-Gummy-Candies-In-Bulk-Wholesale-Gummies-2-768x768.webp 768w, https:\/\/www.lechaocandy.com\/wp-content\/uploads\/2025\/05\/Chocolate-Covered-Gummy-Candies-In-Bulk-Wholesale-Gummies-2-600x600.webp 600w, https:\/\/www.lechaocandy.com\/wp-content\/uploads\/2025\/05\/Chocolate-Covered-Gummy-Candies-In-Bulk-Wholesale-Gummies-2-100x100.webp 100w\" sizes=\"(max-width: 800px) 100vw, 800px\" \/><\/figure><\/div><\/div>","protected":false},"excerpt":{"rendered":"<p>Bienvenue sur le site de LeChao pour acheter des bonbons g\u00e9lifi\u00e9s en gros. Nos bonbons g\u00e9lifi\u00e9s enrob\u00e9s de chocolat en vrac ont un go\u00fbt riche et sont sucr\u00e9s sans \u00eatre gras. Nous proposons la vente en gros et la personnalisation, et sommes l'une des combinaisons de bonbons les plus vendues sur le march\u00e9 de la vente au d\u00e9tail.<\/p>\n<table style=\"border-collapse: collapse; width: 329.02pt;\" border=\"0\" width=\"329\" cellspacing=\"0\" cellpadding=\"0\">\n<tbody>\n<tr style=\"height: 17.60pt;\">\n<td class=\"et2\" style=\"height: 17.60pt; width: 110.80pt;\" width=\"110\" height=\"17\">Fabricant<\/td>\n<td class=\"et2\" style=\"width: 219.15pt;\" width=\"219\">LeChao Candy<\/td>\n<\/tr>\n<tr style=\"height: 18.00pt;\">\n<td class=\"et2\" style=\"height: 18.00pt;\" height=\"18\">Type de produit<\/td>\n<td class=\"et3\" style=\"width: 219.15pt;\" width=\"219\">Bonbons \u00e0 la gel\u00e9e<\/td>\n<\/tr>\n<tr style=\"height: 18.00pt;\">\n<td class=\"et2\" style=\"height: 18.00pt;\" height=\"18\">Le go\u00fbt<\/td>\n<td class=\"et3\" style=\"width: 219.15pt;\" width=\"219\">Aigre-doux et r\u00e9silient<\/td>\n<\/tr>\n<tr style=\"height: 17.60pt;\">\n<td class=\"et2\" style=\"height: 17.60pt;\" height=\"17\">Sp\u00e9cifications<\/td>\n<td class=\"et2\">10gX50sacsX12bo\u00eetes<\/td>\n<\/tr>\n<tr style=\"height: 17.60pt;\">\n<td class=\"et2\" style=\"height: 17.60pt;\" height=\"17\">Taille du carton<\/td>\n<td class=\"et2\">40X33X36cm<\/td>\n<\/tr>\n<tr style=\"height: 17.60pt;\">\n<td class=\"et2\" style=\"height: 17.60pt;\" height=\"17\">N.W.\/Carton<\/td>\n<td class=\"et2\">8,0 kg<\/td>\n<\/tr>\n<tr style=\"height: 17.60pt;\">\n<td class=\"et2\" style=\"height: 17.60pt;\" height=\"17\">\u00c9chantillon<\/td>\n<td class=\"et2\">Disponible<\/td>\n<\/tr>\n<\/tbody>\n<\/table>","protected":false},"featured_media":664,"comment_status":"open","ping_status":"closed","template":"","meta":{"_acf_changed":false},"product_brand":[],"product_cat":[23],"product_tag":[],"class_list":{"0":"post-662","1":"product","2":"type-product","3":"status-publish","4":"has-post-thumbnail","6":"product_cat-wholesale-chocolate-candy","8":"first","9":"instock","10":"shipping-taxable","11":"product-type-simple"},"acf":[],"_links":{"self":[{"href":"https:\/\/www.lechaocandy.com\/fr\/wp-json\/wp\/v2\/product\/662","targetHints":{"allow":["GET"]}}],"collection":[{"href":"https:\/\/www.lechaocandy.com\/fr\/wp-json\/wp\/v2\/product"}],"about":[{"href":"https:\/\/www.lechaocandy.com\/fr\/wp-json\/wp\/v2\/types\/product"}],"replies":[{"embeddable":true,"href":"https:\/\/www.lechaocandy.com\/fr\/wp-json\/wp\/v2\/comments?post=662"}],"wp:featuredmedia":[{"embeddable":true,"href":"https:\/\/www.lechaocandy.com\/fr\/wp-json\/wp\/v2\/media\/664"}],"wp:attachment":[{"href":"https:\/\/www.lechaocandy.com\/fr\/wp-json\/wp\/v2\/media?parent=662"}],"wp:term":[{"taxonomy":"product_brand","embeddable":true,"href":"https:\/\/www.lechaocandy.com\/fr\/wp-json\/wp\/v2\/product_brand?post=662"},{"taxonomy":"product_cat","embeddable":true,"href":"https:\/\/www.lechaocandy.com\/fr\/wp-json\/wp\/v2\/product_cat?post=662"},{"taxonomy":"product_tag","embeddable":true,"href":"https:\/\/www.lechaocandy.com\/fr\/wp-json\/wp\/v2\/product_tag?post=662"}],"curies":[{"name":"wp","href":"https:\/\/api.w.org\/{rel}","templated":true}]}}