{"id":668,"date":"2025-05-15T06:43:21","date_gmt":"2025-05-15T06:43:21","guid":{"rendered":"https:\/\/www.lechaocandy.com\/?post_type=product&#038;p=668"},"modified":"2026-03-10T08:43:18","modified_gmt":"2026-03-10T08:43:18","slug":"gummies-in-bulk","status":"publish","type":"product","link":"https:\/\/www.lechaocandy.com\/fr\/produit\/gummies-in-bulk\/","title":{"rendered":"Gummies \u00e0 l'ananas en vrac, bonbons fourr\u00e9s \u00e0 la gel\u00e9e en gros"},"content":{"rendered":"<div class=\"wp-block-columns is-layout-flex wp-container-core-columns-is-layout-9d6595d7 wp-block-columns-is-layout-flex\"><div class=\"wp-block-column is-layout-flow wp-block-column-is-layout-flow\"><h2 class=\"wp-block-heading\">Points forts du produit Gummies d'ananas en vrac<\/h2>\n\n<ul class=\"wp-block-list\"><li><strong>Riche ar\u00f4me d'ananas, saveur tropicale :<\/strong> Nos gommes \u00e0 l'ananas en vrac contiennent un ar\u00f4me naturel d'ananas, sucr\u00e9 et acidul\u00e9, rafra\u00eechissant et d\u00e9licieux, apportant une exp\u00e9rience gustative semblable \u00e0 celle de l'\u00e9t\u00e9.<\/li>\n\n<li><strong>Remplissage de gel\u00e9e, go\u00fbt \u00e9clatant : <\/strong>Ces gros bonbons \u00e0 m\u00e2cher contiennent des confitures onctueuses qui \u00e9clatent d\u00e8s qu'on les croque, d\u00e9bordant de jus, et ont une couche de go\u00fbt riche, qui est un arri\u00e8re-go\u00fbt sans fin.<\/li>\n\n<li><strong>Doux et agr\u00e9able au go\u00fbt : <\/strong>La couche ext\u00e9rieure de ces gommes \u00e0 l'ananas remplies de gel\u00e9e en vrac est souple et moelleuse, et la confiture int\u00e9rieure forme une double texture unique.<\/li>\n\n<li><strong>Convient \u00e0 une vari\u00e9t\u00e9 de sc\u00e9narios de vente : <\/strong>Nos bonbons \u00e0 m\u00e2cher en gros conviennent \u00e0 divers sc\u00e9narios d'application, tels que la vente en vrac, l'emballage de cadeaux, les bars \u00e0 bonbons, les f\u00eates d'enfants, etc.<\/li>\n\n<li><strong>Soutien \u00e0 la personnalisation et \u00e0 la vente en gros : <\/strong>Nos gommes \u00e0 l'ananas remplies de gel\u00e9e en vrac offrent une grande vari\u00e9t\u00e9 de formes d'emballage et permettent la personnalisation des OEM et des ar\u00f4mes, afin de r\u00e9pondre aux besoins des marques et des distributeurs.<\/li><\/ul><\/div>\n\n<div class=\"wp-block-column is-layout-flow wp-block-column-is-layout-flow\"><figure class=\"wp-block-image size-full\"><img decoding=\"async\" width=\"800\" height=\"800\" src=\"https:\/\/www.lechaocandy.com\/wp-content\/uploads\/2025\/05\/Pineapple-Gummies-In-Bulk-Jelly-Filled-Candies-Wholesale-3.webp\" alt=\"Gummies \u00e0 l&#039;ananas en vrac, bonbons fourr\u00e9s \u00e0 la gel\u00e9e en gros-3\" class=\"wp-image-671\" srcset=\"https:\/\/www.lechaocandy.com\/wp-content\/uploads\/2025\/05\/Pineapple-Gummies-In-Bulk-Jelly-Filled-Candies-Wholesale-3.webp 800w, https:\/\/www.lechaocandy.com\/wp-content\/uploads\/2025\/05\/Pineapple-Gummies-In-Bulk-Jelly-Filled-Candies-Wholesale-3-300x300.webp 300w, https:\/\/www.lechaocandy.com\/wp-content\/uploads\/2025\/05\/Pineapple-Gummies-In-Bulk-Jelly-Filled-Candies-Wholesale-3-150x150.webp 150w, https:\/\/www.lechaocandy.com\/wp-content\/uploads\/2025\/05\/Pineapple-Gummies-In-Bulk-Jelly-Filled-Candies-Wholesale-3-768x768.webp 768w, https:\/\/www.lechaocandy.com\/wp-content\/uploads\/2025\/05\/Pineapple-Gummies-In-Bulk-Jelly-Filled-Candies-Wholesale-3-600x600.webp 600w, https:\/\/www.lechaocandy.com\/wp-content\/uploads\/2025\/05\/Pineapple-Gummies-In-Bulk-Jelly-Filled-Candies-Wholesale-3-100x100.webp 100w\" sizes=\"(max-width: 800px) 100vw, 800px\" \/><\/figure><\/div><\/div>","protected":false},"excerpt":{"rendered":"<p>Bienvenue sur le site de vente en gros de bonbons \u00e0 m\u00e2cher. Nos gommes \u00e0 l'ananas remplies de gel\u00e9e en vrac ont un v\u00e9ritable ar\u00f4me d'ananas et un go\u00fbt de jus. Adapt\u00e9 aux f\u00eates de fin d'ann\u00e9e, aux achats en gros et \u00e0 la personnalisation des marques, c'est l'une des cat\u00e9gories de bonbons aux fruits les plus populaires sur le march\u00e9.<\/p>\n<table style=\"border-collapse: collapse; width: 329.02pt;\" border=\"0\" width=\"329\" cellspacing=\"0\" cellpadding=\"0\">\n<tbody>\n<tr style=\"height: 17.60pt;\">\n<td class=\"et2\" style=\"height: 17.60pt; width: 110.80pt;\" width=\"110\" height=\"17\">Fabricant<\/td>\n<td class=\"et2\" style=\"width: 219.15pt;\" width=\"219\">LeChao Candy<\/td>\n<\/tr>\n<tr style=\"height: 18.00pt;\">\n<td class=\"et2\" style=\"height: 18.00pt;\" height=\"18\">Type de produit<\/td>\n<td class=\"et3\" style=\"width: 219.15pt;\" width=\"219\">Gommes \u00e0 l'ananas fourr\u00e9es \u00e0 la gel\u00e9e<\/td>\n<\/tr>\n<tr style=\"height: 18.00pt;\">\n<td class=\"et2\" style=\"height: 18.00pt;\" height=\"18\">Le go\u00fbt<\/td>\n<td class=\"et3\" style=\"width: 219.15pt;\" width=\"219\">Aigre-doux et r\u00e9silient<\/td>\n<\/tr>\n<tr style=\"height: 17.60pt;\">\n<td class=\"et2\" style=\"height: 17.60pt;\" height=\"17\">Sp\u00e9cifications<\/td>\n<td class=\"et2\">72gX10bagsX6boxes<\/td>\n<\/tr>\n<tr style=\"height: 17.60pt;\">\n<td class=\"et2\" style=\"height: 17.60pt;\" height=\"17\">Taille du carton<\/td>\n<td class=\"et2\">36X22X33cm<\/td>\n<\/tr>\n<tr style=\"height: 17.60pt;\">\n<td class=\"et2\" style=\"height: 17.60pt;\" height=\"17\">N.W.\/Carton<\/td>\n<td class=\"et2\">6,4 kg<\/td>\n<\/tr>\n<tr style=\"height: 17.60pt;\">\n<td class=\"et2\" style=\"height: 17.60pt;\" height=\"17\">Prix<\/td>\n<td class=\"et2\">0,1-0,12USD<\/td>\n<\/tr>\n<tr style=\"height: 17.60pt;\">\n<td class=\"et2\" style=\"height: 17.60pt;\" height=\"17\">MOQ<\/td>\n<td class=\"et2\">500CTNS<\/td>\n<\/tr>\n<tr style=\"height: 17.60pt;\">\n<td class=\"et2\" style=\"height: 17.60pt;\" height=\"17\">\u00c9chantillon<\/td>\n<td class=\"et2\">Disponible<\/td>\n<\/tr>\n<\/tbody>\n<\/table>","protected":false},"featured_media":675,"comment_status":"open","ping_status":"closed","template":"","meta":{"_acf_changed":false},"product_brand":[],"product_cat":[19,24,27],"product_tag":[],"class_list":{"0":"post-668","1":"product","2":"type-product","3":"status-publish","4":"has-post-thumbnail","6":"product_cat-wholesale-gummy-manufacturer","7":"product_cat-3d-gummy-candy-manufacturer","8":"product_cat-filled-gummy-candies-supplier","10":"first","11":"instock","12":"shipping-taxable","13":"product-type-simple"},"acf":[],"_links":{"self":[{"href":"https:\/\/www.lechaocandy.com\/fr\/wp-json\/wp\/v2\/product\/668","targetHints":{"allow":["GET"]}}],"collection":[{"href":"https:\/\/www.lechaocandy.com\/fr\/wp-json\/wp\/v2\/product"}],"about":[{"href":"https:\/\/www.lechaocandy.com\/fr\/wp-json\/wp\/v2\/types\/product"}],"replies":[{"embeddable":true,"href":"https:\/\/www.lechaocandy.com\/fr\/wp-json\/wp\/v2\/comments?post=668"}],"wp:featuredmedia":[{"embeddable":true,"href":"https:\/\/www.lechaocandy.com\/fr\/wp-json\/wp\/v2\/media\/675"}],"wp:attachment":[{"href":"https:\/\/www.lechaocandy.com\/fr\/wp-json\/wp\/v2\/media?parent=668"}],"wp:term":[{"taxonomy":"product_brand","embeddable":true,"href":"https:\/\/www.lechaocandy.com\/fr\/wp-json\/wp\/v2\/product_brand?post=668"},{"taxonomy":"product_cat","embeddable":true,"href":"https:\/\/www.lechaocandy.com\/fr\/wp-json\/wp\/v2\/product_cat?post=668"},{"taxonomy":"product_tag","embeddable":true,"href":"https:\/\/www.lechaocandy.com\/fr\/wp-json\/wp\/v2\/product_tag?post=668"}],"curies":[{"name":"wp","href":"https:\/\/api.w.org\/{rel}","templated":true}]}}