{"id":676,"date":"2025-05-15T06:54:19","date_gmt":"2025-05-15T06:54:19","guid":{"rendered":"https:\/\/www.lechaocandy.com\/?post_type=product&#038;p=676"},"modified":"2026-03-10T08:43:07","modified_gmt":"2026-03-10T08:43:07","slug":"fruit-gummies-bulk","status":"publish","type":"product","link":"https:\/\/www.lechaocandy.com\/fr\/produit\/fruit-gummies-bulk\/","title":{"rendered":"LeChao Fruit Gummies Bulk, fraises gommeuses fourr\u00e9es \u00e0 la confiture"},"content":{"rendered":"<div class=\"wp-block-columns is-layout-flex wp-container-core-columns-is-layout-9d6595d7 wp-block-columns-is-layout-flex\"><div class=\"wp-block-column is-layout-flow wp-block-column-is-layout-flow\"><h2 class=\"wp-block-heading\">Points forts du produit Gummies d'ananas en vrac<\/h2>\n\n<ul class=\"wp-block-list\"><li><strong>Forme r\u00e9aliste de la fraise, fort attrait visuel : <\/strong>Ces gommes aux fruits en vrac sont con\u00e7ues avec une simulation de fraise, des couleurs vives, une forme mignonne, et sont extr\u00eamement attrayantes et int\u00e9ressantes en rayon.<\/li>\n\n<li><strong>Garniture de confiture, double go\u00fbt fruit\u00e9 : <\/strong>Nos gommes aux fruits en vrac contiennent une riche confiture de fraises, avec une couche ext\u00e9rieure de bonbons mous \u00e0 m\u00e2cher, d\u00e9bordant de douceur.<\/li>\n\n<li><strong>Exp\u00e9rience de mastication \u00e0 plusieurs niveaux :<\/strong> Ces fraises g\u00e9lifi\u00e9es fourr\u00e9es \u00e0 la confiture en gros sont une combinaison de sucre doux et de confiture soyeuse, apportant des niveaux de go\u00fbt riches, convenant aux consommateurs de tous \u00e2ges.<\/li>\n\n<li><strong>Convient aux ventes multi-sc\u00e9narios : <\/strong>Qu'il s'agisse de sacs \u00e0 collation, de bo\u00eetes-cadeaux pour les f\u00eates ou de ventes de bonbons en vrac, nos fraises g\u00e9lifi\u00e9es fourr\u00e9es \u00e0 la confiture en gros sont un choix id\u00e9al.<\/li>\n\n<li><strong>La vente en gros permet la personnalisation OEM : <\/strong>Nos gommes aux fruits en vrac offrent une vari\u00e9t\u00e9 de sp\u00e9cifications d'emballage et de personnalisation des ar\u00f4mes, r\u00e9pondant ainsi aux besoins des marques OEM et des grossistes.<\/li><\/ul><\/div>\n\n<div class=\"wp-block-column is-layout-flow wp-block-column-is-layout-flow\"><figure class=\"wp-block-image size-full\"><img decoding=\"async\" width=\"800\" height=\"800\" src=\"https:\/\/www.lechaocandy.com\/wp-content\/uploads\/2025\/05\/LeChao-Fruit-Gummies-Bulk-Jam-Filled-Gummy-Strawberries-5.webp\" alt=\"LeChao Fruit Gummies Bulk, fraises gommeuses fourr\u00e9es \u00e0 la confiture-5\" class=\"wp-image-681\" srcset=\"https:\/\/www.lechaocandy.com\/wp-content\/uploads\/2025\/05\/LeChao-Fruit-Gummies-Bulk-Jam-Filled-Gummy-Strawberries-5.webp 800w, https:\/\/www.lechaocandy.com\/wp-content\/uploads\/2025\/05\/LeChao-Fruit-Gummies-Bulk-Jam-Filled-Gummy-Strawberries-5-300x300.webp 300w, https:\/\/www.lechaocandy.com\/wp-content\/uploads\/2025\/05\/LeChao-Fruit-Gummies-Bulk-Jam-Filled-Gummy-Strawberries-5-150x150.webp 150w, https:\/\/www.lechaocandy.com\/wp-content\/uploads\/2025\/05\/LeChao-Fruit-Gummies-Bulk-Jam-Filled-Gummy-Strawberries-5-768x768.webp 768w, https:\/\/www.lechaocandy.com\/wp-content\/uploads\/2025\/05\/LeChao-Fruit-Gummies-Bulk-Jam-Filled-Gummy-Strawberries-5-600x600.webp 600w, https:\/\/www.lechaocandy.com\/wp-content\/uploads\/2025\/05\/LeChao-Fruit-Gummies-Bulk-Jam-Filled-Gummy-Strawberries-5-100x100.webp 100w\" sizes=\"(max-width: 800px) 100vw, 800px\" \/><\/figure><\/div><\/div>","protected":false},"excerpt":{"rendered":"<p>Bienvenue sur le site d'achat en gros de gommes de fruits. Les fraises g\u00e9lifi\u00e9es fourr\u00e9es \u00e0 la confiture en gros de LeChao sont riches en ar\u00f4mes fruit\u00e9s, moelleuses \u00e0 l'ext\u00e9rieur et douces \u00e0 l'int\u00e9rieur. Elles conviennent \u00e0 divers sc\u00e9narios de vente tels que les festivals, la vente au d\u00e9tail et les emballages mixtes. Ils peuvent \u00eatre achet\u00e9s en gros et personnalis\u00e9s.<\/p>\n<table style=\"border-collapse: collapse; width: 329.02pt;\" border=\"0\" width=\"329\" cellspacing=\"0\" cellpadding=\"0\">\n<tbody>\n<tr style=\"height: 17.60pt;\">\n<td class=\"et2\" style=\"height: 17.60pt; width: 110.80pt;\" width=\"110\" height=\"17\">Fabricant<\/td>\n<td class=\"et2\" style=\"width: 219.15pt;\" width=\"219\">LeChao Candy<\/td>\n<\/tr>\n<tr style=\"height: 18.00pt;\">\n<td class=\"et2\" style=\"height: 18.00pt;\" height=\"18\">Type de produit<\/td>\n<td class=\"et3\" style=\"width: 219.15pt;\" width=\"219\">Gummies \u00e0 la gel\u00e9e de fraise<\/td>\n<\/tr>\n<tr style=\"height: 18.00pt;\">\n<td class=\"et2\" style=\"height: 18.00pt;\" height=\"18\">Le go\u00fbt<\/td>\n<td class=\"et3\" style=\"width: 219.15pt;\" width=\"219\">Aigre-doux et r\u00e9silient<\/td>\n<\/tr>\n<tr style=\"height: 17.60pt;\">\n<td class=\"et2\" style=\"height: 17.60pt;\" height=\"17\">Sp\u00e9cifications<\/td>\n<td class=\"et2\">72gX10bagsX6boxes<\/td>\n<\/tr>\n<tr style=\"height: 17.60pt;\">\n<td class=\"et2\" style=\"height: 17.60pt;\" height=\"17\">Taille du carton<\/td>\n<td class=\"et2\">36X22X33cm<\/td>\n<\/tr>\n<tr style=\"height: 17.60pt;\">\n<td class=\"et2\" style=\"height: 17.60pt;\" height=\"17\">N.W.\/Carton<\/td>\n<td class=\"et2\">6,4 kg<\/td>\n<\/tr>\n<tr style=\"height: 17.60pt;\">\n<td class=\"et2\" style=\"height: 17.60pt;\" height=\"17\">Prix<\/td>\n<td class=\"et2\">0,1-0,12USD<\/td>\n<\/tr>\n<tr style=\"height: 17.60pt;\">\n<td class=\"et2\" style=\"height: 17.60pt;\" height=\"17\">MOQ<\/td>\n<td class=\"et2\">500CTNS<\/td>\n<\/tr>\n<tr style=\"height: 17.60pt;\">\n<td class=\"et2\" style=\"height: 17.60pt;\" height=\"17\">\u00c9chantillon<\/td>\n<td class=\"et2\">Disponible<\/td>\n<\/tr>\n<\/tbody>\n<\/table>","protected":false},"featured_media":677,"comment_status":"open","ping_status":"closed","template":"","meta":{"_acf_changed":false},"product_brand":[],"product_cat":[19,24,27],"product_tag":[],"class_list":{"0":"post-676","1":"product","2":"type-product","3":"status-publish","4":"has-post-thumbnail","6":"product_cat-wholesale-gummy-manufacturer","7":"product_cat-3d-gummy-candy-manufacturer","8":"product_cat-filled-gummy-candies-supplier","10":"first","11":"instock","12":"shipping-taxable","13":"product-type-simple"},"acf":[],"_links":{"self":[{"href":"https:\/\/www.lechaocandy.com\/fr\/wp-json\/wp\/v2\/product\/676","targetHints":{"allow":["GET"]}}],"collection":[{"href":"https:\/\/www.lechaocandy.com\/fr\/wp-json\/wp\/v2\/product"}],"about":[{"href":"https:\/\/www.lechaocandy.com\/fr\/wp-json\/wp\/v2\/types\/product"}],"replies":[{"embeddable":true,"href":"https:\/\/www.lechaocandy.com\/fr\/wp-json\/wp\/v2\/comments?post=676"}],"wp:featuredmedia":[{"embeddable":true,"href":"https:\/\/www.lechaocandy.com\/fr\/wp-json\/wp\/v2\/media\/677"}],"wp:attachment":[{"href":"https:\/\/www.lechaocandy.com\/fr\/wp-json\/wp\/v2\/media?parent=676"}],"wp:term":[{"taxonomy":"product_brand","embeddable":true,"href":"https:\/\/www.lechaocandy.com\/fr\/wp-json\/wp\/v2\/product_brand?post=676"},{"taxonomy":"product_cat","embeddable":true,"href":"https:\/\/www.lechaocandy.com\/fr\/wp-json\/wp\/v2\/product_cat?post=676"},{"taxonomy":"product_tag","embeddable":true,"href":"https:\/\/www.lechaocandy.com\/fr\/wp-json\/wp\/v2\/product_tag?post=676"}],"curies":[{"name":"wp","href":"https:\/\/api.w.org\/{rel}","templated":true}]}}